{"id":72046,"date":"2018-10-26T11:35:32","date_gmt":"2018-10-26T09:35:32","guid":{"rendered":"https:\/\/sequiol.es\/?page_id=72046"},"modified":"2018-10-26T18:28:27","modified_gmt":"2018-10-26T16:28:27","slug":"xvi-concurs-escolar-maquetes-gaiates-ciutat-de-castello","status":"publish","type":"page","link":"https:\/\/sequiol.es\/vl\/historic\/concurs-maquetes\/xvi-concurs-escolar-maquetes-gaiates-ciutat-de-castello\/","title":{"rendered":"XVI Concurs Escolar Maquetes Gaiates &#8220;Ciutat de Castell\u00f3&#8221;"},"content":{"rendered":"<p><img loading=\"lazy\" decoding=\"async\" class=\"aligncenter size-full wp-image-71919\" src=\"https:\/\/sequiol.es\/wp-content\/uploads\/2018\/10\/XVI-Concurs-Maquetes.jpg\" alt=\"\" width=\"631\" height=\"707\" srcset=\"https:\/\/sequiol.es\/wp-content\/uploads\/2018\/10\/XVI-Concurs-Maquetes.jpg 631w, https:\/\/sequiol.es\/wp-content\/uploads\/2018\/10\/XVI-Concurs-Maquetes-200x224.jpg 200w\" sizes=\"auto, (max-width: 631px) 100vw, 631px\" \/><\/p>\n<p>Ja est\u00e0 convocat el XVI Concurs Escolar de Maquetes de Gaiates \u201cCiutat de Castell\u00f3\u201d.<\/p>\n<p>Aqu\u00ed tens tots els enlla\u00e7os al formulari d\u2019inscripci\u00f3, les bases del XVI concurs i les ajudes neces\u00e0ries per a la construcci\u00f3 de la teua maqueta.<\/p>\n<p>&nbsp;<\/p>\n<p><a title=\"Formulario de inscripci\u00f3n\" href=\"http:\/\/sequiol.es\/concurso-maquetas\/formulario-de-inscripcion-concurso-maquetas\/\">Formulario de inscripci\u00f3n<\/a><\/p>\n<p><a href=\"https:\/\/sequiol.es\/wp-content\/uploads\/2018\/10\/Bases-XVI-Concurs-Escolar-de-Maquetes-de-Gaiates.docx\">Bases XVI Concurs Escolar de Maquetes de Gaiates<\/a><\/p>\n<p><a title=\"Definici\u00f3n y construcci\u00f3n de una Gaiata\" href=\"http:\/\/sequiol.es\/concurso-maquetas\/definicion-y-construccion-de-una-gaiata\/\">Definici\u00f3n y construcci\u00f3n de una Gaiata<\/a><\/p>\n<p><a title=\"Ayuda en la construcci\u00f3n de la maqueta\" href=\"http:\/\/sequiol.es\/concurso-maquetas\/ayuda-en-la-construccion-de-la-maqueta\/\">Ayuda en la construcci\u00f3n de la maqueta<\/a><\/p>\n<p><a title=\"Logotipos de ayuda para la construcci\u00f3n de tu Gaiata\" href=\"http:\/\/sequiol.es\/concurso-maquetas\/logotipos-de-ayuda-para-la-construccion-de-tu-gaiata\/\">Logotipos de ayuda para la construcci\u00f3n de tu Gaiata<\/a><\/p>\n","protected":false},"excerpt":{"rendered":"<p>Ja est\u00e0 convocat el XVI Concurs Escolar de Maquetes de Gaiates \u201cCiutat de Castell\u00f3\u201d. Aqu\u00ed tens tots els enlla\u00e7os al formulari d\u2019inscripci\u00f3, les bases del XVI concurs i les ajudes neces\u00e0ries per a la construcci\u00f3 de la teua maqueta. &nbsp; Formulario de inscripci\u00f3n Bases XVI Concurs Escolar de Maquetes de Gaiates Definici\u00f3n y construcci\u00f3n de [&hellip;]<\/p>\n","protected":false},"author":4,"featured_media":0,"parent":12705,"menu_order":160,"comment_status":"closed","ping_status":"closed","template":"","meta":{"footnotes":""},"class_list":["post-72046","page","type-page","status-publish","hentry"],"_links":{"self":[{"href":"https:\/\/sequiol.es\/vl\/wp-json\/wp\/v2\/pages\/72046","targetHints":{"allow":["GET"]}}],"collection":[{"href":"https:\/\/sequiol.es\/vl\/wp-json\/wp\/v2\/pages"}],"about":[{"href":"https:\/\/sequiol.es\/vl\/wp-json\/wp\/v2\/types\/page"}],"author":[{"embeddable":true,"href":"https:\/\/sequiol.es\/vl\/wp-json\/wp\/v2\/users\/4"}],"replies":[{"embeddable":true,"href":"https:\/\/sequiol.es\/vl\/wp-json\/wp\/v2\/comments?post=72046"}],"version-history":[{"count":2,"href":"https:\/\/sequiol.es\/vl\/wp-json\/wp\/v2\/pages\/72046\/revisions"}],"predecessor-version":[{"id":104192,"href":"https:\/\/sequiol.es\/vl\/wp-json\/wp\/v2\/pages\/72046\/revisions\/104192"}],"up":[{"embeddable":true,"href":"https:\/\/sequiol.es\/vl\/wp-json\/wp\/v2\/pages\/12705"}],"wp:attachment":[{"href":"https:\/\/sequiol.es\/vl\/wp-json\/wp\/v2\/media?parent=72046"}],"curies":[{"name":"wp","href":"https:\/\/api.w.org\/{rel}","templated":true}]}}