{"id":43570,"date":"2017-10-17T19:00:14","date_gmt":"2017-10-17T17:00:14","guid":{"rendered":"https:\/\/sequiol.es\/?page_id=43570"},"modified":"2017-10-17T19:32:37","modified_gmt":"2017-10-17T17:32:37","slug":"xv-concurs-escolar-maquetes-gaiates-ciutat-de-castello","status":"publish","type":"page","link":"https:\/\/sequiol.es\/vl\/historic\/concurs-maquetes\/xv-concurs-escolar-maquetes-gaiates-ciutat-de-castello\/","title":{"rendered":"XV Concurs Escolar Maquetes Gaiates &#8220;Ciutat de Castell\u00f3&#8221;"},"content":{"rendered":"<p><img loading=\"lazy\" decoding=\"async\" class=\"aligncenter size-large wp-image-43558\" src=\"https:\/\/sequiol.es\/wp-content\/uploads\/2017\/10\/xv-maquetas-640x718-640x718.png\" alt=\"\" width=\"640\" height=\"718\" srcset=\"https:\/\/sequiol.es\/wp-content\/uploads\/2017\/10\/xv-maquetas-640x718.png 640w, https:\/\/sequiol.es\/wp-content\/uploads\/2017\/10\/xv-maquetas-640x718-200x224.png 200w\" sizes=\"auto, (max-width: 640px) 100vw, 640px\" \/><br \/>\nJa est\u00e0 convocat el XV Concurs Escolar de Maquetes de Gaiates &#8220;Ciutat de Castell\u00f3&#8221;.<\/p>\n<p>Aqu\u00ed tens tots els enlla\u00e7os al formulari d&#8217;inscripci\u00f3, les bases del XV concurs i\u00a0les ajudes neces\u00e0ries per a la construcci\u00f3 de la teua maqueta.<\/p>\n<p><a title=\"Formulario de inscripci\u00f3n\" href=\"http:\/\/sequiol.es\/vl\/concurs-maquetes\/formulari-dinscripcio\/\">Formulari d&#8217;inscripci\u00f3n<\/a><\/p>\n<p><a title=\"Bases XII Concurso Escolar de Maquetas de Gaiatas\" href=\"https:\/\/sequiol.es\/vl\/concurs-maquetes\/bases-xv-concurs-escolar-de-maquetes-de-gaiates\/\">Bases del XV Concurs<\/a><\/p>\n<p><a title=\"Definici\u00f3n y construcci\u00f3n de una Gaiata\" href=\"http:\/\/sequiol.es\/concurso-maquetas\/definicion-y-construccion-de-una-gaiata\/\">Definici\u00f3 i construcci\u00f3 d&#8217;una Gaiata<\/a><\/p>\n<p><a title=\"Ayuda en la construcci\u00f3n de la maqueta\" href=\"http:\/\/sequiol.es\/vl\/concurs-maquetes\/ajuda-en-la-construccio-de-la-maqueta\/\">Ajuda en la construcci\u00f3 de la maqueta<\/a><\/p>\n<p><a title=\"Logotipos de ayuda para la construcci\u00f3n de tu Gaiata\" href=\"http:\/\/sequiol.es\/vl\/concurs-maquetes\/logotips-dajuda-per-a-la-construccio-de-la-teua-gaiata\/\">Logotips d&#8217;ajuda per a la construcci\u00f3 de la teua Gaiata<\/a><\/p>\n<p>&nbsp;<\/p>\n","protected":false},"excerpt":{"rendered":"<p>Ja est\u00e0 convocat el XV Concurs Escolar de Maquetes de Gaiates &#8220;Ciutat de Castell\u00f3&#8221;. Aqu\u00ed tens tots els enlla\u00e7os al formulari d&#8217;inscripci\u00f3, les bases del XV concurs i\u00a0les ajudes neces\u00e0ries per a la construcci\u00f3 de la teua maqueta. Formulari d&#8217;inscripci\u00f3n Bases del XV Concurs Definici\u00f3 i construcci\u00f3 d&#8217;una Gaiata Ajuda en la construcci\u00f3 de la [&hellip;]<\/p>\n","protected":false},"author":1,"featured_media":0,"parent":12705,"menu_order":150,"comment_status":"closed","ping_status":"closed","template":"","meta":{"footnotes":""},"class_list":["post-43570","page","type-page","status-publish","hentry"],"_links":{"self":[{"href":"https:\/\/sequiol.es\/vl\/wp-json\/wp\/v2\/pages\/43570","targetHints":{"allow":["GET"]}}],"collection":[{"href":"https:\/\/sequiol.es\/vl\/wp-json\/wp\/v2\/pages"}],"about":[{"href":"https:\/\/sequiol.es\/vl\/wp-json\/wp\/v2\/types\/page"}],"author":[{"embeddable":true,"href":"https:\/\/sequiol.es\/vl\/wp-json\/wp\/v2\/users\/1"}],"replies":[{"embeddable":true,"href":"https:\/\/sequiol.es\/vl\/wp-json\/wp\/v2\/comments?post=43570"}],"version-history":[{"count":2,"href":"https:\/\/sequiol.es\/vl\/wp-json\/wp\/v2\/pages\/43570\/revisions"}],"predecessor-version":[{"id":43573,"href":"https:\/\/sequiol.es\/vl\/wp-json\/wp\/v2\/pages\/43570\/revisions\/43573"}],"up":[{"embeddable":true,"href":"https:\/\/sequiol.es\/vl\/wp-json\/wp\/v2\/pages\/12705"}],"wp:attachment":[{"href":"https:\/\/sequiol.es\/vl\/wp-json\/wp\/v2\/media?parent=43570"}],"curies":[{"name":"wp","href":"https:\/\/api.w.org\/{rel}","templated":true}]}}