{"id":24738,"date":"2016-10-04T19:52:37","date_gmt":"2016-10-04T17:52:37","guid":{"rendered":"http:\/\/sequiol.es\/vl\/?page_id=24738"},"modified":"2016-10-04T23:51:32","modified_gmt":"2016-10-04T21:51:32","slug":"bases-xiv-concurs-escolar-de-maquetes-de-gaiates","status":"publish","type":"page","link":"https:\/\/sequiol.es\/vl\/historic\/concurs-maquetes\/xiv-concurs-escolar-maquetes-gaiates-ciudad-de-castellon\/bases-xiv-concurs-escolar-de-maquetes-de-gaiates\/","title":{"rendered":"Bases XIV Concurs Escolar de Maquetes de Gaiates"},"content":{"rendered":"<p>El patrocinador, conscient que entre les tradicions m\u00e9s significatives i singulars de la Ciutat de Castell\u00f3, reflex dels primitius pobladors, i que el s\u00edmbol de les festes de la nostra ciutat \u00e9s la &#8220;gaiata&#8221;, convoca el XIV Concurs de Maquetes de Gaiates entre els escolars de Centres d&#8217;Educaci\u00f3 de Prim\u00e0ria, Secund\u00e0ria i Especial, tot aix\u00f2 amb la finalitat d&#8217;impulsar el coneixement entre els m\u00e9s joves dels requisits, significats i condicions que ha de reunir el monument que representa les Festes Fundacionals de Castell\u00f3. Al mateix temps ia aquests efectes, ha signat amb l&#8217;Associaci\u00f3 Cultural Gaiata 15 &#8220;Sequiol&#8221; un conveni de col\u00b7laboraci\u00f3 per tal d&#8217;organitzar i desenvolupar les diferents fases de qu\u00e8 consta el proc\u00e9s de difusi\u00f3, programaci\u00f3 i execuci\u00f3 del mateix, tot aix\u00f2 sense perjudici que s&#8217;ampli\u00ef la participaci\u00f3 d&#8217;altres Comissions de Sector que vulguin col\u00b7laborar amb les dues entitats. El concurs es convoca amb la vocaci\u00f3 de que en el mateix puguin participar tots els Centres d&#8217;Educaci\u00f3, tant de Prim\u00e0ria com de Secund\u00e0ria i d&#8217;Educaci\u00f3 Especial, desitgen participar. Aquest Concurs resta subjecte al compliment de les seg\u00fcents<\/p>\n<h2 style=\"text-align: center;\">BASES<\/h2>\n<h3>Primera<\/h3>\n<p>Els escolars realitzaran els seus treballs amb plena llibertat de tema i de materials, tenint en compte que el referent no \u00e9s altre que la Gaiata, representaci\u00f3 d&#8217;aquells gaiatos il\u00b7luminats que van ser el seu origen, sent el gaiato l&#8217;element indispensable perqu\u00e8 la Gaiata es consideri com tal, sense perjudici de quants altres elements puguin valorar-se de conformitat amb les presents bases.<\/p>\n<h3>Segona<\/h3>\n<p>Per a la seva participaci\u00f3 ha d&#8217;emplenar la butlleta d&#8217;inscripci\u00f3 que s&#8217;adjunta amb les presents bases, i on han de constar, inexcusablement, les dades seg\u00fcents:<\/p>\n<ol>\n<li>Cognoms\u00a0y nom del escolar.<\/li>\n<li>Centre Educatiu al que perteneix, amb\u00a0indicaci\u00f3 de l&#8217;adre\u00e7a del Centre, curs al que perteneix y nom del tutor del curs.<\/li>\n<li>Lema del treball presentat.<\/li>\n<li>Breu resum de las caracter\u00edstiques que l&#8217;escolar desitge destacar en\u00a0relaci\u00f3 al seu treball.<\/li>\n<\/ol>\n<p>At\u00e8s que la participaci\u00f3 al mateix ho podr\u00e0 ser tant de forma individual com col\u00b7lectiva, en aquest \u00faltim cas s&#8217;ha de fer constar de forma expressa en la butlleta d&#8217;inscripci\u00f3, la forma d&#8217;agrupaci\u00f3 que, si s&#8217;escau s&#8217;hagin triat (grup d&#8217;alumnes, curs acad\u00e8mic, &#8230;) Per a la seva admissi\u00f3 en el Concurs ser\u00e0 necess\u00e0ria la remissi\u00f3 del butllet\u00ed a l&#8217;Associaci\u00f3 Cultural Gaiata 15 &#8220;Sequiol&#8221;, amb domicili en Carrer Herrero, 64-12.006 Castell\u00f3 de la Plana, a trav\u00e9s de la p\u00e0gina web http:\/\/sequiol.es, o mitjan\u00e7ant el propi Centre Escolar. A trav\u00e9s de la indicada p\u00e0gina web podran sol\u00b7licitar tota la informaci\u00f3 desitgin sobre el concurs, aix\u00ed com de tota la informaci\u00f3 de suport necessiten tant del Concurs com de les caracter\u00edstiques o condicions exigides per a la seva participaci\u00f3. La presentaci\u00f3 d&#8217;aquesta documentaci\u00f3 exposada anteriorment ho ser\u00e0 fins al dia <strong>9 de mar\u00e7 de 2.017, a les 15:00 hores<\/strong>, i suposar\u00e0 l&#8217;acceptaci\u00f3 \u00edntegra de les presents bases.<\/p>\n<h3>Tercera<\/h3>\n<p>La llibertat de tema i de materials (qualssevol que permetin el desenvolupament de la feina) no pot quedar aliena a unes m\u00ednimes, per\u00f2 necess\u00e0ries normes que permetin una homogene\u00eftzaci\u00f3, tant en l&#8217;elaboraci\u00f3 dels diferents treballs, com en la formaci\u00f3 del conjunt dels mateixos , aix\u00ed com la valoraci\u00f3 per part dels jurats escolars i el Jurat final del Concurs. Aix\u00ed, l&#8217;al\u00e7ada de la maqueta ser\u00e0 de 50 cent\u00edmetres, podent disposar d&#8217;il\u00b7luminaci\u00f3, sent aquesta una caracter\u00edstica a considerar en la resoluci\u00f3 del Jurat, sense perjudici de la valoraci\u00f3 sobre l&#8217;imaginaci\u00f3, adequaci\u00f3 a les presents bases i creativitat del treball a presentar. En la composici\u00f3 de constar l&#8217;anagrama representatiu del Concurs, aix\u00ed com, de considerar l&#8217;escolar, el logotip o anagrama representatiu d&#8217;una Comissi\u00f3 de Sector.<\/p>\n<h3>Quarta<\/h3>\n<p>S&#8217;estableixen tres categories tenint com a base l&#8217;edat dels participants, sense perjudici de la pertinen\u00e7a a cadascun dels Cursos Escolars englobats en cadascuna de les categories, a saber:<\/p>\n<ul>\n<li><strong>Primera categoria<\/strong>: Escolars de 1er, 2n y 3er de Prim\u00e0ria.<\/li>\n<li><strong>Segona categoria<\/strong>: Escolars de 4rt, 5\u00e8 y 6\u00e8 de Prim\u00e0ria.<\/li>\n<li><strong>Tercera categoria<\/strong>: Escolars de 1er, 2n y 3er de Secund\u00e0ria.<\/li>\n<\/ul>\n<p>Adem\u00e1s d&#8217;aquestes categories, s&#8217;estableix una <strong>categoria especial<\/strong> per als centres i associacions d&#8217;Educaci\u00f3 Especial.<\/p>\n<h3>Cinquena<\/h3>\n<p>Els jurats que deliberaran i decidiran les diferents fases del Concurs seran els seg\u00fcents:<\/p>\n<ul>\n<li><strong>Fase pr\u00e8via<\/strong>: Estaran formats per professors que realitzaran, amb el suport dels membres de l&#8217;Associaci\u00f3 Cultural Gaiata 15 &#8220;Sequiol&#8221; si ho desitgen, la selecci\u00f3 dels treballs que mereixen el premi en cadascuna de les categories, exercint un d&#8217;ells el c\u00e0rrec de Secretari a fi d&#8217;aixecar acta del resultat, i havent de decidir el seu veredicte abans del <strong>8 de mar\u00e7 de 2.017<\/strong>.<\/li>\n<li><strong>Fase final<\/strong>: Estar\u00e0 compost per un nombre determinat de persones que seran elegides pel patrocinador i per l&#8217;Associaci\u00f3 Cultural Gaiata 15 &#8220;Sequiol&#8221;, havent emetre el seu veredicte el <strong>9 de mar\u00e7 de 2.017<\/strong>, al\u00e7ant-se acta del resultat per part del secretari.<\/li>\n<\/ul>\n<p>Les fallades dels Jurats seran inapel\u00b7lables.<\/p>\n<h3>Sisena<\/h3>\n<p>Els premis a atorgar seran els seg\u00fcents:<\/p>\n<h4>Fase pr\u00e8via<\/h4>\n<p style=\"padding-left: 30px;\">En la fase de selecci\u00f3 entre les diferents categories dels diferents Centres d&#8217;Ensenyament participants, s&#8217;obsequiar\u00e0 a cada participant, individualment o de forma col\u00b7lectiva, segons la seua elecci\u00f3 a l&#8217;hora de presentar la seua inscripci\u00f3.<\/p>\n<p style=\"padding-left: 30px;\">Els guanyadors de cadascuna de les categories rebran un premi i distinci\u00f3.<\/p>\n<p style=\"padding-left: 30px;\">Els alumnes de Categoria Especial rebran un obsequi per participant i un premi \u00fanic dins de la seva categoria.<\/p>\n<h4>Fase final<\/h4>\n<p style=\"padding-left: 30px;\">Hi participaran tots els treballs premiats en la fase pr\u00e8via, en atenci\u00f3 a les diferents categories. S&#8217;obsequiar\u00e0 als millors treballs per cadascuna de les mateixes, passant els treballs premiats a la darrera fase on es decidir\u00e0 la maqueta que mereix, segons el parer del Jurat, ser la guanyadora final del Concurs, mereixent aquesta la distinci\u00f3 de ser realitzada a mida d&#8217;1 per 0,5 metres i on figurar\u00e0 en lloc visible i destacat la seg\u00fcent inscripci\u00f3: <strong>&#8220;Premi absolut de la XIV Concurs Escolar de maquetes de Gaiata (Patrocinador). Guanyador i Centre Escolar &#8220;<\/strong>.<\/p>\n<p>At\u00e8s que les maquetes poden presentar-se de forma individual o col\u00b7lectiva, els premis seran d&#8217;un valor equivalent, de manera que el valor d&#8217;un premi atorgat a un guanyador individual sigui igual a la suma dels atorgats a un premi col\u00b7lectiu. Significar de manera especial que, en la decisi\u00f3 del Premi Absolut, es valorar\u00e0 la viabilitat del projecte i la seva execuci\u00f3. El resultat del Jurat es far\u00e0 p\u00fablic a trav\u00e9s dels mitjans de comunicaci\u00f3, en la mateixa data de la seva emissi\u00f3, quedant exposat el treball guanyador, aix\u00ed com tots els seleccionats per a aquesta fase final, al Museu Etnol\u00f2gic, Carrer Cavallers, 25, Castell\u00f3 , <strong>des del dia 11 de marc\u00e7 de 2.017 fins al dia 26 de mar\u00e7 de 2.017<\/strong>. La retirada dels treballs podr\u00e0 realitzar-se en el mateix Museu Etnol\u00f2gic el dia 28 de mar\u00e7 de 2.017 a les 19 hores. Cal destacar que, en cap cas, podr\u00e0 quedar desert el Concurs en cap de les seves fases i categories.<\/p>\n","protected":false},"excerpt":{"rendered":"<p>El patrocinador, conscient que entre les tradicions m\u00e9s significatives i singulars de la Ciutat de Castell\u00f3, reflex dels primitius pobladors, i que el s\u00edmbol de les festes de la nostra ciutat \u00e9s la &#8220;gaiata&#8221;, convoca el XIV Concurs de Maquetes de Gaiates entre els escolars de Centres d&#8217;Educaci\u00f3 de Prim\u00e0ria, Secund\u00e0ria i Especial, tot aix\u00f2 [&hellip;]<\/p>\n","protected":false},"author":1,"featured_media":0,"parent":24740,"menu_order":141,"comment_status":"closed","ping_status":"closed","template":"","meta":{"footnotes":""},"class_list":["post-24738","page","type-page","status-publish","hentry"],"_links":{"self":[{"href":"https:\/\/sequiol.es\/vl\/wp-json\/wp\/v2\/pages\/24738","targetHints":{"allow":["GET"]}}],"collection":[{"href":"https:\/\/sequiol.es\/vl\/wp-json\/wp\/v2\/pages"}],"about":[{"href":"https:\/\/sequiol.es\/vl\/wp-json\/wp\/v2\/types\/page"}],"author":[{"embeddable":true,"href":"https:\/\/sequiol.es\/vl\/wp-json\/wp\/v2\/users\/1"}],"replies":[{"embeddable":true,"href":"https:\/\/sequiol.es\/vl\/wp-json\/wp\/v2\/comments?post=24738"}],"version-history":[{"count":1,"href":"https:\/\/sequiol.es\/vl\/wp-json\/wp\/v2\/pages\/24738\/revisions"}],"predecessor-version":[{"id":24739,"href":"https:\/\/sequiol.es\/vl\/wp-json\/wp\/v2\/pages\/24738\/revisions\/24739"}],"up":[{"embeddable":true,"href":"https:\/\/sequiol.es\/vl\/wp-json\/wp\/v2\/pages\/24740"}],"wp:attachment":[{"href":"https:\/\/sequiol.es\/vl\/wp-json\/wp\/v2\/media?parent=24738"}],"curies":[{"name":"wp","href":"https:\/\/api.w.org\/{rel}","templated":true}]}}