{"id":136380,"date":"2025-11-22T09:45:13","date_gmt":"2025-11-22T08:45:13","guid":{"rendered":"https:\/\/sequiol.es\/?page_id=136380"},"modified":"2025-11-22T10:18:19","modified_gmt":"2025-11-22T09:18:19","slug":"xxiii-concurs-escolar-de-maquetes-de-gaiata-ciutat-de-castello","status":"publish","type":"page","link":"https:\/\/sequiol.es\/vl\/historic\/concurs-maquetes\/xxiii-concurs-escolar-de-maquetes-de-gaiata-ciutat-de-castello\/","title":{"rendered":"XXIII Concurs Escolar de Maquetes de Gaiata &#8220;Ciutat de Castell\u00f3&#8221;"},"content":{"rendered":"<p><a href=\"https:\/\/sequiol.es\/wp-content\/uploads\/2023\/09\/cartel-maquetas_200x300.png\"><img loading=\"lazy\" decoding=\"async\" class=\"size-full wp-image-121990\" src=\"https:\/\/sequiol.es\/wp-content\/uploads\/2023\/09\/cartel-maquetas_200x300.png\" alt=\"\" width=\"200\" height=\"300\" \/><\/a><\/p>\n<p>&nbsp;<\/p>\n<p><a href=\"https:\/\/sequiol.es\/vl\/historic\/concurs-maquetes\/formulari-dinscripcio\/\">Formulari d&#8217;inscripci\u00f3<\/a><\/p>\n<p><a href=\"https:\/\/sequiol.es\/vl\/historic\/concurs-maquetes\/xxiii-concurs-escolar-de-maquetes-de-gaiata-ciutat-de-castello\/bases-xxiii-concurs-escolar-de-maquetes-de-gaiates\/\">Bases del XXIII Concurs<\/a><\/p>\n<p><a href=\"https:\/\/sequiol.es\/vl\/historic\/concurs-maquetes\/definicio-i-construccio-duna-gaiata\/\">Definici\u00f3 i construcci\u00f3 d&#8217;una gaiata<\/a><\/p>\n<p><a href=\"https:\/\/sequiol.es\/vl\/historic\/concurs-maquetes\/ajuda-en-la-construccio-de-la-maqueta\/\">Ajuda en la construcci\u00f3 de la maqueta<\/a><\/p>\n<p><a href=\"https:\/\/sequiol.es\/vl\/historic\/concurs-maquetes\/logotips-dajuda-per-a-la-construccio-de-la-teua-gaiata\/\">Logotips d&#8217;ajuda per a la construcci\u00f3 de la teua Gaiata<\/a><\/p>\n<p>&nbsp;<\/p>\n","protected":false},"excerpt":{"rendered":"<p>&nbsp; Formulari d&#8217;inscripci\u00f3 Bases del XXIII Concurs Definici\u00f3 i construcci\u00f3 d&#8217;una gaiata Ajuda en la construcci\u00f3 de la maqueta Logotips d&#8217;ajuda per a la construcci\u00f3 de la teua Gaiata &nbsp;<\/p>\n","protected":false},"author":1,"featured_media":121988,"parent":12705,"menu_order":230,"comment_status":"closed","ping_status":"closed","template":"","meta":{"footnotes":""},"class_list":["post-136380","page","type-page","status-publish","has-post-thumbnail","hentry"],"_links":{"self":[{"href":"https:\/\/sequiol.es\/vl\/wp-json\/wp\/v2\/pages\/136380","targetHints":{"allow":["GET"]}}],"collection":[{"href":"https:\/\/sequiol.es\/vl\/wp-json\/wp\/v2\/pages"}],"about":[{"href":"https:\/\/sequiol.es\/vl\/wp-json\/wp\/v2\/types\/page"}],"author":[{"embeddable":true,"href":"https:\/\/sequiol.es\/vl\/wp-json\/wp\/v2\/users\/1"}],"replies":[{"embeddable":true,"href":"https:\/\/sequiol.es\/vl\/wp-json\/wp\/v2\/comments?post=136380"}],"version-history":[{"count":4,"href":"https:\/\/sequiol.es\/vl\/wp-json\/wp\/v2\/pages\/136380\/revisions"}],"predecessor-version":[{"id":136387,"href":"https:\/\/sequiol.es\/vl\/wp-json\/wp\/v2\/pages\/136380\/revisions\/136387"}],"up":[{"embeddable":true,"href":"https:\/\/sequiol.es\/vl\/wp-json\/wp\/v2\/pages\/12705"}],"wp:featuredmedia":[{"embeddable":true,"href":"https:\/\/sequiol.es\/vl\/wp-json\/wp\/v2\/media\/121988"}],"wp:attachment":[{"href":"https:\/\/sequiol.es\/vl\/wp-json\/wp\/v2\/media?parent=136380"}],"curies":[{"name":"wp","href":"https:\/\/api.w.org\/{rel}","templated":true}]}}