{"id":12776,"date":"2015-01-21T00:48:00","date_gmt":"2015-01-20T23:48:00","guid":{"rendered":"http:\/\/sequiol.es\/vl\/?page_id=12776"},"modified":"2015-08-23T09:00:39","modified_gmt":"2015-08-23T07:00:39","slug":"logotips-dajuda-per-a-la-construccio-de-la-teua-gaiata","status":"publish","type":"page","link":"https:\/\/sequiol.es\/vl\/historic\/concurs-maquetes\/logotips-dajuda-per-a-la-construccio-de-la-teua-gaiata\/","title":{"rendered":"Logotips d&#8217;ajuda per a la construcci\u00f3 de la teua Gaiata"},"content":{"rendered":"<p>Recordem que els elements indispensables perqu\u00e8 la nostra maqueta entri concurs s\u00f3n: el gaiato, l&#8217;escut de la ciutat i el logotip del concurs. A m\u00e9s pots afegir el logotip de la Gaiata del teu sector. Aix\u00ed doncs, aqu\u00ed pots trobar aquests logotips. Per guardar al teu ordinador, nom\u00e9s cal que facis clic sobre la imatge i s&#8217;obrir\u00e0 una nova pestanya amb la imatge a mida real. Sobre aquesta punxes amb el bot\u00f3 dret i tries &#8220;<em>Guardar imatge com &#8230;<\/em>&#8221;<\/p>\n<h4>Elements indispensables<\/h4>\n<div id=\"attachment_6363\" style=\"width: 166px\" class=\"wp-caption alignleft\"><a href=\"http:\/\/sequiol.es\/wp-content\/uploads\/2015\/01\/logos-escudo-castellon.jpg\" target=\"_blank\"><img loading=\"lazy\" decoding=\"async\" aria-describedby=\"caption-attachment-6363\" class=\"size-full wp-image-6363\" src=\"http:\/\/sequiol.es\/wp-content\/uploads\/2015\/01\/logos-escudo-castellon.jpg\" alt=\"Escudo de Castell\u00f3n\" width=\"156\" height=\"190\" \/><\/a><p id=\"caption-attachment-6363\" class=\"wp-caption-text\">Escut de Castell\u00f3<\/p><\/div>\n<div id=\"attachment_6361\" style=\"width: 87px\" class=\"wp-caption alignleft\"><a href=\"http:\/\/sequiol.es\/wp-content\/uploads\/2015\/01\/logos-concurso.jpg\" target=\"_blank\"><img loading=\"lazy\" decoding=\"async\" aria-describedby=\"caption-attachment-6361\" class=\" wp-image-6361\" src=\"http:\/\/sequiol.es\/wp-content\/uploads\/2015\/01\/logos-concurso-122x300.jpg\" alt=\"Logotipo del Concurso\" width=\"77\" height=\"189\" srcset=\"https:\/\/sequiol.es\/wp-content\/uploads\/2015\/01\/logos-concurso-122x300.jpg 122w, https:\/\/sequiol.es\/wp-content\/uploads\/2015\/01\/logos-concurso-640x1577.jpg 640w, https:\/\/sequiol.es\/wp-content\/uploads\/2015\/01\/logos-concurso.jpg 801w\" sizes=\"auto, (max-width: 77px) 100vw, 77px\" \/><\/a><p id=\"caption-attachment-6361\" class=\"wp-caption-text\">Logotip del Concurs<\/p><\/div>\n<p>&nbsp;<\/p>\n<h4>\u00a0Elements opcionals: Logotip de la teua Gaiata<\/h4>\n<div id=\"attachment_3636\" style=\"width: 160px\" class=\"wp-caption alignleft\"><a href=\"http:\/\/sequiol.es\/wp-content\/uploads\/2014\/10\/enlace-g01.jpg\" target=\"_blank\"><img loading=\"lazy\" decoding=\"async\" aria-describedby=\"caption-attachment-3636\" class=\"size-full wp-image-3636\" src=\"http:\/\/sequiol.es\/wp-content\/uploads\/2014\/10\/enlace-g01.jpg\" alt=\"Gaiata 1 &quot;Brancal de la Ciutat&quot;\" width=\"150\" height=\"150\" \/><\/a><p id=\"caption-attachment-3636\" class=\"wp-caption-text\">Gaiata 1<br \/>&#8220;Brancal de la Ciutat&#8221;<\/p><\/div>\n<div id=\"attachment_3638\" style=\"width: 160px\" class=\"wp-caption alignleft\"><a href=\"http:\/\/sequiol.es\/wp-content\/uploads\/2014\/10\/enlace-g02.jpg\" target=\"_blank\"><img loading=\"lazy\" decoding=\"async\" aria-describedby=\"caption-attachment-3638\" class=\"size-full wp-image-3638\" src=\"http:\/\/sequiol.es\/wp-content\/uploads\/2014\/10\/enlace-g02.jpg\" alt=\"Gaiata 2 &quot;Fadrell&quot;\" width=\"150\" height=\"150\" \/><\/a><p id=\"caption-attachment-3638\" class=\"wp-caption-text\">Gaiata 2<br \/>&#8220;Fadrell&#8221;<\/p><\/div>\n<div id=\"attachment_3640\" style=\"width: 160px\" class=\"wp-caption alignleft\"><a href=\"http:\/\/sequiol.es\/wp-content\/uploads\/2014\/10\/enlace-g03.jpg\" target=\"_blank\"><img loading=\"lazy\" decoding=\"async\" aria-describedby=\"caption-attachment-3640\" class=\"size-full wp-image-3640\" src=\"http:\/\/sequiol.es\/wp-content\/uploads\/2014\/10\/enlace-g03.jpg\" alt=\"Gaiata 3 &quot;Porta del Sol&quot;\" width=\"150\" height=\"150\" \/><\/a><p id=\"caption-attachment-3640\" class=\"wp-caption-text\">Gaiata 3<br \/>&#8220;Porta del Sol&#8221;<\/p><\/div>\n<div id=\"attachment_3642\" style=\"width: 160px\" class=\"wp-caption alignleft\"><a href=\"http:\/\/sequiol.es\/wp-content\/uploads\/2014\/10\/enlace-g04.jpg\" target=\"_blank\"><img loading=\"lazy\" decoding=\"async\" aria-describedby=\"caption-attachment-3642\" class=\"size-full wp-image-3642\" src=\"http:\/\/sequiol.es\/wp-content\/uploads\/2014\/10\/enlace-g04.jpg\" alt=\"Gaiata 4 &quot;L'Armelar&quot;\" width=\"150\" height=\"150\" \/><\/a><p id=\"caption-attachment-3642\" class=\"wp-caption-text\">Gaiata 4<br \/>&#8220;L&#8217;Armelar&#8221;<\/p><\/div>\n<div id=\"attachment_3658\" style=\"width: 160px\" class=\"wp-caption alignleft\"><a href=\"http:\/\/sequiol.es\/wp-content\/uploads\/2014\/10\/enlace-g05.jpg\" target=\"_blank\"><img loading=\"lazy\" decoding=\"async\" aria-describedby=\"caption-attachment-3658\" class=\"size-full wp-image-3658\" src=\"http:\/\/sequiol.es\/wp-content\/uploads\/2014\/10\/enlace-g05.jpg\" alt=\"Gaiata 5 &quot;Hort dels Corders&quot;\" width=\"150\" height=\"150\" \/><\/a><p id=\"caption-attachment-3658\" class=\"wp-caption-text\">Gaiata 5<br \/>&#8220;Hort dels Corders&#8221;<\/p><\/div>\n<div id=\"attachment_3660\" style=\"width: 160px\" class=\"wp-caption alignleft\"><a href=\"http:\/\/sequiol.es\/wp-content\/uploads\/2014\/10\/enlace-g06.jpg\" target=\"_blank\"><img loading=\"lazy\" decoding=\"async\" aria-describedby=\"caption-attachment-3660\" class=\"size-full wp-image-3660\" src=\"http:\/\/sequiol.es\/wp-content\/uploads\/2014\/10\/enlace-g06.jpg\" alt=\"Gaiata 6 &quot;Farola - Ravalet&quot;\" width=\"150\" height=\"150\" \/><\/a><p id=\"caption-attachment-3660\" class=\"wp-caption-text\">Gaiata 6<br \/>&#8220;Farola &#8211; Ravalet&#8221;<\/p><\/div>\n<div id=\"attachment_3662\" style=\"width: 160px\" class=\"wp-caption alignleft\"><a href=\"http:\/\/sequiol.es\/wp-content\/uploads\/2014\/10\/enlace-g07.jpg\" target=\"_blank\"><img loading=\"lazy\" decoding=\"async\" aria-describedby=\"caption-attachment-3662\" class=\"size-full wp-image-3662\" src=\"http:\/\/sequiol.es\/wp-content\/uploads\/2014\/10\/enlace-g07.jpg\" alt=\"Gaiata 7 &quot;Cor de la Ciutat&quot;\" width=\"150\" height=\"150\" \/><\/a><p id=\"caption-attachment-3662\" class=\"wp-caption-text\">Gaiata 7<br \/>&#8220;Cor de la Ciutat&#8221;<\/p><\/div>\n<div id=\"attachment_3664\" style=\"width: 160px\" class=\"wp-caption alignleft\"><a href=\"http:\/\/sequiol.es\/wp-content\/uploads\/2014\/10\/enlace-g08.jpg\" target=\"_blank\"><img loading=\"lazy\" decoding=\"async\" aria-describedby=\"caption-attachment-3664\" class=\"size-full wp-image-3664\" src=\"http:\/\/sequiol.es\/wp-content\/uploads\/2014\/10\/enlace-g08.jpg\" alt=\"Gaiata 8 &quot;Portal de l'Om&quot;\" width=\"150\" height=\"150\" \/><\/a><p id=\"caption-attachment-3664\" class=\"wp-caption-text\">Gaiata 8<br \/>&#8220;Portal de l&#8217;Om&#8221;<\/p><\/div>\n<div id=\"attachment_3666\" style=\"width: 160px\" class=\"wp-caption alignleft\"><a href=\"http:\/\/sequiol.es\/wp-content\/uploads\/2014\/10\/enlace-g09.jpg\" target=\"_blank\"><img loading=\"lazy\" decoding=\"async\" aria-describedby=\"caption-attachment-3666\" class=\"size-full wp-image-3666\" src=\"http:\/\/sequiol.es\/wp-content\/uploads\/2014\/10\/enlace-g09.jpg\" alt=\"Gaiata 9 &quot;L'Espartera&quot;\" width=\"150\" height=\"150\" \/><\/a><p id=\"caption-attachment-3666\" class=\"wp-caption-text\">Gaiata 9<br \/>&#8220;L&#8217;Espartera&#8221;<\/p><\/div>\n<div id=\"attachment_3668\" style=\"width: 160px\" class=\"wp-caption alignleft\"><a href=\"http:\/\/sequiol.es\/wp-content\/uploads\/2014\/10\/enlace-g10.jpg\" target=\"_blank\"><img loading=\"lazy\" decoding=\"async\" aria-describedby=\"caption-attachment-3668\" class=\"size-full wp-image-3668\" src=\"http:\/\/sequiol.es\/wp-content\/uploads\/2014\/10\/enlace-g10.jpg\" alt=\"Gaiata 10 &quot;El Toll&quot;\" width=\"150\" height=\"150\" \/><\/a><p id=\"caption-attachment-3668\" class=\"wp-caption-text\">Gaiata 10<br \/>&#8220;El Toll&#8221;<\/p><\/div>\n<div id=\"attachment_3670\" style=\"width: 160px\" class=\"wp-caption alignleft\"><a href=\"http:\/\/sequiol.es\/wp-content\/uploads\/2014\/10\/enlace-g11.jpg\" target=\"_blank\"><img loading=\"lazy\" decoding=\"async\" aria-describedby=\"caption-attachment-3670\" class=\"size-full wp-image-3670\" src=\"http:\/\/sequiol.es\/wp-content\/uploads\/2014\/10\/enlace-g11.jpg\" alt=\"Gaiata 11 &quot;Forn del Pl\u00e0&quot;\" width=\"150\" height=\"150\" \/><\/a><p id=\"caption-attachment-3670\" class=\"wp-caption-text\">Gaiata 11<br \/>&#8220;Forn del Pl\u00e0&#8221;<\/p><\/div>\n<div id=\"attachment_3672\" style=\"width: 160px\" class=\"wp-caption alignleft\"><a href=\"http:\/\/sequiol.es\/wp-content\/uploads\/2014\/10\/enlace-g12.jpg\" target=\"_blank\"><img loading=\"lazy\" decoding=\"async\" aria-describedby=\"caption-attachment-3672\" class=\"size-full wp-image-3672\" src=\"http:\/\/sequiol.es\/wp-content\/uploads\/2014\/10\/enlace-g12.jpg\" alt=\"Gaiata 12 &quot;El Grau&quot;\" width=\"150\" height=\"150\" \/><\/a><p id=\"caption-attachment-3672\" class=\"wp-caption-text\">Gaiata 12<br \/>&#8220;El Grau&#8221;<\/p><\/div>\n<div id=\"attachment_3674\" style=\"width: 160px\" class=\"wp-caption alignleft\"><a href=\"http:\/\/sequiol.es\/wp-content\/uploads\/2014\/10\/enlace-g13.jpg\" target=\"_blank\"><img loading=\"lazy\" decoding=\"async\" aria-describedby=\"caption-attachment-3674\" class=\"size-full wp-image-3674\" src=\"http:\/\/sequiol.es\/wp-content\/uploads\/2014\/10\/enlace-g13.jpg\" alt=\"Gaiata 13 &quot;Sensal&quot;\" width=\"150\" height=\"150\" \/><\/a><p id=\"caption-attachment-3674\" class=\"wp-caption-text\">Gaiata 13<br \/>&#8220;Sensal&#8221;<\/p><\/div>\n<div id=\"attachment_3676\" style=\"width: 160px\" class=\"wp-caption alignleft\"><a href=\"http:\/\/sequiol.es\/wp-content\/uploads\/2014\/10\/enlace-g14.jpg\" target=\"_blank\"><img loading=\"lazy\" decoding=\"async\" aria-describedby=\"caption-attachment-3676\" class=\"size-full wp-image-3676\" src=\"http:\/\/sequiol.es\/wp-content\/uploads\/2014\/10\/enlace-g14.jpg\" alt=\"Gaiata 14 &quot;Cast\u00e0lia&quot;\" width=\"150\" height=\"150\" \/><\/a><p id=\"caption-attachment-3676\" class=\"wp-caption-text\">Gaiata 14<br \/>&#8220;Cast\u00e0lia&#8221;<\/p><\/div>\n<div id=\"attachment_3678\" style=\"width: 160px\" class=\"wp-caption alignleft\"><a href=\"http:\/\/sequiol.es\/wp-content\/uploads\/2014\/10\/enlace-g15.jpg\" target=\"_blank\"><img loading=\"lazy\" decoding=\"async\" aria-describedby=\"caption-attachment-3678\" class=\"size-full wp-image-3678\" src=\"http:\/\/sequiol.es\/wp-content\/uploads\/2014\/10\/enlace-g15.jpg\" alt=\"Gaiata 15 &quot;Sequiol&quot;\" width=\"150\" height=\"150\" \/><\/a><p id=\"caption-attachment-3678\" class=\"wp-caption-text\">Gaiata 15<br \/>&#8220;Sequiol&#8221;<\/p><\/div>\n<div id=\"attachment_3680\" style=\"width: 160px\" class=\"wp-caption alignleft\"><a href=\"http:\/\/sequiol.es\/wp-content\/uploads\/2014\/10\/enlace-g16.jpg\" target=\"_blank\"><img loading=\"lazy\" decoding=\"async\" aria-describedby=\"caption-attachment-3680\" class=\"size-full wp-image-3680\" src=\"http:\/\/sequiol.es\/wp-content\/uploads\/2014\/10\/enlace-g16.jpg\" alt=\"Gaiata 16 &quot;Rafalafena&quot;\" width=\"150\" height=\"150\" \/><\/a><p id=\"caption-attachment-3680\" class=\"wp-caption-text\">Gaiata 16<br \/>&#8220;Rafalafena&#8221;<\/p><\/div>\n<div id=\"attachment_3682\" style=\"width: 160px\" class=\"wp-caption alignleft\"><a href=\"http:\/\/sequiol.es\/wp-content\/uploads\/2014\/10\/enlace-g17.jpg\" target=\"_blank\"><img loading=\"lazy\" decoding=\"async\" aria-describedby=\"caption-attachment-3682\" class=\"size-full wp-image-3682\" src=\"http:\/\/sequiol.es\/wp-content\/uploads\/2014\/10\/enlace-g17.jpg\" alt=\"Gaiata 17 &quot;Tir de Colom&quot;\" width=\"150\" height=\"150\" \/><\/a><p id=\"caption-attachment-3682\" class=\"wp-caption-text\">Gaiata 17<br \/>&#8220;Tir de Colom&#8221;<\/p><\/div>\n<div id=\"attachment_3684\" style=\"width: 160px\" class=\"wp-caption alignleft\"><a href=\"http:\/\/sequiol.es\/wp-content\/uploads\/2014\/10\/enlace-g18.jpg\" target=\"_blank\"><img loading=\"lazy\" decoding=\"async\" aria-describedby=\"caption-attachment-3684\" class=\"size-full wp-image-3684\" src=\"http:\/\/sequiol.es\/wp-content\/uploads\/2014\/10\/enlace-g18.jpg\" alt=\"Gaiata 18 &quot;Cr\u00e8mor&quot;\" width=\"150\" height=\"150\" \/><\/a><p id=\"caption-attachment-3684\" class=\"wp-caption-text\">Gaiata 18<br \/>&#8220;Cr\u00e8mor&#8221;<\/p><\/div>\n<div id=\"attachment_3686\" style=\"width: 160px\" class=\"wp-caption alignleft\"><a href=\"http:\/\/sequiol.es\/wp-content\/uploads\/2014\/10\/enlace-g19.jpg\" target=\"_blank\"><img loading=\"lazy\" decoding=\"async\" aria-describedby=\"caption-attachment-3686\" class=\"size-full wp-image-3686\" src=\"http:\/\/sequiol.es\/wp-content\/uploads\/2014\/10\/enlace-g19.jpg\" alt=\"Gaiata 19 &quot;La Cultural&quot;\" width=\"150\" height=\"150\" \/><\/a><p id=\"caption-attachment-3686\" class=\"wp-caption-text\">Gaiata 19<br \/>&#8220;La Cultural&#8221;<\/p><\/div>\n<p>&nbsp;<\/p>\n","protected":false},"excerpt":{"rendered":"<p>Recordem que els elements indispensables perqu\u00e8 la nostra maqueta entri concurs s\u00f3n: el gaiato, l&#8217;escut de la ciutat i el logotip del concurs. A m\u00e9s pots afegir el logotip de la Gaiata del teu sector. Aix\u00ed doncs, aqu\u00ed pots trobar aquests logotips. Per guardar al teu ordinador, nom\u00e9s cal que facis clic sobre la imatge [&hellip;]<\/p>\n","protected":false},"author":1,"featured_media":0,"parent":12705,"menu_order":998,"comment_status":"open","ping_status":"closed","template":"","meta":{"footnotes":""},"class_list":["post-12776","page","type-page","status-publish","hentry"],"_links":{"self":[{"href":"https:\/\/sequiol.es\/vl\/wp-json\/wp\/v2\/pages\/12776","targetHints":{"allow":["GET"]}}],"collection":[{"href":"https:\/\/sequiol.es\/vl\/wp-json\/wp\/v2\/pages"}],"about":[{"href":"https:\/\/sequiol.es\/vl\/wp-json\/wp\/v2\/types\/page"}],"author":[{"embeddable":true,"href":"https:\/\/sequiol.es\/vl\/wp-json\/wp\/v2\/users\/1"}],"replies":[{"embeddable":true,"href":"https:\/\/sequiol.es\/vl\/wp-json\/wp\/v2\/comments?post=12776"}],"version-history":[{"count":1,"href":"https:\/\/sequiol.es\/vl\/wp-json\/wp\/v2\/pages\/12776\/revisions"}],"predecessor-version":[{"id":12777,"href":"https:\/\/sequiol.es\/vl\/wp-json\/wp\/v2\/pages\/12776\/revisions\/12777"}],"up":[{"embeddable":true,"href":"https:\/\/sequiol.es\/vl\/wp-json\/wp\/v2\/pages\/12705"}],"wp:attachment":[{"href":"https:\/\/sequiol.es\/vl\/wp-json\/wp\/v2\/media?parent=12776"}],"curies":[{"name":"wp","href":"https:\/\/api.w.org\/{rel}","templated":true}]}}