{"id":12774,"date":"2015-01-21T00:31:25","date_gmt":"2015-01-20T23:31:25","guid":{"rendered":"http:\/\/sequiol.es\/vl\/?page_id=12774"},"modified":"2021-11-17T18:07:54","modified_gmt":"2021-11-17T17:07:54","slug":"ajuda-en-la-construccio-de-la-maqueta","status":"publish","type":"page","link":"https:\/\/sequiol.es\/vl\/historic\/concurs-maquetes\/ajuda-en-la-construccio-de-la-maqueta\/","title":{"rendered":"Ajuda en la construcci\u00f3 de la maqueta"},"content":{"rendered":"<p>Alguns apunts que poden facilitar la construcci\u00f3 de la vostra maqueta.<\/p>\n<ol>\n<li>Recordem que els elements indispensables perqu\u00e8 la nostra maqueta entri concurs s\u00f3n: el gaiato, l&#8217;escut de la ciutat i el logotip del concurs. A m\u00e9s pots afegir el logotip de la Gaiata del teu sector. Tots aquests logotips els podr\u00e0s trobar en aquesta web (www.sequiol.es)<\/li>\n<li>Les mesures de la nostra maqueta seran: 50 cent\u00edmetres d&#8217;alt per 25 d&#8217;ample.<\/li>\n<li>Disposarem sobre un full de paper, DIN A4 o foli, un rectangle de 25 cent\u00edmetres d&#8217;alt per 12&#8217;5 cent\u00edmetres d&#8217;ample. A l&#8217;interior del requadre i ajustant-nos als marges dibuixarem l&#8217;esb\u00f3s de la nostra maqueta. En aquestes condicions estarem treballant a escala 1:2, \u00e9s a dir cada cent\u00edmetre del nostre dibuix seran dos cent\u00edmetres de la nostra maqueta. Realitzat l&#8217;esb\u00f3s \u00e9s molt important que li assignes un lema.<\/li>\n<li>El primer pas ser\u00e0 construir el carro base de la nostra maqueta. Per a la seva construcci\u00f3 podem utilitzar qualsevol material resistent (cartr\u00f3, fusta &#8230;) La seva al\u00e7ada m\u00e0xima no ha d&#8217;excedir de 8 cent\u00edmetres i la seva amplada de 25. La seva forma pot ser qualsevol per\u00f2 potser la m\u00e9s f\u00e0cil i la que millors prestacions ens oferir\u00e0 per al disseny de la nostra maqueta, ser\u00e0 la base quadrada. Una possible soluci\u00f3 seria disposar d&#8217;un tros de tauler de 25 x 25 i de 5 mil\u00b7l\u00edmetres de gruix sobre el qual adherirem, en els seus quatre v\u00e8rtexs, 4 potes de fusta de 7&#8217;5 cent\u00edmetres.<\/li>\n<li>Pot ser necessari, segons el disseny que hem realitzat, disposar d&#8217;un eix central sobre el qual suportarem la resta d&#8217;elements. Per obtenir el centre de la base n&#8217;hi haur\u00e0 prou que trac\u00e9is les diagonals (si la nostra base \u00e9s quadrada) i on es tallin disposarem nostre eix.<\/li>\n<li>Per a la construcci\u00f3 de la nostra maqueta de Gaiata podem utilitzar qualsevol material: fusta, cartr\u00f3, papers de colors, cartolines, gots de pl\u00e0stic, plastilina, varetes de fusta, escuradents, ampolles de pl\u00e0stic, palletes de refresc &#8230; qualsevol cosa que se us passi. Per a la seva manipulaci\u00f3 \u00e9s necessari utilitzar eines (tisores, c\u00fatex, serra de marqueteria &#8230;) i materials (cola, puntes, cargols, agulles &#8230;) que requereixen un maneig responsable, per evitar accidents. Si desconeixes la seva correcta utilitzaci\u00f3 demana consell als teus professors.<\/li>\n<li>Recordeu que es valorar\u00e0 l&#8217;enginy, l&#8217;originalitat, la idone\u00eftat de les formes, el disseny, els seus acabats &#8230; per tant us recomanem que invirt\u00e1is un temps en pensar el vostre disseny abans de llan\u00e7ar-vos a construir-lo. Pot ajudar-vos, a l&#8217;hora de realitzar el vostre disseny, l&#8217;observar fotografies o esbossos de les Gaiates que realitzen les diferents comissions de sector. En aquesta web podr\u00e0s veure algunes de les \u00faltimes que ha realitzat aquesta comissi\u00f3. Tamb\u00e9 pots apropar-te al Cau de la comissi\u00f3 del teu sector per a demanar informaci\u00f3 o en la Junta de Festes (Palau de la Festa) on podr\u00e0s veure les maquetes de les Gaiates guanyadores dels \u00faltims anys. I en el nostre Cau (C \/ Herrero, 64) on molt gustosament resoldrem els teus dubtes i, fins i tot, podr\u00e0s veure alguna maqueta realitzada pels nens de la nostra comissi\u00f3.<\/li>\n<li>\u00c9s possible que, a la nostra maqueta, li vulguem dotar d&#8217;il\u00b7luminaci\u00f3. \u00c9s recomanable que utilitzeu material la tensi\u00f3 d&#8217;alimentaci\u00f3 sigui igual o inferior a 12 volts. En el cas que utilitzeu elements la tensi\u00f3 d&#8217;alimentaci\u00f3 sigui superior a 50 volts (per exemple els llums d&#8217;un arbre de Nadal, la alimentaci\u00f3 \u00e9s a 220 volts), heu de sol\u00b7licitar la col\u00b7laboraci\u00f3 dels vostres professors.<\/li>\n<li>Qualsevol dubte que tingueu podeu consultar-la amb els vostres pares i professors o, fins i tot, enviar-nos un correu electr\u00f2nic i el nostre propi equip de treball de Gaiata us ajudar\u00e0 a resoldre-.<\/li>\n<\/ol>\n<p>Ara nom\u00e9s queda que et posis mans a l&#8217;obra per\u00f2 recorda que per poder participar has d&#8217;estar inscrit (des de la p\u00e0gina www.sequiol.es pots fer-ho).<\/p>\n<p>Imagina, com t&#8217;agradaria que fos la teua Gaiata?<\/p>\n<p>A les fotografies inferiors pots veure diverses gaiates realitzades pels alumnes del col\u00b7legi Isidoro Andr\u00e9s corresponents als concursos de maquetes de gaiates convocats per la nostra gaiata.<\/p>\n<p><a href=\"http:\/\/sequiol.es\/wp-content\/uploads\/2015\/01\/ayuda-maquetas-1.jpg\"><img loading=\"lazy\" decoding=\"async\" class=\"aligncenter size-large wp-image-6334\" src=\"https:\/\/sequiol.es\/wp-content\/uploads\/2015\/01\/ayuda-maquetas-1-640x489.jpg\" alt=\"ayuda-maquetas-1\" width=\"640\" height=\"489\" srcset=\"https:\/\/sequiol.es\/wp-content\/uploads\/2015\/01\/ayuda-maquetas-1-640x489.jpg 640w, https:\/\/sequiol.es\/wp-content\/uploads\/2015\/01\/ayuda-maquetas-1-200x153.jpg 200w, https:\/\/sequiol.es\/wp-content\/uploads\/2015\/01\/ayuda-maquetas-1.jpg 1031w\" sizes=\"auto, (max-width: 640px) 100vw, 640px\" \/><\/a> \u00a0 <a href=\"http:\/\/sequiol.es\/wp-content\/uploads\/2015\/01\/ayuda-maquetas-2.jpg\"><img loading=\"lazy\" decoding=\"async\" class=\"aligncenter size-large wp-image-6336\" src=\"https:\/\/sequiol.es\/wp-content\/uploads\/2015\/01\/ayuda-maquetas-2-640x417.jpg\" alt=\"ayuda-maquetas-2\" width=\"640\" height=\"417\" srcset=\"https:\/\/sequiol.es\/wp-content\/uploads\/2015\/01\/ayuda-maquetas-2-640x417.jpg 640w, https:\/\/sequiol.es\/wp-content\/uploads\/2015\/01\/ayuda-maquetas-2-200x130.jpg 200w, https:\/\/sequiol.es\/wp-content\/uploads\/2015\/01\/ayuda-maquetas-2.jpg 908w\" sizes=\"auto, (max-width: 640px) 100vw, 640px\" \/><\/a><\/p>\n","protected":false},"excerpt":{"rendered":"<p>Alguns apunts que poden facilitar la construcci\u00f3 de la vostra maqueta. Recordem que els elements indispensables perqu\u00e8 la nostra maqueta entri concurs s\u00f3n: el gaiato, l&#8217;escut de la ciutat i el logotip del concurs. A m\u00e9s pots afegir el logotip de la Gaiata del teu sector. Tots aquests logotips els podr\u00e0s trobar en aquesta web [&hellip;]<\/p>\n","protected":false},"author":1,"featured_media":0,"parent":12705,"menu_order":997,"comment_status":"open","ping_status":"closed","template":"","meta":{"footnotes":""},"class_list":["post-12774","page","type-page","status-publish","hentry"],"_links":{"self":[{"href":"https:\/\/sequiol.es\/vl\/wp-json\/wp\/v2\/pages\/12774","targetHints":{"allow":["GET"]}}],"collection":[{"href":"https:\/\/sequiol.es\/vl\/wp-json\/wp\/v2\/pages"}],"about":[{"href":"https:\/\/sequiol.es\/vl\/wp-json\/wp\/v2\/types\/page"}],"author":[{"embeddable":true,"href":"https:\/\/sequiol.es\/vl\/wp-json\/wp\/v2\/users\/1"}],"replies":[{"embeddable":true,"href":"https:\/\/sequiol.es\/vl\/wp-json\/wp\/v2\/comments?post=12774"}],"version-history":[{"count":4,"href":"https:\/\/sequiol.es\/vl\/wp-json\/wp\/v2\/pages\/12774\/revisions"}],"predecessor-version":[{"id":104239,"href":"https:\/\/sequiol.es\/vl\/wp-json\/wp\/v2\/pages\/12774\/revisions\/104239"}],"up":[{"embeddable":true,"href":"https:\/\/sequiol.es\/vl\/wp-json\/wp\/v2\/pages\/12705"}],"wp:attachment":[{"href":"https:\/\/sequiol.es\/vl\/wp-json\/wp\/v2\/media?parent=12774"}],"curies":[{"name":"wp","href":"https:\/\/api.w.org\/{rel}","templated":true}]}}