{"id":12772,"date":"2015-01-21T00:26:22","date_gmt":"2015-01-20T23:26:22","guid":{"rendered":"http:\/\/sequiol.es\/vl\/?page_id=12772"},"modified":"2015-08-23T08:54:11","modified_gmt":"2015-08-23T06:54:11","slug":"definicio-i-construccio-duna-gaiata","status":"publish","type":"page","link":"https:\/\/sequiol.es\/vl\/historic\/concurs-maquetes\/definicio-i-construccio-duna-gaiata\/","title":{"rendered":"Definici\u00f3 i construcci\u00f3 d&#8217;una Gaiata"},"content":{"rendered":"<p>La Gaiata \u00e9s el s\u00edmbol per antonom\u00e0sia de la nostra ciutat. Rememora aquells gayatos il\u00b7luminats que, segons resa la tradici\u00f3, van utilitzar els nostres avantpassats en el seu nocturn descens des del tur\u00f3 de la Magdalena fins a la Plana de Castell\u00f3. Definir que \u00e9s una Gaiata \u00e9s treball ardu dif\u00edcil, ja que la llibertat i la imaginaci\u00f3 de l&#8217;artista gaiater no ha de tenir cap condicionant que limiti la majestuositat de l&#8217;obra dissenyada. Potser l&#8217;expressi\u00f3 &#8220;esclat de llum sense foc ni fum&#8221; aglutina, en si mateixa, la veritable ess\u00e8ncia de la Gaiata. Ara b\u00e9, perqu\u00e8 una Gaiata es consideri com a tal, tres s\u00f3n els elements fonamentals que han de jugar un paper important\u00edssim en el seu disseny: el gaiato, la llum i l&#8217;escut de la Ciutat. Els dos primers, \u00f2bviament, per la seva significaci\u00f3 amb la tradici\u00f3 fundacional de la ciutat. El tercer, com a element diferenciador que li confereix l&#8217;entitat pr\u00f2pia de Castell\u00f3. Com hem dit, hi ha completa llibertat a l&#8217;hora de dissenyar una Gaiata per\u00f2 s&#8217;han de considerar certes proporcions amb fins est\u00e8tics i de proporcionalitat. Aix\u00ed, buscant una major esveltesa i estilitzar les seves formes, s&#8217;ha de considerar que, en proporci\u00f3, l&#8217;amplada total del disseny ha de ser la meitat que la seva altura. Una altra peculiaritat a tenir molt en compte \u00e9s la caracter\u00edstica de monument movible, en tot o en part, per\u00f2 ha de ser capa\u00e7 de poder desfilar. Per a aix\u00f2 es fa necessari disposar d&#8217;un carro sobre el qual construir la nostra Gaiata. La base d&#8217;aquest \u00e9s, generalment, de forma quadrada donada la facilitat que suposa a l&#8217;hora de dissenyar el cos de l&#8217;obra ja que es disposa tant dels plans perpendiculars a les cares com els disposats en les seves diagonals. Per\u00f2 aix\u00f2, insistim, no \u00e9s obligatori. Rectangular, circular, hexagonal &#8230; qualsevol forma que l&#8217;artista gaiater estime oportuna \u00e9s acceptable havent de tenir una al\u00e7ada no superior a un sis\u00e8 del total. Per\u00f2 aquesta necessitat de desfilar marca les \u00faniques limitacions a l&#8217;hora de dissenyar la nostra Gaiata. El tot o la part que ha de desfilar no pot excedir els sis metres d&#8217;altura, mesurats des del terra, ni s&#8217;aconsella que excedeixi dels tres metres d&#8217;ample. Per \u00faltim per\u00f2 no per aix\u00f2 menys important, \u00e9s conferir al nostre disseny de la necess\u00e0ria estabilitat. Cal tenir molt present, a l&#8217;hora de projectar l&#8217;envergadura del nostre disseny, que aquest sigui estable, tant en la seva posici\u00f3 de rep\u00f2s com en la seva condici\u00f3 d&#8217;itinerant. Amb tot, podem definir una s\u00e8rie de passos a seguir per realitzar un complet disseny de la nostra Gaiata que, a continuaci\u00f3 passem a descriure succintament. No s&#8217;ha d&#8217;entendre aquest proc\u00e9s com rigor\u00f3s i essencial per poder dissenyar el nostre monument: ja hem dit que l&#8217;artista gaiater tindr\u00e0 total llibertat en el seu disseny, sin\u00f3 que \u00e9s una seq\u00fc\u00e8ncia l\u00f2gica d&#8217;accions que pot ajudar a realitzar, amb \u00e8xit, la nostra gaiata.<\/p>\n<h3>1.\u00a0ESB\u00d3S<\/h3>\n<p>\u00c9s la fase creativa de l&#8217;artista. Sense cotes que limitin la imaginaci\u00f3 art\u00edstica, es plasma sobre el paper les l\u00ednies generals del monument, tant en el seu al\u00e7at com en la seva planta. Es treballa m\u00e9s en el conjunt que en la particularitat de cada un dels elements que la conformen. En aquesta primera aproximaci\u00f3 tamb\u00e9 es valoren els diferents materials a utilitzar aix\u00ed com la il\u00b7luminaci\u00f3 que pot ser m\u00e9s d&#8217;acord per al nostre disseny. Aquesta fase finalitza amb la selecci\u00f3 del lema: expressi\u00f3 que concentra l&#8217;ess\u00e8ncia de la nostra obra.<\/p>\n<h3>2. DISSENY<\/h3>\n<p>Aquesta etapa \u00e9s molt m\u00e9s t\u00e8cnica ja que es tracta d&#8217;analitzar tots i cadascun dels elements que componen la nostra obra. S&#8217;analitzen les seves dimensions, com i amb quins materials s&#8217;han de fer, que elements luminot\u00e8cnics s\u00f3n els m\u00e9s adequats i, sobretot, com s&#8217;interrelacionen amb les altres parts. Aix\u00ed es dissenya l&#8217;estructura de la Gaiata: el seu esquelet. Sobre ell es dissenya com s&#8217;aniran acoblant la resta d&#8217;elements decoratius i d&#8217;il\u00b7luminaci\u00f3 o de quina manera quedaran units entre si. Tamb\u00e9 en aquesta fase es determinen colors, t\u00e8cniques de decoraci\u00f3 i aquells elements art\u00edstics que, per la seva rellev\u00e0ncia, van a ressaltar sobre el conjunt. Finalitzada aquesta fase hem de tenir una idea perfectament clara de com ha de quedar la nostra Gaiata aix\u00ed com una idea molt ajustada del pressupost necessari per a la realitzaci\u00f3 de l&#8217;obra.<\/p>\n<h3>3. MAQUETA<\/h3>\n<p>En aquesta fase es construeix una maqueta, a escala, de la nostra Gaiata. Partint dels dissenys de l&#8217;etapa anterior i utilitzant materials, f\u00e0cilment manejables i de caracter\u00edstiques est\u00e8tiques similars als seleccionats per a cada element de la nostra obra, s&#8217;inicia la construcci\u00f3 de la maqueta. Aquesta fase t\u00e9 molta import\u00e0ncia ja que serveix per analitzar totes i cadascuna de les solucions adoptades en la fase anterior podent introduir modificacions al disseny que facilitin, millorin o solucions problemes no previstos. \u00c9s la primera visi\u00f3 en tres dimensions del nostre disseny de manera que tamb\u00e9 poden observar-se i rectificares plantejaments no considerats en la nostra percepci\u00f3 plana, de dues dimensions. Tamb\u00e9 en aquesta fase, encara que no essencialment, s&#8217;analitza el disseny d&#8217;il\u00b7luminaci\u00f3 previst, sobretot els diferents conceptes de la mateixa que es van a utilitzar (il\u00b7luminaci\u00f3 indirecta, il\u00b7luminaci\u00f3 en moviment &#8230;)<\/p>\n<h3>4. CONSTRUCCI\u00d3<\/h3>\n<p>Amb anterioritat a l&#8217;inici d&#8217;aquesta fase, es realitza un ajust del disseny amb la informaci\u00f3 obtinguda en la construcci\u00f3 i posterior an\u00e0lisi de la maqueta. En aquest punt queda definit el pressupost total de la nostra Gaiata. En aquest moment s&#8217;inicia una carrera contra rellotge per poder finalitzar el treball en la data prevista. Seguint el disseny previst i amb l&#8217;experi\u00e8ncia obtinguda en la construcci\u00f3 de la maqueta, la coordinaci\u00f3 dels diferents equips de treball \u00e9s fonamental per aconseguir l&#8217;objectiu ja que el m\u00e9s m\u00ednim retard en un d&#8217;ells pot suposar la paralitzaci\u00f3 de la resta amb el conseg\u00fcent perill de no aconseguir la data prevista. En primer lloc es construeix l&#8217;estructura met\u00e0l\u00b7lica que servir\u00e0 de suport a la resta d&#8217;elements. Amb els primers mesuraments reals de l&#8217;estructura s&#8217;inicia amb el treball dels elements decoratius. Tall i talla de fusta, tall de vidres, dissenys de dibuixos, policromats, polits &#8230; Totes i cadascuna d&#8217;aquestes peces es van ajustant i unint a l&#8217;estructura per anar donant forma al conjunt. Paral\u00b7lelament es va muntant la instal\u00b7laci\u00f3 el\u00e8ctrica, tant general com en tots i cadascun dels elements que conformaran la il\u00b7luminaci\u00f3 de la Gaiata. A poc a poc van ocupant el seu lloc tots i cadascun dels elements, degudament acabats. Arriba l&#8217;hora de les rematades i petits detalls que confereixen al monument l&#8217;acabat \u00f2ptim.<\/p>\n<h3>5. BATEIG<\/h3>\n<p>Encara que no \u00e9s una etapa en el disseny i construcci\u00f3 d&#8217;una Gaiata, si que ho \u00e9s dins el sentir dels &#8220;festers&#8221; ja que suposa la culminaci\u00f3 d&#8217;un gran projecte amb una infinitat d&#8217;esfor\u00e7os, moltes hores de treball i, sobretot, molt\u00edssima il\u00b7lusi\u00f3 en mantenir viva l&#8217;ess\u00e8ncia de les nostres festes. Com si es tract\u00e9s de l&#8217;avarada d&#8217;un vaixell, les Madrines (d&#8217;aqu\u00ed el seu nom) bategen amb cava a la seva Gaiata. El que en el seu dia va comen\u00e7ar sent un dibuix sobre un paper \u00e9s ja GAIATA, <em>&#8220;esclat de llum sense foc ni fum&#8221;<\/em>.<\/p>\n","protected":false},"excerpt":{"rendered":"<p>La Gaiata \u00e9s el s\u00edmbol per antonom\u00e0sia de la nostra ciutat. Rememora aquells gayatos il\u00b7luminats que, segons resa la tradici\u00f3, van utilitzar els nostres avantpassats en el seu nocturn descens des del tur\u00f3 de la Magdalena fins a la Plana de Castell\u00f3. Definir que \u00e9s una Gaiata \u00e9s treball ardu dif\u00edcil, ja que la llibertat [&hellip;]<\/p>\n","protected":false},"author":1,"featured_media":0,"parent":12705,"menu_order":999,"comment_status":"open","ping_status":"closed","template":"","meta":{"footnotes":""},"class_list":["post-12772","page","type-page","status-publish","hentry"],"_links":{"self":[{"href":"https:\/\/sequiol.es\/vl\/wp-json\/wp\/v2\/pages\/12772","targetHints":{"allow":["GET"]}}],"collection":[{"href":"https:\/\/sequiol.es\/vl\/wp-json\/wp\/v2\/pages"}],"about":[{"href":"https:\/\/sequiol.es\/vl\/wp-json\/wp\/v2\/types\/page"}],"author":[{"embeddable":true,"href":"https:\/\/sequiol.es\/vl\/wp-json\/wp\/v2\/users\/1"}],"replies":[{"embeddable":true,"href":"https:\/\/sequiol.es\/vl\/wp-json\/wp\/v2\/comments?post=12772"}],"version-history":[{"count":1,"href":"https:\/\/sequiol.es\/vl\/wp-json\/wp\/v2\/pages\/12772\/revisions"}],"predecessor-version":[{"id":12773,"href":"https:\/\/sequiol.es\/vl\/wp-json\/wp\/v2\/pages\/12772\/revisions\/12773"}],"up":[{"embeddable":true,"href":"https:\/\/sequiol.es\/vl\/wp-json\/wp\/v2\/pages\/12705"}],"wp:attachment":[{"href":"https:\/\/sequiol.es\/vl\/wp-json\/wp\/v2\/media?parent=12772"}],"curies":[{"name":"wp","href":"https:\/\/api.w.org\/{rel}","templated":true}]}}