{"id":12725,"date":"2014-07-14T19:25:39","date_gmt":"2014-07-14T17:25:39","guid":{"rendered":"http:\/\/sequiol.es\/vl\/?page_id=12725"},"modified":"2015-08-23T00:22:37","modified_gmt":"2015-08-22T22:22:37","slug":"altres","status":"publish","type":"page","link":"https:\/\/sequiol.es\/vl\/historic\/altres\/","title":{"rendered":"Altres"},"content":{"rendered":"<div id=\"attachment_2932\" style=\"width: 210px\" class=\"wp-caption alignleft\"><a class=\"fancybox\" title=\"Sergi Mart\u00ed Garc\u00eda&lt;br \/&gt;Coixiner Reina Infantil 2013\" href=\"http:\/\/sequiol.es\/wp-content\/uploads\/2014\/07\/2013-cojinero-infantil-sergi.jpg\" rel=\"otros\"><img loading=\"lazy\" decoding=\"async\" aria-describedby=\"caption-attachment-2932\" class=\"size-medium wp-image-2933\" src=\"https:\/\/sequiol.es\/wp-content\/uploads\/2014\/07\/2013-cojinero-infantil-sergi-200x266.jpg\" alt=\"Sergi Mart\u00ed Garc\u00eda Coixiner Infantil 2013\" width=\"200\" height=\"266\" srcset=\"https:\/\/sequiol.es\/wp-content\/uploads\/2014\/07\/2013-cojinero-infantil-sergi-200x266.jpg 200w, https:\/\/sequiol.es\/wp-content\/uploads\/2014\/07\/2013-cojinero-infantil-sergi-640x853.jpg 640w, https:\/\/sequiol.es\/wp-content\/uploads\/2014\/07\/2013-cojinero-infantil-sergi.jpg 900w\" sizes=\"auto, (max-width: 200px) 100vw, 200px\" \/><\/a><p id=\"caption-attachment-2932\" class=\"wp-caption-text\">Sergi Mart\u00ed i Garc\u00eda<br \/>Coixiner Regina Infantil 2013<\/p><\/div>\n<div id=\"attachment_2930\" style=\"width: 210px\" class=\"wp-caption alignleft\"><a class=\"fancybox\" title=\"Fran Benedito Tarazona&lt;br \/&gt;Coixiner Reina Infantil 2013\" href=\"http:\/\/sequiol.es\/wp-content\/uploads\/2014\/07\/2013-cojinero-infantil-fran-2.jpg\" rel=\"otros\"><img loading=\"lazy\" decoding=\"async\" aria-describedby=\"caption-attachment-2930\" class=\"size-medium wp-image-2931\" src=\"https:\/\/sequiol.es\/wp-content\/uploads\/2014\/07\/2013-cojinero-infantil-fran-200x266.jpg\" alt=\"Fran Benedito Tarazona Coixiner Infantil 2013\" width=\"200\" height=\"266\" srcset=\"https:\/\/sequiol.es\/wp-content\/uploads\/2014\/07\/2013-cojinero-infantil-fran-200x266.jpg 200w, https:\/\/sequiol.es\/wp-content\/uploads\/2014\/07\/2013-cojinero-infantil-fran-640x853.jpg 640w, https:\/\/sequiol.es\/wp-content\/uploads\/2014\/07\/2013-cojinero-infantil-fran.jpg 900w\" sizes=\"auto, (max-width: 200px) 100vw, 200px\" \/><\/a><p id=\"caption-attachment-2930\" class=\"wp-caption-text\">Fran Benedito i Tarazona<br \/>Coixiner Regina Infantil 2013<\/p><\/div>\n<div id=\"attachment_2989\" style=\"width: 210px\" class=\"wp-caption alignleft\"><a class=\"fancybox\" title=\"Enrique Carceller Sebasti\u00e1&lt;br \/&gt;Clavario Lled\u00f3 2012\" href=\"http:\/\/sequiol.es\/wp-content\/uploads\/2014\/07\/2012-clavario-lledo.jpg\" rel=\"otros\"><img loading=\"lazy\" decoding=\"async\" aria-describedby=\"caption-attachment-2989\" class=\"size-medium wp-image-2990\" src=\"https:\/\/sequiol.es\/wp-content\/uploads\/2014\/07\/2012-clavario-lledo-200x266.jpg\" alt=\"Enrique Carceller Sebasti\u00e1 Clavario Lled\u00f3 2012\" width=\"200\" height=\"266\" srcset=\"https:\/\/sequiol.es\/wp-content\/uploads\/2014\/07\/2012-clavario-lledo-200x266.jpg 200w, https:\/\/sequiol.es\/wp-content\/uploads\/2014\/07\/2012-clavario-lledo-640x853.jpg 640w, https:\/\/sequiol.es\/wp-content\/uploads\/2014\/07\/2012-clavario-lledo.jpg 900w\" sizes=\"auto, (max-width: 200px) 100vw, 200px\" \/><\/a><p id=\"caption-attachment-2989\" class=\"wp-caption-text\">Enrique Carceller i Sebasti\u00e1<br \/>Clavario Lled\u00f3 2012<\/p><\/div>\n<div id=\"attachment_2992\" style=\"width: 210px\" class=\"wp-caption alignleft\"><a class=\"fancybox\" title=\"Elisabeth Breva Almerich&lt;br \/&gt;Presidenta Gestora de Gaiates 2011\" href=\"http:\/\/sequiol.es\/wp-content\/uploads\/2014\/07\/2011-presidenta-gestora.jpg\" rel=\"otros\"><img loading=\"lazy\" decoding=\"async\" aria-describedby=\"caption-attachment-2992\" class=\"size-medium wp-image-2993\" src=\"https:\/\/sequiol.es\/wp-content\/uploads\/2014\/07\/2011-presidenta-gestora-200x266.jpg\" alt=\"Elisabeth Breva Almerich Presidenta Gestora Gaiates 2011\" width=\"200\" height=\"266\" srcset=\"https:\/\/sequiol.es\/wp-content\/uploads\/2014\/07\/2011-presidenta-gestora-200x266.jpg 200w, https:\/\/sequiol.es\/wp-content\/uploads\/2014\/07\/2011-presidenta-gestora-640x853.jpg 640w, https:\/\/sequiol.es\/wp-content\/uploads\/2014\/07\/2011-presidenta-gestora.jpg 900w\" sizes=\"auto, (max-width: 200px) 100vw, 200px\" \/><\/a><p id=\"caption-attachment-2992\" class=\"wp-caption-text\">Elisabeth Breva i Almerich<br \/>Presidenta Gestora Gaiates 2011<\/p><\/div>\n<div id=\"attachment_2936\" style=\"width: 210px\" class=\"wp-caption alignleft\"><a class=\"fancybox\" title=\"Marta Mir Bl\u00e1zquez&lt;br \/&gt;Gaiatera Casa Valencia en Barcelona 2009\" href=\"http:\/\/sequiol.es\/wp-content\/uploads\/2014\/07\/2009-gaiatera-casa-valencia.jpg\" rel=\"otros\"><img loading=\"lazy\" decoding=\"async\" aria-describedby=\"caption-attachment-2936\" class=\"size-medium wp-image-2937\" src=\"https:\/\/sequiol.es\/wp-content\/uploads\/2014\/07\/2009-gaiatera-casa-valencia-200x266.jpg\" alt=\"Marta Mir Bl\u00e1zquez Gaiatera Casa Valencia en Barcelona 2009\" width=\"200\" height=\"266\" srcset=\"https:\/\/sequiol.es\/wp-content\/uploads\/2014\/07\/2009-gaiatera-casa-valencia-200x266.jpg 200w, https:\/\/sequiol.es\/wp-content\/uploads\/2014\/07\/2009-gaiatera-casa-valencia-640x853.jpg 640w, https:\/\/sequiol.es\/wp-content\/uploads\/2014\/07\/2009-gaiatera-casa-valencia.jpg 900w\" sizes=\"auto, (max-width: 200px) 100vw, 200px\" \/><\/a><p id=\"caption-attachment-2936\" class=\"wp-caption-text\">Marta Mir i Bl\u00e1zquez<br \/>Gaiatera Casa Valencia 2009<\/p><\/div>\n<div id=\"attachment_2942\" style=\"width: 210px\" class=\"wp-caption alignleft\"><a class=\"fancybox\" title=\"Joaqu\u00edn Moliner d'Ivernois&lt;br \/&gt;Presentador Galania Infantil 2004\" href=\"http:\/\/sequiol.es\/wp-content\/uploads\/2014\/07\/2004-presentador-galania-infantil1.jpg\" rel=\"otros\"><img loading=\"lazy\" decoding=\"async\" aria-describedby=\"caption-attachment-2942\" class=\"size-medium wp-image-2943\" src=\"https:\/\/sequiol.es\/wp-content\/uploads\/2014\/07\/2004-presentador-galania-infantil1-200x266.jpg\" alt=\"Joaqu\u00edn Moliner d'Ivernois Presentador Galan\u00eda Infantil 2004\" width=\"200\" height=\"266\" srcset=\"https:\/\/sequiol.es\/wp-content\/uploads\/2014\/07\/2004-presentador-galania-infantil1-200x266.jpg 200w, https:\/\/sequiol.es\/wp-content\/uploads\/2014\/07\/2004-presentador-galania-infantil1-640x853.jpg 640w, https:\/\/sequiol.es\/wp-content\/uploads\/2014\/07\/2004-presentador-galania-infantil1.jpg 900w\" sizes=\"auto, (max-width: 200px) 100vw, 200px\" \/><\/a><p id=\"caption-attachment-2942\" class=\"wp-caption-text\">Joaqu\u00edn Moliner i d&#8217;Ivernois<br \/>Presentador Galan\u00eda Infantil 2004<\/p><\/div>\n<div id=\"attachment_2945\" style=\"width: 210px\" class=\"wp-caption alignleft\"><a class=\"fancybox\" title=\"Jes\u00fas L\u00f3pez Guill\u00e9n&lt;br \/&gt;Presidente Junta de Fiestas 2003\" href=\"http:\/\/sequiol.es\/wp-content\/uploads\/2014\/07\/2003-presidente-junta.jpg\" rel=\"otros\"><img loading=\"lazy\" decoding=\"async\" aria-describedby=\"caption-attachment-2945\" class=\"size-medium wp-image-2946\" src=\"https:\/\/sequiol.es\/wp-content\/uploads\/2014\/07\/2003-presidente-junta-200x266.jpg\" alt=\"Jes\u00fas L\u00f3pez Guill\u00e9n Presidente Junta de Fiestas 2003\" width=\"200\" height=\"266\" srcset=\"https:\/\/sequiol.es\/wp-content\/uploads\/2014\/07\/2003-presidente-junta-200x266.jpg 200w, https:\/\/sequiol.es\/wp-content\/uploads\/2014\/07\/2003-presidente-junta-640x853.jpg 640w, https:\/\/sequiol.es\/wp-content\/uploads\/2014\/07\/2003-presidente-junta.jpg 900w\" sizes=\"auto, (max-width: 200px) 100vw, 200px\" \/><\/a><p id=\"caption-attachment-2945\" class=\"wp-caption-text\">Jes\u00fas L\u00f3pez i Guill\u00e9n<br \/>Presidente Junta de Fiestas 2003<\/p><\/div>\n<div id=\"attachment_2948\" style=\"width: 210px\" class=\"wp-caption alignleft\"><a class=\"fancybox\" title=\"Enrique Carceller Llago&lt;br \/&gt;Presidente Cofrad\u00eda de Lled\u00f3 2002\" href=\"http:\/\/sequiol.es\/wp-content\/uploads\/2014\/07\/2002-presidente-lledo.jpg\" rel=\"otros\"><img loading=\"lazy\" decoding=\"async\" aria-describedby=\"caption-attachment-2948\" class=\"size-medium wp-image-2949\" src=\"https:\/\/sequiol.es\/wp-content\/uploads\/2014\/07\/2002-presidente-lledo-2-200x266.jpg\" alt=\"Enrique Carceller Llago Presidente Cofrad\u00eda de Lled\u00f3 2002\" width=\"200\" height=\"266\" srcset=\"https:\/\/sequiol.es\/wp-content\/uploads\/2014\/07\/2002-presidente-lledo-2-200x266.jpg 200w, https:\/\/sequiol.es\/wp-content\/uploads\/2014\/07\/2002-presidente-lledo-2-640x853.jpg 640w, https:\/\/sequiol.es\/wp-content\/uploads\/2014\/07\/2002-presidente-lledo-2.jpg 900w\" sizes=\"auto, (max-width: 200px) 100vw, 200px\" \/><\/a><p id=\"caption-attachment-2948\" class=\"wp-caption-text\">Enrique Carceller i Llago<br \/>Presidente Cofrad\u00eda de Lled\u00f3 2002<\/p><\/div>\n<div id=\"attachment_2953\" style=\"width: 210px\" class=\"wp-caption alignleft\"><a class=\"fancybox\" title=\"Mar\u00eda Sebasti\u00e1 G\u00f3mez&lt;br \/&gt;Vintera \u201cEls 20 del 88\u201d 2001\" href=\"http:\/\/sequiol.es\/wp-content\/uploads\/2014\/07\/2001-vintera.jpg\" rel=\"otros\"><img loading=\"lazy\" decoding=\"async\" aria-describedby=\"caption-attachment-2953\" class=\"size-medium wp-image-2954\" src=\"https:\/\/sequiol.es\/wp-content\/uploads\/2014\/07\/2001-vintera-2-200x266.jpg\" alt=\"Mar\u00eda Sebasti\u00e1 G\u00f3mez Vintera 2001\" width=\"200\" height=\"266\" srcset=\"https:\/\/sequiol.es\/wp-content\/uploads\/2014\/07\/2001-vintera-2-200x266.jpg 200w, https:\/\/sequiol.es\/wp-content\/uploads\/2014\/07\/2001-vintera-2-640x853.jpg 640w, https:\/\/sequiol.es\/wp-content\/uploads\/2014\/07\/2001-vintera-2.jpg 900w\" sizes=\"auto, (max-width: 200px) 100vw, 200px\" \/><\/a><p id=\"caption-attachment-2953\" class=\"wp-caption-text\">Mar\u00eda Sebasti\u00e1 i G\u00f3mez<br \/>Vintera 2001<\/p><\/div>\n<div id=\"attachment_2959\" style=\"width: 210px\" class=\"wp-caption alignleft\"><a class=\"fancybox\" title=\"Zoraida Mart\u00ednez Rubio&lt;br \/&gt;Na Violant d'Hongria 1997\" href=\"http:\/\/sequiol.es\/wp-content\/uploads\/2014\/07\/1997-na-violant.jpg\" rel=\"otros\"><img loading=\"lazy\" decoding=\"async\" aria-describedby=\"caption-attachment-2959\" class=\"size-medium wp-image-2960\" src=\"https:\/\/sequiol.es\/wp-content\/uploads\/2014\/07\/1997-na-violant-2-200x266.jpg\" alt=\"Zoraida Mart\u00ednez Rubio Na Violant 1997\" width=\"200\" height=\"266\" srcset=\"https:\/\/sequiol.es\/wp-content\/uploads\/2014\/07\/1997-na-violant-2-200x266.jpg 200w, https:\/\/sequiol.es\/wp-content\/uploads\/2014\/07\/1997-na-violant-2-640x853.jpg 640w, https:\/\/sequiol.es\/wp-content\/uploads\/2014\/07\/1997-na-violant-2.jpg 900w\" sizes=\"auto, (max-width: 200px) 100vw, 200px\" \/><\/a><p id=\"caption-attachment-2959\" class=\"wp-caption-text\">Zoraida Mart\u00ednez i Rubio<br \/>Na Violant 1997<\/p><\/div>\n<div id=\"attachment_2964\" style=\"width: 210px\" class=\"wp-caption alignleft\"><a class=\"fancybox\" title=\"Juan Jos\u00e9 P\u00e9rez Maci\u00e1n&lt;br \/&gt;Presidente Junta de Fiestas 1995\" href=\"http:\/\/sequiol.es\/wp-content\/uploads\/2014\/07\/1995-presidente-junta-fiestas.jpg\" rel=\"otros\"><img loading=\"lazy\" decoding=\"async\" aria-describedby=\"caption-attachment-2964\" class=\"size-medium wp-image-2965\" src=\"https:\/\/sequiol.es\/wp-content\/uploads\/2014\/07\/1995-presidente-junta-fiestas-200x266.jpg\" alt=\"Juan Jos\u00e9 P\u00e9rez Maci\u00e1n Presidente Junta de Fiestas 1995-1997\" width=\"200\" height=\"266\" srcset=\"https:\/\/sequiol.es\/wp-content\/uploads\/2014\/07\/1995-presidente-junta-fiestas-200x266.jpg 200w, https:\/\/sequiol.es\/wp-content\/uploads\/2014\/07\/1995-presidente-junta-fiestas-640x853.jpg 640w, https:\/\/sequiol.es\/wp-content\/uploads\/2014\/07\/1995-presidente-junta-fiestas.jpg 900w\" sizes=\"auto, (max-width: 200px) 100vw, 200px\" \/><\/a><p id=\"caption-attachment-2964\" class=\"wp-caption-text\">Juan Jos\u00e9 P\u00e9rez i Maci\u00e1n<br \/>Presidente Junta de Fiestas 1995<\/p><\/div>\n<p>&nbsp;<\/p>\n<table>\n<tbody>\n<tr>\n<td>2014<\/td>\n<td>Nacho Carceller i Sebasti\u00e1<\/td>\n<td>Copresentador Imposici\u00f3 de Bandes Infantil<\/td>\n<\/tr>\n<tr>\n<td>2013<\/td>\n<td>Sergi Mart\u00ed i Garc\u00eda<\/td>\n<td>Coixiner Regina Infantil<\/td>\n<\/tr>\n<tr>\n<td>2013<\/td>\n<td>Fran Benedito i Tarazona<\/td>\n<td>Coixiner Regina Infantil<\/td>\n<\/tr>\n<tr>\n<td>2012<\/td>\n<td>Enrique Carceller i Sebasti\u00e1<\/td>\n<td>Clavari Festes Mare de D\u00e9u del Lled\u00f3<\/td>\n<\/tr>\n<tr>\n<td>2011<\/td>\n<td>Elisabeth Breva i Almerich<\/td>\n<td>Presidenta Gestora de Gaiates<\/td>\n<\/tr>\n<tr>\n<td>2009<\/td>\n<td>Marta Mir i Bl\u00e1zquez<\/td>\n<td>Gaiatera de la Casa de Valencia a\u00a0Barcelona<\/td>\n<\/tr>\n<tr>\n<td>2008<\/td>\n<td>Anna Turch i Benedito<\/td>\n<td>Reina Infantil de Viver<\/td>\n<\/tr>\n<tr>\n<td>2008<\/td>\n<td>Jennifer Carratal\u00e1 i Blasco<\/td>\n<td>Festera Carrer Sant Crist\u00f2fol<\/td>\n<\/tr>\n<tr>\n<td>2008<\/td>\n<td>Alejandro Breva i Monte<\/td>\n<td>Copresentador Galan\u00eda Infantil<\/td>\n<\/tr>\n<tr>\n<td>2006<\/td>\n<td>Mois\u00e9s Jim\u00e9nez<\/td>\n<td>Coixiner Regina<\/td>\n<\/tr>\n<tr>\n<td>2004<\/td>\n<td>Joaqu\u00edn Moliner i D&#8217;Ivernois<\/td>\n<td>Copresentador Galan\u00eda Infantil<\/td>\n<\/tr>\n<tr>\n<td>2003<\/td>\n<td>Jes\u00fas L\u00f3pez i Guillen<\/td>\n<td>President de la Junta de Festes<\/td>\n<\/tr>\n<tr>\n<td>2002<\/td>\n<td>Enrique Carceller i Llago<\/td>\n<td>President Confrar\u00eda Mare de D\u00e9u del Lled\u00f3<\/td>\n<\/tr>\n<tr>\n<td>2001<\/td>\n<td>Mar\u00eda Sebasti\u00e1 i G\u00f3mez<\/td>\n<td>Vintera de &#8220;Els 20 del 88&#8221;<\/td>\n<\/tr>\n<tr>\n<td>1997<\/td>\n<td>Zoraida Mart\u00ednez i Rubio<\/td>\n<td>Na Violant D&#8217;Hongria<\/td>\n<\/tr>\n<tr>\n<td>1995<\/td>\n<td>Juan Jos\u00e9 P\u00e9rez i Maci\u00e1n<\/td>\n<td>President de la Junta de Festes<\/td>\n<\/tr>\n<tr>\n<td>1994<\/td>\n<td>Chelo Asencio i Monroig<\/td>\n<td>Dona de Companya<\/td>\n<\/tr>\n<\/tbody>\n<\/table>\n","protected":false},"excerpt":{"rendered":"<p>&nbsp; 2014 Nacho Carceller i Sebasti\u00e1 Copresentador Imposici\u00f3 de Bandes Infantil 2013 Sergi Mart\u00ed i Garc\u00eda Coixiner Regina Infantil 2013 Fran Benedito i Tarazona Coixiner Regina Infantil 2012 Enrique Carceller i Sebasti\u00e1 Clavari Festes Mare de D\u00e9u del Lled\u00f3 2011 Elisabeth Breva i Almerich Presidenta Gestora de Gaiates 2009 Marta Mir i Bl\u00e1zquez Gaiatera de [&hellip;]<\/p>\n","protected":false},"author":1,"featured_media":0,"parent":12669,"menu_order":8,"comment_status":"open","ping_status":"closed","template":"","meta":{"footnotes":""},"class_list":["post-12725","page","type-page","status-publish","hentry"],"_links":{"self":[{"href":"https:\/\/sequiol.es\/vl\/wp-json\/wp\/v2\/pages\/12725","targetHints":{"allow":["GET"]}}],"collection":[{"href":"https:\/\/sequiol.es\/vl\/wp-json\/wp\/v2\/pages"}],"about":[{"href":"https:\/\/sequiol.es\/vl\/wp-json\/wp\/v2\/types\/page"}],"author":[{"embeddable":true,"href":"https:\/\/sequiol.es\/vl\/wp-json\/wp\/v2\/users\/1"}],"replies":[{"embeddable":true,"href":"https:\/\/sequiol.es\/vl\/wp-json\/wp\/v2\/comments?post=12725"}],"version-history":[{"count":2,"href":"https:\/\/sequiol.es\/vl\/wp-json\/wp\/v2\/pages\/12725\/revisions"}],"predecessor-version":[{"id":12727,"href":"https:\/\/sequiol.es\/vl\/wp-json\/wp\/v2\/pages\/12725\/revisions\/12727"}],"up":[{"embeddable":true,"href":"https:\/\/sequiol.es\/vl\/wp-json\/wp\/v2\/pages\/12669"}],"wp:attachment":[{"href":"https:\/\/sequiol.es\/vl\/wp-json\/wp\/v2\/media?parent=12725"}],"curies":[{"name":"wp","href":"https:\/\/api.w.org\/{rel}","templated":true}]}}