{"id":12697,"date":"2014-07-14T19:16:08","date_gmt":"2014-07-14T17:16:08","guid":{"rendered":"http:\/\/sequiol.es\/vl\/?page_id=12697"},"modified":"2015-08-22T21:00:53","modified_gmt":"2015-08-22T19:00:53","slug":"presidents","status":"publish","type":"page","link":"https:\/\/sequiol.es\/vl\/representants-anuals\/presidents\/","title":{"rendered":"Presidents"},"content":{"rendered":"<div id=\"attachment_3743\" style=\"width: 210px\" class=\"wp-caption alignleft\"><a class=\"fancybox\" title=\"2006 - &lt;br \/&gt;Elisabeth Breva Almerich\" href=\"http:\/\/sequiol.es\/wp-content\/uploads\/2014\/07\/2006-elisabeth.jpg\" rel=\"presidentes\"><img loading=\"lazy\" decoding=\"async\" aria-describedby=\"caption-attachment-3743\" class=\"size-full wp-image-3743\" src=\"http:\/\/sequiol.es\/wp-content\/uploads\/2014\/07\/2006-elisabeth-thumb-e1413471673788.jpg\" alt=\"2006 - Elisabeth Breva Almerich\" width=\"200\" height=\"266\" \/><\/a><p id=\"caption-attachment-3743\" class=\"wp-caption-text\">2006 &#8211;<br \/>Elisabeth Breva i Almerich<\/p><\/div>\n<div id=\"attachment_1704\" style=\"width: 210px\" class=\"wp-caption alignleft\"><a class=\"fancybox\" title=\"2004 - 2005&lt;br \/&gt;Vicente Javier Queral Garc\u00eda\" href=\"http:\/\/sequiol.es\/wp-content\/uploads\/2014\/07\/presidente-2004-2005.jpg\" rel=\"presidentes\"><img loading=\"lazy\" decoding=\"async\" aria-describedby=\"caption-attachment-1704\" class=\"size-medium wp-image-1704\" src=\"http:\/\/sequiol.es\/wp-content\/uploads\/2014\/07\/presidente-2004-2005-200x266.jpg\" alt=\"2004-2005 Vicente Javier Queral Garc\u00eda\" width=\"200\" height=\"266\" srcset=\"https:\/\/sequiol.es\/wp-content\/uploads\/2014\/07\/presidente-2004-2005-200x266.jpg 200w, https:\/\/sequiol.es\/wp-content\/uploads\/2014\/07\/presidente-2004-2005-640x853.jpg 640w, https:\/\/sequiol.es\/wp-content\/uploads\/2014\/07\/presidente-2004-2005.jpg 900w\" sizes=\"auto, (max-width: 200px) 100vw, 200px\" \/><\/a><p id=\"caption-attachment-1704\" class=\"wp-caption-text\">2004 &#8211; 2005<br \/>Vicente Javier Queral i Garcia<\/p><\/div>\n<div id=\"attachment_1778\" style=\"width: 210px\" class=\"wp-caption alignleft\"><a class=\"fancybox\" title=\"2001 - 2003&lt;br \/&gt;Sergio Queral Garc\u00eda\" href=\"http:\/\/sequiol.es\/wp-content\/uploads\/2014\/07\/presidente-2001-2003.jpg\" rel=\"presidentes\"><img loading=\"lazy\" decoding=\"async\" aria-describedby=\"caption-attachment-1778\" class=\"size-medium wp-image-1778\" src=\"http:\/\/sequiol.es\/wp-content\/uploads\/2014\/07\/presidente-2001-2003-200x266.jpg\" alt=\"2001-2003 Sergio Queral Garc\u00eda\" width=\"200\" height=\"266\" srcset=\"https:\/\/sequiol.es\/wp-content\/uploads\/2014\/07\/presidente-2001-2003-200x266.jpg 200w, https:\/\/sequiol.es\/wp-content\/uploads\/2014\/07\/presidente-2001-2003-640x853.jpg 640w, https:\/\/sequiol.es\/wp-content\/uploads\/2014\/07\/presidente-2001-2003.jpg 900w\" sizes=\"auto, (max-width: 200px) 100vw, 200px\" \/><\/a><p id=\"caption-attachment-1778\" class=\"wp-caption-text\">2001 &#8211; 2003<br \/>Sergio Queral i Garcia<\/p><\/div>\n<div id=\"attachment_1906\" style=\"width: 210px\" class=\"wp-caption alignleft\"><a class=\"fancybox\" title=\"1998 - 2000&lt;br \/&gt;Jorge Mart\u00ed Obiol\" href=\"http:\/\/sequiol.es\/wp-content\/uploads\/2014\/07\/presidente-1998-2000.jpg\" rel=\"presidents\"><img loading=\"lazy\" decoding=\"async\" aria-describedby=\"caption-attachment-1906\" class=\"size-medium wp-image-1906\" src=\"http:\/\/sequiol.es\/wp-content\/uploads\/2014\/07\/presidente-1998-2000-200x266.jpg\" alt=\"1998 - 2000 Jorge Mart\u00ed Obiol\" width=\"200\" height=\"266\" srcset=\"https:\/\/sequiol.es\/wp-content\/uploads\/2014\/07\/presidente-1998-2000-200x266.jpg 200w, https:\/\/sequiol.es\/wp-content\/uploads\/2014\/07\/presidente-1998-2000-640x853.jpg 640w, https:\/\/sequiol.es\/wp-content\/uploads\/2014\/07\/presidente-1998-2000.jpg 900w\" sizes=\"auto, (max-width: 200px) 100vw, 200px\" \/><\/a><p id=\"caption-attachment-1906\" class=\"wp-caption-text\">1998 &#8211; 2000<br \/>Jorge Mart\u00ed i Obiol<\/p><\/div>\n<div id=\"attachment_1700\" style=\"width: 210px\" class=\"wp-caption alignleft\"><a class=\"fancybox\" title=\"1995 - 1997&lt;br \/&gt;Vicente Javier Queral Garc\u00eda\" href=\"http:\/\/sequiol.es\/wp-content\/uploads\/2014\/07\/presidente-1995-19971.jpg\" rel=\"presidentes\"><img loading=\"lazy\" decoding=\"async\" aria-describedby=\"caption-attachment-1700\" class=\"size-medium wp-image-1700\" src=\"http:\/\/sequiol.es\/wp-content\/uploads\/2014\/07\/presidente-1995-19971-200x266.jpg\" alt=\"1995-1997 Vicente Javier Queral Garc\u00eda\" width=\"200\" height=\"266\" srcset=\"https:\/\/sequiol.es\/wp-content\/uploads\/2014\/07\/presidente-1995-19971-200x266.jpg 200w, https:\/\/sequiol.es\/wp-content\/uploads\/2014\/07\/presidente-1995-19971-640x853.jpg 640w, https:\/\/sequiol.es\/wp-content\/uploads\/2014\/07\/presidente-1995-19971.jpg 900w\" sizes=\"auto, (max-width: 200px) 100vw, 200px\" \/><\/a><p id=\"caption-attachment-1700\" class=\"wp-caption-text\">1995 &#8211; 1997<br \/>Vicente Javier Queral i Garc\u00eda<\/p><\/div>\n<div id=\"attachment_1909\" style=\"width: 210px\" class=\"wp-caption alignleft\"><a class=\"fancybox\" title=\"1991 - 1994&lt;br \/&gt;Pascual Bad\u00eda Sastre\" href=\"http:\/\/sequiol.es\/wp-content\/uploads\/2014\/07\/presidente-1991-1994.jpg\" rel=\"presidentes\"><img loading=\"lazy\" decoding=\"async\" aria-describedby=\"caption-attachment-1909\" class=\"size-medium wp-image-1909\" src=\"http:\/\/sequiol.es\/wp-content\/uploads\/2014\/07\/presidente-1991-1994-200x266.jpg\" alt=\"1991 - 1994 Pascual Bad\u00eda Sastre\" width=\"200\" height=\"266\" srcset=\"https:\/\/sequiol.es\/wp-content\/uploads\/2014\/07\/presidente-1991-1994-200x266.jpg 200w, https:\/\/sequiol.es\/wp-content\/uploads\/2014\/07\/presidente-1991-1994-640x853.jpg 640w, https:\/\/sequiol.es\/wp-content\/uploads\/2014\/07\/presidente-1991-1994.jpg 900w\" sizes=\"auto, (max-width: 200px) 100vw, 200px\" \/><\/a><p id=\"caption-attachment-1909\" class=\"wp-caption-text\">1991 &#8211; 1994<br \/>Pascual Badia i Sastre<\/p><\/div>\n<div id=\"attachment_1695\" style=\"width: 210px\" class=\"wp-caption alignleft\"><a class=\"fancybox\" title=\"1988 - 1990&lt;br \/&gt;Jos\u00e9 Vicente Monroig Marqu\u00e9s\" href=\"http:\/\/sequiol.es\/wp-content\/uploads\/2014\/07\/presidente-1988-1990.jpg\" rel=\"presidentes\"><img loading=\"lazy\" decoding=\"async\" aria-describedby=\"caption-attachment-1695\" class=\"size-medium wp-image-1695\" src=\"http:\/\/sequiol.es\/wp-content\/uploads\/2014\/07\/presidente-1988-1990-200x266.jpg\" alt=\"1988-1990 Jos\u00e9 Vicente Monroig Marqu\u00e9s\" width=\"200\" height=\"266\" srcset=\"https:\/\/sequiol.es\/wp-content\/uploads\/2014\/07\/presidente-1988-1990-200x266.jpg 200w, https:\/\/sequiol.es\/wp-content\/uploads\/2014\/07\/presidente-1988-1990-640x853.jpg 640w, https:\/\/sequiol.es\/wp-content\/uploads\/2014\/07\/presidente-1988-1990.jpg 900w\" sizes=\"auto, (max-width: 200px) 100vw, 200px\" \/><\/a><p id=\"caption-attachment-1695\" class=\"wp-caption-text\">1988 &#8211; 1990<br \/>Jos\u00e9 Vicente Monroig i Marqu\u00e9s<\/p><\/div>\n<div id=\"attachment_1692\" style=\"width: 210px\" class=\"wp-caption alignleft\"><a class=\"fancybox\" title=\"1986 - 1987&lt;br \/&gt;V\u00edctor Orozco Rodr\u00edguez\" href=\"http:\/\/sequiol.es\/wp-content\/uploads\/2014\/07\/presidente-1986-1987.jpg\" rel=\"presidentes\"><img loading=\"lazy\" decoding=\"async\" aria-describedby=\"caption-attachment-1692\" class=\"size-medium wp-image-1692\" src=\"http:\/\/sequiol.es\/wp-content\/uploads\/2014\/07\/presidente-1986-1987-200x266.jpg\" alt=\"1986 - 1987 V\u00edctor Orozco Rodr\u00edguez\" width=\"200\" height=\"266\" srcset=\"https:\/\/sequiol.es\/wp-content\/uploads\/2014\/07\/presidente-1986-1987-200x266.jpg 200w, https:\/\/sequiol.es\/wp-content\/uploads\/2014\/07\/presidente-1986-1987-640x853.jpg 640w, https:\/\/sequiol.es\/wp-content\/uploads\/2014\/07\/presidente-1986-1987.jpg 900w\" sizes=\"auto, (max-width: 200px) 100vw, 200px\" \/><\/a><p id=\"caption-attachment-1692\" class=\"wp-caption-text\">1986 &#8211; 1987<br \/>V\u00edctor Orozco i Rodr\u00edguez<\/p><\/div>\n<div id=\"attachment_1781\" style=\"width: 210px\" class=\"wp-caption alignleft\"><a class=\"fancybox\" title=\"1982 - 1985&lt;br \/&gt;Elisabeth Breva Almerich\" href=\"http:\/\/sequiol.es\/wp-content\/uploads\/2014\/07\/presidente-1982-1985.jpg\" rel=\"presidentes\"><img loading=\"lazy\" decoding=\"async\" aria-describedby=\"caption-attachment-1781\" class=\"size-medium wp-image-1781\" src=\"http:\/\/sequiol.es\/wp-content\/uploads\/2014\/07\/presidente-1982-1985-200x266.jpg\" alt=\"1982 - 1985 Elisabeth Breva Almerich\" width=\"200\" height=\"266\" srcset=\"https:\/\/sequiol.es\/wp-content\/uploads\/2014\/07\/presidente-1982-1985-200x266.jpg 200w, https:\/\/sequiol.es\/wp-content\/uploads\/2014\/07\/presidente-1982-1985-640x853.jpg 640w, https:\/\/sequiol.es\/wp-content\/uploads\/2014\/07\/presidente-1982-1985.jpg 900w\" sizes=\"auto, (max-width: 200px) 100vw, 200px\" \/><\/a><p id=\"caption-attachment-1781\" class=\"wp-caption-text\">1982 &#8211; 1985<br \/>Elisabeth Breva i Almerich<\/p><\/div>\n<p>&nbsp;<\/p>\n<table>\n<thead>\n<tr>\n<th>Des de<\/th>\n<th>Fins<\/th>\n<th>Nom<\/th>\n<\/tr>\n<\/thead>\n<tbody>\n<tr>\n<td>1982<\/td>\n<td>1985<\/td>\n<td>Elisabeth Breva i Almerich<\/td>\n<\/tr>\n<tr>\n<td>1986<\/td>\n<td>1987<\/td>\n<td>V\u00edctor Orozco i Rodr\u00edguez<\/td>\n<\/tr>\n<tr>\n<td>1988<\/td>\n<td>1990<\/td>\n<td>Jos\u00e9 Vicente Monroig i Marqu\u00e9s<\/td>\n<\/tr>\n<tr>\n<td>1991<\/td>\n<td>1994<\/td>\n<td>Pascual Bad\u00eda i Sastre<\/td>\n<\/tr>\n<tr>\n<td>1995<\/td>\n<td>1997<\/td>\n<td>Vicente Javier Queral i Garcia<\/td>\n<\/tr>\n<tr>\n<td>1998<\/td>\n<td>2000<\/td>\n<td>Jorge Mart\u00ed i Obiol<\/td>\n<\/tr>\n<tr>\n<td>2001<\/td>\n<td>2003<\/td>\n<td>Sergio Queral i Garcia<\/td>\n<\/tr>\n<tr>\n<td>2004<\/td>\n<td>2005<\/td>\n<td>Vicente Javier Queral i Garcia<\/td>\n<\/tr>\n<tr>\n<td>2006<\/td>\n<td><\/td>\n<td>Elisabeth Breva i Almerich<\/td>\n<\/tr>\n<\/tbody>\n<\/table>\n","protected":false},"excerpt":{"rendered":"<p>&nbsp; Des de Fins Nom 1982 1985 Elisabeth Breva i Almerich 1986 1987 V\u00edctor Orozco i Rodr\u00edguez 1988 1990 Jos\u00e9 Vicente Monroig i Marqu\u00e9s 1991 1994 Pascual Bad\u00eda i Sastre 1995 1997 Vicente Javier Queral i Garcia 1998 2000 Jorge Mart\u00ed i Obiol 2001 2003 Sergio Queral i Garcia 2004 2005 Vicente Javier Queral i [&hellip;]<\/p>\n","protected":false},"author":1,"featured_media":0,"parent":12695,"menu_order":1,"comment_status":"open","ping_status":"open","template":"","meta":{"footnotes":""},"class_list":["post-12697","page","type-page","status-publish","hentry"],"_links":{"self":[{"href":"https:\/\/sequiol.es\/vl\/wp-json\/wp\/v2\/pages\/12697","targetHints":{"allow":["GET"]}}],"collection":[{"href":"https:\/\/sequiol.es\/vl\/wp-json\/wp\/v2\/pages"}],"about":[{"href":"https:\/\/sequiol.es\/vl\/wp-json\/wp\/v2\/types\/page"}],"author":[{"embeddable":true,"href":"https:\/\/sequiol.es\/vl\/wp-json\/wp\/v2\/users\/1"}],"replies":[{"embeddable":true,"href":"https:\/\/sequiol.es\/vl\/wp-json\/wp\/v2\/comments?post=12697"}],"version-history":[{"count":1,"href":"https:\/\/sequiol.es\/vl\/wp-json\/wp\/v2\/pages\/12697\/revisions"}],"predecessor-version":[{"id":12698,"href":"https:\/\/sequiol.es\/vl\/wp-json\/wp\/v2\/pages\/12697\/revisions\/12698"}],"up":[{"embeddable":true,"href":"https:\/\/sequiol.es\/vl\/wp-json\/wp\/v2\/pages\/12695"}],"wp:attachment":[{"href":"https:\/\/sequiol.es\/vl\/wp-json\/wp\/v2\/media?parent=12697"}],"curies":[{"name":"wp","href":"https:\/\/api.w.org\/{rel}","templated":true}]}}