{"id":12674,"date":"2014-07-15T07:30:34","date_gmt":"2014-07-15T05:30:34","guid":{"rendered":"http:\/\/sequiol.es\/vl\/?page_id=12674"},"modified":"2019-06-14T19:28:51","modified_gmt":"2019-06-14T17:28:51","slug":"premis","status":"publish","type":"page","link":"https:\/\/sequiol.es\/vl\/historic\/premis\/","title":{"rendered":"Premis"},"content":{"rendered":"<h2>MAGDALENA 2019<\/h2>\n<h3>GAIATA MONUMENTAL<\/h3>\n<p>2n PREMI GAIATES<\/p>\n<h3>GAIATA INFANTIL<\/h3>\n<p>1\u00e8 PREMI DE GAIATES INFANTILS<br \/>\n1\u00ba PREMIO GENERALITAT VALENCIANA<br \/>\n1\u00ba PREMIO JUNTA CENTRAL FALLERA<br \/>\n1\u00ba PREMIO FEDERACI\u00d3 DE LES FOGUERES DE SANT JOAN DE ALICANTE<\/p>\n<h3>LLIBRET<\/h3>\n<p>8\u00ba PREMI GENERALITAT VALENCIANA PER A ACTIVITATS DE L&#8217;\u00daS DEL VALENCI\u00c0<\/p>\n<hr \/>\n<h2>MAGDALENA 2018<\/h2>\n<h3>GAIATA MONUMENTAL<\/h3>\n<p>2n PREMI GAIATES<\/p>\n<h3>GAIATA INFANTIL<\/h3>\n<p>6\u00e8 PREMI DE GAIATES INFANTILS<\/p>\n<h3>LLIBRET<\/h3>\n<p>3r PREMI GENERALITAT VALENCIANA PER A ACTIVITATS DE L&#8217;\u00daS DEL VALENCI\u00c0<\/p>\n<hr \/>\n<h2>MAGDALENA 2017<\/h2>\n<h3>GAIATA MONUMENTAL<\/h3>\n<p>PREMI PRESIDENT GENERALITAT VALENCIANA<br \/>\n1r PREMI GENERALITAT VALENCIANA<br \/>\n1r PREMI JUNTA CENTRAL FALLERA<br \/>\n1r PREMI FEDERACI\u00d3 DE LES FOGUERES DE SANT JOAN D&#8217;ALACANT<br \/>\n1r PREMI GESTORA DE GAIATES<\/p>\n<h3>GAIATA INFANTIL<\/h3>\n<p>4rt PREMI DE GAIATES INFANTILS<\/p>\n<h3>LLIBRET<\/h3>\n<p>2n PREMI GENERALITAT VALENCIANA PER A ACTIVITATS DE L&#8217;\u00daS DEL VALENCI\u00c0<\/p>\n<h3>VARIS<\/h3>\n<p>ACC\u00c8SIT CONCURS BETLEMS AJUNTAMENT DE CASTELL\u00d3 NADAL 2016\/2017 (CATEGORIA ASSOCIACIONS)<\/p>\n<hr \/>\n<h2>MAGDALENA 2016<\/h2>\n<h3>GAIATA MONUMENTAL<\/h3>\n<p>2n PREMI GAIATES<br \/>\n1er PREMI IL\u00b7LUMINACI\u00d3 GAIATES<\/p>\n<h3>GAIATA INFANTIL<\/h3>\n<p>5\u00e8 PREMI DE GAIATES INFANTILS<\/p>\n<h3>LLIBRET<\/h3>\n<p>1r PREMI GENERALITAT VALENCIANA PER A ACTIVITATS DE L&#8217;\u00daS DEL VALENCI\u00c0<\/p>\n<h3>VARIS<\/h3>\n<p>ACC\u00c8SIT CONCURS BETLEMS AJUNTAMENT DE CASTELL\u00d3 NADAL 2015\/2016 (CATEGORIA ASSOCIACIONS)<\/p>\n<hr \/>\n<h2>MAGDALENA 2015<\/h2>\n<h3>GAIATA MONUMENTAL<\/h3>\n<p>PREMI PRESIDENT GENERALITAT VALENCIANA<br \/>\n1r PREMI GENERALITAT VALENCIANA<br \/>\n1r PREMI JUNTA CENTRAL FALLERA<br \/>\n1r PREMI FEDERACI\u00d3 DE LES FOGUERES DE SANT JOAN D&#8217;ALACANT<br \/>\n1r PREMI GESTORA DE GAIATES<\/p>\n<h3>GAIATA INFANTIL<\/h3>\n<p>6\u00e8 PREMI DE GAIATES INFANTILS<\/p>\n<h3>LLIBRET<\/h3>\n<p>3r PREMI GENERALITAT VALENCIANA PER A ACTIVITATS DE L&#8217;\u00daS DEL VALENCI\u00c0<\/p>\n<h3>VARIS<\/h3>\n<p>ACC\u00c8SIT CONCURS BETLEMS AJUNTAMENT DE CASTELL\u00d3 NADAL 2014\/2015 (CATEGORIA ASSOCIACIONS)<\/p>\n<hr \/>\n<h2>MAGDALENA 2014<\/h2>\n<h3>GAIATA MONUMENTAL<\/h3>\n<p>PREMI PRESIDENT GENERALITAT VALENCIANA<br \/>\n1r PREMI GENERALITAT VALENCIANA<br \/>\n1r PREMI JUNTA CENTRAL FALLERA<br \/>\n1r PREMI FEDERACI\u00d3 DE LES FOGUERES DE SANT JOAN D&#8217;ALACANT<br \/>\n1r PREMI DE LA CASA DE VAL\u00c8NCIA A\u00a0BARCELONA<br \/>\n1r PREMI GESTORA DE GAIATES<\/p>\n<h3>LLIBRET<\/h3>\n<p>1r PREMI GENERALITAT VALENCIANA PER A ACTIVITATS DE L&#8217;\u00daS DEL VALENCI\u00c0<\/p>\n<h3>VARIS<\/h3>\n<p>ACC\u00c8SIT CONCURS BETLEMS AJUNTAMENT DE CASTELL\u00d3 NADAL 2013\/2014 (CATEGORIA ASSOCIACIONS)<\/p>\n<hr \/>\n<h2>MAGDALENA 2013<\/h2>\n<h3>GAIATA MONUMENTAL<\/h3>\n<p>PREMIO PRESIDENT GENERALITAT VALENCIANA<br \/>\n1r PREMI GENERALITAT VALENCIANA<br \/>\n1r PREMI JUNTA CENTRAL FALLERA<br \/>\n1r PREMI FEDERACI\u00d3 DE LES FOGUERES DE SANT JOAN D&#8217;ALACANT<br \/>\n1r PREMI DE LA CASA DE VAL\u00c8NCIA A BARCELONA<br \/>\n1r PREMI GESTORA DE GAIATES<\/p>\n<h3>GAIATA INFANTIL<\/h3>\n<p>4rt PREMI DE GAIATA INFANTIL<\/p>\n<h3>LLIBRET<\/h3>\n<p>MILLOR LLIBRET MAGDALENA 2013<br \/>\nMILLOR PORTADA<br \/>\n2n PREMI GENERALITAT VALENCIANA PER A ACTIVITATS DE L&#8217;\u00daS DEL VALENCI\u00c0<\/p>\n<h3>VARIS<\/h3>\n<p>4rt PREMI CONCURS BETLEMS AJUNTAMENT DE CASTELL\u00d3 NADAL 2012\/2013 (CATEGORIA ASSOCIACIONS)<\/p>\n<hr \/>\n<h2>MAGDALENA 2012<\/h2>\n<h3>GAIATA MONUMENTAL<\/h3>\n<p>5\u00e8 PREMI GAIATA<br \/>\n1er PREMI MILLOR GAIATA IL\u00b7LUMINADA DE CANAL 9<\/p>\n<h3>LLIBRET<\/h3>\n<p>MILLOR LLIBRET MAGDALENA 2012<br \/>\n2n PREMI GENERALITAT VALENCIANA PER A ACTIVITATS DE L&#8217;\u00daS DEL VALENCI\u00c0<\/p>\n<h3>PRESENTACI\u00d3 COMISSI\u00d3<\/h3>\n<p>3r PREMI &#8220;MILLOR ESPECTACLE\u00a0DE PRESENTACI\u00d3 DE SECTOR &#8211; DIARI MEDITERRANEO&#8221;<\/p>\n<h3>VARIS<\/h3>\n<p>ACC\u00c8SIT CONCURS BETLEMS AJUNTAMENT DE CASTELL\u00d3 NADAL 2011\/2012 (CATEGORIA ASSOCIACIONS)<\/p>\n<hr \/>\n<p>&nbsp;<\/p>\n<h2>MAGDALENA 2011<\/h2>\n<h3>GAIATA MONUMENTAL<\/h3>\n<p>PREMI PRESIDENT GENERALITAT VALENCIANA<br \/>\n1r PREMI GENERALITAT VALENCIANA<br \/>\n1r PREMI JUNTA CENTRAL FALLERA<br \/>\n1r PREMI FEDERACI\u00d3 DE LES FOGUERES DE SANT JOAN D&#8217;ALACANT<br \/>\n1r PREMI DE LA CASA DE VAL\u00c8NCIA A\u00a0BARCELONA<br \/>\n1r PREMI GESTORA DE GAIATES<br \/>\n1r PREMI MILLOR GAIATA IL\u00b7LUMINADA DE CANAL 9<\/p>\n<h3>GAIATA INFANTIL<\/h3>\n<p>5\u00e8 PREMI DE GAIATA INFANTIL<\/p>\n<h3>LLIBRET<\/h3>\n<p>MILLOR LLIBRET MAGDALENA 2011<br \/>\n1r PREMI GENERALITAT VALENCIANA PER A ACTIVITATS DE L&#8217;\u00daS DEL VALENCI\u00c0<br \/>\n2n PREMI MILLOR DISSENY PER CANAL 9<\/p>\n<h3>VARIS<\/h3>\n<p>ACC\u00c8SIT CONCURS BETLEMS AJUNTAMENT DE CASTELL\u00d3 NADAL 2010\/2011 (CATEGORIA ASSOCIACIONS)<\/p>\n<hr \/>\n<p>&nbsp;<\/p>\n<h2>MAGDALENA 2010<\/h2>\n<h3>GAIATA MONUMENTAL<\/h3>\n<p>PREMI PRESIDENT GENERALITAT VALENCIANA<br \/>\n1r PREMI GENERALITAT VALENCIANA<br \/>\n1r PREMI JUNTA CENTRAL FALLERA<br \/>\n1r PREMI FEDERACI\u00d3 DE LES FOGUERES DE SANT JOAN D&#8217;ALACANT<br \/>\n1r PREMI DE LA CASA DE VAL\u00c8NCIA A\u00a0BARCELONA<br \/>\n1r PREMI GESTORA DE GAIATES<br \/>\n1r PREMI MILLOR GAIATA IL\u00b7LUMINADA DE CANAL 9<\/p>\n<h3>GAIATA INFANTIL<\/h3>\n<p>3r PREMI DE GAIATA INFANTIL<\/p>\n<h3>LLIBRET<\/h3>\n<p>1r PREMI GENERALITAT VALENCIANA PER A ACTIVITATS DE L&#8217;\u00daS DEL VALENCI\u00c0<\/p>\n<h3>VARIS<\/h3>\n<p>5\u00e8 PREMI CONCURS BETLEMS AJUNTAMENT DE CASTELL\u00d3 NADAL 2009\/2010 (CATEGORIA ASSOCIACIONS)<\/p>\n<hr \/>\n<p>&nbsp;<\/p>\n<h2>MAGDALENA 2009<\/h2>\n<h3>GAIATA MONUMENTAL<\/h3>\n<p>2n PREMIO DE GAIATA<br \/>\n1r PREMI MILLOR GAIATA IL\u00b7LUMINADA DE CANAL 9<\/p>\n<h3>GAIATA INFANTIL<\/h3>\n<p>2n PREMI DE GAIATA INFANTIL<\/p>\n<h3>LLIBRET<\/h3>\n<p>MILLOR LLIBRET MAGDALENA 2009<br \/>\n3r PREMI GENERALITAT VALENCIANA PER A ACTIVITATS DE L&#8217;\u00daS DEL VALENCI\u00c0<\/p>\n<h3>VARIS<\/h3>\n<p>5\u00e8 PREMI CONCURS BETLEMS AJUNTAMENT DE CASTELL\u00d3 NADAL 2008\/2009 (CATEGORIA ASSOCIACIONS)<\/p>\n<hr \/>\n<p>&nbsp;<\/p>\n<h2>MAGDALENA 2008<\/h2>\n<h3>GAIATA MONUMENTAL<\/h3>\n<p>2n PREMI DE GAIATA<br \/>\n2n PREMI MILLOR GAIATA IL\u00b7LUMINADA DE CANAL 9<\/p>\n<h3>LLIBRET<\/h3>\n<p>MILLOR LLIBRET MAGDALENA 2008<br \/>\n2n PREMI LLIBRET\u00a0DISSENY INTERIOR CANAL 9<br \/>\nMILLOR ARTICLE IN\u00c8DITO &#8220;PARTITURES SENTIMENTALS DE LA FESTA (M\u00daSICA I M\u00daSICS EN LES NOSTRES FESTES&#8221; per Ximo G\u00f3rriz Plumed (clicka\u00a0aqu\u00ed per a llegir\u00a0l&#8217;article)<br \/>\n3\u00ba PREMI GENERALITAT VALENCIANA PER A ACTIVITATS DE L&#8217;\u00daS DEL VALENCI\u00c0<\/p>\n<h3>VARIS<\/h3>\n<p>ACC\u00c8SIT CONCURS BETLES AJUNTAMENT DE\u00a0CASTELL\u00d3 NADATL 2007\/2008 (CATEGORIA ASSOCIACIONS)<br \/>\n3r PREMI CONCURS PAELLES EN LA &#8220;CONCENTRACI\u00d3 DE COLECTIUS FESTERS 2008&#8221;<\/p>\n<hr \/>\n<p>&nbsp;<\/p>\n<h2>MAGDALENA 2007<\/h2>\n<h3>GAIATA MONUMENTAL<\/h3>\n<p>1r PREMI DE GAIATA<br \/>\n1r PREMI GENERALITAT VALENCIANA<br \/>\n1r PREMI JUNTA CENTRAL FALLERA<br \/>\n1r PREMI DE LAS FOGUERES\u00a0D&#8217;ALACANT<br \/>\n1r PREMI DE LA CASA DE VAL\u00c8NCIA A\u00a0BARCELONA<br \/>\n1r PREMI GESTORA DE GAIATES<br \/>\nPREMI ESPECIAL AL MAJOR INTER\u00c8S TUR\u00cdSTIC 2007 AG\u00c8NCIA VALENCIANA DE TURISMO<br \/>\n2n PREMI MILLOR GAIATA IL\u00b7LUMINADA DE CANAL 9<\/p>\n<h3>LLIBRET<\/h3>\n<p>1r PREMI GENERALITAT VALENCIANA PER A ACTIVITATS DE L&#8217;\u00daS DEL VALENCI\u00c0<\/p>\n<h3>ACTUACIONS<\/h3>\n<p>3r PREMI CERT\u00c0MEN &#8220;CASTELL\u00d3 ARTISTIC&#8221; EN CATEGORIA ADULTA<\/p>\n<h3>VARIS<\/h3>\n<p>ACC\u00c8SIT CONCURS BETLEMS AJUNTAMENT DE\u00a0CASTELL\u00d3 NADAL 2006\/2007 (CATEGORIA GRANS BETLEMS)<\/p>\n<hr \/>\n<p>&nbsp;<\/p>\n<h2>MAGDALENA 2006<\/h2>\n<h3>GAIATA MONUMENTAL<\/h3>\n<p>3r PREMI DE GAIATA<br \/>\n2n PREMI MILLOR GAIATA IL\u00b7LUMINADA DE CANAL 9<\/p>\n<h3>GAIATA INFANTIL<\/h3>\n<p>1r PREMI GENERALITAT VALENCIANA<br \/>\n1r PREMI GESTORA DE GAIATES<br \/>\n1r PREMI JUNTA CENTRAL FALLERA<br \/>\n1r PREMI DE LES FOGUERES D&#8217;ALACANT<\/p>\n<h3>LLIBRET<\/h3>\n<p>2n PREMI GENERALITAT VALENCIANA PER A ACTIVITATS DE L&#8217;\u00daS DEL VALENCI\u00c0<\/p>\n<h3>VARIS<\/h3>\n<p>2n PREMI CONCURS BETLEMS AJUNTAMENT DE\u00a0CASTELL\u00d3 NADAL\u00a02005\/2006 (CATEGORIA ASSOCIACIONS)<\/p>\n<hr \/>\n<p>&nbsp;<\/p>\n<h2>MAGDALENA 2005<\/h2>\n<h3>GAIATA MONUMENTAL<\/h3>\n<p>3r PREMI DE GAIATA<\/p>\n<h3>GAIATA INFANTIL<\/h3>\n<p>1r PREMI GENERALITAT VALENCIANA<br \/>\n1r PREMI GESTORA DE GAIATES<br \/>\n1r PREMI JUNTA CENTRAL FALLERA<br \/>\n1r PREMI DE LES FOGUERES D&#8217;ALACANT<br \/>\n1r PREMI MILLOR GAIATA INFANTIL CANAL 9<\/p>\n<h3>LLIBRET<\/h3>\n<p>2n PREMI GENERALITAT VALENCIANA PER A ACTIVITATS DE L&#8217;\u00daS DEL VALENCI\u00c0<br \/>\nMILLOR ARTICLE IN\u00c8DIT &#8220;El cartell de Magdalena&#8221; per Jos\u00e9 M\u00aa Sanahuja<\/p>\n<h3>VARIS<\/h3>\n<p>3r PREMI CONCURS BETLEMS AJUNTAMENT DE CASTELL\u00d3 NADAL 2004\/2005 (CATEGORIA ASSOCIACIONS)<\/p>\n<hr \/>\n<p>&nbsp;<\/p>\n<h2>MAGDALENA 2004<\/h2>\n<h3>GAIATA MONUMENTAL<\/h3>\n<p>6\u00e8 PREMI DE GAIATA<br \/>\n2n PREMI MILLOR GAIATA IL\u00b7LUMINADA DE CANAL 9<\/p>\n<h3>GAIATA INFANTIL<\/h3>\n<p>1r PREMI GENERALITAT VALENCIANA<br \/>\n1r PREMI GESTORA DE GAIATES<br \/>\n1r PREMI JUNTA CENTRAL FALLERA<br \/>\n1r PREMI DE LES FOGUERES D&#8217;ALACANT<\/p>\n<h3>LLIBRET<\/h3>\n<p>1r PREMI GENERALITAT VALENCIANA PER A ACTIVITATS DE L&#8217;\u00daS DEL VALENCI\u00c0<br \/>\nMILLOR DISSENY\u00a0INTERIOR CANAL 9<br \/>\nMILLOR PORTADA LLIBRET<\/p>\n<h3>VARIS<\/h3>\n<p>1r PREMIO APARADORS\u00a0a: &#8220;PEPA GARRIDO&#8221; en Calle Navarra muntat\u00a0per A.C. GAIATA 15 SEQUIOL<\/p>\n<hr \/>\n<p>&nbsp;<\/p>\n<h2>MAGDALENA 2003<\/h2>\n<h3>GAIATA MONUMENTAL<\/h3>\n<p>1r PREMI DE GAIATA<br \/>\n1r PREMI GENERALITAT VALENCIANA<br \/>\n1r PREMI JUNTA CENTRAL FALLERA<br \/>\n1r PREMI DE LES FOGUERES D&#8217;ALACANT<br \/>\n1r PREMI DE LA CASA DE VAL\u00c8NCIA A\u00a0BARCELONA<br \/>\n1r PREMI GESTORA DE GAIATES<br \/>\n1r PREMI MILLOR GAIATA IL\u00b7LUMINADA DE CANAL 9<\/p>\n<h3>GAIATA INFANTIL<\/h3>\n<p>1r PREMI GENERALITAT VALENCIANA<br \/>\n1r PREMI GESTORA DE GAIATES<br \/>\n1r PREMI JUNTA CENTRAL FALLERA<br \/>\n1r PREMI DE LES FOGUERES D&#8217;ALACANT<br \/>\nMILLOR GAIATA INFANTIL (CANAL 9)<\/p>\n<h3>LLIBRET<\/h3>\n<p>1r PREMI GENERALITAT VALENCIANA PER A ACTIVITATS DE L&#8217;\u00daS DEL VALENCI\u00c0 (LLIBRET)<br \/>\nMILLOR DISSENY INTERIOR CANAL 9<\/p>\n<h3>VARIS<\/h3>\n<p>1r PREMI ORIGINALITAT CONCURS BETLEMS AJUNTAMENT CASTELL\u00d3 NADAL 2002\/2003 (CATEGORIA ASSOCIACIONS)<\/p>\n<hr \/>\n<p>&nbsp;<\/p>\n<h2>MAGDALENA 2002<\/h2>\n<h3>GAIATA MONUMENTAL<\/h3>\n<p>1r PREMI DE GAIATA<br \/>\n1r PREMI GENERALITAT VALENCIANA<br \/>\n1r PREMI JUNTA CENTRAL FALLERA<br \/>\n1r PREMI DE LES FOGUERES D&#8217;ALACANT<br \/>\n1r PREMI DE LA CASA DE VAL\u00c8NCIA A\u00a0BARCELONA<br \/>\n1r PREMI GESTORA DE GAIATES<br \/>\n3r PREMI IL\u00b7LUMINACI\u00d3 GAIATA DE CANAL 9<\/p>\n<h3>LLIBRET<\/h3>\n<p>2n PREMI GENERALITAT VALENCIANA PER A ACTIVITATS DE L&#8217;\u00daS DEL VALENCI\u00c0<\/p>\n<h3>VARIS<\/h3>\n<p>2n PREMI CONCURS BETLEMS AJUNTAMENT DE\u00a0CASTELL\u00d3 NADAL 2001\/2002 (CATEGORIA ASSOCIACIONS)<\/p>\n<hr \/>\n<p>&nbsp;<\/p>\n<h2>MAGDALENA 2001<\/h2>\n<h3>GAIATA MONUMENTAL<\/h3>\n<p>4rt PREMI GAIATA MONUMENTAL<\/p>\n<h3>GAIATA INFANTIL<\/h3>\n<p>5\u00e8 PREMI GAIATA INFANTIL<br \/>\nPREMI A LA MILLOR IL\u00b7LUMINACI\u00d3 DE GAIATA INFANTIL<\/p>\n<h3>\u00a0LLIBRET<\/h3>\n<p>7\u00e8 PREMI LLIBRET &#8220;PROMOCI\u00d3 \u00daS DEL VALENCI\u00c0&#8221;<\/p>\n<h3>PRESENTACION<\/h3>\n<p>3\u00ba PREMIO PRESENTACI\u00d3N COMISIONES DE SECTOR<\/p>\n<h3>VARIOS<\/h3>\n<p>1\u00ba PREMIO cat. INFANTIL 1\u00aa Concurso Play Back 3\u00ba PREMIO CONCURSO BELENES AYTO. CASTELLON NAVIDAD 2000 (CATEGOR\u00cdA ASOCIACIONES)<\/p>\n<hr \/>\n<p>&nbsp;<\/p>\n<h2>MAGDALENA 2000<\/h2>\n<h3>GAIATA MONUMENTAL<\/h3>\n<p>5\u00e8 PREMI GAIATA MONUMENTAL<\/p>\n<h3>GAIATA INFANTIL<\/h3>\n<p>4rt PREMI GAIATA INFANTIL<\/p>\n<h3>LLIBRET<\/h3>\n<p>MILLOR ARTICLE DE LLIBRET SOBRE LA BANDA MUNICIPAL DE CASTELL\u00d3 (per Agust\u00edn Mon i Carro)<br \/>\nMILLOR DISSENY\u00a0INTERIOR LLIBRET CANAL 9<br \/>\n3r PREMI GENERALITAT VALENCIANA PER A ACTIVITATS DE L&#8217;\u00daS DEL VALENCI\u00c0 (LLIBRET)<\/p>\n<h3>VARIOS<\/h3>\n<p>2n PREMI CONCURS BETLEMS AJUNTAMENT DE\u00a0 CASTELL\u00d3 NADAL 1999\/2000 (CATEGORIA ASSOCIACIONS)<\/p>\n<hr \/>\n<p>&nbsp;<\/p>\n<h2>MAGDALENA 1999<\/h2>\n<h3>GAIATA MONUMENTAL<\/h3>\n<p>5\u00e8 PREMI GAIATA<\/p>\n<h3>GAIATA INFANTIL<\/h3>\n<p>6\u00e8 PREMI GAIATA INFANTIL<\/p>\n<h3>LLIBRET<\/h3>\n<p>PREMI MILLOR LLIBRET<br \/>\nPREMI MILLOR ARTICLE LLIBRET DE D. FRANCISCO PASCUAL<br \/>\nPREMI MILLOR MAQUETACI\u00d3 LLIBRET (CANAL 9)<\/p>\n<hr \/>\n<p>&nbsp;<\/p>\n<h2>MAGDALENA 1998<\/h2>\n<h3>GAIATA MONUMENTAL<\/h3>\n<p>4rt PREMI GAIATA<br \/>\n1r PREMI MILLOR IL\u00b7LUMINACI\u00d3 GAIATA (CANAL 9)<\/p>\n<h3>GAIATA INFANTIL<\/h3>\n<p>1r PREMI MILLOR IL\u00b7LUMINACI\u00d3 GAIATA INFANTIL (CANAL 9)<br \/>\n4rt PREMI GAIATA INFANTIL<\/p>\n<h3>PRESENTACI\u00d3<\/h3>\n<p>1r PREMI PRESENTACI\u00d3 COMISSIONS DE SECTOR<\/p>\n<hr \/>\n<p>&nbsp;<\/p>\n<h2>MAGDALENA 1997<\/h2>\n<h3>GAIATA MONUMENTAL<\/h3>\n<p>1r PREMI GAIATES (Generalitat Valenciana &#8211; Turisme)<br \/>\nPREMI A LA MILLOR GAIATA (Federaci\u00f3 Gestora de Gaiates)<br \/>\nPREMI A LA MILLOR GAIATA HIST\u00d3RICA (R\u00e0dio 9)<br \/>\nPREMI A LA MILLOR GAIATA IL\u00b7LUMINADA (Comissi\u00f3 Gestora de les Fogueres de Sant Joan)<br \/>\nPREMI A LA MILLOR GAIATA (Casa Val\u00e8ncia a\u00a0Barcelona)<br \/>\nPREMI A LA MILLOR GAIATA (Junta Central Fallera)<br \/>\n2n PREMI IL\u00b7LUMINACI\u00d3 DE GAIATES (Canal 9)<\/p>\n<h3>GAIATA INFANTIL<\/h3>\n<p>1r PREMI GAIATA INFANTIL (Generalitat Valenciana &#8211; Turisme)<br \/>\nPREMI MILLOR GAIATA INFANTIL (Federaci\u00f3 Gestora de Gaiates)<br \/>\nPREMI A LA MILLOR GAIATA INFANTIL (Junta Central Fallera)<br \/>\nPREMI A LA MILLOR GAIATA INFANTIL IL\u00b7LUMINADA (Comissi\u00f3 Gestora de les Fogueres de Sant Joan)<br \/>\nPREMI A LA MILLOR GAIATA INFANTIL (Canal 9)<\/p>\n<hr \/>\n<p>&nbsp;<\/p>\n<h2>MAGDALENA 1996<\/h2>\n<h3>GAIATA MONUMENTAL<\/h3>\n<p>2n PREMI DE GAIATA<br \/>\n1r PREMI IL\u00b7LUMINACI\u00d3 (Canal 9)<\/p>\n<h3>GAIATA INFANTIL<\/h3>\n<p>1r PREMI DE GAIATA INFANTIL<br \/>\n1r PREMI GAIATA INFANTIL (Canal 9)<br \/>\n1r PREMI GAIATA INFANTIL (Comissi\u00f3 Gestora de les Fogueres de Sant Joan)<\/p>\n<h3>LLIBRET<\/h3>\n<p>PREMI AL MEJOR ARTICLE DE LLIBRET<\/p>\n<hr \/>\n<p>&nbsp;<\/p>\n<h2>MAGDALENA 1995<\/h2>\n<h3>GAIATA MONUMENTAL<\/h3>\n<p>1r PREMI DE GAIATA<br \/>\n1r PREMI DE LES FOGUERES D&#8217;ALACANT<br \/>\n1r PREMI DE LA CASA DE VAL\u00c8NCIA A\u00a0BARCELONA<br \/>\n1r PREMI JUNTA CENTRAL FALLERA<br \/>\n1r PREMI GENERALITAT VALENCIANA<\/p>\n<h3>LLIBRET<\/h3>\n<p>MENCI\u00d3 ESPECIAL AL LLIBRET<\/p>\n<hr \/>\n<p>&nbsp;<\/p>\n<h2>MAGDALENA 1994<\/h2>\n<h3>GAIATA MONUMENTAL<\/h3>\n<p>3r PREMI GAIATA<br \/>\n1\u00ba PREMI CANAL 9<\/p>\n<h3>LLIBRET<\/h3>\n<p>PREMI A LA MILLOR PORTADA DE LLIBRET<\/p>\n<hr \/>\n<p>&nbsp;<\/p>\n<h2>MAGDALENA 1993<\/h2>\n<h3>GAIATA INFANTIL<\/h3>\n<p>4rt PREMI GAIATA INFANTIL<\/p>\n<h3>LLIBRET<\/h3>\n<p>PREMI CANAL 9 AL MILLOR LLIBRET<\/p>\n<h3>PIROT\u00c8CNIA<\/h3>\n<p>1r PREMI &#8220;GESTORA DE GAIATES&#8221; DE MASCLETAES<br \/>\nMASCLET D&#8217;ARGENT DE LA COLLA A MITGES<\/p>\n<hr \/>\n<p>&nbsp;<\/p>\n<h2>MAGDALENA 1991<\/h2>\n<h3>VARIS<\/h3>\n<p>PREMI A L&#8217;ADAPTACI\u00d3 IL\u00b7LUMINOT\u00c8CNICA<\/p>\n<hr \/>\n<p>&nbsp;<\/p>\n<h2>MAGDALENA 1990<\/h2>\n<h3>LLIBRET<\/h3>\n<p>3r PREMI LLIBRET<br \/>\nMILLOR PORTADA LLIBRET<\/p>\n<hr \/>\n<p>&nbsp;<\/p>\n<h2>MAGDALENA 1989<\/h2>\n<h3>GAIATA MONUMENTAL<\/h3>\n<p>7\u00e8 PREMI GAIATA<\/p>\n<h3>LLIBRET<\/h3>\n<p>3r PREMI LLIBRET<\/p>\n<hr \/>\n<p>&nbsp;<\/p>\n<h2>MAGDALENA 1987<\/h2>\n<h3>LLIBRET<\/h3>\n<p>ACC\u00c8SIT PORTADA DEL LLIBRET<\/p>\n<hr \/>\n<p>&nbsp;<\/p>\n<h2>MAGDALENA 1986<\/h2>\n<h3>GAIATA MONUMENTAL<\/h3>\n<p>6\u00e8 PREMI GAIATA<\/p>\n<h3>LLIBRET<\/h3>\n<p>MILLOR PORTADA DEL LLIBRET<\/p>\n<h3>PIROT\u00c8CNIA<\/h3>\n<p>5\u00e8 PREMI &#8220;NIT DEL FOC&#8221;<\/p>\n<hr \/>\n<p>&nbsp;<\/p>\n<h2>MAGDALENA 1985<\/h2>\n<h3>GAIATA MONUMENTAL<\/h3>\n<p>4rt PREMI GAIATA<\/p>\n<h3>LLIBRET<\/h3>\n<p>2n PREMI LLIBRET<br \/>\nPREMI A L&#8217;ORIGINALITAT DEL LLIBRET<\/p>\n<h3>PIROT\u00c8CNIA<\/h3>\n<p>4rt PREMI &#8220;NIT DEL FOC&#8221;<\/p>\n<hr \/>\n<p>&nbsp;<\/p>\n<h2>MAGDALENA 1984<\/h2>\n<h3>PIROT\u00c8CNIA<\/h3>\n<p>1r PREMIO 2na SECCI\u00d3 &#8220;NIT DE FOC&#8221;<\/p>\n<hr \/>\n<p>&nbsp;<\/p>\n<h2>MAGDALENA 1983<\/h2>\n<h3>GAIATA MONUMENTAL<\/h3>\n<p>4rt PREMI GAIATA<\/p>\n<h3>LLIBRET<\/h3>\n<p>3r PREMI LLIBRET<\/p>\n<h3>PIROTECNIA<\/h3>\n<p>1r PREMIO 2na SECCI\u00d3 &#8220;NIT DE FOC&#8221;<\/p>\n<hr \/>\n<p>&nbsp;<\/p>\n<h2>MAGDALENA 1982 (Fundaci\u00f3 de la Gaiata)<\/h2>\n<h3>GAIATA MONUMENTAL<\/h3>\n<p>3r PREMI A LA GAIATA<br \/>\nPREMI ESPECIAL A LA GAIATA M\u00c9S ORIGINAL<\/p>\n<h3>LLIBRET<\/h3>\n<p>2n PREMI LLIBRET<\/p>\n<h3>PIROT\u00c8CNIA<\/h3>\n<p>1r PREMI 2na SECCI\u00d3 &#8220;NIT DE FOC&#8221;<\/p>\n","protected":false},"excerpt":{"rendered":"<p>MAGDALENA 2019 GAIATA MONUMENTAL 2n PREMI GAIATES GAIATA INFANTIL 1\u00e8 PREMI DE GAIATES INFANTILS 1\u00ba PREMIO GENERALITAT VALENCIANA 1\u00ba PREMIO JUNTA CENTRAL FALLERA 1\u00ba PREMIO FEDERACI\u00d3 DE LES FOGUERES DE SANT JOAN DE ALICANTE LLIBRET 8\u00ba PREMI GENERALITAT VALENCIANA PER A ACTIVITATS DE L&#8217;\u00daS DEL VALENCI\u00c0 MAGDALENA 2018 GAIATA MONUMENTAL 2n PREMI GAIATES GAIATA INFANTIL [&hellip;]<\/p>\n","protected":false},"author":1,"featured_media":0,"parent":12669,"menu_order":2,"comment_status":"open","ping_status":"closed","template":"","meta":{"footnotes":""},"class_list":["post-12674","page","type-page","status-publish","hentry"],"_links":{"self":[{"href":"https:\/\/sequiol.es\/vl\/wp-json\/wp\/v2\/pages\/12674","targetHints":{"allow":["GET"]}}],"collection":[{"href":"https:\/\/sequiol.es\/vl\/wp-json\/wp\/v2\/pages"}],"about":[{"href":"https:\/\/sequiol.es\/vl\/wp-json\/wp\/v2\/types\/page"}],"author":[{"embeddable":true,"href":"https:\/\/sequiol.es\/vl\/wp-json\/wp\/v2\/users\/1"}],"replies":[{"embeddable":true,"href":"https:\/\/sequiol.es\/vl\/wp-json\/wp\/v2\/comments?post=12674"}],"version-history":[{"count":11,"href":"https:\/\/sequiol.es\/vl\/wp-json\/wp\/v2\/pages\/12674\/revisions"}],"predecessor-version":[{"id":87523,"href":"https:\/\/sequiol.es\/vl\/wp-json\/wp\/v2\/pages\/12674\/revisions\/87523"}],"up":[{"embeddable":true,"href":"https:\/\/sequiol.es\/vl\/wp-json\/wp\/v2\/pages\/12669"}],"wp:attachment":[{"href":"https:\/\/sequiol.es\/vl\/wp-json\/wp\/v2\/media?parent=12674"}],"curies":[{"name":"wp","href":"https:\/\/api.w.org\/{rel}","templated":true}]}}