{"id":12651,"date":"2014-07-14T18:58:16","date_gmt":"2014-07-14T16:58:16","guid":{"rendered":"http:\/\/sequiol.es\/vl\/?page_id=12651"},"modified":"2015-08-22T19:02:54","modified_gmt":"2015-08-22T17:02:54","slug":"gaiata","status":"publish","type":"page","link":"https:\/\/sequiol.es\/vl\/gaiata\/","title":{"rendered":"Gaiata"},"content":{"rendered":"<p>Qui puga estar veient aquesta web i llegint aquestes l\u00ednies sense haver estat mai lligat a una Gaiata, podria pensar quin sentit t\u00e9 dedicar el seu temps lliure, segurament el poc que que t\u00e9, a treballar dins d&#8217;una Comissi\u00f3 de Sector com la nostra, Sequiol.<\/p>\n<p>Potser s&#8217;hauria de comen\u00e7ar per explicar qu\u00e8 \u00e9s una Gaiata.<\/p>\n<p>La Gaiata \u00e9s el monument representatiu per excel\u00e8ncia de les festes de Castell\u00f3, un &#8220;esclat de llum sense foc ni fum&#8221;, senyera de nostra identitat com a poble. \u00c9s una obra d&#8217;art que cada any s&#8217;el\u00b7labora amb les mans expertes dels membres de la comissi\u00f3 de Sequiol. Perqu\u00e8 artista \u00e9s aquell que dissenya l&#8217;esborrall, artista \u00e9s qui a partir d&#8217;aquell esbo\u00e7 el\u00b7labora els pl\u00e0nols i medeix pam a pam els material necessari per a la seua construcci\u00f3. I artistes s\u00f3n qui pinten les cristaleres, qui preparen el quadre el\u00e8ctric amb els m\u00e9s espectaculars canvis de llum, els fusters qui li donen al monument eixos bra\u00e7os que el fan ballar, artistes i dels bons s\u00f3n totes i cadascuna de les persones que cada divendres es reuneixen al magatzem de Gaiates per a fer cr\u00e8ixer i donar vida al nostre monument gaiater.<\/p>\n<p>Gaiata \u00e9s tamb\u00e9 la gent que prepara la Presentaci\u00f3 al Palau de la Festa, qui dissenya l&#8217;escenari, qui tria la m\u00fasica, la llum, les paraules, els que monten les taules i les decoren, els que organitzen el protocol, els que reben als convidats, els qui s&#8217;encarreguen de les flors i obsequis, les bandes i insignies, per a que tot el m\u00f3n s\u00e0piga quan orgullossos estem dels nostres representants i de la nostra gent.<\/p>\n<p>Gaiata \u00e9s la gent que cada any crea el nostre llibret, que adem\u00e9s de la programaci\u00f3 dels actes de la setmana gran, inclou totes les activitas a les quals l&#8217;associaci\u00f3 cultural ha participat de forma activa. I presenta als nostres orgullosos xics i xiques, xiquets i xiquetes, que amb el vestit tradicional, de castelloners o llauradors, \u00e9s el mateix, ens representen amb una eleg\u00e0ncia pr\u00f2pia de qui es sap portador de &#8220;l&#8217;orgull de genealogia&#8221;. Y tamb\u00e9, naturalment, el llibret tracta cada any de fer una aportaci\u00f3 cultural extraordin\u00e0ria triant amb molt de carinyo articles relacionats amb la nostra terra, nostres festes i tradicions, nostre &#8220;amor pairal&#8221;.<\/p>\n<p>Gaiata s\u00f3n els amics que mantenen el nostre web i actualitzen els contiguts cada dia, els que mantenen informats permanentment a socis, amics i internautes de les notres activitats ordin\u00e0ries i extraordin\u00e0ries.<\/p>\n<p>Gaiata \u00e9s la gent de l&#8217;equip de futbito, que amb m\u00e9s passi\u00f3 que professi\u00f3, gaudeixen i ens fan gaudir cada cap de setmana com si fora la final de la Champions.<\/p>\n<p>Gaiata \u00e9s el grup de dances tradicioonals que cada divendres assaja el bolero, la jota, les marineries, i en cada actuaci\u00f3 ens fa sentir realment orgullosos dels nostres dan\u00e7ants de la 15. Com orgullosos ens fan sentir els membres del Grup de Dol\u00e7aina i Tabal interpretant per tot arreu pe\u00e7es cada vegada m\u00e9s complexes.<\/p>\n<p>Gaiata s\u00f3n els artistes sense ofici que cada any ens fan riure a riallades a la representaci\u00f3 de l&#8217;obra de teatre valenci\u00e0. Si divertida \u00e9s l&#8217;actuaci\u00f3, no menys divertits s\u00f3n els assajos.<\/p>\n<p>Gaiata s\u00f3n els mestres cuiners de la nostra associaci\u00f3, qui cada divendres prepara un bon sopar al magatzem de gaiates per als constructors del monument, qui en cada acte organitza l&#8217;\u00e0pat amb qu\u00e8 agrair la pres\u00e8ncia dels nostres convidats, els qui en la setmana de festes elaboren per a tots els socis del sector els esmorzars i dinars amb els quals la 15 vol fer barri, fer sector i germanor de festa.<\/p>\n<p>Gaiata s\u00f3n aquests socis que ens permeten mantenir viva la il\u00b7lusi\u00f3 de continuar. Perqu\u00e8 amb el seu esfor\u00e7 econ\u00f2mic, el seu suport emocional i la seva pres\u00e8ncia, ens donen forces per continuar any rere any al capdavant d&#8217;un projecte anual, sense fi, reinventant, amb imaginaci\u00f3 i moltes, molt\u00edssimes ganes de superar-nos.<\/p>\n<p>I per descomptat, Gaiata s\u00f3n els nostres xiquets\u00a0i els nostres joves representants. Els que fan del Cau seu estadi de futbol, la seva pista de patinatge, el sal\u00f3 de ball i jocs, la seva sala de festes i reunions. Els que sempre estan pel mig, els que sempre augmenten el soroll a nivells insospitats, els que ho escampen tot r\u00e0pidament per\u00f2 desapareixen quan toca recollir, aquells amb innoc\u00e8ncia, aquells amb murrieria, aquells que ens fan somriure en cada moment i que algun dia seran els encarregats de continuar la tasca de mantenir la Panderola, naturalment, corre que vola.<\/p>\n<p>Per aix\u00f2, si tu que llegeixes aquestes l\u00ednies tens unes bones mans per a la marqueteria, o t&#8217;agrada trastejar amb cables, xips o tenalles, si tens bona ploma, o si per contra el que t&#8217;agrada \u00e9s pegar-li cops de peu a la pilota, o tens fusta d&#8217;artista, o t&#8217;encanta ballar, o tens gr\u00e0cia amb la dol\u00e7aina, o bona m\u00e0 a la cuina, o ets un crac de l&#8217;organitzaci\u00f3 i el bon gust, o un manetes de la inform\u00e0tica, tu tens un lloc en la Gaiata, en la nostra Gaiata.<\/p>\n<p>Diu el nostre Preg\u00f3 d&#8217;anar a la Romeria no \u00e9s tan sols anar de festa. Com estar dins d&#8217;una Gaiata \u00e9s molt m\u00e9s que passar-s&#8217;ho b\u00e9 i lluir-se. Cal treballar, i dur, a m\u00e9s sense cap remuneraci\u00f3. Per\u00f2 la satisfacci\u00f3 despr\u00e9s d&#8217;un treball ben fet, i a sobre compartida amb un ampli grup d&#8217;amics, aix\u00f2 no t\u00e9 preu, ho compensa tot.<br \/>\nVine a la quinze, aqu\u00ed hi ha lloc per a tu!<\/p>\n","protected":false},"excerpt":{"rendered":"<p>Qui puga estar veient aquesta web i llegint aquestes l\u00ednies sense haver estat mai lligat a una Gaiata, podria pensar quin sentit t\u00e9 dedicar el seu temps lliure, segurament el poc que que t\u00e9, a treballar dins d&#8217;una Comissi\u00f3 de Sector com la nostra, Sequiol. Potser s&#8217;hauria de comen\u00e7ar per explicar qu\u00e8 \u00e9s una Gaiata. [&hellip;]<\/p>\n","protected":false},"author":1,"featured_media":0,"parent":0,"menu_order":1,"comment_status":"open","ping_status":"open","template":"","meta":{"footnotes":""},"class_list":["post-12651","page","type-page","status-publish","hentry"],"_links":{"self":[{"href":"https:\/\/sequiol.es\/vl\/wp-json\/wp\/v2\/pages\/12651","targetHints":{"allow":["GET"]}}],"collection":[{"href":"https:\/\/sequiol.es\/vl\/wp-json\/wp\/v2\/pages"}],"about":[{"href":"https:\/\/sequiol.es\/vl\/wp-json\/wp\/v2\/types\/page"}],"author":[{"embeddable":true,"href":"https:\/\/sequiol.es\/vl\/wp-json\/wp\/v2\/users\/1"}],"replies":[{"embeddable":true,"href":"https:\/\/sequiol.es\/vl\/wp-json\/wp\/v2\/comments?post=12651"}],"version-history":[{"count":1,"href":"https:\/\/sequiol.es\/vl\/wp-json\/wp\/v2\/pages\/12651\/revisions"}],"predecessor-version":[{"id":12652,"href":"https:\/\/sequiol.es\/vl\/wp-json\/wp\/v2\/pages\/12651\/revisions\/12652"}],"wp:attachment":[{"href":"https:\/\/sequiol.es\/vl\/wp-json\/wp\/v2\/media?parent=12651"}],"curies":[{"name":"wp","href":"https:\/\/api.w.org\/{rel}","templated":true}]}}