{"id":125557,"date":"2024-04-03T07:05:59","date_gmt":"2024-04-03T05:05:59","guid":{"rendered":"https:\/\/sequiol.es\/?page_id=125557"},"modified":"2025-04-09T11:33:34","modified_gmt":"2025-04-09T09:33:34","slug":"xxii-concurs-escolar-de-maquetes-de-gaiata-ciutat-de-castello","status":"publish","type":"page","link":"https:\/\/sequiol.es\/vl\/historic\/concurs-maquetes\/xxii-concurs-escolar-de-maquetes-de-gaiata-ciutat-de-castello\/","title":{"rendered":"XXII Concurs Escolar de Maquetes de Gaiata &#8220;Ciutat de Castell\u00f3&#8221;"},"content":{"rendered":"<p><a href=\"https:\/\/sequiol.es\/wp-content\/uploads\/2025\/04\/maqueta-2025-640x853.webp\"><img loading=\"lazy\" decoding=\"async\" src=\"https:\/\/sequiol.es\/wp-content\/uploads\/2025\/04\/maqueta-2025-640x853.webp\" alt=\"\" width=\"640\" height=\"853\" class=\"alignleft size-large wp-image-133441\" srcset=\"https:\/\/sequiol.es\/wp-content\/uploads\/2025\/04\/maqueta-2025-640x853.webp 640w, https:\/\/sequiol.es\/wp-content\/uploads\/2025\/04\/maqueta-2025-200x267.webp 200w, https:\/\/sequiol.es\/wp-content\/uploads\/2025\/04\/maqueta-2025-768x1024.webp 768w, https:\/\/sequiol.es\/wp-content\/uploads\/2025\/04\/maqueta-2025-1152x1536.webp 1152w, https:\/\/sequiol.es\/wp-content\/uploads\/2025\/04\/maqueta-2025-1536x2048.webp 1536w, https:\/\/sequiol.es\/wp-content\/uploads\/2025\/04\/maqueta-2025.webp 1620w\" sizes=\"auto, (max-width: 640px) 100vw, 640px\" \/><\/a><\/p>\n<p style=\"text-align: center;\">Lema: <em><strong>&#8220;Llumeneta de Magdalena&#8221;<\/strong><\/em><br \/>\nAutora: <em><strong>Luc\u00eda Segarra Casal<\/strong><\/em><br \/>\nCol\u00b7legi: <em><strong>FEC Madre Vedruna Sagrado Coraz\u00f3n<\/em><\/p>\n<p>&nbsp;<\/p>\n<p><a href=\"https:\/\/sequiol.es\/vl\/historic\/concurs-maquetes\/formulari-dinscripcio\/\">Formulari d&#8217;inscripci\u00f3<\/a><\/p>\n<p><a href=\"https:\/\/sequiol.es\/vl\/historic\/concurs-maquetes\/xxii-concurs-escolar-de-maquetes-de-gaiata-ciutat-de-castello\/bases-xxii-concurs-escolar-de-maquetes-de-gaiates\/\">Bases del XXII Concurs<\/a><\/p>\n<p><a href=\"https:\/\/sequiol.es\/vl\/historic\/concurs-maquetes\/definicio-i-construccio-duna-gaiata\/\">Definici\u00f3 i construcci\u00f3 d&#8217;una gaiata<\/a><\/p>\n<p><a href=\"https:\/\/sequiol.es\/vl\/historic\/concurs-maquetes\/ajuda-en-la-construccio-de-la-maqueta\/\">Ajuda en la construcci\u00f3 de la maqueta<\/a><\/p>\n<p><a href=\"https:\/\/sequiol.es\/vl\/historic\/concurs-maquetes\/logotips-dajuda-per-a-la-construccio-de-la-teua-gaiata\/\">Logotips d&#8217;ajuda per a la construcci\u00f3 de la teua Gaiata<\/a><\/p>\n<p>&nbsp;<\/p>\n","protected":false},"excerpt":{"rendered":"<p>Lema: &#8220;Llumeneta de Magdalena&#8221; Autora: Luc\u00eda Segarra Casal Col\u00b7legi: FEC Madre Vedruna Sagrado Coraz\u00f3n &nbsp; Formulari d&#8217;inscripci\u00f3 Bases del XXII Concurs Definici\u00f3 i construcci\u00f3 d&#8217;una gaiata Ajuda en la construcci\u00f3 de la maqueta Logotips d&#8217;ajuda per a la construcci\u00f3 de la teua Gaiata &nbsp;<\/p>\n","protected":false},"author":1,"featured_media":121988,"parent":12705,"menu_order":220,"comment_status":"closed","ping_status":"closed","template":"","meta":{"footnotes":""},"class_list":["post-125557","page","type-page","status-publish","has-post-thumbnail","hentry"],"_links":{"self":[{"href":"https:\/\/sequiol.es\/vl\/wp-json\/wp\/v2\/pages\/125557","targetHints":{"allow":["GET"]}}],"collection":[{"href":"https:\/\/sequiol.es\/vl\/wp-json\/wp\/v2\/pages"}],"about":[{"href":"https:\/\/sequiol.es\/vl\/wp-json\/wp\/v2\/types\/page"}],"author":[{"embeddable":true,"href":"https:\/\/sequiol.es\/vl\/wp-json\/wp\/v2\/users\/1"}],"replies":[{"embeddable":true,"href":"https:\/\/sequiol.es\/vl\/wp-json\/wp\/v2\/comments?post=125557"}],"version-history":[{"count":4,"href":"https:\/\/sequiol.es\/vl\/wp-json\/wp\/v2\/pages\/125557\/revisions"}],"predecessor-version":[{"id":133456,"href":"https:\/\/sequiol.es\/vl\/wp-json\/wp\/v2\/pages\/125557\/revisions\/133456"}],"up":[{"embeddable":true,"href":"https:\/\/sequiol.es\/vl\/wp-json\/wp\/v2\/pages\/12705"}],"wp:featuredmedia":[{"embeddable":true,"href":"https:\/\/sequiol.es\/vl\/wp-json\/wp\/v2\/media\/121988"}],"wp:attachment":[{"href":"https:\/\/sequiol.es\/vl\/wp-json\/wp\/v2\/media?parent=125557"}],"curies":[{"name":"wp","href":"https:\/\/api.w.org\/{rel}","templated":true}]}}