{"id":121985,"date":"2023-09-13T11:15:58","date_gmt":"2023-09-13T09:15:58","guid":{"rendered":"https:\/\/sequiol.es\/?page_id=121985"},"modified":"2023-09-13T11:15:58","modified_gmt":"2023-09-13T09:15:58","slug":"bases-xxi-concurs-escolar-de-maquetes-de-gaiates","status":"publish","type":"page","link":"https:\/\/sequiol.es\/vl\/historic\/concurs-maquetes\/xxi-concurs-escolar-de-maquetes-de-gaiata-ciutat-de-castello\/bases-xxi-concurs-escolar-de-maquetes-de-gaiates\/","title":{"rendered":"Bases XXI Concurs Escolar de Maquetes de Gaiates"},"content":{"rendered":"<p>Els patrocinadors, conscients que entre les tradicions m\u00e9s significatives i singulars de la Ciutat de Castell\u00f3, reflex dels primitius pobladors, i que el s\u00edmbol de les festes de la nostra Ciutat \u00e9s la &#8220;gaiata&#8221;, convoquen el XXI Concurs de Maquetes de Gaiates entre els escolars de Centres d&#8217;Educaci\u00f3 de Prim\u00e0ria, Secund\u00e0ria i Especial, tot aix\u00f2 amb la finalitat d&#8217;impulsar el coneixement entre els m\u00e9s joves dels requisits, significats i condicions que ha de reunir el monument que representa les Festes Fundacionals de Castell\u00f3.<\/p>\n<p>Al mateix temps i a aquest efecte, han signat amb l&#8217;Associaci\u00f3 Cultural Gaiata 15 &#8220;Sequiol&#8221; un Conveni de Col\u00b7laboraci\u00f3 amb la finalitat d&#8217;organitzar i desenvolupar les diferents fases de les quals consta el proc\u00e9s de difusi\u00f3, programaci\u00f3 i execuci\u00f3 d&#8217;aquest, tot aix\u00f2 sense perjudici que s&#8217;amplie la participaci\u00f3 d&#8217;altres Comissions de Sector que desitgen col\u00b7laborar en aquest concurs.<\/p>\n<p>El concurs es convoca amb la vocaci\u00f3 que en el mateix puguen participar quants Centres d&#8217;Educaci\u00f3, tant de Prim\u00e0ria com de Secund\u00e0ria i d&#8217;Educaci\u00f3 Especial, desitgen participar.<\/p>\n<p>Aquest Concurs queda subjecte al compliment de les seg\u00fcents<\/p>\n<h2 style=\"text-align: center;\">BASES<\/h2>\n<p>&nbsp;<\/p>\n<h3>Primera<\/h3>\n<p>Els escolars faran els seus treballs amb plena llibertat de tema i de materials, tenint en compte que el referent no \u00e9s un altre que la Gaiata, representaci\u00f3 d&#8217;aquells gaiatos il\u00b7luminats que van ser l&#8217;origen de la nostra festa, sent el gaiato l&#8217;element indispensable perqu\u00e8 la Gaiata es considere com a tal, sense perjudici de quants altres elements puguen valorar-se de conformitat amb les presents bases.<\/p>\n<h3>Segona<\/h3>\n<p>Per a la seua participaci\u00f3 haur\u00e0 d&#8217;emplenar el butllet\u00ed d&#8217;inscripci\u00f3 que s&#8217;acompanya amb les presents bases, i on hauran de constar, inexcusablement, les seg\u00fcents dades:<\/p>\n<ol>\n<li>Cognoms i nom de l&#8217;escolar<\/li>\n<li>Correu electr\u00f2nic i tel\u00e8fon de contacte<\/li>\n<li>Centre Educatiu al qual pertany, amb indicaci\u00f3 del domicili del Centre, curs al qual pertany i nom del tutor del curs<\/li>\n<li>Correu electr\u00f2nic i tel\u00e8fon de contacte del Centre Educatiu<\/li>\n<li>Lema del treball presentat<\/li>\n<li>Breu resum de les caracter\u00edstiques que l&#8217;escolar desitge destacar en relaci\u00f3 amb el seu treball.<\/li>\n<\/ol>\n<p>At\u00e9s que la participaci\u00f3 en el mateix ho podr\u00e0 ser tant de manera individual com col\u00b7lectiva, en aquest \u00faltim cas haur\u00e0 de fer-se constar de manera expressa en el butllet\u00ed d&#8217;inscripci\u00f3, la forma d&#8217;agrupaci\u00f3 que en el seu cas hagen triat (grup d&#8217;alumnes, curs acad\u00e8mic&#8230;)<\/p>\n<p>Per a la seua admissi\u00f3 en el Concurs ser\u00e0 necess\u00e0ria la remissi\u00f3 del butllet\u00ed a l&#8217;Associaci\u00f3 Cultural Gaiata 15 &#8220;Sequiol&#8221;, amb domicili en Carrer Herrero, 63 \u2013 12005 Castell\u00f3 de la Plana, a trav\u00e9s de la p\u00e0gina web\u00a0 <a href=\"https:\/\/sequiol.es\">https:\/\/sequiol.es<\/a>, per correu electr\u00f2nic a <a href=\"mailto:concursos@sequiol.es\">concursos@sequiol.es<\/a> o a trav\u00e9s del mateix Centre Escolar.<\/p>\n<p>A trav\u00e9s de la indicada p\u00e0gina web o correu electr\u00f2nic, podran sol\u00b7licitar quanta informaci\u00f3 desitgen sobre el concurs, aix\u00ed com de quanta informaci\u00f3 de suport necessiten tant del Concurs com de les caracter\u00edstiques o condicions exigides per a la seua participaci\u00f3.<\/p>\n<p>La presentaci\u00f3 d&#8217;aquesta documentaci\u00f3 exposada anteriorment ho ser\u00e0 fins al dia <strong>22 de febrer de 2024, a les 15.00 hores<\/strong>, i suposar\u00e0 l&#8217;acceptaci\u00f3 \u00edntegra de les presents bases.<\/p>\n<h3>Tercera<\/h3>\n<p>La llibertat de tema i de materials (qualssevol que permeten el desenvolupament del treball) no pot quedar aliena a unes m\u00ednimes, per\u00f2 necess\u00e0ries normes que permeten una homogene\u00eftzaci\u00f3, tant en l&#8217;elaboraci\u00f3 dels diferents treballs, com en la formaci\u00f3 del conjunt d&#8217;aquests, aix\u00ed com la valoraci\u00f3 per part dels jurats escolars i el Jurat final del Concurs.<\/p>\n<p>Aix\u00ed, l&#8217;altura de la maqueta ser\u00e0 de 50 cent\u00edmetres, podent disposar d&#8217;il\u00b7luminaci\u00f3, sent aquesta una caracter\u00edstica a considerar en la decisi\u00f3 del Jurat, sense perjudici de la valoraci\u00f3 sobre la imaginaci\u00f3, adequaci\u00f3 a les presents bases i creativitat del treball a presentar.<\/p>\n<p>En la composici\u00f3 constar\u00e0 l&#8217;anagrama representatiu del Concurs, aix\u00ed com, de considerar-ho l&#8217;escolar, el logotip o anagrama representatiu d&#8217;una Comissi\u00f3 de Sector<\/p>\n<h3>Quarta<\/h3>\n<p>S&#8217;estableixen tres categories tenint com a base l&#8217;edat dels participants, sense perjudici de la pertinen\u00e7a a cadascun dels Cursos Escolars englobats en cadascuna de les categories, a saber:<\/p>\n<ul>\n<li><strong>PRIMERA CATEGORIA<\/strong>: Escolars de 1r, 2n i 3r de Prim\u00e0ria.<\/li>\n<li><strong>SEGONA CATEGORIA<\/strong>: Escolars de 4t, 5\u00e9 i 6\u00e9 de Prim\u00e0ria.<\/li>\n<li><strong>TERCERA CATEGORIA<\/strong>: Escolars de 1r, 2n, 3r i 4t de Secund\u00e0ria.<\/li>\n<\/ul>\n<p>A m\u00e9s d&#8217;aquestes categories, s&#8217;estableix una categoria especial per als centres i associacions d&#8217;Educaci\u00f3 Especial.<\/p>\n<h3>Quinta<\/h3>\n<p>Els jurats que deliberaran i decidiran les diferents fases del Concurs seran els seg\u00fcents:<\/p>\n<ul>\n<li>Fase pr\u00e8via: Estaran formats per professors que realitzaran, amb el suport dels membres de l&#8217;Associaci\u00f3 Cultural Gaiata 15 &#8220;Sequiol&#8221; si ho desitgen, la selecci\u00f3 dels treballs que mereixen el premi en cadascuna de les categories, exercint un d&#8217;ells el c\u00e0rrec de Secretari a fi d&#8217;estendre acta del resultat, i havent de decidir el seu veredicte abans del <strong>21 de febrer de 2024<\/strong><\/li>\n<li>Fase final: Estar\u00e0 compost per un nombre determinat de persones que seran triades pels patrocinadors i per l&#8217;Associaci\u00f3 Cultural Gaiata 15 &#8220;Sequiol&#8221;, havent d&#8217;emetre el seu veredicte el <strong>22 de febrer de 2024<\/strong>\u00a0estenent-se acta del resultat per part del Secretari.<\/li>\n<\/ul>\n<p>Les decisions dels Jurats seran inapel\u00b7lables.<\/p>\n<h3>Sisena<\/h3>\n<p>Els premis a atorgar seran els seg\u00fcents:<\/p>\n<p><strong>Fase pr\u00e8via<\/strong><\/p>\n<p>En la fase de selecci\u00f3 entre les diferents categories dels diferents Centres d&#8217;Ensenyament participants, s&#8217;obsequiar\u00e0 cada participant, individual o de manera col\u00b7lectiva, segons la seua elecci\u00f3 a l&#8217;hora de presentar la seua inscripci\u00f3.<\/p>\n<p>Els guanyadors de cadascuna de les categories rebran un premi i distinci\u00f3.<\/p>\n<p>Els alumnes de Categoria Especial rebran un obsequi per participant i un premi \u00fanic dins de la seua categoria.<\/p>\n<p><strong>Fase final<\/strong><\/p>\n<p>Participaran tots els treballs premiats en la fase pr\u00e8via, en atenci\u00f3 a les diferents categories. S&#8217;obsequiar\u00e0 els millors treballs per cadascuna d&#8217;aquestes, passant els treballs premiats a l&#8217;\u00faltima fase on es decidir\u00e0 la maqueta que mereix, segons el parer del Jurat, ser la guanyadora final del Concurs, mereixent aquesta la distinci\u00f3 de ser realitzada a grand\u00e0ria d&#8217;1 per 0,5 metres i on figurar\u00e0 en lloc visible i destacat la seg\u00fcent inscripci\u00f3: <strong>&#8220;Premi absolut del XXI Concurs Escolar de Maquetes de Gaiata. Guanyador i Centre Escolar&#8221;<\/strong>.<\/p>\n<p>At\u00e9s que les maquetes poden presentar-se de manera individual o col\u00b7lectiva, els premis seran d&#8217;un valor equivalent, de manera que el valor d&#8217;un premi atorgat a un guanyador individual siga igual a la suma dels atorgats a un premi col\u00b7lectiu.<\/p>\n<p>S&#8217;estableix un premi especial Fundaci\u00f3 Caixa Castell\u00f3 que s&#8217;entregar\u00e0 al centre escolar del guanyador absolut d&#8217;aquest concurs consistent en l&#8217;assist\u00e8ncia de la totalitat de la classe de l&#8217;esmentat alumne\/s a la col\u00f2nia Seidia durant una jornada, incloent-hi despeses de transport, menjar i tallers de car\u00e0cter mediambiental. La data s&#8217;establir\u00e0 segons disponibilitat i d&#8217;acord amb el centre escolar.<\/p>\n<p>Significar de manera especial que, en la decisi\u00f3 del Premi Absolut, es valorar\u00e0 la viabilitat del projecte i la seua execuci\u00f3.<\/p>\n<p>El resultat del Jurat es far\u00e0 p\u00fablic a trav\u00e9s dels mitjans de comunicaci\u00f3, en la mateixa data de la seua emissi\u00f3, quedant exposat el treball guanyador, aix\u00ed com tots els seleccionats per a aquesta fase final, en el Museu Etnol\u00f3gic, <strong>entre el 24 de febrer i el 10 de mar\u00e7<\/strong>. Recollida de treballs <strong>12 de mar\u00e7 fins les 19h hores<\/strong><\/p>\n<p>Destacar que, en cap cas, podr\u00e0 quedar desert el Concurs en cap de les seues fases i categories.<\/p>\n","protected":false},"excerpt":{"rendered":"<p>Els patrocinadors, conscients que entre les tradicions m\u00e9s significatives i singulars de la Ciutat de Castell\u00f3, reflex dels primitius pobladors, i que el s\u00edmbol de les festes de la nostra Ciutat \u00e9s la &#8220;gaiata&#8221;, convoquen el XXI Concurs de Maquetes de Gaiates entre els escolars de Centres d&#8217;Educaci\u00f3 de Prim\u00e0ria, Secund\u00e0ria i Especial, tot aix\u00f2 [&hellip;]<\/p>\n","protected":false},"author":1,"featured_media":0,"parent":121983,"menu_order":0,"comment_status":"closed","ping_status":"closed","template":"","meta":{"footnotes":""},"class_list":["post-121985","page","type-page","status-publish","hentry"],"_links":{"self":[{"href":"https:\/\/sequiol.es\/vl\/wp-json\/wp\/v2\/pages\/121985","targetHints":{"allow":["GET"]}}],"collection":[{"href":"https:\/\/sequiol.es\/vl\/wp-json\/wp\/v2\/pages"}],"about":[{"href":"https:\/\/sequiol.es\/vl\/wp-json\/wp\/v2\/types\/page"}],"author":[{"embeddable":true,"href":"https:\/\/sequiol.es\/vl\/wp-json\/wp\/v2\/users\/1"}],"replies":[{"embeddable":true,"href":"https:\/\/sequiol.es\/vl\/wp-json\/wp\/v2\/comments?post=121985"}],"version-history":[{"count":1,"href":"https:\/\/sequiol.es\/vl\/wp-json\/wp\/v2\/pages\/121985\/revisions"}],"predecessor-version":[{"id":121986,"href":"https:\/\/sequiol.es\/vl\/wp-json\/wp\/v2\/pages\/121985\/revisions\/121986"}],"up":[{"embeddable":true,"href":"https:\/\/sequiol.es\/vl\/wp-json\/wp\/v2\/pages\/121983"}],"wp:attachment":[{"href":"https:\/\/sequiol.es\/vl\/wp-json\/wp\/v2\/media?parent=121985"}],"curies":[{"name":"wp","href":"https:\/\/api.w.org\/{rel}","templated":true}]}}