{"id":121983,"date":"2023-09-13T11:10:00","date_gmt":"2023-09-13T09:10:00","guid":{"rendered":"https:\/\/sequiol.es\/?page_id=121983"},"modified":"2024-02-23T10:48:39","modified_gmt":"2024-02-23T09:48:39","slug":"xxi-concurs-escolar-de-maquetes-de-gaiata-ciutat-de-castello","status":"publish","type":"page","link":"https:\/\/sequiol.es\/vl\/historic\/concurs-maquetes\/xxi-concurs-escolar-de-maquetes-de-gaiata-ciutat-de-castello\/","title":{"rendered":"XXI Concurs Escolar de Maquetes de Gaiata &#8220;Ciutat de Castell\u00f3&#8221;"},"content":{"rendered":"<p><a href=\"https:\/\/sequiol.es\/wp-content\/uploads\/2024\/02\/maqueta-2024.jpg\"><img loading=\"lazy\" decoding=\"async\" class=\"alignnone size-full wp-image-124386\" src=\"https:\/\/sequiol.es\/wp-content\/uploads\/2024\/02\/maqueta-2024.jpg\" alt=\"\" width=\"640\" height=\"960\" \/><\/a><\/p>\n<p style=\"text-align: center;\">Lema: &#8220;<em><strong>Fanalet de festa<\/strong><\/em>&#8221;<br \/>\nAutor: <em><strong>Sergio Tirado Roca<\/strong><\/em><br \/>\nCol\u00b7legi: <em><strong>CEIP Fadrell<\/strong><\/em><\/p>\n<p>&nbsp;<\/p>\n<p><a href=\"https:\/\/sequiol.es\/vl\/historic\/concurs-maquetes\/formulari-dinscripcio\/\">Formulari d&#8217;inscripci\u00f3<\/a><\/p>\n<p><a href=\"https:\/\/sequiol.es\/vl\/historic\/concurs-maquetes\/xxi-concurs-escolar-de-maquetes-de-gaiata-ciutat-de-castello\/bases-xxi-concurs-escolar-de-maquetes-de-gaiates\/\">Bases del XXI Concurs<\/a><\/p>\n<p><a href=\"https:\/\/sequiol.es\/vl\/historic\/concurs-maquetes\/definicio-i-construccio-duna-gaiata\/\">Definici\u00f3 i construcci\u00f3 d&#8217;una gaiata<\/a><\/p>\n<p><a href=\"https:\/\/sequiol.es\/vl\/historic\/concurs-maquetes\/ajuda-en-la-construccio-de-la-maqueta\/\">Ajuda en la construcci\u00f3 de la maqueta<\/a><\/p>\n<p><a href=\"https:\/\/sequiol.es\/vl\/historic\/concurs-maquetes\/logotips-dajuda-per-a-la-construccio-de-la-teua-gaiata\/\">Logotips d&#8217;ajuda per a la construcci\u00f3 de la teua Gaiata<\/a><\/p>\n<p>&nbsp;<\/p>\n","protected":false},"excerpt":{"rendered":"<p>Lema: &#8220;Fanalet de festa&#8221; Autor: Sergio Tirado Roca Col\u00b7legi: CEIP Fadrell &nbsp; Formulari d&#8217;inscripci\u00f3 Bases del XXI Concurs Definici\u00f3 i construcci\u00f3 d&#8217;una gaiata Ajuda en la construcci\u00f3 de la maqueta Logotips d&#8217;ajuda per a la construcci\u00f3 de la teua Gaiata &nbsp;<\/p>\n","protected":false},"author":1,"featured_media":102628,"parent":12705,"menu_order":210,"comment_status":"closed","ping_status":"closed","template":"","meta":{"footnotes":""},"class_list":["post-121983","page","type-page","status-publish","has-post-thumbnail","hentry"],"_links":{"self":[{"href":"https:\/\/sequiol.es\/vl\/wp-json\/wp\/v2\/pages\/121983","targetHints":{"allow":["GET"]}}],"collection":[{"href":"https:\/\/sequiol.es\/vl\/wp-json\/wp\/v2\/pages"}],"about":[{"href":"https:\/\/sequiol.es\/vl\/wp-json\/wp\/v2\/types\/page"}],"author":[{"embeddable":true,"href":"https:\/\/sequiol.es\/vl\/wp-json\/wp\/v2\/users\/1"}],"replies":[{"embeddable":true,"href":"https:\/\/sequiol.es\/vl\/wp-json\/wp\/v2\/comments?post=121983"}],"version-history":[{"count":6,"href":"https:\/\/sequiol.es\/vl\/wp-json\/wp\/v2\/pages\/121983\/revisions"}],"predecessor-version":[{"id":124394,"href":"https:\/\/sequiol.es\/vl\/wp-json\/wp\/v2\/pages\/121983\/revisions\/124394"}],"up":[{"embeddable":true,"href":"https:\/\/sequiol.es\/vl\/wp-json\/wp\/v2\/pages\/12705"}],"wp:featuredmedia":[{"embeddable":true,"href":"https:\/\/sequiol.es\/vl\/wp-json\/wp\/v2\/media\/102628"}],"wp:attachment":[{"href":"https:\/\/sequiol.es\/vl\/wp-json\/wp\/v2\/media?parent=121983"}],"curies":[{"name":"wp","href":"https:\/\/api.w.org\/{rel}","templated":true}]}}