{"id":114725,"date":"2023-02-15T23:42:18","date_gmt":"2023-02-15T22:42:18","guid":{"rendered":"https:\/\/sequiol.es\/?page_id=114725"},"modified":"2023-03-03T08:09:54","modified_gmt":"2023-03-03T07:09:54","slug":"xx-concurs-escolar-maquetes-gaiates-ciutat-de-castello","status":"publish","type":"page","link":"https:\/\/sequiol.es\/vl\/historic\/concurs-maquetes\/xx-concurs-escolar-maquetes-gaiates-ciutat-de-castello\/","title":{"rendered":"XX Concurs Escolar Maquetes Gaiates &#8220;Ciutat de Castell\u00f3&#8221;"},"content":{"rendered":"<p><a href=\"https:\/\/sequiol.es\/wp-content\/uploads\/2023\/03\/maqueta-2023.png\"><img loading=\"lazy\" decoding=\"async\" src=\"https:\/\/sequiol.es\/wp-content\/uploads\/2023\/03\/maqueta-2023-640x960.png\" alt=\"\" width=\"640\" height=\"960\" class=\"alignnone size-large wp-image-115201\" srcset=\"https:\/\/sequiol.es\/wp-content\/uploads\/2023\/03\/maqueta-2023-640x960.png 640w, https:\/\/sequiol.es\/wp-content\/uploads\/2023\/03\/maqueta-2023-200x300.png 200w, https:\/\/sequiol.es\/wp-content\/uploads\/2023\/03\/maqueta-2023-768x1152.png 768w, https:\/\/sequiol.es\/wp-content\/uploads\/2023\/03\/maqueta-2023-1024x1536.png 1024w, https:\/\/sequiol.es\/wp-content\/uploads\/2023\/03\/maqueta-2023.png 1200w\" sizes=\"auto, (max-width: 640px) 100vw, 640px\" \/><\/a><\/p>\n<p style=\"text-align: center;\">Lema: &#8220;<em><strong>Llum i color<\/strong><\/em>&#8221;<br \/>\nAutor: <em><strong>Nicol\u00e1s Cabello P\u00e9rez<\/strong><\/em><br \/>\nCol\u00b7legi: <em><strong>CEIP Isabel Ferrer<\/strong><\/em><\/p>\n<p>&nbsp;<\/p>\n<p><a href=\"https:\/\/sequiol.es\/vl\/historic\/concurs-maquetes\/formulari-dinscripcio\/\">Formulari d&#8217;inscripci\u00f3<\/a><\/p>\n<p><a href=\"https:\/\/sequiol.es\/vl\/historic\/concurs-maquetes\/xx-concurs-escolar-maquetes-gaiates-ciutat-de-castello\/bases-xx-concurs-escolar-maquetes-gaiates\/\">Bases del XX Concurs<\/a><\/p>\n<p><a href=\"https:\/\/sequiol.es\/vl\/historic\/concurs-maquetes\/definicio-i-construccio-duna-gaiata\/\">Definici\u00f3 i construcci\u00f3 d&#8217;una gaiata<\/a><\/p>\n<p><a href=\"https:\/\/sequiol.es\/vl\/historic\/concurs-maquetes\/ajuda-en-la-construccio-de-la-maqueta\/\">Ajuda en la construcci\u00f3 de la maqueta<\/a><\/p>\n<p><a href=\"https:\/\/sequiol.es\/vl\/historic\/concurs-maquetes\/logotips-dajuda-per-a-la-construccio-de-la-teua-gaiata\/\">Logotips d&#8217;ajuda per a la construcci\u00f3 de la teua Gaiata<\/a><\/p>\n","protected":false},"excerpt":{"rendered":"<p>Lema: &#8220;Llum i color&#8221; Autor: Nicol\u00e1s Cabello P\u00e9rez Col\u00b7legi: CEIP Isabel Ferrer &nbsp; Formulari d&#8217;inscripci\u00f3 Bases del XX Concurs Definici\u00f3 i construcci\u00f3 d&#8217;una gaiata Ajuda en la construcci\u00f3 de la maqueta Logotips d&#8217;ajuda per a la construcci\u00f3 de la teua Gaiata<\/p>\n","protected":false},"author":1,"featured_media":114729,"parent":12705,"menu_order":200,"comment_status":"closed","ping_status":"closed","template":"","meta":{"footnotes":""},"class_list":["post-114725","page","type-page","status-publish","has-post-thumbnail","hentry"],"_links":{"self":[{"href":"https:\/\/sequiol.es\/vl\/wp-json\/wp\/v2\/pages\/114725","targetHints":{"allow":["GET"]}}],"collection":[{"href":"https:\/\/sequiol.es\/vl\/wp-json\/wp\/v2\/pages"}],"about":[{"href":"https:\/\/sequiol.es\/vl\/wp-json\/wp\/v2\/types\/page"}],"author":[{"embeddable":true,"href":"https:\/\/sequiol.es\/vl\/wp-json\/wp\/v2\/users\/1"}],"replies":[{"embeddable":true,"href":"https:\/\/sequiol.es\/vl\/wp-json\/wp\/v2\/comments?post=114725"}],"version-history":[{"count":6,"href":"https:\/\/sequiol.es\/vl\/wp-json\/wp\/v2\/pages\/114725\/revisions"}],"predecessor-version":[{"id":115207,"href":"https:\/\/sequiol.es\/vl\/wp-json\/wp\/v2\/pages\/114725\/revisions\/115207"}],"up":[{"embeddable":true,"href":"https:\/\/sequiol.es\/vl\/wp-json\/wp\/v2\/pages\/12705"}],"wp:featuredmedia":[{"embeddable":true,"href":"https:\/\/sequiol.es\/vl\/wp-json\/wp\/v2\/media\/114729"}],"wp:attachment":[{"href":"https:\/\/sequiol.es\/vl\/wp-json\/wp\/v2\/media?parent=114725"}],"curies":[{"name":"wp","href":"https:\/\/api.w.org\/{rel}","templated":true}]}}