{"id":104245,"date":"2021-11-15T19:06:09","date_gmt":"2021-11-15T18:06:09","guid":{"rendered":"https:\/\/sequiol.es\/?page_id=104245"},"modified":"2021-11-17T18:50:06","modified_gmt":"2021-11-17T17:50:06","slug":"xvii-concurs-escolar-maquetes-gaiates-ciutat-de-castello","status":"publish","type":"page","link":"https:\/\/sequiol.es\/vl\/historic\/concurs-maquetes\/xvii-concurs-escolar-maquetes-gaiates-ciutat-de-castello\/","title":{"rendered":"XVII Concurs Escolar Maquetes Gaiates &#8220;Ciutat de Castell\u00f3&#8221;"},"content":{"rendered":"\r\n<div class=\"wp-block-image\">\r\n<figure class=\"aligncenter size-large\"><img decoding=\"async\" class=\"wp-image-102092\" src=\"https:\/\/sequiol.es\/wp-content\/uploads\/2020\/03\/JURADO-MAQUETAS_9871-640x960.jpg\" alt=\"\" \/><\/figure>\r\n<\/div>\r\n\r\n\r\n\r\n<p class=\"has-text-align-center\">Lema: <strong><em>&#8220;El pilar de la Ciutat&#8221;<\/em><\/strong> Autor:<strong> Ferran Leon Haro<\/strong> Col\u00b7legi: <strong>CEIP Isidoro Andr\u00e9s<\/strong><\/p>\r\n\r\n\r\n\r\n<div class=\"wp-block-buttons is-content-justification-center is-layout-flex wp-block-buttons-is-layout-flex\">\r\n<div class=\"wp-block-button\"><a class=\"wp-block-button__link has-background\" style=\"border-radius: 20px; background-color: #00d442;\" href=\"https:\/\/sequiol.es\/vl\/jurat-xvii-concurs-maquetes-gaiates\/\">La decisi\u00f3 del jurat<\/a><\/div>\r\n<\/div>\r\n\r\n\r\n\r\n<div class=\"wp-block-buttons is-content-justification-center is-layout-flex wp-block-buttons-is-layout-flex\">\r\n<div class=\"wp-block-button\"><a class=\"wp-block-button__link has-background\" style=\"border-radius: 20px; background-color: #00d442;\" href=\"https:\/\/sequiol.es\/vl\/xvii-exposicio-maquetes-gaiates\/\">L&#8217;exposici\u00f3 de maquetes<\/a><\/div>\r\n<\/div>\r\n\r\n\r\n<hr class=\"wp-block-separator\" \/>\r\n\r\n<p><a href=\"https:\/\/sequiol.es\/vl\/bases-xvii-concurs-escolar-de-maquetes-de-gaiates\/\" data-type=\"page\">Bases del XVII Concurs Escolar de Maquetes de Gaiata &#8220;Ciutat de Castell\u00f3&#8221;<\/a><\/p>\r\n\r\n<p><a href=\"https:\/\/sequiol.es\/es\/historico\/concurso-maquetas\/formulario-de-inscripcion-concurso-maquetas\/\" data-type=\"page\" data-id=\"6423\">Formulari d&#8217;inscripci\u00f3<\/a><\/p>\r\n\r\n<p><a href=\"https:\/\/sequiol.es\/vl\/historic\/concurs-maquetes\/definicio-i-construccio-duna-gaiata\/\" data-type=\"page\" data-id=\"6324\">Definici\u00f3: qu\u00e8 \u00e9s una gaiata?<\/a><\/p>\r\n\r\n<p><a href=\"https:\/\/sequiol.es\/vl\/historic\/concurs-maquetes\/ajuda-en-la-construccio-de-la-maqueta\/\" data-type=\"page\" data-id=\"6328\">Ajuda en la construcci\u00f3 de la maqueta<\/a><\/p>\r\n\r\n<p><a href=\"https:\/\/sequiol.es\/vl\/historic\/concurs-maquetes\/logotips-dajuda-per-a-la-construccio-de-la-teua-gaiata\/\" data-type=\"page\" data-id=\"6358\">Logotips d&#8217;ajuda per a la construcci\u00f3n de la teua gaiata<\/a><\/p>\r\n","protected":false},"excerpt":{"rendered":"<p>Lema: &#8220;El pilar de la Ciutat&#8221; Autor: Ferran Leon Haro Col\u00b7legi: CEIP Isidoro Andr\u00e9s Bases del XVII Concurs Escolar de Maquetes de Gaiata &#8220;Ciutat de Castell\u00f3&#8221; Formulari d&#8217;inscripci\u00f3 Definici\u00f3: qu\u00e8 \u00e9s una gaiata? Ajuda en la construcci\u00f3 de la maqueta Logotips d&#8217;ajuda per a la construcci\u00f3n de la teua gaiata<\/p>\n","protected":false},"author":1,"featured_media":0,"parent":12705,"menu_order":170,"comment_status":"closed","ping_status":"closed","template":"","meta":{"footnotes":""},"class_list":["post-104245","page","type-page","status-publish","hentry"],"_links":{"self":[{"href":"https:\/\/sequiol.es\/vl\/wp-json\/wp\/v2\/pages\/104245","targetHints":{"allow":["GET"]}}],"collection":[{"href":"https:\/\/sequiol.es\/vl\/wp-json\/wp\/v2\/pages"}],"about":[{"href":"https:\/\/sequiol.es\/vl\/wp-json\/wp\/v2\/types\/page"}],"author":[{"embeddable":true,"href":"https:\/\/sequiol.es\/vl\/wp-json\/wp\/v2\/users\/1"}],"replies":[{"embeddable":true,"href":"https:\/\/sequiol.es\/vl\/wp-json\/wp\/v2\/comments?post=104245"}],"version-history":[{"count":4,"href":"https:\/\/sequiol.es\/vl\/wp-json\/wp\/v2\/pages\/104245\/revisions"}],"predecessor-version":[{"id":104251,"href":"https:\/\/sequiol.es\/vl\/wp-json\/wp\/v2\/pages\/104245\/revisions\/104251"}],"up":[{"embeddable":true,"href":"https:\/\/sequiol.es\/vl\/wp-json\/wp\/v2\/pages\/12705"}],"wp:attachment":[{"href":"https:\/\/sequiol.es\/vl\/wp-json\/wp\/v2\/media?parent=104245"}],"curies":[{"name":"wp","href":"https:\/\/api.w.org\/{rel}","templated":true}]}}