{"id":104240,"date":"2021-11-15T19:30:39","date_gmt":"2021-11-15T18:30:39","guid":{"rendered":"https:\/\/sequiol.es\/?page_id=104240"},"modified":"2021-11-17T18:23:21","modified_gmt":"2021-11-17T17:23:21","slug":"bases-xvii-concurs-escolar-de-maquetes-de-gaiates","status":"publish","type":"page","link":"https:\/\/sequiol.es\/vl\/historic\/concurs-maquetes\/xvii-concurs-escolar-maquetes-gaiates-ciutat-de-castello\/bases-xvii-concurs-escolar-de-maquetes-de-gaiates\/","title":{"rendered":"Bases XVII Concurs Escolar de Maquetes de Gaiates"},"content":{"rendered":"\r\n\r\nEls patrocinadors, conscients de que entre les tradicions m\u00e9s significatives i singulars de la Ciutat de Castell\u00f3, reflex dels primitius pobladors, i que el s\u00edmbol de les festes de la nostra ciutat \u00e9s la &#8220;gaiata&#8221;, convoca el XVII Concurs de Maquetes de Gaiates entre els escolars de Centres d&#8217;Educaci\u00f3 de Prim\u00e0ria, Secund\u00e0ria i Especial, tot aix\u00f2 amb la finalitat d&#8217;impulsar el coneixement entre els m\u00e9s joves dels requisits, significats i condicions que ha de reunir el monument que representa les Festes Fundacionals del Castell\u00f3.\r\n\r\n\r\n\r\nAl mateix temps i a aquests efectes, han signat amb l&#8217;Associaci\u00f3 Cultural Gaiata 15 &#8220;Sequiol&#8221; un Conveni de Col\u00b7laboraci\u00f3 per tal d&#8217;organitzar i desenvolupar les diferents fases de que consta el proc\u00e9s de difusi\u00f3, programaci\u00f3 i execuci\u00f3 del mateix, tot aix\u00f2 sense perjudici que s&#8217;ampli\u00ef la participaci\u00f3 d&#8217;altres Comissions de Sector que vulguin col\u0387laborar amb les dues entitats.\r\n\r\n\r\n\r\nEl concurs es convoca amb la vocaci\u00f3 de que en el mateix pueguin participar tots els Centres d&#8217;Educaci\u00f3, tant de Prim\u00e0ria com de Secund\u00e0ria y d&#8217;Educaci\u00f3n Especial, desitgen participar.\r\n\r\n\r\n\r\nAquest Concurs resta subjecte al compliment de les seg\u00fcents\r\n\r\n\r\n<h2 class=\"has-text-align-center\" style=\"text-align: center;\"><strong>BASES<\/strong><\/h2>\r\n\r\n<h3><strong>Primera <\/strong><\/h3>\r\n\r\n\r\nEls escolars realitzaran els seus treballs amb plena llibertat de tema i de materials, tenint en compte que el referent no \u00e9s altre que la Gaiata, representaci\u00f3 d\u2019aquells gaiatos il\u00b7luminats que van ser el seu origen, sent el gaiato l\u2019element indispensable perqu\u00e8 la Gaiata es consideri com tal, sense perjudici de quants altres elements puguin valorar-se de conformitat amb les presents bases.\r\n\r\n\r\n<h3><strong>Segona<\/strong><\/h3>\r\n\r\n\r\nPer a la seva participaci\u00f3 ha d\u2019emplenar la butlleta d\u2019inscripci\u00f3 que s\u2019adjunta amb les presents bases, i on han de constar, inexcusablement, les dades seg\u00fcents:\r\n\r\n\r\n<ol class=\"wp-block-list\">\r\n \t<li>Cognoms\u00a0y nom del escolar.<\/li>\r\n \t<li>Corre electr\u00f2nic y tel\u00e8fon de contacte.<\/li>\r\n \t<li>Centre Educatiu al que perteneix, amb\u00a0indicaci\u00f3 de l\u2019adre\u00e7a del Centre, curs al que perteneix y nom del tutor del curs.<\/li>\r\n \t<li>Correu electr\u00f2nic y tel\u00e8fon de contacte del centre educatiu<\/li>\r\n \t<li>Lema del treball presentat.<\/li>\r\n \t<li>Breu resum de las caracter\u00edstiques que l\u2019escolar desitge destacar en\u00a0relaci\u00f3 al seu treball.<\/li>\r\n<\/ol>\r\n\r\n\r\nAt\u00e8s que la participaci\u00f3 al mateix ho podr\u00e0 ser tant de forma individual com col\u00b7lectiva, en aquest \u00faltim cas s\u2019ha de fer constar de forma expressa en la butlleta d\u2019inscripci\u00f3, la forma d\u2019agrupaci\u00f3 que, si s\u2019escau s\u2019hagin triat (grup d\u2019alumnes, curs acad\u00e8mic, \u2026)\r\n\r\n\r\n\r\nPer a la seva admissi\u00f3 en el Concurs ser\u00e0 necess\u00e0ria la remissi\u00f3 del butllet\u00ed a l\u2019Associaci\u00f3 Cultural Gaiata 15 \u201cSequiol\u201d, amb domicili en\u00a0Calle Herrero, 63 \u2013 12005 Castell\u00f3n de la Plana,\u00a0a trav\u00e9s de la p\u00e0gina web https:\/\/sequiol.es, o mitjan\u00e7ant el propi Centre Escolar.\r\n\r\n\r\n\r\nA trav\u00e9s de la indicada p\u00e0gina web podran sol\u00b7licitar tota la informaci\u00f3 desitgin sobre el concurs, aix\u00ed com de tota la informaci\u00f3 de suport necessiten tant del Concurs com de les caracter\u00edstiques o condicions exigides per a la seua participaci\u00f3.\r\n\r\n\r\n\r\nLa presentaci\u00f3 d\u2019aquesta documentaci\u00f3 exposada anteriorment ho ser\u00e0 fins al dia <strong>2 de mar\u00e7 de 2020, a les 15:00 hores<\/strong>, i suposar\u00e0 l\u2019acceptaci\u00f3 \u00edntegra de les presents bases.\r\n\r\n\r\n<h3><strong>Tercera <\/strong><\/h3>\r\n\r\n\r\nLa llibertat de tema i de materials (qualssevol que permetin el desenvolupament de la feina) no pot quedar aliena a unes m\u00ednimes, per\u00f2 necess\u00e0ries normes que permetin una homogene\u00eftzaci\u00f3, tant en l\u2019elaboraci\u00f3 dels diferents treballs, com en la formaci\u00f3 del conjunt dels mateixos , aix\u00ed com la valoraci\u00f3 per part dels jurats escolars i el Jurat final del Concurs.\r\n\r\n\r\n\r\nAix\u00ed, l\u2019al\u00e7ada de la maqueta ser\u00e0 de 50 cent\u00edmetres, podent disposar d\u2019il\u00b7luminaci\u00f3, sent aquesta una caracter\u00edstica a considerar en la resoluci\u00f3 del Jurat, sense perjudici de la valoraci\u00f3 sobre l\u2019imaginaci\u00f3, adequaci\u00f3 a les presents bases i creativitat del treball a presentar.\r\n\r\n\r\n\r\nEn la composici\u00f3 de constar l\u2019anagrama representatiu del Concurs, aix\u00ed com, de considerar l\u2019escolar, el logotip o anagrama representatiu d\u2019una Comissi\u00f3 de Sector.\r\n\r\n\r\n<h3><strong>Quarta<\/strong><\/h3>\r\n\r\n\r\nS\u2019estableixen tres categories tenint com a base l\u2019edat dels participants, sense perjudici de la pertinen\u00e7a a cadascun dels Cursos Escolars englobats en cadascuna de les categories, a saber:\r\n\r\n\r\n<ul class=\"wp-block-list\">\r\n \t<li><strong>Primera categoria<\/strong>: Escolars de 1er, 2n y 3er de Prim\u00e0ria.<\/li>\r\n \t<li><strong>Segona categoria<\/strong>: Escolars de 4rt, 5\u00e8 y 6\u00e8 de Prim\u00e0ria.<\/li>\r\n \t<li><strong>Tercera categoria<\/strong>: Escolars de 1er, 2n, 3er y 4rt de Secund\u00e0ria.<\/li>\r\n<\/ul>\r\n\r\n\r\nAdem\u00e1s d\u2019aquestes categories, s\u2019estableix una\u00a0<strong>categoria especial<\/strong>\u00a0per als centres i associacions d\u2019Educaci\u00f3 Especial.\r\n\r\n\r\n<h3><strong>Cinquena<\/strong><\/h3>\r\n\r\n\r\nEls jurats que deliberaran i decidiran les diferents fases del Concurs seran els seg\u00fcents:\r\n\r\n\r\n<ul class=\"wp-block-list\">\r\n \t<li><strong>Fase pr\u00e8via: <\/strong>Estaran formats per professors que realitzaran, amb el suport dels membres de l\u2019Associaci\u00f3 Cultural Gaiata 15 \u201cSequiol\u201d si ho desitgen, la selecci\u00f3 dels treballs que mereixen el premi en cadascuna de les categories, exercint un d\u2019ells el c\u00e0rrec de Secretari a fi d\u2019aixecar acta del resultat, i havent de decidir el seu veredicte abans del <strong>3 de mar\u00e7 de 2020<\/strong><\/li>\r\n \t<li><strong>Fase final<\/strong>: Estar\u00e0 compost per un nombre determinat de persones que seran elegides pel patrocinador i per l\u2019Associaci\u00f3 Cultural Gaiata 15 \u201cSequiol\u201d, havent emetre el seu veredicte el <strong>5 de mar\u00e7 de 2020<\/strong>, al\u00e7ant-se acta del resultat per part del secretari.<\/li>\r\n<\/ul>\r\n\r\n\r\nLes fallades dels Jurats seran inapel\u00b7lables.\r\n\r\n\r\n<h3><strong>Sisena<\/strong><\/h3>\r\n\r\n\r\nEls premis a atorgar seran els seg\u00fcents:\r\n\r\n\r\n<p style=\"padding-left: 40px;\"><strong>Fase pr\u00e8via<\/strong><\/p>\r\n<p style=\"padding-left: 40px;\">En la fase de selecci\u00f3 entre les diferents categories dels diferents Centres d\u2019Ensenyament participants, s\u2019obsequiar\u00e0 a cada participant, individualment o de forma col\u00b7lectiva, segons la seua elecci\u00f3 a l\u2019hora de presentar la seua inscripci\u00f3.<\/p>\r\n<p style=\"padding-left: 40px;\">Els guanyadors de cadascuna de les categories rebran un premi i distinci\u00f3.<\/p>\r\n<p style=\"padding-left: 40px;\">Els alumnes de Categoria Especial rebran un obsequi per participant i un premi \u00fanic dins de la seva categoria.<\/p>\r\n<p style=\"padding-left: 40px;\"><strong>Fase final<\/strong><\/p>\r\n<p style=\"padding-left: 40px;\">Hi participaran tots els treballs premiats en la fase pr\u00e8via, en atenci\u00f3 a les diferents categories. S\u2019obsequiar\u00e0 als millors treballs per cadascuna de les mateixes, passant els treballs premiats a la darrera fase on es decidir\u00e0 la maqueta que mereix, segons el parer del Jurat, ser la guanyadora final del Concurs, mereixent aquesta la distinci\u00f3 de ser realitzada a mida d\u20191 per 0,5 metres i on figurar\u00e0 en lloc visible i destacat la seg\u00fcent inscripci\u00f3:\u00a0<strong>\u201cPremi absolut de la XVII Concurs Escolar de maquetes de Gaiata (Patrocinador). Guanyador i Centre Escolar \u201c<\/strong>.<\/p>\r\n\r\n\r\nAt\u00e8s que les maquetes poden presentar-se de forma individual o col\u00b7lectiva, els premis seran d\u2019un valor equivalent, de manera que el valor d\u2019un premi atorgat a un guanyador individual sigui igual a la suma dels atorgats a un premi col\u00b7lectiu.\r\n\r\n\r\n\r\nS\u2019estableix un premi especial Fundaci\u00f3 Caixa Castell\u00f3 que s\u2019entregar\u00e0 al centre escolar del guanyador absolut d\u2019aquest concurs constistent en l\u2019asist\u00e8ncia de la totalitat de la classe del dit alumne\/s a la col\u00f2nia Seidia durant una jornada, incloent despeses de transport, menjar i tallers de caracter mediambiental. La data s\u2019establir\u00e0 segons disponibilitat i d\u2019acord amb el centre escolar.\r\n\r\n\r\n\r\nSignificar de manera especial que, en la decisi\u00f3 del Premi Absolut, es valorar\u00e0 la viabilitat del projecte i la seva execuci\u00f3.\r\n\r\n\r\n\r\nEl resultat del Jurat es far\u00e0 p\u00fablic a trav\u00e9s dels mitjans de comunicaci\u00f3, en la mateixa data de la seva emissi\u00f3, quedant exposat el treball guanyador, aix\u00ed com tots els seleccionats per a aquesta fase final, al Museu Etnol\u00f2gic, Carrer Cavallers, 25, Castell\u00f3, <strong>des del dia 7 de mar\u00e7 de 2020 fins el dia 22 de mar\u00e7 de 2020<\/strong>.\r\n\r\n\r\n\r\nPels alumnes que estiguen interessats en recuperar les seues maquetes, la retirada dels treballs podr\u00e0 realitzar-se en el mateix Museu Etnol\u00f2gic el dia 23 de mar\u00e7 de 2020 fins les 19 hores. Aquells treballs que no siguen retirats en la data indicada, no s&#8217;en far\u00e0 responsable l&#8217;Associaci\u00f3.\r\n\r\n\r\n\r\nCal destacar que, en cap cas, podr\u00e0 quedar desert el Concurs en cap de les seves fases i categories.\r\n\r\n\r\n<div class=\"wp-block-file\"><a href=\"https:\/\/sequiol.es\/wp-content\/uploads\/2021\/02\/FORMULARIO-INSCRIPCION.jpg\">FORMULARIO-INSCRIPCION <\/a><a class=\"wp-block-file__button\" href=\"https:\/\/sequiol.es\/wp-content\/uploads\/2021\/02\/FORMULARIO-INSCRIPCION.jpg\" download=\"\">Descarga<\/a><\/div>\r\n","protected":false},"excerpt":{"rendered":"<p>Els patrocinadors, conscients de que entre les tradicions m\u00e9s significatives i singulars de la Ciutat de Castell\u00f3, reflex dels primitius pobladors, i que el s\u00edmbol de les festes de la nostra ciutat \u00e9s la &#8220;gaiata&#8221;, convoca el XVII Concurs de Maquetes de Gaiates entre els escolars de Centres d&#8217;Educaci\u00f3 de Prim\u00e0ria, Secund\u00e0ria i Especial, tot [&hellip;]<\/p>\n","protected":false},"author":1,"featured_media":0,"parent":104245,"menu_order":0,"comment_status":"closed","ping_status":"closed","template":"","meta":{"footnotes":""},"class_list":["post-104240","page","type-page","status-publish","hentry"],"_links":{"self":[{"href":"https:\/\/sequiol.es\/vl\/wp-json\/wp\/v2\/pages\/104240","targetHints":{"allow":["GET"]}}],"collection":[{"href":"https:\/\/sequiol.es\/vl\/wp-json\/wp\/v2\/pages"}],"about":[{"href":"https:\/\/sequiol.es\/vl\/wp-json\/wp\/v2\/types\/page"}],"author":[{"embeddable":true,"href":"https:\/\/sequiol.es\/vl\/wp-json\/wp\/v2\/users\/1"}],"replies":[{"embeddable":true,"href":"https:\/\/sequiol.es\/vl\/wp-json\/wp\/v2\/comments?post=104240"}],"version-history":[{"count":1,"href":"https:\/\/sequiol.es\/vl\/wp-json\/wp\/v2\/pages\/104240\/revisions"}],"predecessor-version":[{"id":104243,"href":"https:\/\/sequiol.es\/vl\/wp-json\/wp\/v2\/pages\/104240\/revisions\/104243"}],"up":[{"embeddable":true,"href":"https:\/\/sequiol.es\/vl\/wp-json\/wp\/v2\/pages\/104245"}],"wp:attachment":[{"href":"https:\/\/sequiol.es\/vl\/wp-json\/wp\/v2\/media?parent=104240"}],"curies":[{"name":"wp","href":"https:\/\/api.w.org\/{rel}","templated":true}]}}