{"id":102729,"date":"2021-04-20T18:38:03","date_gmt":"2021-04-20T16:38:03","guid":{"rendered":"https:\/\/sequiol.es\/?page_id=102729"},"modified":"2021-11-15T20:13:54","modified_gmt":"2021-11-15T19:13:54","slug":"xviii-concurs-escolar-maquetes-gaiata-ciutat-de-castello","status":"publish","type":"page","link":"https:\/\/sequiol.es\/vl\/historic\/concurs-maquetes\/xviii-concurs-escolar-maquetes-gaiata-ciutat-de-castello\/","title":{"rendered":"XVIII Concurs Escolar Maquetes Gaiata &#8220;Ciutat de Castell\u00f3&#8221;"},"content":{"rendered":"\n<div class=\"wp-block-image\"><figure class=\"aligncenter size-large\"><img loading=\"lazy\" decoding=\"async\" width=\"640\" height=\"960\" src=\"https:\/\/sequiol.es\/wp-content\/uploads\/2021\/04\/JURADO-MAQUETAS_0556-1-640x960.jpg\" alt=\"\" class=\"wp-image-102092\" srcset=\"https:\/\/sequiol.es\/wp-content\/uploads\/2021\/04\/JURADO-MAQUETAS_0556-1-640x960.jpg 640w, https:\/\/sequiol.es\/wp-content\/uploads\/2021\/04\/JURADO-MAQUETAS_0556-1-200x300.jpg 200w, https:\/\/sequiol.es\/wp-content\/uploads\/2021\/04\/JURADO-MAQUETAS_0556-1-768x1152.jpg 768w, https:\/\/sequiol.es\/wp-content\/uploads\/2021\/04\/JURADO-MAQUETAS_0556-1-1024x1536.jpg 1024w, https:\/\/sequiol.es\/wp-content\/uploads\/2021\/04\/JURADO-MAQUETAS_0556-1-1365x2048.jpg 1365w, https:\/\/sequiol.es\/wp-content\/uploads\/2021\/04\/JURADO-MAQUETAS_0556-1-scaled.jpg 1707w\" sizes=\"auto, (max-width: 640px) 100vw, 640px\" \/><\/figure><\/div>\n\n\n\n<p class=\"has-text-align-center\">Lema: <strong><em>&#8220;Ha arribat la Magdalena 2020-2021&#8221;<\/em><\/strong><br>Autor:<strong> Nicol\u00e1s Cabello Ferrer<\/strong><br>Col\u00b7legi: <strong>CEIP Isabel Ferrer<\/strong><\/p>\n\n\n\n<p><a href=\"https:\/\/sequiol.es\/vl\/xviii-edicio-del-concurs-escolar-de-maquetes-de-gaiata-ciutat-de-castello-premi-lorenzo-ramirez-que-organitza-la-c-gaiata-15-sequiol\/\" data-type=\"post\">Recollida de treballs y preparaci\u00f3<\/a><\/p>\n\n\n\n<p><a href=\"https:\/\/sequiol.es\/vl\/xviii-edicio-del-concurs-escolar-de-maquetes-de-gaiata-ciutat-de-castello-premi-lorenzo-ramirez-que-organitza-la-c-gaiata-15-sequiol-la-decisio-del-jurat\/\" data-type=\"post\">La decisi\u00f3 del jurat<\/a><\/p>\n\n\n\n<p><a href=\"https:\/\/sequiol.es\/vl\/xviii-edicio-del-concurs-escolar-de-maquetes-de-gaiata-ciutat-de-castello-premi-lorenzo-ramirez-que-organitza-la-c-gaiata-15-sequiol-lexposicio-de-maquetes\/\" data-type=\"post\">L&#8217;exposici\u00f3 de maquetes<\/a><\/p>\n\n\n\n<hr class=\"wp-block-separator\"\/>\n\n\n\n<p><a href=\"https:\/\/sequiol.es\/vl\/historic\/concurs-maquetes\/xviii-concurs-escolar-maquetes-gaiata-ciutat-de-castello\/bases-xviii-concurs-escolar-de-maquetes-de-gaiates\/\" data-type=\"page\">Bases del XVIII Concurs Escolar de Maquetes de Gaiata &#8220;Ciutat de Castell\u00f3&#8221;<\/a><\/p>\n\n\n\n<p><a href=\"https:\/\/sequiol.es\/es\/historico\/concurso-maquetas\/formulario-de-inscripcion-concurso-maquetas\/\" data-type=\"page\" data-id=\"6423\">Formulari d&#8217;inscripci\u00f3<\/a><\/p>\n\n\n\n<p><a href=\"https:\/\/sequiol.es\/vl\/historic\/concurs-maquetes\/definicio-i-construccio-duna-gaiata\/\" data-type=\"page\" data-id=\"12772\">Definici\u00f3: qu\u00e8 \u00e9s una gaiata?<\/a><\/p>\n\n\n\n<p><a href=\"https:\/\/sequiol.es\/vl\/historic\/concurs-maquetes\/ajuda-en-la-construccio-de-la-maqueta\/\" data-type=\"page\" data-id=\"12774\">Ajuda en la construcci\u00f3 de la maqueta<\/a><\/p>\n\n\n\n<p><a href=\"https:\/\/sequiol.es\/vl\/historic\/concurs-maquetes\/logotips-dajuda-per-a-la-construccio-de-la-teua-gaiata\/\" data-type=\"page\" data-id=\"12776\">Logotips d&#8217;ajuda per a la construcci\u00f3n de la teua gaiata<\/a><\/p>\n","protected":false},"excerpt":{"rendered":"<p>Lema: &#8220;Ha arribat la Magdalena 2020-2021&#8221;Autor: Nicol\u00e1s Cabello FerrerCol\u00b7legi: CEIP Isabel Ferrer Recollida de treballs y preparaci\u00f3 La decisi\u00f3 del jurat L&#8217;exposici\u00f3 de maquetes Bases del XVIII Concurs Escolar de Maquetes de Gaiata &#8220;Ciutat de Castell\u00f3&#8221; Formulari d&#8217;inscripci\u00f3 Definici\u00f3: qu\u00e8 \u00e9s una gaiata? Ajuda en la construcci\u00f3 de la maqueta Logotips d&#8217;ajuda per a la [&hellip;]<\/p>\n","protected":false},"author":1,"featured_media":0,"parent":12705,"menu_order":180,"comment_status":"closed","ping_status":"closed","template":"","meta":{"footnotes":""},"class_list":["post-102729","page","type-page","status-publish","hentry"],"_links":{"self":[{"href":"https:\/\/sequiol.es\/vl\/wp-json\/wp\/v2\/pages\/102729","targetHints":{"allow":["GET"]}}],"collection":[{"href":"https:\/\/sequiol.es\/vl\/wp-json\/wp\/v2\/pages"}],"about":[{"href":"https:\/\/sequiol.es\/vl\/wp-json\/wp\/v2\/types\/page"}],"author":[{"embeddable":true,"href":"https:\/\/sequiol.es\/vl\/wp-json\/wp\/v2\/users\/1"}],"replies":[{"embeddable":true,"href":"https:\/\/sequiol.es\/vl\/wp-json\/wp\/v2\/comments?post=102729"}],"version-history":[{"count":6,"href":"https:\/\/sequiol.es\/vl\/wp-json\/wp\/v2\/pages\/102729\/revisions"}],"predecessor-version":[{"id":104233,"href":"https:\/\/sequiol.es\/vl\/wp-json\/wp\/v2\/pages\/102729\/revisions\/104233"}],"up":[{"embeddable":true,"href":"https:\/\/sequiol.es\/vl\/wp-json\/wp\/v2\/pages\/12705"}],"wp:attachment":[{"href":"https:\/\/sequiol.es\/vl\/wp-json\/wp\/v2\/media?parent=102729"}],"curies":[{"name":"wp","href":"https:\/\/api.w.org\/{rel}","templated":true}]}}