{"id":71922,"date":"2018-10-26T11:35:32","date_gmt":"2018-10-26T09:35:32","guid":{"rendered":"https:\/\/sequiol.es\/?page_id=71922"},"modified":"2018-10-26T12:02:38","modified_gmt":"2018-10-26T10:02:38","slug":"xvi-concurso-maquetas-gaiatas-ciudad-de-castellon","status":"publish","type":"page","link":"https:\/\/sequiol.es\/es\/historico\/concurso-maquetas\/xvi-concurso-maquetas-gaiatas-ciudad-de-castellon\/","title":{"rendered":"XVI CONCURSO MAQUETAS GAIATAS \u00abCIUDAD DE CASTELLON\u00bb"},"content":{"rendered":"<p><img loading=\"lazy\" decoding=\"async\" class=\"aligncenter size-full wp-image-71919\" src=\"https:\/\/sequiol.es\/wp-content\/uploads\/2018\/10\/XVI-Concurs-Maquetes.jpg\" alt=\"\" width=\"631\" height=\"707\" srcset=\"https:\/\/sequiol.es\/wp-content\/uploads\/2018\/10\/XVI-Concurs-Maquetes.jpg 631w, https:\/\/sequiol.es\/wp-content\/uploads\/2018\/10\/XVI-Concurs-Maquetes-200x224.jpg 200w\" sizes=\"auto, (max-width: 631px) 100vw, 631px\" \/><\/p>\n<p>Ya est\u00e1 convocado el XVI Concurso Escolar de Maquetas de Gaiatas \u00abCiudad de Castell\u00f3n\u00bb<\/p>\n<p>Aqu\u00ed tienes todos los enlaces al formulario de inscripci\u00f3n, las bases del XVI concurso y las ayudas necesarias para la construcci\u00f3n de tu maqueta.<\/p>\n<p>&nbsp;<\/p>\n<p><a title=\"Formulario de inscripci\u00f3n\" href=\"http:\/\/sequiol.es\/concurso-maquetas\/formulario-de-inscripcion-concurso-maquetas\/\">Formulario de inscripci\u00f3n<\/a><\/p>\n<p><a href=\"https:\/\/sequiol.es\/wp-content\/uploads\/2018\/10\/Bases-XVI-Concurso-Escolar-de-Maquetas-de-Gaiatas-1.docx\">Bases XVI Concurso Escolar de Maquetas de Gaiatas<\/a><\/p>\n<p><a title=\"Definici\u00f3n y construcci\u00f3n de una Gaiata\" href=\"http:\/\/sequiol.es\/concurso-maquetas\/definicion-y-construccion-de-una-gaiata\/\">Definici\u00f3n y construcci\u00f3n de una Gaiata<\/a><\/p>\n<p><a title=\"Ayuda en la construcci\u00f3n de la maqueta\" href=\"http:\/\/sequiol.es\/concurso-maquetas\/ayuda-en-la-construccion-de-la-maqueta\/\">Ayuda en la construcci\u00f3n de la maqueta<\/a><\/p>\n<p><a title=\"Logotipos de ayuda para la construcci\u00f3n de tu Gaiata\" href=\"http:\/\/sequiol.es\/concurso-maquetas\/logotipos-de-ayuda-para-la-construccion-de-tu-gaiata\/\">Logotipos de ayuda para la construcci\u00f3n de tu Gaiata<\/a><\/p>\n","protected":false},"excerpt":{"rendered":"<p>Ya est\u00e1 convocado el XVI Concurso Escolar de Maquetas de Gaiatas \u00abCiudad de Castell\u00f3n\u00bb Aqu\u00ed tienes todos los enlaces al formulario de inscripci\u00f3n, las bases del XVI concurso y las ayudas necesarias para la construcci\u00f3n de tu maqueta. &nbsp; Formulario de inscripci\u00f3n Bases XVI Concurso Escolar de Maquetas de Gaiatas Definici\u00f3n y construcci\u00f3n de una [&hellip;]<\/p>\n","protected":false},"author":4,"featured_media":0,"parent":121,"menu_order":160,"comment_status":"closed","ping_status":"closed","template":"","meta":{"footnotes":""},"class_list":["post-71922","page","type-page","status-publish","hentry"],"_links":{"self":[{"href":"https:\/\/sequiol.es\/es\/wp-json\/wp\/v2\/pages\/71922","targetHints":{"allow":["GET"]}}],"collection":[{"href":"https:\/\/sequiol.es\/es\/wp-json\/wp\/v2\/pages"}],"about":[{"href":"https:\/\/sequiol.es\/es\/wp-json\/wp\/v2\/types\/page"}],"author":[{"embeddable":true,"href":"https:\/\/sequiol.es\/es\/wp-json\/wp\/v2\/users\/4"}],"replies":[{"embeddable":true,"href":"https:\/\/sequiol.es\/es\/wp-json\/wp\/v2\/comments?post=71922"}],"version-history":[{"count":5,"href":"https:\/\/sequiol.es\/es\/wp-json\/wp\/v2\/pages\/71922\/revisions"}],"predecessor-version":[{"id":71931,"href":"https:\/\/sequiol.es\/es\/wp-json\/wp\/v2\/pages\/71922\/revisions\/71931"}],"up":[{"embeddable":true,"href":"https:\/\/sequiol.es\/es\/wp-json\/wp\/v2\/pages\/121"}],"wp:attachment":[{"href":"https:\/\/sequiol.es\/es\/wp-json\/wp\/v2\/media?parent=71922"}],"curies":[{"name":"wp","href":"https:\/\/api.w.org\/{rel}","templated":true}]}}