{"id":67,"date":"2014-07-14T18:58:43","date_gmt":"2014-07-14T16:58:43","guid":{"rendered":"http:\/\/sequiol.es\/?page_id=67"},"modified":"2014-07-15T07:26:11","modified_gmt":"2014-07-15T05:26:11","slug":"constitucion","status":"publish","type":"page","link":"https:\/\/sequiol.es\/es\/gaiata\/constitucion\/","title":{"rendered":"Constituci\u00f3n"},"content":{"rendered":"<h2>NACE UN NUEVO SECTOR<\/h2>\n<p>La noticia escueta que podr\u00eda encabezar la secci\u00f3n festera de cualquier publicaci\u00f3n local, es, en esta ocasi\u00f3n, algo m\u00e1s que una pura noticia para ustedes, vecinos precisamente de este nuevo Sector que nace este a\u00f1o y se integra de lleno en unas fiestas que Castell\u00f3n celebra desde m\u00e1s de seis siglos.<\/p>\n<p>No vamos a pretender en este n\u00famero inicial del informativo, que, de forma peri\u00f3dica, ir\u00e1 llevando hasta las casas de todos y cada uno de los vecinos de este nuevo Sector, las inquietudes de la Comisi\u00f3n de la Gaiata, ense\u00f1arles a ustedes qu\u00e9 son nuestras fiestas y d\u00f3nde y por qu\u00e9 nacieron; en primer lugar, porque la cosa no es sencilla, ni mucho menos, y, en \u00faltimo y m\u00e1s importante t\u00e9rmino, porque muchos de ustedes las conocen lo suficientemente bien como para que ahora tengamos la pretensi\u00f3n de iniciarlos en una costumbre que probablemente es suya desde el mismo momento en que vieron la primera luz, luminosa y mediterr\u00e1nea, de nuestro Castell\u00f3n.<\/p>\n<p>Pero si es noticia el nacimiento, este a\u00f1o, de una nueva Comisi\u00f3n, de un nuevo Sector, en definitiva, que se vaya a integrar a los que ya han nacido a impulsos de la nueva orientaci\u00f3n que se quiere dar a nuestras m\u00e1s tradicionales fiestas: las de la Magdalena.<\/p>\n<p>Es noticia porque, desde que las Fiestas de la Magdalena, de la mano de aquellos hombres que supieron tener visi\u00f3n de futuro, all\u00e1 por el a\u00f1o 1944 y que encabezaron un alcalde inolvidable, D. Benjamin Fabregat, y un castellonero de los pies a la cabeza, creador de ese inigualable \u00abPreg\u00f3 de Festes\u00bb e impulsor siempre de nuestras cosas m\u00e1s propias, D. Manuel Segarra Ribes. La estructura de la fiesta no hab\u00eda tenido variaci\u00f3n alguna y a nadie se le escapa que el CasteIl\u00f3n de la posguerra no se asemejaba en casi nada al desbordante Castell\u00f3n de nuestros d\u00edas, que ha multiplicado, una y otra vez, su poblaci\u00f3n, hasta convertirse en esta Ciudad de cerca de ciento cuarenta mil almas, con sus problemas y sus ilusiones.<\/p>\n<p>Lo cierto es que unas fiestas de pura extracci\u00f3n popular, como son las nuestras, por mor del crecimiento desmesurado y espacial de la Ciudad se hab\u00edan hecho, cada vez m\u00e1s, para unos pocos, aquellos que viv\u00edan en uno de los lugares privilegiados, cerca del centro de los antiguos sectores, creados antes de la gran expansi\u00f3n de los a\u00f1os sesenta. Y este a\u00f1o se ha intentado comenzar a paliar el problema; creando otros, es verdad, pero dando oportunidad al pueblo de Castell\u00f3n de participar, de una vez, decisivamente tal vez, en la g\u00e9nesis de nuestras fiestas, para que se haga realidad el empe\u00f1o de que las fiestas salgan del pueblo para volver a \u00e9l.<\/p>\n<p>As\u00ed nace la Comisi\u00f3n de la \u00abGaiata del Sequiol\u00bb, la que, en los fr\u00edos guarismos, lleve el 15 (esa \u00abni\u00f1a bonita\u00bb de los aficionados a los juegos de azar, que esperamos acompa\u00f1e la andadura de una Comisi\u00f3n que, ahora, se inicia). Y, aunque nace, no se puede decir que est\u00e9 formada por personas que no \u00absepan lo que es una Comisi\u00f3n de Sector\u00bb, porque, entre sus integrantes, hay personas que \u00abse las saben todas\u00bb y tienen \u00abm\u00e1s de mil horas de rodaje\u00bb: ya los ir\u00e1n conociendo, poco a poco.<\/p>\n<p>Pero, quiz\u00e1s, la mayor de las novedades resida en que el hecho de que, por vez primera en la historia de nuestras fiestas, una mujer, una valiente y experimentada mujer, a pesar de su juventud, se pone a la cabeza de una Comisi\u00f3n de Sector. Esto es uno de los detalles que va a diferenciar a nuestra \u00abGaiata\u00bb de las dem\u00e1s, pero no deseamos, ninguno de los miembros de la Comisi\u00f3n, que sea el \u00fanico.<\/p>\n<p>Pretendemos iniciar el trabajo con una pol\u00edtica de puertas abiertas, de forma que, en cualquier momento y en cualquier circunstancia, todos los vecinos del Sector del \u00abSequiol\u00bb van a poder saber c\u00f3mo van nuestras cosas y tendr\u00e1n participaci\u00f3n directa de nuestras tareas, de una forma m\u00e1s que la puramente econ\u00f3mica (o, al menos, \u00e9ste seria nuestro deseo); la Comisi\u00f3n la formamos unos pocos, pero en representaci\u00f3n de todos y cada uno de los vecinos del Sector, que deber\u00e1n \u00abarrimar el hombro\u00bb, para que, al final, podamos sentirnos todos satisfechos de nuestra andadura en pro de unas mejores fiestas para Castell\u00f3n. ,<\/p>\n<p>Esta es, en breve s\u00edntesis, nuestra exposici\u00f3n de deseos frente a la nueva \u00abtemporada gaiatera\u00bb. De la conjunci\u00f3n de los esfuerzos, de unos y otros, puede nacer esta etapa nueva para este Sector que nace ahora mismo: el Sector del \u00abSequiol\u00bb.<\/p>\n<p>Su colaboraci\u00f3n y su comprensi\u00f3n ser\u00e1n imprescindibles para ello.<\/p>\n<h2>EL PORQUE DE UN NOMBRE \/ EL PORQUE DE UN SIMBOLO<\/h2>\n<p>Como todo reci\u00e9n nacido, nuestro nuevo Sector ha tenido que buscar sus se\u00f1as de identidad (esas que, hoy en dia, est\u00e1n tan de moda invocar muchas veces, sin saber demasiado por qu\u00e9 y cu\u00e1les), con las que aparecer ante el resto de los que configuran, en apretada uni\u00f3n, ese conjunto de \u00abentes\u00bb dedicados, \u00fanica y exclusivamente, a pensar en las Fiestas de la Magdalena, nuestras m\u00e1s tradicionales fiestas, a pesar de los pesares, ven conservar las m\u00e1s puras esencias de ese Castell\u00f3n que, poco a poco, se ha ido despersonalizando a causa de su r\u00e1pido crecimiento.<\/p>\n<p>Y, realmente, poco tuvimos que pensar los miembros de la Comisi\u00f3n de este nuevo Sector, el 15, en el orden de los creados en Castell\u00f3n, puesto que la cosa estaba bien clara.<\/p>\n<p>\u00bfQu\u00e9 nombre podr\u00eda mejor representar nuestra reci\u00e9n creada \u00abgaiata\u00bb que aquel que lo fuera de toda una \u00e9poca de la vida de Castell\u00f3n? Y as\u00ed surgi\u00f3, sin dudar, la respuesta&#8217; el nuevo Sector se ten\u00eda que llamar \u00e9l \u00abSequiol\u00bb. Y no hay nada m\u00e1s que hablar.<\/p>\n<p>No hab\u00eda nada m\u00e1s que hablar, porque si un \u00abalgo\u00bb hab\u00eda habido de representativo en el interior del nuevo Sector, nada tan entra\u00f1able como aquel desaparecido campo de f\u00fatbol; Esa denominaci\u00f3n tan huertana (lo que, por entonces era una feraz y cuidada huerta, hoy convertida en jungla de asfalto en algunas partes y solamente de tierra por desgracia todav\u00eda, en otras), tan castellonera y que, de inmediato localizar\u00edan el Sector con s\u00f3lo su denominaci\u00f3n.<\/p>\n<p>Porque, a pesar de que, hace m\u00e1s de veinte a\u00f1os, el viejo campo dej\u00f3 su lugar de haza\u00f1as deportivas tras una lamentable decisi\u00f3n de los directivos del Club decano, del m\u00e1s representativo Club de F\u00fatbol Castellonense, y de los ediles municipales, se convert\u00eda en zona dedicada a la ense\u00f1anza, cosa que ha venido haciendo hasta la fecha, primero como Escuela Normal de Maestros y, ahora, en su nueva denominaci\u00f3n, conocida por todos, no ha sido olvidado, ni mucho menos.<\/p>\n<p>Y no es que estemos contra la ense\u00f1anza, naturalmente, sino que pensamos que lugares para levantar una nueva escuela, entonces, hab\u00edan muchos y, sin embargo, se dejaba a Castell\u00f3n sin una instalaci\u00f3n deportiva que, ahora, lloramos.<\/p>\n<p>El \u00abSequiol\u00bb hab\u00eda dejado su denominaci\u00f3n, con toda seguridad, a una peque\u00f1a acequia que corr\u00eda a sus espaldas y donde, en m\u00e1s de una ocasi\u00f3n tuvieron que apagar sus acaloramientos los hinchas de algunos equipos regionales, cuando todav\u00eda la rivalidad regional era algo con significado. Era \u00abel sequiol\u00bb de donde se extra\u00eda \u00abel agua milagrosa\u00bb, ese \u00abcuralotodo\u00bb que hac\u00eda revivir en instantes, a los m\u00e1s maltrechos jugadores, tras un lance del juego no demasiado ortodoxo.<\/p>\n<p>Bien, ya tenemos nombre; pero \u00bfcu\u00e1l ser\u00e1 nuestro s\u00edmbolo?<\/p>\n<p>Aqu\u00ed tampoco las dudas fueron demasiado grandes, por que un elemento fue consustancial con nuestro Sector, como tambi\u00e9n lo fuera con otros lugares de Castell\u00f3n, pero, quiz\u00e1s, aqu\u00ed con m\u00e1s fuerza porque su paso (el paso de esa \u00abPanderola\u00bb que figura en nuestro emblema) fue el paso de un amigo que marcaba las horas del d\u00eda, que, justamente en nuestro Sector, abandonaba la ciudad y se fund\u00eda con el campo, con ese campo que hizo preciso su tendido all\u00e1 por el a\u00f1o 1889, facilitando, de esta forma, las comunicaciones entre las zonas agr\u00edcolas de Almazora, Villarreal y Burriana con las industriales de Onda (en pleno desarrollo cer\u00e1mico) y los puertos de Castell\u00f3n y Burriana, escaparates de nuestra exportaci\u00f3n, ya importante en la \u00e9poca.<\/p>\n<p>Los m\u00e1s viejos todav\u00eda recordar\u00e1n sus pitidos, cuando abandonaba la actual calle Herrero (entonces poco m\u00e1s que un conjunto de almacenes dedicados a la comercializaci\u00f3n de nuestras naranjas) y, siguiendo la l\u00ednea que forman las actuales calles Maestro Bret\u00f3n y avenida de Almazora, se adentraba en una feraz huerta, con olores de azahar, en primavera, y frutos dorados en sus ramas, con la llegada del oto\u00f1o-invierno. Eran otros tiempos, en los que los ni\u00f1os, todav\u00eda, pod\u00edan jugar en libertad por las calles, donde el \u00fanico peligro era precisamente esa amiga, la \u00abPanderola\u00bb, que anunciaba su paso con alegr\u00eda, su paso cansino, a veces: pero siempre simp\u00e1tico y colorista.<\/p>\n<p>Y fue precisamente nuestro Sector, cuando una tarde del a\u00f1o 1963 despidi\u00f3 con l\u00e1grimas en los ojos a esa vieja m\u00e1quina y aquellos desvencijados vagones en su postrer recorrido hasta la ya entonces floreciente e industriosa Onda. Un paso cargado de emociones, que todav\u00eda recordar\u00e1n algunos y que, quiz\u00e1s, los m\u00e1s j\u00f3venes, han o\u00eddo de labios de sus mayores, cuando, en las tardes grises invernales, tras los h\u00famedos cristales de un mirador sobre una calle de asfalto, han cre\u00eddo reconocer la voz de una que fue amiga para todos, que nos trajo los aromas de nuestros campos hasta la mar y de \u00e9ste hasta nuestras monta\u00f1as, de quien se constituyera casi como s\u00edmbolo de toda una ciudad y que ahora hemos querido reivindicar para nuestra Comisi\u00f3n.<\/p>\n<p>Los que no sean castellonenses, quienes no conocieron aquella especie de \u00abmonstruo simp\u00e1tico\u00bb que era la \u00abPanderola\u00bb, quiz\u00e1s puedan conocer, un poco m\u00e1s, de ese Castell\u00f3n que es ahora tan suyo como nuestro, porque es nuestra intenci\u00f3n irles aproximando a nuestras m\u00e1s entra\u00f1ables cosas, a trav\u00e9s de estas p\u00e1ginas informativas<\/p>\n<p><em>Extra\u00eddo de nuestro primer llibret &#8211; Magdalena 1982<\/em><\/p>\n","protected":false},"excerpt":{"rendered":"<p>NACE UN NUEVO SECTOR La noticia escueta que podr\u00eda encabezar la secci\u00f3n festera de cualquier publicaci\u00f3n local, es, en esta ocasi\u00f3n, algo m\u00e1s que una pura noticia para ustedes, vecinos precisamente de este nuevo Sector que nace este a\u00f1o y se integra de lleno en unas fiestas que Castell\u00f3n celebra desde m\u00e1s de seis siglos. [&hellip;]<\/p>\n","protected":false},"author":1,"featured_media":0,"parent":65,"menu_order":1,"comment_status":"open","ping_status":"open","template":"","meta":{"footnotes":""},"class_list":["post-67","page","type-page","status-publish","hentry"],"_links":{"self":[{"href":"https:\/\/sequiol.es\/es\/wp-json\/wp\/v2\/pages\/67","targetHints":{"allow":["GET"]}}],"collection":[{"href":"https:\/\/sequiol.es\/es\/wp-json\/wp\/v2\/pages"}],"about":[{"href":"https:\/\/sequiol.es\/es\/wp-json\/wp\/v2\/types\/page"}],"author":[{"embeddable":true,"href":"https:\/\/sequiol.es\/es\/wp-json\/wp\/v2\/users\/1"}],"replies":[{"embeddable":true,"href":"https:\/\/sequiol.es\/es\/wp-json\/wp\/v2\/comments?post=67"}],"version-history":[{"count":4,"href":"https:\/\/sequiol.es\/es\/wp-json\/wp\/v2\/pages\/67\/revisions"}],"predecessor-version":[{"id":224,"href":"https:\/\/sequiol.es\/es\/wp-json\/wp\/v2\/pages\/67\/revisions\/224"}],"up":[{"embeddable":true,"href":"https:\/\/sequiol.es\/es\/wp-json\/wp\/v2\/pages\/65"}],"wp:attachment":[{"href":"https:\/\/sequiol.es\/es\/wp-json\/wp\/v2\/media?parent=67"}],"curies":[{"name":"wp","href":"https:\/\/api.w.org\/{rel}","templated":true}]}}