{"id":65,"date":"2014-07-14T18:58:16","date_gmt":"2014-07-14T16:58:16","guid":{"rendered":"http:\/\/sequiol.es\/?page_id=65"},"modified":"2014-10-21T13:58:26","modified_gmt":"2014-10-21T11:58:26","slug":"gaiata","status":"publish","type":"page","link":"https:\/\/sequiol.es\/es\/gaiata\/","title":{"rendered":"Gaiata"},"content":{"rendered":"<p>Qui\u00e9n pueda estar viendo esta web y leyendo estas l\u00edneas sin haber estado nunca ligado a una Gaiata, podr\u00eda pensar qu\u00e9 sentido tiene dedicar su tiempo libre, seguramente el poco que tiene, a trabajar dentro de una Comisi\u00f3n de Sector como la nuestra, Sequiol.<\/p>\n<p>Quiz\u00e1s habr\u00eda que empezar por explicar qu\u00e9 es una Gaiata.<\/p>\n<p>La Gaiata es el monumento representativo por excelencia de las fiestas de Castell\u00f3n, un estallido de luz \u201csense foc ni fum\u201d, se\u00f1era de nuestra identidad como pueblo. Es una obra de arte que cada a\u00f1o se elabora con las manos expertas de los miembros de la comisi\u00f3n de Sequiol. Porque artista es aquel que dise\u00f1a el boceto, artista es quien a partir de aquel esbozo elabora los planos y mide palmo a palmo el material necesario para su construcci\u00f3n. Y artistas son quienes pintan las cristaleras, quienes preparan el cuadro el\u00e9ctrico con los m\u00e1s espectaculares cambios de luz, los carpinteros que le dan al monumento esos brazos que lo hacen bailar, artistas y de los buenos son todas y cada una de las personas que cada viernes se re\u00fanen en el almac\u00e9n de Gaiatas para hacer crecer y dar vida a nuestro monumento gaiatero.<\/p>\n<p>Gaiata es tambi\u00e9n la gente que prepara la Presentaci\u00f3n en el Palau de la Festa, quien dise\u00f1a el escenario, quien escoge la m\u00fasica, la luz, las palabras, quienes montan las mesas y las decoran, quienes organizan el protocolo, quien recibe a los invitados, quienes se encargan de las flores y obsequios, las bandas e insignias, para que todo el mundo sepa cu\u00e1n orgullosos estamos de nuestros representantes y de nuestra gente.<\/p>\n<p>Gaiata es la gente que cada a\u00f1o crea nuestro Llibret, que adem\u00e1s de la programaci\u00f3n de los actos de la semana grande, incluye todas las actividades en las cuales la asociaci\u00f3n cultural ha participado de forma activa. Y presenta a nuestros orgullosos chicos y chicas, ni\u00f1os y ni\u00f1as, que con el vestido tradicional, de castelloneros o labradores, da igual, nos representan con una elegancia propia de quien se sabe portador del \u201corgull de genealog\u00eda\u201d. Y tambi\u00e9n, naturalmente, el llibret trata cada a\u00f1o de hacer una aportaci\u00f3n cultural extraordinaria escogiendo con mucho cari\u00f1o art\u00edculos relacionados con nuestra tierra, nuestras fiestas y tradiciones, nuestro \u201camor pairal\u201d.<\/p>\n<p>Gaiata son los amigos que mantienen nuestra p\u00e1gina web y actualizan sus contenidos cada d\u00eda, quienes mantienen informados permanentemente a socios, amigos e internautas de nuestras actividades ordinarias y extraordinarias.<\/p>\n<p>Gaiata es la gente del equipo de futbito, que con m\u00e1s pasi\u00f3n que profesi\u00f3n disfrutan y nos hacen disfrutar cada fin de semana como si fuera la final de la Champions.<\/p>\n<p>Gaiata es el grupo de danzas tradicionales que cada viernes ensaya el bolero, la jota, \u201cles marineries\u201d, y en cada actuaci\u00f3n nos hace sentir realmente orgullosos de nuestros danzantes de la 15. Como orgullosos nos hacen sentir los miembros del Grupo de \u201cDol\u00e7aina i Tabal\u201d interpretando por todas partes piezas cada vez m\u00e1s complicadas.<\/p>\n<p>Gaiata son los artistas sin oficio que cada a\u00f1o nos hacer re\u00edr a carcajadas en la representaci\u00f3n de la obra de teatro valenciano. Si divertida es la actuaci\u00f3n, no menos divertidos son los ensayos.<\/p>\n<p>Gaiata son los maestros cocineros de nuestra asociaci\u00f3n, quien cada viernes prepara una buena cena en el almac\u00e9n de gaiatas para los constructores del monumento, quien en cada acto organiza el \u00e1gape con qu\u00e9 agradecer la presencia de nuestros invitados, quienes en la semana de fiestas elaboran para todos los socios del sector los almuerzos y comidas con los cuales la 15 quiere hacer barrio, hacer sector y hermandad de fiesta.<\/p>\n<p>Gaiata son esos socios que nos permiten mantener viva la ilusi\u00f3n de continuar. Porque con su esfuerzo econ\u00f3mico, su apoyo emocional y su presencia, nos dan fuerzas para continuar a\u00f1o tras a\u00f1o al frente de un proyecto anual, sin fin, reinventando, con imaginaci\u00f3n y muchas, much\u00edsimas ganas de superarnos.<\/p>\n<p>Y por supuesto, Gaiata son nuestros ni\u00f1os y nuestros j\u00f3venes representantes. Los que hacen del Cau su estadio de f\u00fatbol, su pista de patinaje, el sal\u00f3n de baile y juegos, su sala de fiestas y reuniones. Los que siempre est\u00e1n por el medio, los que siempre aumentan el ruido a niveles insospechados, los que lo esparcen todo r\u00e1pidamente pero desaparecen cuando toca recoger, aquellos con inocencia, aquellos con piller\u00eda, aquellos que nos hacen sonre\u00edr en cada momento y que alg\u00fan d\u00eda ser\u00e1n los encargados de continuar la tarea de mantener la Panderola, naturalmente, corre que vuela.<\/p>\n<p>Por eso, si t\u00fa que lees estas l\u00edneas tienes unas buenas manos para la marqueter\u00eda, o te gusta trastear con cables, chips o tenazas, si tienes buena pluma, o si por el contrario lo que te gusta es pegarle patadas al bal\u00f3n, o tienes madera de artista, o te encanta bailar, o tienes gracia con la dol\u00e7aina, o buena mano en la cocina, o eres un crack de la organizaci\u00f3n y el buen gusto, o un manitas de la inform\u00e1tica, t\u00fa tienes un lugar en la Gaiata, en nuestra Gaiata.<\/p>\n<p>Dice nuestro Preg\u00f3n que ir a la Romer\u00eda no es tan s\u00f3lo ir de fiesta. Como estar dentro de una Gaiata es mucho m\u00e1s que pas\u00e1rselo bien y lucirse. Hay que trabajar, y duro, adem\u00e1s sin ninguna remuneraci\u00f3n. Pero la satisfacci\u00f3n despu\u00e9s de un trabajo bien hecho, y encima compartida con un amplio grupo de amigos, esto no tiene precio, lo compensa todo.<br \/>\n\u00a1Ven a la quince, aqu\u00ed hay sitio para ti!<\/p>\n","protected":false},"excerpt":{"rendered":"<p>Qui\u00e9n pueda estar viendo esta web y leyendo estas l\u00edneas sin haber estado nunca ligado a una Gaiata, podr\u00eda pensar qu\u00e9 sentido tiene dedicar su tiempo libre, seguramente el poco que tiene, a trabajar dentro de una Comisi\u00f3n de Sector como la nuestra, Sequiol. Quiz\u00e1s habr\u00eda que empezar por explicar qu\u00e9 es una Gaiata. La [&hellip;]<\/p>\n","protected":false},"author":1,"featured_media":0,"parent":0,"menu_order":1,"comment_status":"open","ping_status":"open","template":"","meta":{"footnotes":""},"class_list":["post-65","page","type-page","status-publish","hentry"],"_links":{"self":[{"href":"https:\/\/sequiol.es\/es\/wp-json\/wp\/v2\/pages\/65","targetHints":{"allow":["GET"]}}],"collection":[{"href":"https:\/\/sequiol.es\/es\/wp-json\/wp\/v2\/pages"}],"about":[{"href":"https:\/\/sequiol.es\/es\/wp-json\/wp\/v2\/types\/page"}],"author":[{"embeddable":true,"href":"https:\/\/sequiol.es\/es\/wp-json\/wp\/v2\/users\/1"}],"replies":[{"embeddable":true,"href":"https:\/\/sequiol.es\/es\/wp-json\/wp\/v2\/comments?post=65"}],"version-history":[{"count":3,"href":"https:\/\/sequiol.es\/es\/wp-json\/wp\/v2\/pages\/65\/revisions"}],"predecessor-version":[{"id":3980,"href":"https:\/\/sequiol.es\/es\/wp-json\/wp\/v2\/pages\/65\/revisions\/3980"}],"wp:attachment":[{"href":"https:\/\/sequiol.es\/es\/wp-json\/wp\/v2\/media?parent=65"}],"curies":[{"name":"wp","href":"https:\/\/api.w.org\/{rel}","templated":true}]}}