{"id":6358,"date":"2015-01-21T00:48:00","date_gmt":"2015-01-20T23:48:00","guid":{"rendered":"http:\/\/sequiol.es\/?page_id=6358"},"modified":"2017-10-18T13:17:42","modified_gmt":"2017-10-18T11:17:42","slug":"logotipos-de-ayuda-para-la-construccion-de-tu-gaiata","status":"publish","type":"page","link":"https:\/\/sequiol.es\/es\/historico\/concurso-maquetas\/logotipos-de-ayuda-para-la-construccion-de-tu-gaiata\/","title":{"rendered":"Logotipos de ayuda para la construcci\u00f3n de tu Gaiata"},"content":{"rendered":"<p>Recordemos que los elementos indispensables para que nuestra maqueta entre en concurso son: el gayato, el escudo de la ciudad y el logotipo del concurso. Adem\u00e1s puedes a\u00f1adir el logotipo de la Gaiata de tu sector.<\/p>\n<p>As\u00ed pues, aqu\u00ed puedes encontrar esos logotipos. Para guardarlos en tu ordenador, basta con que pinches sobre la imagen y se abrir\u00e1 una nueva pesta\u00f1a con la imagen a tama\u00f1o real. Sobre \u00e9sta pinchas con el bot\u00f3n derecho y eliges \u00ab<em>Guardar imagen como &#8230;<\/em>\u00bb<\/p>\n<h4>Elementos indispensables<\/h4>\n<div id=\"attachment_6363\" style=\"width: 166px\" class=\"wp-caption alignleft\"><a target=\"_blank\" href=\"http:\/\/sequiol.es\/wp-content\/uploads\/2015\/01\/logos-escudo-castellon.jpg\" target=\"_blank\"><img loading=\"lazy\" decoding=\"async\" aria-describedby=\"caption-attachment-6363\" class=\"size-full wp-image-6363\" src=\"http:\/\/sequiol.es\/wp-content\/uploads\/2015\/01\/logos-escudo-castellon.jpg\" alt=\"Escudo de Castell\u00f3n\" width=\"156\" height=\"190\" \/><\/a><p id=\"caption-attachment-6363\" class=\"wp-caption-text\">Escudo de Castell\u00f3n<\/p><\/div>\n<div id=\"attachment_6361\" style=\"width: 87px\" class=\"wp-caption alignleft\"><a target=\"_blank\" href=\"http:\/\/sequiol.es\/wp-content\/uploads\/2015\/01\/logos-concurso.jpg\" target=\"_blank\"><img loading=\"lazy\" decoding=\"async\" aria-describedby=\"caption-attachment-6361\" class=\" wp-image-6361\" src=\"http:\/\/sequiol.es\/wp-content\/uploads\/2015\/01\/logos-concurso-122x300.jpg\" alt=\"Logotipo del Concurso\" width=\"77\" height=\"189\" srcset=\"https:\/\/sequiol.es\/wp-content\/uploads\/2015\/01\/logos-concurso-122x300.jpg 122w, https:\/\/sequiol.es\/wp-content\/uploads\/2015\/01\/logos-concurso-640x1577.jpg 640w, https:\/\/sequiol.es\/wp-content\/uploads\/2015\/01\/logos-concurso.jpg 801w\" sizes=\"auto, (max-width: 77px) 100vw, 77px\" \/><\/a><p id=\"caption-attachment-6361\" class=\"wp-caption-text\">Logotipo del Concurso<\/p><\/div>\n<p>&nbsp;<\/p>\n<p>&nbsp;<\/p>\n<p>&nbsp;<\/p>\n<p>&nbsp;<\/p>\n<p>&nbsp;<\/p>\n<p>&nbsp;<\/p>\n<p>&nbsp;<\/p>\n<p>&nbsp;<\/p>\n<h4>\u00a0Elementos opcionales: Logotipo de tu Gaiata<\/h4>\n<div id=\"attachment_3636\" style=\"width: 160px\" class=\"wp-caption alignleft\"><a target=\"_blank\" href=\"http:\/\/sequiol.es\/wp-content\/uploads\/2014\/10\/enlace-g01.jpg\"><img loading=\"lazy\" decoding=\"async\" aria-describedby=\"caption-attachment-3636\" class=\"size-full wp-image-3636\" src=\"http:\/\/sequiol.es\/wp-content\/uploads\/2014\/10\/enlace-g01.jpg\" alt=\"Gaiata 1 &quot;Brancal de la Ciutat&quot;\" width=\"150\" height=\"150\" \/><\/a><p id=\"caption-attachment-3636\" class=\"wp-caption-text\">Gaiata 1<br \/>\u00abBrancal de la Ciutat\u00bb<\/p><\/div>\n<div id=\"attachment_3638\" style=\"width: 160px\" class=\"wp-caption alignleft\"><a target=\"_blank\" href=\"http:\/\/sequiol.es\/wp-content\/uploads\/2014\/10\/enlace-g02.jpg\"><img loading=\"lazy\" decoding=\"async\" aria-describedby=\"caption-attachment-3638\" class=\"size-full wp-image-3638\" src=\"http:\/\/sequiol.es\/wp-content\/uploads\/2014\/10\/enlace-g02.jpg\" alt=\"Gaiata 2 &quot;Fadrell&quot;\" width=\"150\" height=\"150\" \/><\/a><p id=\"caption-attachment-3638\" class=\"wp-caption-text\">Gaiata 2<br \/>\u00abFadrell\u00bb<\/p><\/div>\n<div id=\"attachment_3640\" style=\"width: 160px\" class=\"wp-caption alignleft\"><a target=\"_blank\" href=\"http:\/\/sequiol.es\/wp-content\/uploads\/2014\/10\/enlace-g03.jpg\"><img loading=\"lazy\" decoding=\"async\" aria-describedby=\"caption-attachment-3640\" class=\"size-full wp-image-3640\" src=\"http:\/\/sequiol.es\/wp-content\/uploads\/2014\/10\/enlace-g03.jpg\" alt=\"Gaiata 3 &quot;Porta del Sol&quot;\" width=\"150\" height=\"150\" \/><\/a><p id=\"caption-attachment-3640\" class=\"wp-caption-text\">Gaiata 3<br \/>\u00abPorta del Sol\u00bb<\/p><\/div>\n<div id=\"attachment_3642\" style=\"width: 160px\" class=\"wp-caption alignleft\"><a target=\"_blank\" href=\"http:\/\/sequiol.es\/wp-content\/uploads\/2014\/10\/enlace-g04.jpg\"><img loading=\"lazy\" decoding=\"async\" aria-describedby=\"caption-attachment-3642\" class=\"size-full wp-image-3642\" src=\"http:\/\/sequiol.es\/wp-content\/uploads\/2014\/10\/enlace-g04.jpg\" alt=\"Gaiata 4 &quot;L'Armelar&quot;\" width=\"150\" height=\"150\" \/><\/a><p id=\"caption-attachment-3642\" class=\"wp-caption-text\">Gaiata 4<br \/>\u00abL&#8217;Armelar\u00bb<\/p><\/div>\n<div id=\"attachment_3658\" style=\"width: 160px\" class=\"wp-caption alignleft\"><a target=\"_blank\" href=\"http:\/\/sequiol.es\/wp-content\/uploads\/2014\/10\/enlace-g05.jpg\"><img loading=\"lazy\" decoding=\"async\" aria-describedby=\"caption-attachment-3658\" class=\"size-full wp-image-3658\" src=\"http:\/\/sequiol.es\/wp-content\/uploads\/2014\/10\/enlace-g05.jpg\" alt=\"Gaiata 5 &quot;Hort dels Corders&quot;\" width=\"150\" height=\"150\" \/><\/a><p id=\"caption-attachment-3658\" class=\"wp-caption-text\">Gaiata 5<br \/>\u00abHort dels Corders\u00bb<\/p><\/div>\n<div id=\"attachment_3660\" style=\"width: 160px\" class=\"wp-caption alignleft\"><a target=\"_blank\" href=\"http:\/\/sequiol.es\/wp-content\/uploads\/2014\/10\/enlace-g06.jpg\"><img loading=\"lazy\" decoding=\"async\" aria-describedby=\"caption-attachment-3660\" class=\"size-full wp-image-3660\" src=\"http:\/\/sequiol.es\/wp-content\/uploads\/2014\/10\/enlace-g06.jpg\" alt=\"Gaiata 6 &quot;Farola - Ravalet&quot;\" width=\"150\" height=\"150\" \/><\/a><p id=\"caption-attachment-3660\" class=\"wp-caption-text\">Gaiata 6<br \/>\u00abFarola &#8211; Ravalet\u00bb<\/p><\/div>\n<div id=\"attachment_3662\" style=\"width: 160px\" class=\"wp-caption alignleft\"><a target=\"_blank\" href=\"http:\/\/sequiol.es\/wp-content\/uploads\/2014\/10\/enlace-g07.jpg\"><img loading=\"lazy\" decoding=\"async\" aria-describedby=\"caption-attachment-3662\" class=\"size-full wp-image-3662\" src=\"http:\/\/sequiol.es\/wp-content\/uploads\/2014\/10\/enlace-g07.jpg\" alt=\"Gaiata 7 &quot;Cor de la Ciutat&quot;\" width=\"150\" height=\"150\" \/><\/a><p id=\"caption-attachment-3662\" class=\"wp-caption-text\">Gaiata 7<br \/>\u00abCor de la Ciutat\u00bb<\/p><\/div>\n<div id=\"attachment_3664\" style=\"width: 160px\" class=\"wp-caption alignleft\"><a target=\"_blank\" href=\"http:\/\/sequiol.es\/wp-content\/uploads\/2014\/10\/enlace-g08.jpg\"><img loading=\"lazy\" decoding=\"async\" aria-describedby=\"caption-attachment-3664\" class=\"size-full wp-image-3664\" src=\"http:\/\/sequiol.es\/wp-content\/uploads\/2014\/10\/enlace-g08.jpg\" alt=\"Gaiata 8 &quot;Portal de l'Om&quot;\" width=\"150\" height=\"150\" \/><\/a><p id=\"caption-attachment-3664\" class=\"wp-caption-text\">Gaiata 8<br \/>\u00abPortal de l&#8217;Om\u00bb<\/p><\/div>\n<div id=\"attachment_3666\" style=\"width: 160px\" class=\"wp-caption alignleft\"><a target=\"_blank\" href=\"http:\/\/sequiol.es\/wp-content\/uploads\/2014\/10\/enlace-g09.jpg\"><img loading=\"lazy\" decoding=\"async\" aria-describedby=\"caption-attachment-3666\" class=\"size-full wp-image-3666\" src=\"http:\/\/sequiol.es\/wp-content\/uploads\/2014\/10\/enlace-g09.jpg\" alt=\"Gaiata 9 &quot;L'Espartera&quot;\" width=\"150\" height=\"150\" \/><\/a><p id=\"caption-attachment-3666\" class=\"wp-caption-text\">Gaiata 9<br \/>\u00abL&#8217;Espartera\u00bb<\/p><\/div>\n<div id=\"attachment_3668\" style=\"width: 160px\" class=\"wp-caption alignleft\"><a target=\"_blank\" href=\"http:\/\/sequiol.es\/wp-content\/uploads\/2014\/10\/enlace-g10.jpg\"><img loading=\"lazy\" decoding=\"async\" aria-describedby=\"caption-attachment-3668\" class=\"size-full wp-image-3668\" src=\"http:\/\/sequiol.es\/wp-content\/uploads\/2014\/10\/enlace-g10.jpg\" alt=\"Gaiata 10 &quot;El Toll&quot;\" width=\"150\" height=\"150\" \/><\/a><p id=\"caption-attachment-3668\" class=\"wp-caption-text\">Gaiata 10<br \/>\u00abEl Toll\u00bb<\/p><\/div>\n<div id=\"attachment_3670\" style=\"width: 160px\" class=\"wp-caption alignleft\"><a target=\"_blank\" href=\"http:\/\/sequiol.es\/wp-content\/uploads\/2014\/10\/enlace-g11.jpg\"><img loading=\"lazy\" decoding=\"async\" aria-describedby=\"caption-attachment-3670\" class=\"size-full wp-image-3670\" src=\"http:\/\/sequiol.es\/wp-content\/uploads\/2014\/10\/enlace-g11.jpg\" alt=\"Gaiata 11 &quot;Forn del Pl\u00e0&quot;\" width=\"150\" height=\"150\" \/><\/a><p id=\"caption-attachment-3670\" class=\"wp-caption-text\">Gaiata 11<br \/>\u00abForn del Pl\u00e0\u00bb<\/p><\/div>\n<div id=\"attachment_3672\" style=\"width: 160px\" class=\"wp-caption alignleft\"><a target=\"_blank\" href=\"http:\/\/sequiol.es\/wp-content\/uploads\/2014\/10\/enlace-g12.jpg\"><img loading=\"lazy\" decoding=\"async\" aria-describedby=\"caption-attachment-3672\" class=\"size-full wp-image-3672\" src=\"http:\/\/sequiol.es\/wp-content\/uploads\/2014\/10\/enlace-g12.jpg\" alt=\"Gaiata 12 &quot;El Grau&quot;\" width=\"150\" height=\"150\" \/><\/a><p id=\"caption-attachment-3672\" class=\"wp-caption-text\">Gaiata 12<br \/>\u00abEl Grau\u00bb<\/p><\/div>\n<div id=\"attachment_3674\" style=\"width: 160px\" class=\"wp-caption alignleft\"><a target=\"_blank\" href=\"http:\/\/sequiol.es\/wp-content\/uploads\/2014\/10\/enlace-g13.jpg\"><img loading=\"lazy\" decoding=\"async\" aria-describedby=\"caption-attachment-3674\" class=\"size-full wp-image-3674\" src=\"http:\/\/sequiol.es\/wp-content\/uploads\/2014\/10\/enlace-g13.jpg\" alt=\"Gaiata 13 &quot;Sensal&quot;\" width=\"150\" height=\"150\" \/><\/a><p id=\"caption-attachment-3674\" class=\"wp-caption-text\">Gaiata 13<br \/>\u00abSensal\u00bb<\/p><\/div>\n<div id=\"attachment_3676\" style=\"width: 160px\" class=\"wp-caption alignleft\"><a target=\"_blank\" href=\"http:\/\/sequiol.es\/wp-content\/uploads\/2014\/10\/enlace-g14.jpg\"><img loading=\"lazy\" decoding=\"async\" aria-describedby=\"caption-attachment-3676\" class=\"size-full wp-image-3676\" src=\"http:\/\/sequiol.es\/wp-content\/uploads\/2014\/10\/enlace-g14.jpg\" alt=\"Gaiata 14 &quot;Cast\u00e0lia&quot;\" width=\"150\" height=\"150\" \/><\/a><p id=\"caption-attachment-3676\" class=\"wp-caption-text\">Gaiata 14<br \/>\u00abCast\u00e0lia\u00bb<\/p><\/div>\n<div id=\"attachment_3678\" style=\"width: 160px\" class=\"wp-caption alignleft\"><a target=\"_blank\" href=\"http:\/\/sequiol.es\/wp-content\/uploads\/2014\/10\/enlace-g15.jpg\"><img loading=\"lazy\" decoding=\"async\" aria-describedby=\"caption-attachment-3678\" class=\"size-full wp-image-3678\" src=\"http:\/\/sequiol.es\/wp-content\/uploads\/2014\/10\/enlace-g15.jpg\" alt=\"Gaiata 15 &quot;Sequiol&quot;\" width=\"150\" height=\"150\" \/><\/a><p id=\"caption-attachment-3678\" class=\"wp-caption-text\">Gaiata 15<br \/>\u00abSequiol\u00bb<\/p><\/div>\n<div id=\"attachment_3680\" style=\"width: 160px\" class=\"wp-caption alignleft\"><a target=\"_blank\" href=\"http:\/\/sequiol.es\/wp-content\/uploads\/2014\/10\/enlace-g16.jpg\"><img loading=\"lazy\" decoding=\"async\" aria-describedby=\"caption-attachment-3680\" class=\"size-full wp-image-3680\" src=\"http:\/\/sequiol.es\/wp-content\/uploads\/2014\/10\/enlace-g16.jpg\" alt=\"Gaiata 16 &quot;Rafalafena&quot;\" width=\"150\" height=\"150\" \/><\/a><p id=\"caption-attachment-3680\" class=\"wp-caption-text\">Gaiata 16<br \/>\u00abRafalafena\u00bb<\/p><\/div>\n<div id=\"attachment_3682\" style=\"width: 160px\" class=\"wp-caption alignleft\"><a target=\"_blank\" href=\"http:\/\/sequiol.es\/wp-content\/uploads\/2014\/10\/enlace-g17.jpg\"><img loading=\"lazy\" decoding=\"async\" aria-describedby=\"caption-attachment-3682\" class=\"size-full wp-image-3682\" src=\"http:\/\/sequiol.es\/wp-content\/uploads\/2014\/10\/enlace-g17.jpg\" alt=\"Gaiata 17 &quot;Tir de Colom&quot;\" width=\"150\" height=\"150\" \/><\/a><p id=\"caption-attachment-3682\" class=\"wp-caption-text\">Gaiata 17<br \/>\u00abTir de Colom\u00bb<\/p><\/div>\n<div id=\"attachment_3684\" style=\"width: 160px\" class=\"wp-caption alignleft\"><a target=\"_blank\" href=\"http:\/\/sequiol.es\/wp-content\/uploads\/2014\/10\/enlace-g18.jpg\"><img loading=\"lazy\" decoding=\"async\" aria-describedby=\"caption-attachment-3684\" class=\"size-full wp-image-3684\" src=\"http:\/\/sequiol.es\/wp-content\/uploads\/2014\/10\/enlace-g18.jpg\" alt=\"Gaiata 18 &quot;Cr\u00e8mor&quot;\" width=\"150\" height=\"150\" \/><\/a><p id=\"caption-attachment-3684\" class=\"wp-caption-text\">Gaiata 18<br \/>\u00abCr\u00e8mor\u00bb<\/p><\/div>\n<div id=\"attachment_3686\" style=\"width: 160px\" class=\"wp-caption alignleft\"><a target=\"_blank\" href=\"http:\/\/sequiol.es\/wp-content\/uploads\/2014\/10\/enlace-g19.jpg\"><img loading=\"lazy\" decoding=\"async\" aria-describedby=\"caption-attachment-3686\" class=\"size-full wp-image-3686\" src=\"http:\/\/sequiol.es\/wp-content\/uploads\/2014\/10\/enlace-g19.jpg\" alt=\"Gaiata 19 &quot;La Cultural&quot;\" width=\"150\" height=\"150\" \/><\/a><p id=\"caption-attachment-3686\" class=\"wp-caption-text\">Gaiata 19<br \/>\u00abLa Cultural\u00bb<\/p><\/div>\n<p>&nbsp;<\/p>\n","protected":false},"excerpt":{"rendered":"<p>Recordemos que los elementos indispensables para que nuestra maqueta entre en concurso son: el gayato, el escudo de la ciudad y el logotipo del concurso. Adem\u00e1s puedes a\u00f1adir el logotipo de la Gaiata de tu sector. As\u00ed pues, aqu\u00ed puedes encontrar esos logotipos. Para guardarlos en tu ordenador, basta con que pinches sobre la imagen [&hellip;]<\/p>\n","protected":false},"author":1,"featured_media":0,"parent":121,"menu_order":998,"comment_status":"open","ping_status":"closed","template":"","meta":{"footnotes":""},"class_list":["post-6358","page","type-page","status-publish","hentry"],"_links":{"self":[{"href":"https:\/\/sequiol.es\/es\/wp-json\/wp\/v2\/pages\/6358","targetHints":{"allow":["GET"]}}],"collection":[{"href":"https:\/\/sequiol.es\/es\/wp-json\/wp\/v2\/pages"}],"about":[{"href":"https:\/\/sequiol.es\/es\/wp-json\/wp\/v2\/types\/page"}],"author":[{"embeddable":true,"href":"https:\/\/sequiol.es\/es\/wp-json\/wp\/v2\/users\/1"}],"replies":[{"embeddable":true,"href":"https:\/\/sequiol.es\/es\/wp-json\/wp\/v2\/comments?post=6358"}],"version-history":[{"count":13,"href":"https:\/\/sequiol.es\/es\/wp-json\/wp\/v2\/pages\/6358\/revisions"}],"predecessor-version":[{"id":6421,"href":"https:\/\/sequiol.es\/es\/wp-json\/wp\/v2\/pages\/6358\/revisions\/6421"}],"up":[{"embeddable":true,"href":"https:\/\/sequiol.es\/es\/wp-json\/wp\/v2\/pages\/121"}],"wp:attachment":[{"href":"https:\/\/sequiol.es\/es\/wp-json\/wp\/v2\/media?parent=6358"}],"curies":[{"name":"wp","href":"https:\/\/api.w.org\/{rel}","templated":true}]}}