{"id":6328,"date":"2015-01-21T00:31:25","date_gmt":"2015-01-20T23:31:25","guid":{"rendered":"http:\/\/sequiol.es\/?page_id=6328"},"modified":"2017-10-18T13:17:51","modified_gmt":"2017-10-18T11:17:51","slug":"ayuda-en-la-construccion-de-la-maqueta","status":"publish","type":"page","link":"https:\/\/sequiol.es\/es\/historico\/concurso-maquetas\/ayuda-en-la-construccion-de-la-maqueta\/","title":{"rendered":"Ayuda en la construcci\u00f3n de la maqueta"},"content":{"rendered":"<p>Algunos apuntes que pueden facilitar la construcci\u00f3n de vuestra maqueta.<\/p>\n<ol>\n<li>Recordemos que los elementos indispensables para que nuestra maqueta entre en concurso son: el gayato, el escudo de la ciudad y el logotipo del concurso. Adem\u00e1s puedes a\u00f1adir el logotipo de la Gaiata de tu sector. Todos estos logotipos los podr\u00e1s encontrar en esta Web (www.sequiol.es)<\/li>\n<li>Las medidas de nuestra maqueta ser\u00e1n: 50 cent\u00edmetros de alto por 25 de ancho.<\/li>\n<li>Dispondremos sobre una hoja de papel, DIN A4 o folio, un rect\u00e1ngulo de 25 cent\u00edmetros de alto por 12&#8217;5 cent\u00edmetros de ancho. En el interior del recuadro y ajust\u00e1ndonos a los m\u00e1rgenes dibujaremos el boceto de nuestra maqueta. En estas condiciones estaremos trabajando a escala 1:2, es decir cada cent\u00edmetro de nuestro dibujo ser\u00e1n dos cent\u00edmetros de nuestra maqueta. Realizado el boceto es muy importante que le asignes un lema.<\/li>\n<li>El primer paso ser\u00e1 construir el carro base de nuestra maqueta. Para su construcci\u00f3n podemos utilizar cualquier material resistente (cart\u00f3n, madera&#8230;) Su altura m\u00e1xima no deber\u00e1 exceder de 8 cent\u00edmetros y su anchura de 25. Su forma puede ser cualquiera pero quiz\u00e1 la m\u00e1s f\u00e1cil y la que mejores prestaciones nos ofrecer\u00e1 para el dise\u00f1o de nuestra maqueta, ser\u00e1 la base cuadrada. Una posible soluci\u00f3n seria disponer de un trozo de tablero de 25 x 25 y de 5 mil\u00edmetros de espesor sobre el que adheriremos, en sus cuatro v\u00e9rtices, 4 patas de madera de 7&#8217;5 cent\u00edmetros.<\/li>\n<li>Puede ser necesario, seg\u00fan el dise\u00f1o que hemos realizado, disponer de un eje central sobre el que soportaremos el resto de elementos. Para obtener el centro de la base bastar\u00e1 con que trac\u00e9is las diagonales (si nuestra base es cuadrada) y donde se corten dispondremos nuestro eje.<\/li>\n<li>Para la construcci\u00f3n de nuestra maqueta de Gaiata podemos utilizar cualquier material: madera, cart\u00f3n, papeles de colores, cartulinas, vasos de pl\u00e1stico, plastilina, varillas de madera, palillos, botellas de pl\u00e1stico, pajitas de refresco&#8230; cualquier cosa que se os ocurra. Para su manipulaci\u00f3n es necesario utilizar herramientas (tijeras, cutex, sierra de marqueter\u00eda&#8230;) y materiales (pegamento, puntas, tornillos, alfileres&#8230;) que requieren un manejo responsable, para evitar accidentes. Si desconoces su correcta utilizaci\u00f3n pide consejo a tus profesores.<\/li>\n<li>Recordad que se valorar\u00e1 el ingenio, la originalidad, la idoneidad de las formas, el dise\u00f1o, sus acabados&#8230; por tanto os recomendamos que invirt\u00e1is un tiempo en pensar vuestro dise\u00f1o antes de lanzaros a construirlo. Puede ayudaros, a la hora de realizar vuestro dise\u00f1o, el observar fotograf\u00edas o bocetos de las Gaiatas que realizan las diferentes comisiones de sector. En esta Web podr\u00e1s ver algunas de las \u00faltimas que ha realizado esta comisi\u00f3n. Tambi\u00e9n puedes acercarte al Cau de la comisi\u00f3n de tu sector para recabar informaci\u00f3n o en la Junta de Festes (Palau de la Festa) donde podr\u00e1s ver las maquetas de las Gaiatas ganadoras de los \u00faltimos a\u00f1os.\u00a0 Y en nuestro Cau (C\/ Herrero,64) donde muy gustosamente resolveremos tus dudas e, incluso, podr\u00e1s ver alguna maqueta realizada por los ni\u00f1os de nuestra comisi\u00f3n.<\/li>\n<li>Es posible que, a nuestra maqueta, le queramos dotar de iluminaci\u00f3n. Es recomendable que utilic\u00e9is material cuya tensi\u00f3n de alimentaci\u00f3n sea igual o inferior a 12 voltios. En el caso de que utilic\u00e9is elementos cuya tensi\u00f3n de alimentaci\u00f3n sea superior a 50 voltios (por ejemplo las luces de un \u00e1rbol de Navidad, cuya alimentaci\u00f3n es a 220 voltios), deb\u00e9is solicitar la colaboraci\u00f3n de vuestros profesores.<\/li>\n<li>Cualquier duda que teng\u00e1is pod\u00e9is consultarla con vuestros padres y profesores o, incluso, enviarnos un correo electr\u00f3nico y nuestro propio equipo de trabajo de Gaiata os ayudar\u00e1 a resolverlas.<\/li>\n<\/ol>\n<p>Ahora solamente queda que te pongas manos a la obra pero recuerda que para poder participar has de estar inscrito (desde la p\u00e1gina www.sequiol.es puedes hacerlo).<\/p>\n<p>Imagina, \u00bfc\u00f3mo te gustar\u00eda que fuera tu Gaiata?.<\/p>\n<p>En las fotograf\u00edas inferiores puedes ver diversas gaiatas realizadas por los alumnos del colegio Isidoro Andr\u00e9s correspondientes a los concursos de maquetas de gaiatas convocados por nuestra gaiata.<\/p>\n<p>&nbsp;<\/p>\n<p><a href=\"http:\/\/sequiol.es\/wp-content\/uploads\/2015\/01\/ayuda-maquetas-1.jpg\"><img loading=\"lazy\" decoding=\"async\" class=\"aligncenter size-large wp-image-6333\" src=\"http:\/\/sequiol.es\/wp-content\/uploads\/2015\/01\/ayuda-maquetas-1-640x489.jpg\" alt=\"ayuda-maquetas-1\" width=\"640\" height=\"489\" srcset=\"https:\/\/sequiol.es\/wp-content\/uploads\/2015\/01\/ayuda-maquetas-1-640x489.jpg 640w, https:\/\/sequiol.es\/wp-content\/uploads\/2015\/01\/ayuda-maquetas-1-200x153.jpg 200w, https:\/\/sequiol.es\/wp-content\/uploads\/2015\/01\/ayuda-maquetas-1.jpg 1031w\" sizes=\"auto, (max-width: 640px) 100vw, 640px\" \/><\/a><\/p>\n<p>&nbsp;<\/p>\n<p><a href=\"http:\/\/sequiol.es\/wp-content\/uploads\/2015\/01\/ayuda-maquetas-2.jpg\"><img loading=\"lazy\" decoding=\"async\" class=\"aligncenter size-large wp-image-6335\" src=\"http:\/\/sequiol.es\/wp-content\/uploads\/2015\/01\/ayuda-maquetas-2-640x417.jpg\" alt=\"ayuda-maquetas-2\" width=\"640\" height=\"417\" srcset=\"https:\/\/sequiol.es\/wp-content\/uploads\/2015\/01\/ayuda-maquetas-2-640x417.jpg 640w, https:\/\/sequiol.es\/wp-content\/uploads\/2015\/01\/ayuda-maquetas-2-200x130.jpg 200w, https:\/\/sequiol.es\/wp-content\/uploads\/2015\/01\/ayuda-maquetas-2.jpg 908w\" sizes=\"auto, (max-width: 640px) 100vw, 640px\" \/><\/a><\/p>\n","protected":false},"excerpt":{"rendered":"<p>Algunos apuntes que pueden facilitar la construcci\u00f3n de vuestra maqueta. Recordemos que los elementos indispensables para que nuestra maqueta entre en concurso son: el gayato, el escudo de la ciudad y el logotipo del concurso. Adem\u00e1s puedes a\u00f1adir el logotipo de la Gaiata de tu sector. Todos estos logotipos los podr\u00e1s encontrar en esta Web [&hellip;]<\/p>\n","protected":false},"author":1,"featured_media":0,"parent":121,"menu_order":997,"comment_status":"open","ping_status":"closed","template":"","meta":{"footnotes":""},"class_list":["post-6328","page","type-page","status-publish","hentry"],"_links":{"self":[{"href":"https:\/\/sequiol.es\/es\/wp-json\/wp\/v2\/pages\/6328","targetHints":{"allow":["GET"]}}],"collection":[{"href":"https:\/\/sequiol.es\/es\/wp-json\/wp\/v2\/pages"}],"about":[{"href":"https:\/\/sequiol.es\/es\/wp-json\/wp\/v2\/types\/page"}],"author":[{"embeddable":true,"href":"https:\/\/sequiol.es\/es\/wp-json\/wp\/v2\/users\/1"}],"replies":[{"embeddable":true,"href":"https:\/\/sequiol.es\/es\/wp-json\/wp\/v2\/comments?post=6328"}],"version-history":[{"count":7,"href":"https:\/\/sequiol.es\/es\/wp-json\/wp\/v2\/pages\/6328\/revisions"}],"predecessor-version":[{"id":6339,"href":"https:\/\/sequiol.es\/es\/wp-json\/wp\/v2\/pages\/6328\/revisions\/6339"}],"up":[{"embeddable":true,"href":"https:\/\/sequiol.es\/es\/wp-json\/wp\/v2\/pages\/121"}],"wp:attachment":[{"href":"https:\/\/sequiol.es\/es\/wp-json\/wp\/v2\/media?parent=6328"}],"curies":[{"name":"wp","href":"https:\/\/api.w.org\/{rel}","templated":true}]}}