{"id":6324,"date":"2015-01-21T00:26:22","date_gmt":"2015-01-20T23:26:22","guid":{"rendered":"http:\/\/sequiol.es\/?page_id=6324"},"modified":"2017-10-18T13:20:08","modified_gmt":"2017-10-18T11:20:08","slug":"definicion-y-construccion-de-una-gaiata","status":"publish","type":"page","link":"https:\/\/sequiol.es\/es\/historico\/concurso-maquetas\/definicion-y-construccion-de-una-gaiata\/","title":{"rendered":"Definici\u00f3n y construcci\u00f3n de una Gaiata"},"content":{"rendered":"<p>La Gaiata es el s\u00edmbolo por antonomasia de nuestra Ciudad. Rememora aquellos\u00a0 gayatos iluminados que, seg\u00fan reza la tradici\u00f3n, utilizaron nuestros antepasados en su nocturno descenso desde el cerro de la Magdalena hasta la Plana de Castell\u00f3n.<\/p>\n<p>Definir que es una Gaiata es trabajo arduo dif\u00edcil, ya que la libertad y la imaginaci\u00f3n del artista gaiatero no debe tener ning\u00fan condicionante que limite la majestuosidad de la obra dise\u00f1ada. Quiz\u00e1 la expresi\u00f3n \u00ab<em>esclat de llum sense foc ni fum<\/em>\u00bb aglutina, en s\u00ed misma, la verdadera esencia de la Gaiata.<\/p>\n<p>Ahora bien, para que una Gaiata se considere como tal, tres son los elementos fundamentales que deben jugar un papel important\u00edsimo en su dise\u00f1o: el gayato, la luz y el escudo de la Ciudad. Los dos primeros, obviamente, por su significaci\u00f3n con la tradici\u00f3n fundacional de la ciudad. El tercero, como elemento diferenciador que le confiere la entidad propia de Castell\u00f3n.<\/p>\n<p>Como hemos dicho, existe completa libertad a la hora de dise\u00f1ar una Gaiata pero se deben considerar ciertas proporciones con fines est\u00e9ticos y de proporcionalidad. As\u00ed, buscando una mayor esbeltez y estilizar sus formas, se debe considerar que, en proporci\u00f3n, la anchura total del dise\u00f1o debe ser la mitad que su altura.<\/p>\n<p>Otra peculiaridad a tener muy en cuenta es la caracter\u00edstica de monumento movible, en todo o en parte, pero debe ser capaz de poder desfilar. Para ello se hace necesario disponer de un carro sobre el que construir nuestra Gaiata. La base de \u00e9ste es, generalmente, de forma cuadrada dada la facilidad que supone a la hora de dise\u00f1ar el cuerpo de la obra puesto que se dispone tanto de los planos perpendiculares a las caras como los dispuestos en sus diagonales. Pero esto, insistimos, no es obligatorio. Rectangular, circular, hexagonal&#8230; cualquier forma que el artista gaiatero estime oportuna es aceptable debiendo tener una altura no superior a un sexto del total.<\/p>\n<p>Pero esta necesidad de desfilar marca las \u00fanicas limitaciones a la hora de dise\u00f1ar nuestra Gaiata. El todo o la parte que debe desfilar no puede exceder de los seis metros de altura, medidos desde el suelo, ni se aconseja que exceda de los tres metros de ancho.<\/p>\n<p>Por \u00faltimo pero no por ello menos importante, es conferir a nuestro dise\u00f1o de la necesaria estabilidad. Hay que tener muy presente, a la hora de proyectar la envergadura de nuestro dise\u00f1o, que este sea estable, tanto en su posici\u00f3n de reposo como en su condici\u00f3n de itinerante.<\/p>\n<p>Con todo, podemos definir una serie de pasos a seguir para realizar un completo dise\u00f1o de nuestra Gaiata que, a continuaci\u00f3n pasamos a describir someramente. No debe entenderse este proceso como riguroso y esencial para poder dise\u00f1ar nuestro monumento: ya hemos dicho que el artista gaiatero tendr\u00e1 total libertad en su dise\u00f1o, sino que es una secuencia l\u00f3gica de acciones que puede ayudar a realizar, con \u00e9xito, nuestra gaiata.<\/p>\n<h3>1. BOCETO<\/h3>\n<p>Es la fase creativa del artista. Sin cotas que limiten la imaginaci\u00f3n art\u00edstica, se plasma sobre el papel las l\u00edneas generales del monumento, tanto en su alzado como en su planta. Se trabaja m\u00e1s en el conjunto que en la particularidad de cada uno de los elementos que la conforman. En esta primera aproximaci\u00f3n tambi\u00e9n se valoran los diferentes materiales a utilizar as\u00ed como la iluminaci\u00f3n que puede ser m\u00e1s acorde para nuestro dise\u00f1o. Esta fase finaliza con la selecci\u00f3n del lema: expresi\u00f3n que concentra la esencia de nuestra obra.<\/p>\n<h3>2. DISE\u00d1O<\/h3>\n<p>Esta etapa es mucho m\u00e1s t\u00e9cnica puesto que se trata de analizar todos y cada uno de los elementos que componen nuestra obra. Se analizan sus dimensiones, como y con que materiales deben realizarse, que elementos luminot\u00e9cnicos son los m\u00e1s adecuados y, sobre todo, como se interrelacionan con las dem\u00e1s partes. As\u00ed se dise\u00f1a la estructura de la Gaiata: su esqueleto. Sobre \u00e9l se dise\u00f1a como se ir\u00e1n acoplando el resto de elementos decorativos y de iluminaci\u00f3n o de que manera quedar\u00e1n unidos entre s\u00ed. Tambi\u00e9n en esta fase se determinan colores, t\u00e9cnicas de decoraci\u00f3n y aquellos elementos art\u00edsticos que, por su relevancia, van a resaltar sobre el conjunto. Finalizada esta fase debemos tener una idea perfectamente clara de como debe quedar nuestra Gaiata as\u00ed como una idea muy ajustada del presupuesto necesario para la realizaci\u00f3n de la obra.<\/p>\n<h3>3. MAQUETA<\/h3>\n<p>En esta fase se construye una maqueta, a escala, de nuestra Gaiata. Partiendo de los dise\u00f1os de la etapa anterior y utilizando materiales, f\u00e1cilmente manejables y de caracter\u00edsticas est\u00e9ticas similares a los seleccionados para cada elemento de nuestra obra, se inicia la construcci\u00f3n de la maqueta. Esta fase tiene mucha importancia puesto que sirve para analizar todas y cada una de las soluciones adoptadas en la fase anterior pudiendo introducir modificaciones al dise\u00f1o que faciliten, mejoren o soluciones problemas no previstos. Es la primera visi\u00f3n en tres dimensiones de nuestro dise\u00f1o por lo que tambi\u00e9n pueden observarse y rectificares planteamientos no considerados en nuestra percepci\u00f3n plana, de dos dimensiones. Tambi\u00e9n en esta fase, aunque no esencialmente, se analiza el dise\u00f1o de iluminaci\u00f3n previsto, sobre todo los diferentes conceptos de la misma que se van a utilizar (iluminaci\u00f3n indirecta, iluminaci\u00f3n en movimiento&#8230;)<\/p>\n<h3>4. CONSTRUCCI\u00d3N<\/h3>\n<p>Con anterioridad al inicio de esta fase, se realiza un ajuste del dise\u00f1o con la informaci\u00f3n obtenida en la construcci\u00f3n y posterior an\u00e1lisis de la maqueta. En este punto queda definido el presupuesto total de nuestra Gaiata. En este momento se inicia una carrera contra reloj para poder finalizar el trabajo en la fecha prevista.<\/p>\n<p>Siguiendo el dise\u00f1o previsto y con la experiencia obtenida en la construcci\u00f3n de la maqueta, la coordinaci\u00f3n de los diferentes equipos de trabajo es fundamental para conseguir el objetivo puesto que el m\u00e1s m\u00ednimo retraso en uno de ellos puede suponer la paralizaci\u00f3n del resto con el consiguiente peligro de no alcanzar la fecha prevista. En primer lugar se construye la estructura met\u00e1lica que servir\u00e1 de soporte al resto de elementos. Con las primeras mediciones reales de la estructura se inicia con el trabajo de los elementos decorativos. Corte y talla de madera, corte de cristales, dise\u00f1os de dibujos, policromados, pulimentados&#8230;\u00a0 Todas y cada una de estas piezas se van ajustando y uniendo a la estructura para ir dando forma al conjunto.<\/p>\n<p>Paralelamente se va montando la instalaci\u00f3n el\u00e9ctrica, tanto general como en todos y cada uno de los elementos que conformar\u00e1n la iluminaci\u00f3n de la Gaiata.<\/p>\n<p>Poco a poco van ocupando su sitio todos y cada uno de los elementos, debidamente acabados. Llega la hora de los remates y peque\u00f1os detalles que confieren al monumento el acabado optimo.<\/p>\n<h3>5. BAUTIZO<\/h3>\n<p>Aunque no es una etapa en el dise\u00f1o y construcci\u00f3n de una Gaiata, si que lo es dentro del sentir de los \u00abfesteros\u00bb puesto que supone la culminaci\u00f3n de un gran proyecto con un sinf\u00edn de esfuerzos, muchas horas de trabajo y, sobre todo, much\u00edsima ilusi\u00f3n en mantener viva la esencia de nuestras fiestas. Como si se tratase de la botadura de un barco, las Madrinas (de ah\u00ed su nombre) bautizan con cava a su Gaiata. Lo que en su d\u00eda comenz\u00f3 siendo un dibujo sobre un papel es ya GAIATA, \u00ab<em>esclat de llum sense foc ni fum<\/em>\u00ab.<\/p>\n","protected":false},"excerpt":{"rendered":"<p>La Gaiata es el s\u00edmbolo por antonomasia de nuestra Ciudad. Rememora aquellos\u00a0 gayatos iluminados que, seg\u00fan reza la tradici\u00f3n, utilizaron nuestros antepasados en su nocturno descenso desde el cerro de la Magdalena hasta la Plana de Castell\u00f3n. Definir que es una Gaiata es trabajo arduo dif\u00edcil, ya que la libertad y la imaginaci\u00f3n del artista [&hellip;]<\/p>\n","protected":false},"author":1,"featured_media":0,"parent":121,"menu_order":999,"comment_status":"open","ping_status":"closed","template":"","meta":{"footnotes":""},"class_list":["post-6324","page","type-page","status-publish","hentry"],"_links":{"self":[{"href":"https:\/\/sequiol.es\/es\/wp-json\/wp\/v2\/pages\/6324","targetHints":{"allow":["GET"]}}],"collection":[{"href":"https:\/\/sequiol.es\/es\/wp-json\/wp\/v2\/pages"}],"about":[{"href":"https:\/\/sequiol.es\/es\/wp-json\/wp\/v2\/types\/page"}],"author":[{"embeddable":true,"href":"https:\/\/sequiol.es\/es\/wp-json\/wp\/v2\/users\/1"}],"replies":[{"embeddable":true,"href":"https:\/\/sequiol.es\/es\/wp-json\/wp\/v2\/comments?post=6324"}],"version-history":[{"count":4,"href":"https:\/\/sequiol.es\/es\/wp-json\/wp\/v2\/pages\/6324\/revisions"}],"predecessor-version":[{"id":6356,"href":"https:\/\/sequiol.es\/es\/wp-json\/wp\/v2\/pages\/6324\/revisions\/6356"}],"up":[{"embeddable":true,"href":"https:\/\/sequiol.es\/es\/wp-json\/wp\/v2\/pages\/121"}],"wp:attachment":[{"href":"https:\/\/sequiol.es\/es\/wp-json\/wp\/v2\/media?parent=6324"}],"curies":[{"name":"wp","href":"https:\/\/api.w.org\/{rel}","templated":true}]}}