{"id":43557,"date":"2017-10-17T19:00:14","date_gmt":"2017-10-17T17:00:14","guid":{"rendered":"https:\/\/sequiol.es\/?page_id=43557"},"modified":"2018-01-03T18:38:01","modified_gmt":"2018-01-03T17:38:01","slug":"xv-concurso-escolar-maquetas-gaiatas-ciudad-de-castellon","status":"publish","type":"page","link":"https:\/\/sequiol.es\/es\/historico\/concurso-maquetas\/xv-concurso-escolar-maquetas-gaiatas-ciudad-de-castellon\/","title":{"rendered":"XV Concurso Escolar Maquetas Gaiatas \u00abCiudad de Castell\u00f3n\u00bb"},"content":{"rendered":"<p><img loading=\"lazy\" decoding=\"async\" class=\"aligncenter size-large wp-image-43558\" src=\"https:\/\/sequiol.es\/wp-content\/uploads\/2017\/10\/xv-maquetas-640x718-640x718.png\" alt=\"\" width=\"640\" height=\"718\" srcset=\"https:\/\/sequiol.es\/wp-content\/uploads\/2017\/10\/xv-maquetas-640x718.png 640w, https:\/\/sequiol.es\/wp-content\/uploads\/2017\/10\/xv-maquetas-640x718-200x224.png 200w\" sizes=\"auto, (max-width: 640px) 100vw, 640px\" \/><br \/>\nYa est\u00e1 convocado el XV Concurso Escolar de Maquetas de Gaiatas \u00abCiudad de Castell\u00f3n\u00bb.<\/p>\n<p>Aqu\u00ed tienes todos los enlaces al formulario de inscripci\u00f3n, las bases del XV concurso y las ayudas necesarias para la construcci\u00f3n de tu maqueta.<\/p>\n<p>&nbsp;<\/p>\n<p><a title=\"Formulario de inscripci\u00f3n\" href=\"http:\/\/sequiol.es\/concurso-maquetas\/formulario-de-inscripcion-concurso-maquetas\/\">Formulario de inscripci\u00f3n<\/a><\/p>\n<p><a title=\"Bases XV Concurso Escolar de Maquetas de Gaiatas\" href=\"https:\/\/sequiol.es\/concurso-maquetas\/bases-xv-concurso-escolar-de-maquetas-de-gaiatas\/\">Bases del XV Concurso<\/a><\/p>\n<p><a title=\"Definici\u00f3n y construcci\u00f3n de una Gaiata\" href=\"http:\/\/sequiol.es\/concurso-maquetas\/definicion-y-construccion-de-una-gaiata\/\">Definici\u00f3n y construcci\u00f3n de una Gaiata<\/a><\/p>\n<p><a title=\"Ayuda en la construcci\u00f3n de la maqueta\" href=\"http:\/\/sequiol.es\/concurso-maquetas\/ayuda-en-la-construccion-de-la-maqueta\/\">Ayuda en la construcci\u00f3n de la maqueta<\/a><\/p>\n<p><a title=\"Logotipos de ayuda para la construcci\u00f3n de tu Gaiata\" href=\"http:\/\/sequiol.es\/concurso-maquetas\/logotipos-de-ayuda-para-la-construccion-de-tu-gaiata\/\">Logotipos de ayuda para la construcci\u00f3n de tu Gaiata<\/a><\/p>\n","protected":false},"excerpt":{"rendered":"<p>Ya est\u00e1 convocado el XV Concurso Escolar de Maquetas de Gaiatas \u00abCiudad de Castell\u00f3n\u00bb. Aqu\u00ed tienes todos los enlaces al formulario de inscripci\u00f3n, las bases del XV concurso y las ayudas necesarias para la construcci\u00f3n de tu maqueta. &nbsp; Formulario de inscripci\u00f3n Bases del XV Concurso Definici\u00f3n y construcci\u00f3n de una Gaiata Ayuda en la [&hellip;]<\/p>\n","protected":false},"author":1,"featured_media":0,"parent":121,"menu_order":150,"comment_status":"closed","ping_status":"closed","template":"","meta":{"footnotes":""},"class_list":["post-43557","page","type-page","status-publish","hentry"],"_links":{"self":[{"href":"https:\/\/sequiol.es\/es\/wp-json\/wp\/v2\/pages\/43557","targetHints":{"allow":["GET"]}}],"collection":[{"href":"https:\/\/sequiol.es\/es\/wp-json\/wp\/v2\/pages"}],"about":[{"href":"https:\/\/sequiol.es\/es\/wp-json\/wp\/v2\/types\/page"}],"author":[{"embeddable":true,"href":"https:\/\/sequiol.es\/es\/wp-json\/wp\/v2\/users\/1"}],"replies":[{"embeddable":true,"href":"https:\/\/sequiol.es\/es\/wp-json\/wp\/v2\/comments?post=43557"}],"version-history":[{"count":7,"href":"https:\/\/sequiol.es\/es\/wp-json\/wp\/v2\/pages\/43557\/revisions"}],"predecessor-version":[{"id":43564,"href":"https:\/\/sequiol.es\/es\/wp-json\/wp\/v2\/pages\/43557\/revisions\/43564"}],"up":[{"embeddable":true,"href":"https:\/\/sequiol.es\/es\/wp-json\/wp\/v2\/pages\/121"}],"wp:attachment":[{"href":"https:\/\/sequiol.es\/es\/wp-json\/wp\/v2\/media?parent=43557"}],"curies":[{"name":"wp","href":"https:\/\/api.w.org\/{rel}","templated":true}]}}