{"id":24717,"date":"2016-10-04T19:52:37","date_gmt":"2016-10-04T17:52:37","guid":{"rendered":"http:\/\/sequiol.es\/?page_id=24717"},"modified":"2021-04-16T15:03:02","modified_gmt":"2021-04-16T13:03:02","slug":"xiv-concurso-maquetas-bases","status":"publish","type":"page","link":"https:\/\/sequiol.es\/es\/historico\/concurso-maquetas\/xiv-edicion-2017\/xiv-concurso-maquetas-bases\/","title":{"rendered":"Bases XIV Concurso Escolar de Maquetas de Gaiatas"},"content":{"rendered":"<p>El patrocinador, consciente de que entre las tradiciones m\u00e1s significativas y singulares de la Ciudad de Castell\u00f3n, reflejo de los primitivos pobladores, y que el s\u00edmbolo de las fiestas de nuestra Ciudad es la \u00abgaiata\u00bb, convoca el XIV Concurso de Maquetas de Gaiatas entre los escolares de Centros de Educaci\u00f3n de Primaria, Secundaria y Especial, todo ello con el fin de impulsar el conocimiento entre los m\u00e1s j\u00f3venes de los requisitos, significados y condiciones que debe reunir el monumento que representa las Fiestas Fundacionales de Castell\u00f3n.<\/p>\n<p>Al mismo tiempo y a estos efectos, ha firmado con la Asociaci\u00f3n Cultural Gaiata 15 \u00abSequiol\u00bb un Convenio de Colaboraci\u00f3n con el fin de organizar y desarrollar las distintas fases de\u00a0las que consta el proceso de difusi\u00f3n, programaci\u00f3n y ejecuci\u00f3n del mismo, todo ello sin perjuicio de que se ampl\u00ede la participaci\u00f3n de otras Comisiones de Sector que deseen colaborar con ambas Entidades.<\/p>\n<p>El concurso se convoca con la vocaci\u00f3n de que en el mimo puedan participar cuantos Centros de Educaci\u00f3n, tanto de Primaria como de Secundaria y de Educaci\u00f3n Especial, deseen participar.<\/p>\n<p>Este Concurso queda sujeto al cumplimiento de las siguientes<\/p>\n<h2 style=\"text-align: center;\">BASES<\/h2>\n<h3>Primera<\/h3>\n<p>Los escolares realizar\u00e1n sus trabajos con plena libertad de tema y de materiales, teniendo en cuenta que el referente no es otro que la Gaiata, representaci\u00f3n de aquellos cayados iluminados que fueron su origen, siendo el gayato el elemento indispensable para que la Gaiata se considere como tal, sin perjuicio de cuantos otros elementos puedan valorarse de conformidad con las presentes bases.<\/p>\n<h3>Segunda<\/h3>\n<p>Para su participaci\u00f3n deber\u00e1 cumplimentar el bolet\u00edn de inscripci\u00f3n que se acompa\u00f1a con las presentes bases, y donde deber\u00e1n constar, inexcusablemente, los siguientes datos:<\/p>\n<ol>\n<li>Apellidos y nombre del escolar.<\/li>\n<li>Centro Educativo al que pertenece, con indicaci\u00f3n del domicilio del Centro, curso al que pertenece y nombre del tutor del curso.<\/li>\n<li>Lema del trabajo presentado.<\/li>\n<li>Breve resumen de las caracter\u00edsticas que el escolar desee destacar con relaci\u00f3n a su trabajo.<\/li>\n<\/ol>\n<p>Dado que la participaci\u00f3n al mismo lo podr\u00e1 ser tanto de forma individual como colectiva, en \u00e9ste \u00faltimo caso deber\u00e1 hacerse constar de forma expresa en el bolet\u00edn de inscripci\u00f3n, la forma de agrupaci\u00f3n que en su caso hayan elegido (grupo de alumnos, curso acad\u00e9mico, &#8230;)<\/p>\n<p>Para su admisi\u00f3n en el Concurso ser\u00e1 necesaria la remisi\u00f3n del bolet\u00edn a la Asociaci\u00f3n Cultural Gaiata 15 \u00abSequiol\u00bb, con domicilio en Calle Herrero, 64 &#8211; 12006 Castell\u00f3n de la Plana, a trav\u00e9s de la p\u00e1gina web http:\/\/sequiol.es, o a trav\u00e9s del propio Centro Escolar.<\/p>\n<p>A trav\u00e9s de la indicada p\u00e1gina web podr\u00e1n solicitar cuanta informaci\u00f3n deseen sobre el concurso, as\u00ed como de cuanta informaci\u00f3n de apoyo necesiten tanto del Concurso como de las caracter\u00edsticas o condiciones exigidas para su participaci\u00f3n.<\/p>\n<p>La presentaci\u00f3n de esta documentaci\u00f3n expuesta anteriormente lo ser\u00e1 hasta el d\u00eda <strong>9 de marzo de 2.017, a las 15:00<\/strong> horas, y supondr\u00e1 la aceptaci\u00f3n \u00edntegra de las presentes bases.<\/p>\n<h3>Tercera<\/h3>\n<p>La libertad de tema y de materiales (cualesquiera que permitan el desarrollo del trabajo) no puede quedar ajena a unas m\u00ednimas, pero necesarias normas que permitan una homogeneizaci\u00f3n, tanto en la elaboraci\u00f3n de los distintos trabajos, como en la formaci\u00f3n del conjunto de los mismos, as\u00ed como la valoraci\u00f3n por parte de los jurados escolares y el Jurado final del Concurso.<\/p>\n<p>As\u00ed, la altura de la maqueta ser\u00e1 de 50 cent\u00edmetros, pudiendo disponer de iluminaci\u00f3n, siendo \u00e9sta una caracter\u00edstica a considerar en el fallo del Jurado, sin perjuicio de la valoraci\u00f3n sobre al imaginaci\u00f3n, adecuaci\u00f3n a las presentes bases y creatividad del trabajo a presentar.<\/p>\n<p>En la composici\u00f3n constar\u00e1 el anagrama representativo del Concurso, as\u00ed como, de considerarlo el escolar, el logotipo o anagrama representativo de una Comisi\u00f3n de Sector.<\/p>\n<h3>Cuarta<\/h3>\n<p>Se establecen tres categor\u00edas teniendo como base la edad de los participantes, sin perjuicio de la pertenencia a cada uno de los Cursos Escolares englobados en cada una de las categor\u00edas, a saber:<\/p>\n<ul>\n<li><strong>Primera categor\u00eda<\/strong>: Escolares de 1\u00ba, 2\u00ba y 3\u00ba de Primaria.<\/li>\n<li><strong>Segunda categor\u00eda<\/strong>: Escolares de 4\u00ba, 5\u00ba y 6\u00ba de Primara.<\/li>\n<li><strong>Tercera categor\u00eda<\/strong>: Escolares de 1\u00ba, 2\u00ba y 3\u00ba de Secundaria.<\/li>\n<\/ul>\n<p>Adem\u00e1s de estas categor\u00edas, se establece una <strong>categor\u00eda especial<\/strong> para los centros y asociaciones de Educaci\u00f3n Especial.<\/p>\n<h3>Quinta<\/h3>\n<p>Los jurados que deliberar\u00e1n y decidir\u00e1n las distintas fases del Concurso ser\u00e1n los siguientes:<\/p>\n<ul>\n<li><strong>Fase previa<\/strong>: Estar\u00e1n formados por profesores que realizar\u00e1n, con el apoyo de los miembros de la Asociaci\u00f3n Cultural Gaiata 15 \u00abSequiol\u00bb si lo desean, la selecci\u00f3n de los trabajos que merecen el premio en cada una de las categor\u00edas, ejerciendo uno de ellos el cargo de Secretario a fin de levantar acta del resultado, y debiendo decidir su veredicto antes del <strong>8 de marzo de 2.017<\/strong>.<\/li>\n<li><strong>Fase final<\/strong>: Estar\u00e1 compuesto por un n\u00famero determinado de personas que ser\u00e1n elegidas por el patrocinador y por la Asociaci\u00f3n Cultural Gaiata 15 \u00abSequiol\u00bb, debiendo emitir su veredicto el <strong>9 de marzo de 2.017<\/strong>, levant\u00e1ndose acta del resultado por parte del Secretario.<\/li>\n<\/ul>\n<p>Los fallos de los Jurados ser\u00e1n inapelables.<\/p>\n<h3>Sexta<\/h3>\n<p>Los premios a otorgar ser\u00e1n los siguientes:<\/p>\n<h4>Fase previa<\/h4>\n<p style=\"padding-left: 30px;\">En\u00a0la fase de selecci\u00f3n entre las distintas categor\u00edas de los distintos Centros de Ense\u00f1anza participantes, se obsequiar\u00e1 a cada participante, individual o de forma colectiva, seg\u00fan su elecci\u00f3n a la hora de presentar su inscripci\u00f3n.<\/p>\n<p style=\"padding-left: 30px;\">Los ganadores de cada una de las categor\u00edas recibir\u00e1n un premio y distinci\u00f3n.<\/p>\n<p style=\"padding-left: 30px;\">Los alumnos de Categor\u00eda Especial recibir\u00e1n un obsequio por participante y un premio \u00fanico dentro de su categor\u00eda.<\/p>\n<h4>Fase final<\/h4>\n<p style=\"padding-left: 30px;\">Participar\u00e1n todos los trabajos premiados en la fase previa, en atenci\u00f3n a las distintas categor\u00edas. Se obsequiar\u00e1 a los mejores trabajos por cada una de las mismas, pasando los trabajos premiados a la \u00faltima fase donde se decidir\u00e1 la maqueta que merece, a juicio del Jurado, ser la ganadora final del Concurso, mereciendo \u00e9sta la distinci\u00f3n de ser realizada a tama\u00f1o de 1 por 0,5 metros y donde figurar\u00e1 en lugar visible y destacado la siguiente inscripci\u00f3n: <em><strong>\u00abPremio absoluto del XIV Concurso Escolar de Maquetas de Gaiata. Ganador y Centro Escolar\u00bb<\/strong><\/em>.<\/p>\n<p>Dado que las maquetas pueden presentarse de forma individual o colectiva, los premios ser\u00e1n de un valor equivalente, de manera que el valor de un premio otorgado a un ganador individual sea igual a la suma de los otorgados a un premio colectivo.<\/p>\n<p>Significar de forma especial que, en el fallo del Premio Absoluto, se valorar\u00e1 la viabilidad del proyecto y su ejecuci\u00f3n.<\/p>\n<p>El resultado del Jurado se har\u00e1 p\u00fablico a trav\u00e9s de los medio de comunicaci\u00f3n, en la misma fecha de su emisi\u00f3n, quedando expuesto el trabajo ganador, as\u00ed como todos los seleccionados para esta fase final, en el Museo Etnol\u00f3gico, Calle Caballeros, 25, Castell\u00f3n, <strong>desde el d\u00eda 11 de marzo de 2.017 hasta el d\u00eda 26 de marzo de 2.017<\/strong>.<\/p>\n<p>La retirada de los trabajos podr\u00e1 realizarse en el mismo Museo Etnol\u00f3gico el d\u00eda 28 de marzo de 2.017 hasta las 19 horas.<\/p>\n<p>Destacar que, en ning\u00fan caso, podr\u00e1 quedar desierto el Concurso en ninguna de sus fases y categor\u00edas.<\/p>\n","protected":false},"excerpt":{"rendered":"<p>El patrocinador, consciente de que entre las tradiciones m\u00e1s significativas y singulares de la Ciudad de Castell\u00f3n, reflejo de los primitivos pobladores, y que el s\u00edmbolo de las fiestas de nuestra Ciudad es la \u00abgaiata\u00bb, convoca el XIV Concurso de Maquetas de Gaiatas entre los escolares de Centros de Educaci\u00f3n de Primaria, Secundaria y Especial, [&hellip;]<\/p>\n","protected":false},"author":1,"featured_media":0,"parent":24723,"menu_order":141,"comment_status":"closed","ping_status":"closed","template":"","meta":{"footnotes":""},"class_list":["post-24717","page","type-page","status-publish","hentry"],"_links":{"self":[{"href":"https:\/\/sequiol.es\/es\/wp-json\/wp\/v2\/pages\/24717","targetHints":{"allow":["GET"]}}],"collection":[{"href":"https:\/\/sequiol.es\/es\/wp-json\/wp\/v2\/pages"}],"about":[{"href":"https:\/\/sequiol.es\/es\/wp-json\/wp\/v2\/types\/page"}],"author":[{"embeddable":true,"href":"https:\/\/sequiol.es\/es\/wp-json\/wp\/v2\/users\/1"}],"replies":[{"embeddable":true,"href":"https:\/\/sequiol.es\/es\/wp-json\/wp\/v2\/comments?post=24717"}],"version-history":[{"count":1,"href":"https:\/\/sequiol.es\/es\/wp-json\/wp\/v2\/pages\/24717\/revisions"}],"predecessor-version":[{"id":24719,"href":"https:\/\/sequiol.es\/es\/wp-json\/wp\/v2\/pages\/24717\/revisions\/24719"}],"up":[{"embeddable":true,"href":"https:\/\/sequiol.es\/es\/wp-json\/wp\/v2\/pages\/24723"}],"wp:attachment":[{"href":"https:\/\/sequiol.es\/es\/wp-json\/wp\/v2\/media?parent=24717"}],"curies":[{"name":"wp","href":"https:\/\/api.w.org\/{rel}","templated":true}]}}