{"id":245,"date":"2014-07-15T10:12:31","date_gmt":"2014-07-15T08:12:31","guid":{"rendered":"http:\/\/sequiol.es\/?page_id=245"},"modified":"2024-02-12T09:08:50","modified_gmt":"2024-02-12T08:08:50","slug":"publicaciones","status":"publish","type":"page","link":"https:\/\/sequiol.es\/es\/publicaciones\/","title":{"rendered":"Publicaciones"},"content":{"rendered":"<p>Como Asociaci\u00f3n Cultural que somos, desde la Gaiata 15 Sequiol desarrollamos infinidad de actividades a lo largo de todo el a\u00f1o. Y entre ellas, creemos importante la labor de comunicaci\u00f3n a los socios, vecinos y amigos, de todos los actos a los que acudimos, ya sea como invitados, ya como protagonistas.<\/p>\n<p>Con ese fin, al t\u00e9rmino de cada mes, publicamos nuestra revista Infosequiol, con el \u00e1nimo de mantener informados a cuantos nos siguen, de todas aquellas actividades en las que la Gaiata 15 ha participado.<br \/>\nAs\u00ed, en nuestro Infosequiol les contamos d\u00f3nde hemos estado, con qui\u00e9n y por qu\u00e9. Y pueden encontrar multitud de im\u00e1genes que ilustran las diferentes narraciones.<\/p>\n<p>Con nuestra humilde pluma cumplimos as\u00ed nuestro deseo de acercar la Gaiata 15 a Vecinos, Socios y Amigos. Porque la Asociaci\u00f3n Cultural Gaiata 15 Sequiol va mucho m\u00e1s all\u00e1 de la programaci\u00f3n de las fiestas en la semana de la Magdalena y as\u00ed se lo mostramos en nuestra revista mensual.<\/p>\n<p>Pero si hay una publicaci\u00f3n de la Gaiata 15 que a\u00f1o tras a\u00f1o nos llena de orgullo, esa es nuestro Llibret. Pocas semanas antes de las fiestas fundacionales de nuestra Ciudad, presentamos el libro que resume qui\u00e9nes somos y qu\u00e9 hacemos. En sus l\u00edneas encontramos el saludo de autoridades y de las reinas de las fiestas, descubrimos c\u00f3mo se idearon y construyeron nuestros monumentos Gaiateros, conocemos a nuestros m\u00e1ximos representantes, as\u00ed como a sus damas, acompa\u00f1antes y colaboradores.<\/p>\n<p>Pero tambi\u00e9n desde el Llibret hacemos un repaso a todos los actos vividos desde las \u00faltimas fiestas de la Magdalena, descubrimos cu\u00e1l ser\u00e1 la programaci\u00f3n de actos del Sector en las pr\u00f3ximas fiestas, y podemos deleitarnos con una serie de art\u00edculos que cada a\u00f1o eligen un tema central relacionado con nuestra ciudad y su gente. Desde pintores, escultores o pintores, nuestras ermitas, barrios o partidas, indumentaria, f\u00fatbol ,\u2026 todo aquello que forma parte de nuestra identidad como pueblo.<\/p>\n<p>Desde esta web, les invitamos a ver tanto los Infosequiol como los Llibrets publicados hasta la fecha. Ojal\u00e1 les gusten, hay mucho trabajo e ilusi\u00f3n en ellos. \u00a1As\u00ed somos en la 15!<\/p>\n<p>&nbsp;<\/p>\n<div id=\"attachment_124241\" style=\"width: 210px\" class=\"wp-caption alignleft\"><a href=\"https:\/\/sequiol.es\/es\/publicaciones\/llibrets\/\"><img loading=\"lazy\" decoding=\"async\" aria-describedby=\"caption-attachment-124241\" src=\"https:\/\/sequiol.es\/wp-content\/uploads\/2024\/02\/portada-llibret-2024.png\" alt=\"\" width=\"200\" height=\"266\" class=\"size-full wp-image-124241\" \/><\/a><p id=\"caption-attachment-124241\" class=\"wp-caption-text\">Llibrets<\/p><\/div>\n<div id=\"attachment_102518\" style=\"width: 198px\" class=\"wp-caption alignleft\"><a href=\"https:\/\/sequiol.es\/es\/publicaciones\/infosequiol\/\"><img loading=\"lazy\" decoding=\"async\" aria-describedby=\"caption-attachment-102518\" class\"size-full=\"\" wp-image-102518\"=\"\" src=\"https:\/\/sequiol.es\/wp-content\/uploads\/2021\/04\/infosequiol-137-2020-200x283.jpg\/\" alt=\"\" width=\"188\" height=\"266\" srcset=\"https:\/\/sequiol.es\/wp-content\/uploads\/2021\/04\/infosequiol-137-2020-200x283.jpg 200w, https:\/\/sequiol.es\/wp-content\/uploads\/2021\/04\/infosequiol-137-2020.jpg 617w\" sizes=\"auto, (max-width: 188px) 100vw, 188px\" \/><\/a><p id=\"caption-attachment-102518\" class=\"wp-caption-text\">Infosequiol<\/p><\/div>\n<p>&nbsp;<\/p>\n<p>&nbsp;<\/p>\n","protected":false},"excerpt":{"rendered":"<p>Como Asociaci\u00f3n Cultural que somos, desde la Gaiata 15 Sequiol desarrollamos infinidad de actividades a lo largo de todo el a\u00f1o. Y entre ellas, creemos importante la labor de comunicaci\u00f3n a los socios, vecinos y amigos, de todos los actos a los que acudimos, ya sea como invitados, ya como protagonistas. Con ese fin, al [&hellip;]<\/p>\n","protected":false},"author":1,"featured_media":0,"parent":0,"menu_order":3,"comment_status":"open","ping_status":"closed","template":"","meta":{"footnotes":""},"class_list":["post-245","page","type-page","status-publish","hentry"],"_links":{"self":[{"href":"https:\/\/sequiol.es\/es\/wp-json\/wp\/v2\/pages\/245","targetHints":{"allow":["GET"]}}],"collection":[{"href":"https:\/\/sequiol.es\/es\/wp-json\/wp\/v2\/pages"}],"about":[{"href":"https:\/\/sequiol.es\/es\/wp-json\/wp\/v2\/types\/page"}],"author":[{"embeddable":true,"href":"https:\/\/sequiol.es\/es\/wp-json\/wp\/v2\/users\/1"}],"replies":[{"embeddable":true,"href":"https:\/\/sequiol.es\/es\/wp-json\/wp\/v2\/comments?post=245"}],"version-history":[{"count":20,"href":"https:\/\/sequiol.es\/es\/wp-json\/wp\/v2\/pages\/245\/revisions"}],"predecessor-version":[{"id":124247,"href":"https:\/\/sequiol.es\/es\/wp-json\/wp\/v2\/pages\/245\/revisions\/124247"}],"wp:attachment":[{"href":"https:\/\/sequiol.es\/es\/wp-json\/wp\/v2\/media?parent=245"}],"curies":[{"name":"wp","href":"https:\/\/api.w.org\/{rel}","templated":true}]}}