{"id":139,"date":"2014-07-14T19:25:39","date_gmt":"2014-07-14T17:25:39","guid":{"rendered":"http:\/\/sequiol.es\/?page_id=139"},"modified":"2021-04-06T19:59:22","modified_gmt":"2021-04-06T17:59:22","slug":"otros","status":"publish","type":"page","link":"https:\/\/sequiol.es\/es\/historico\/otros\/","title":{"rendered":"Otros"},"content":{"rendered":"<div id=\"attachment_2932\" style=\"width: 210px\" class=\"wp-caption alignleft\"><a class=\"fancybox\" rel=\"otros\" title=\"Sergi Mart\u00ed Garc\u00eda&lt;br \/&gt;Coixiner Reina Infantil 2013\" href=\"http:\/\/sequiol.es\/wp-content\/uploads\/2014\/07\/2013-cojinero-infantil-sergi.jpg\"><img loading=\"lazy\" decoding=\"async\" aria-describedby=\"caption-attachment-2932\" src=\"http:\/\/sequiol.es\/wp-content\/uploads\/2014\/07\/2013-cojinero-infantil-sergi-200x266.jpg\" alt=\"Sergi Mart\u00ed Garc\u00eda Coixiner Infantil 2013\" width=\"200\" height=\"266\" class=\"size-medium wp-image-2932\" srcset=\"https:\/\/sequiol.es\/wp-content\/uploads\/2014\/07\/2013-cojinero-infantil-sergi-200x266.jpg 200w, https:\/\/sequiol.es\/wp-content\/uploads\/2014\/07\/2013-cojinero-infantil-sergi-640x853.jpg 640w, https:\/\/sequiol.es\/wp-content\/uploads\/2014\/07\/2013-cojinero-infantil-sergi.jpg 900w\" sizes=\"auto, (max-width: 200px) 100vw, 200px\" \/><\/a><p id=\"caption-attachment-2932\" class=\"wp-caption-text\">Sergi Mart\u00ed Garc\u00eda<br \/>Coixiner Reina Infantil 2013<\/p><\/div>\n<div id=\"attachment_2930\" style=\"width: 210px\" class=\"wp-caption alignleft\"><a class=\"fancybox\" rel=\"otros\" title=\"Fran Benedito Tarazona&lt;br \/&gt;Coixiner Reina Infantil 2013\" href=\"http:\/\/sequiol.es\/wp-content\/uploads\/2014\/07\/2013-cojinero-infantil-fran-2.jpg\"><img loading=\"lazy\" decoding=\"async\" aria-describedby=\"caption-attachment-2930\" src=\"http:\/\/sequiol.es\/wp-content\/uploads\/2014\/07\/2013-cojinero-infantil-fran-200x266.jpg\" alt=\"Fran Benedito Tarazona Coixiner Infantil 2013\" width=\"200\" height=\"266\" class=\"size-medium wp-image-2930\" srcset=\"https:\/\/sequiol.es\/wp-content\/uploads\/2014\/07\/2013-cojinero-infantil-fran-200x266.jpg 200w, https:\/\/sequiol.es\/wp-content\/uploads\/2014\/07\/2013-cojinero-infantil-fran-640x853.jpg 640w, https:\/\/sequiol.es\/wp-content\/uploads\/2014\/07\/2013-cojinero-infantil-fran.jpg 900w\" sizes=\"auto, (max-width: 200px) 100vw, 200px\" \/><\/a><p id=\"caption-attachment-2930\" class=\"wp-caption-text\">Fran Benedito Tarazona<br \/>Coixiner Reina Infantil 2013<\/p><\/div>\n<div id=\"attachment_2989\" style=\"width: 210px\" class=\"wp-caption alignleft\"><a class=\"fancybox\" rel=\"otros\" title=\"Enrique Carceller Sebasti\u00e1&lt;br \/&gt;Clavario Lled\u00f3 2012\" href=\"http:\/\/sequiol.es\/wp-content\/uploads\/2014\/07\/2012-clavario-lledo.jpg\"><img loading=\"lazy\" decoding=\"async\" aria-describedby=\"caption-attachment-2989\" src=\"http:\/\/sequiol.es\/wp-content\/uploads\/2014\/07\/2012-clavario-lledo-200x266.jpg\" alt=\"Enrique Carceller Sebasti\u00e1 Clavario Lled\u00f3 2012\" width=\"200\" height=\"266\" class=\"size-medium wp-image-2989\" srcset=\"https:\/\/sequiol.es\/wp-content\/uploads\/2014\/07\/2012-clavario-lledo-200x266.jpg 200w, https:\/\/sequiol.es\/wp-content\/uploads\/2014\/07\/2012-clavario-lledo-640x853.jpg 640w, https:\/\/sequiol.es\/wp-content\/uploads\/2014\/07\/2012-clavario-lledo.jpg 900w\" sizes=\"auto, (max-width: 200px) 100vw, 200px\" \/><\/a><p id=\"caption-attachment-2989\" class=\"wp-caption-text\">Enrique Carceller Sebasti\u00e1<br \/>Clavario Lled\u00f3 2012<\/p><\/div>\n<div id=\"attachment_2992\" style=\"width: 210px\" class=\"wp-caption alignleft\"><a class=\"fancybox\" rel=\"otros\" title=\"Elisabeth Breva Almerich&lt;br \/&gt;Presidenta Gestora de Gaiates 2011\" href=\"http:\/\/sequiol.es\/wp-content\/uploads\/2014\/07\/2011-presidenta-gestora.jpg\"><img loading=\"lazy\" decoding=\"async\" aria-describedby=\"caption-attachment-2992\" src=\"http:\/\/sequiol.es\/wp-content\/uploads\/2014\/07\/2011-presidenta-gestora-200x266.jpg\" alt=\"Elisabeth Breva Almerich Presidenta Gestora Gaiates 2011\" width=\"200\" height=\"266\" class=\"size-medium wp-image-2992\" srcset=\"https:\/\/sequiol.es\/wp-content\/uploads\/2014\/07\/2011-presidenta-gestora-200x266.jpg 200w, https:\/\/sequiol.es\/wp-content\/uploads\/2014\/07\/2011-presidenta-gestora-640x853.jpg 640w, https:\/\/sequiol.es\/wp-content\/uploads\/2014\/07\/2011-presidenta-gestora.jpg 900w\" sizes=\"auto, (max-width: 200px) 100vw, 200px\" \/><\/a><p id=\"caption-attachment-2992\" class=\"wp-caption-text\">Elisabeth Breva Almerich<br \/>Presidenta Gestora Gaiates 2011<\/p><\/div>\n<div id=\"attachment_2936\" style=\"width: 210px\" class=\"wp-caption alignleft\"><a class=\"fancybox\" rel=\"otros\" title=\"Marta Mir Bl\u00e1zquez&lt;br \/&gt;Gaiatera Casa Valencia en Barcelona 2009\" href=\"http:\/\/sequiol.es\/wp-content\/uploads\/2014\/07\/2009-gaiatera-casa-valencia.jpg\"><img loading=\"lazy\" decoding=\"async\" aria-describedby=\"caption-attachment-2936\" src=\"http:\/\/sequiol.es\/wp-content\/uploads\/2014\/07\/2009-gaiatera-casa-valencia-200x266.jpg\" alt=\"Marta Mir Bl\u00e1zquez Gaiatera Casa Valencia en Barcelona 2009\" width=\"200\" height=\"266\" class=\"size-medium wp-image-2936\" srcset=\"https:\/\/sequiol.es\/wp-content\/uploads\/2014\/07\/2009-gaiatera-casa-valencia-200x266.jpg 200w, https:\/\/sequiol.es\/wp-content\/uploads\/2014\/07\/2009-gaiatera-casa-valencia-640x853.jpg 640w, https:\/\/sequiol.es\/wp-content\/uploads\/2014\/07\/2009-gaiatera-casa-valencia.jpg 900w\" sizes=\"auto, (max-width: 200px) 100vw, 200px\" \/><\/a><p id=\"caption-attachment-2936\" class=\"wp-caption-text\">Marta Mir Bl\u00e1zquez<br \/>Gaiatera Casa Valencia 2009<\/p><\/div>\n<div id=\"attachment_2942\" style=\"width: 210px\" class=\"wp-caption alignleft\"><a class=\"fancybox\" rel=\"otros\" title=\"Joaqu\u00edn Moliner d'Ivernois&lt;br \/&gt;Presentador Galania Infantil 2004\" href=\"http:\/\/sequiol.es\/wp-content\/uploads\/2014\/07\/2004-presentador-galania-infantil1.jpg\"><img loading=\"lazy\" decoding=\"async\" aria-describedby=\"caption-attachment-2942\" src=\"http:\/\/sequiol.es\/wp-content\/uploads\/2014\/07\/2004-presentador-galania-infantil1-200x266.jpg\" alt=\"Joaqu\u00edn Moliner d&#039;Ivernois Presentador Galan\u00eda Infantil 2004\" width=\"200\" height=\"266\" class=\"size-medium wp-image-2942\" srcset=\"https:\/\/sequiol.es\/wp-content\/uploads\/2014\/07\/2004-presentador-galania-infantil1-200x266.jpg 200w, https:\/\/sequiol.es\/wp-content\/uploads\/2014\/07\/2004-presentador-galania-infantil1-640x853.jpg 640w, https:\/\/sequiol.es\/wp-content\/uploads\/2014\/07\/2004-presentador-galania-infantil1.jpg 900w\" sizes=\"auto, (max-width: 200px) 100vw, 200px\" \/><\/a><p id=\"caption-attachment-2942\" class=\"wp-caption-text\">Joaqu\u00edn Moliner d&#8217;Ivernois<br \/>Presentador Galan\u00eda Infantil 2004<\/p><\/div>\n<div id=\"attachment_2945\" style=\"width: 210px\" class=\"wp-caption alignleft\"><a class=\"fancybox\" rel=\"otros\" title=\"Jes\u00fas L\u00f3pez Guill\u00e9n&lt;br \/&gt;Presidente Junta de Fiestas 2003\" href=\"http:\/\/sequiol.es\/wp-content\/uploads\/2014\/07\/2003-presidente-junta.jpg\"><img loading=\"lazy\" decoding=\"async\" aria-describedby=\"caption-attachment-2945\" src=\"http:\/\/sequiol.es\/wp-content\/uploads\/2014\/07\/2003-presidente-junta-200x266.jpg\" alt=\"Jes\u00fas L\u00f3pez Guill\u00e9n Presidente Junta de Fiestas 2003\" width=\"200\" height=\"266\" class=\"size-medium wp-image-2945\" srcset=\"https:\/\/sequiol.es\/wp-content\/uploads\/2014\/07\/2003-presidente-junta-200x266.jpg 200w, https:\/\/sequiol.es\/wp-content\/uploads\/2014\/07\/2003-presidente-junta-640x853.jpg 640w, https:\/\/sequiol.es\/wp-content\/uploads\/2014\/07\/2003-presidente-junta.jpg 900w\" sizes=\"auto, (max-width: 200px) 100vw, 200px\" \/><\/a><p id=\"caption-attachment-2945\" class=\"wp-caption-text\">Jes\u00fas L\u00f3pez Guill\u00e9n<br \/>Presidente Junta de Fiestas 2003<\/p><\/div>\n<div id=\"attachment_2948\" style=\"width: 210px\" class=\"wp-caption alignleft\"><a class=\"fancybox\" rel=\"otros\" title=\"Enrique Carceller Llago&lt;br \/&gt;Presidente Cofrad\u00eda de Lled\u00f3 2002\" href=\"http:\/\/sequiol.es\/wp-content\/uploads\/2014\/07\/2002-presidente-lledo.jpg\"><img loading=\"lazy\" decoding=\"async\" aria-describedby=\"caption-attachment-2948\" src=\"http:\/\/sequiol.es\/wp-content\/uploads\/2014\/07\/2002-presidente-lledo-2-200x266.jpg\" alt=\"Enrique Carceller Llago Presidente Cofrad\u00eda de Lled\u00f3 2002\" width=\"200\" height=\"266\" class=\"size-medium wp-image-2948\" srcset=\"https:\/\/sequiol.es\/wp-content\/uploads\/2014\/07\/2002-presidente-lledo-2-200x266.jpg 200w, https:\/\/sequiol.es\/wp-content\/uploads\/2014\/07\/2002-presidente-lledo-2-640x853.jpg 640w, https:\/\/sequiol.es\/wp-content\/uploads\/2014\/07\/2002-presidente-lledo-2.jpg 900w\" sizes=\"auto, (max-width: 200px) 100vw, 200px\" \/><\/a><p id=\"caption-attachment-2948\" class=\"wp-caption-text\">Enrique Carceller Llago<br \/>Presidente Cofrad\u00eda de Lled\u00f3 2002<\/p><\/div>\n<div id=\"attachment_2953\" style=\"width: 210px\" class=\"wp-caption alignleft\"><a class=\"fancybox\" rel=\"otros\" title=\"Mar\u00eda Sebasti\u00e1 G\u00f3mez&lt;br \/&gt;Vintera &ldquo;Els 20 del 88&rdquo; 2001\" href=\"http:\/\/sequiol.es\/wp-content\/uploads\/2014\/07\/2001-vintera.jpg\"><img loading=\"lazy\" decoding=\"async\" aria-describedby=\"caption-attachment-2953\" src=\"http:\/\/sequiol.es\/wp-content\/uploads\/2014\/07\/2001-vintera-2-200x266.jpg\" alt=\"Mar\u00eda Sebasti\u00e1 G\u00f3mez Vintera 2001\" width=\"200\" height=\"266\" class=\"size-medium wp-image-2953\" srcset=\"https:\/\/sequiol.es\/wp-content\/uploads\/2014\/07\/2001-vintera-2-200x266.jpg 200w, https:\/\/sequiol.es\/wp-content\/uploads\/2014\/07\/2001-vintera-2-640x853.jpg 640w, https:\/\/sequiol.es\/wp-content\/uploads\/2014\/07\/2001-vintera-2.jpg 900w\" sizes=\"auto, (max-width: 200px) 100vw, 200px\" \/><\/a><p id=\"caption-attachment-2953\" class=\"wp-caption-text\">Mar\u00eda Sebasti\u00e1 G\u00f3mez<br \/>Vintera 2001<\/p><\/div>\n<div id=\"attachment_2959\" style=\"width: 210px\" class=\"wp-caption alignleft\"><a class=\"fancybox\" rel=\"otros\" title=\"Zoraida Mart\u00ednez Rubio&lt;br \/&gt;Na Violant d'Hongria 1997\" href=\"http:\/\/sequiol.es\/wp-content\/uploads\/2014\/07\/1997-na-violant.jpg\"><img loading=\"lazy\" decoding=\"async\" aria-describedby=\"caption-attachment-2959\" src=\"http:\/\/sequiol.es\/wp-content\/uploads\/2014\/07\/1997-na-violant-2-200x266.jpg\" alt=\"Zoraida Mart\u00ednez Rubio Na Violant 1997\" width=\"200\" height=\"266\" class=\"size-medium wp-image-2959\" srcset=\"https:\/\/sequiol.es\/wp-content\/uploads\/2014\/07\/1997-na-violant-2-200x266.jpg 200w, https:\/\/sequiol.es\/wp-content\/uploads\/2014\/07\/1997-na-violant-2-640x853.jpg 640w, https:\/\/sequiol.es\/wp-content\/uploads\/2014\/07\/1997-na-violant-2.jpg 900w\" sizes=\"auto, (max-width: 200px) 100vw, 200px\" \/><\/a><p id=\"caption-attachment-2959\" class=\"wp-caption-text\">Zoraida Mart\u00ednez Rubio<br \/>Na Violant 1997<\/p><\/div>\n<div id=\"attachment_2964\" style=\"width: 210px\" class=\"wp-caption alignleft\"><a class=\"fancybox\" rel=\"otros\" title=\"Juan Jos\u00e9 P\u00e9rez Maci\u00e1n&lt;br \/&gt;Presidente Junta de Fiestas 1995\" href=\"http:\/\/sequiol.es\/wp-content\/uploads\/2014\/07\/1995-presidente-junta-fiestas.jpg\"><img loading=\"lazy\" decoding=\"async\" aria-describedby=\"caption-attachment-2964\" src=\"http:\/\/sequiol.es\/wp-content\/uploads\/2014\/07\/1995-presidente-junta-fiestas-200x266.jpg\" alt=\"Juan Jos\u00e9 P\u00e9rez Maci\u00e1n Presidente Junta de Fiestas 1995-1997\" width=\"200\" height=\"266\" class=\"size-medium wp-image-2964\" srcset=\"https:\/\/sequiol.es\/wp-content\/uploads\/2014\/07\/1995-presidente-junta-fiestas-200x266.jpg 200w, https:\/\/sequiol.es\/wp-content\/uploads\/2014\/07\/1995-presidente-junta-fiestas-640x853.jpg 640w, https:\/\/sequiol.es\/wp-content\/uploads\/2014\/07\/1995-presidente-junta-fiestas.jpg 900w\" sizes=\"auto, (max-width: 200px) 100vw, 200px\" \/><\/a><p id=\"caption-attachment-2964\" class=\"wp-caption-text\">Juan Jos\u00e9 P\u00e9rez Maci\u00e1n<br \/>Presidente Junta de Fiestas 1995<\/p><\/div>\n<p><br class=\"clear\" \/><br \/>\n&nbsp;<\/p>\n<table>\n<tbody>\n<tr>\n<td>2014<\/td>\n<td>Nacho Carceller Sebasti\u00e1<\/td>\n<td>Copresentador Imposici\u00f3n de Bandas Infantil<\/td>\n<\/tr>\n<tr>\n<td>2013<\/td>\n<td>Sergi Mart\u00ed Garc\u00eda<\/td>\n<td>Cojinero Reina Infantil<\/td>\n<\/tr>\n<tr>\n<td>2013<\/td>\n<td>Fran Benedito Tarazona<\/td>\n<td>Cojinero Reina Infantil<\/td>\n<\/tr>\n<tr>\n<td>2012<\/td>\n<td>Enrique Carceller Sebasti\u00e1<\/td>\n<td>Clavario Fiestas Mare de D\u00e9u del Lled\u00f3<\/td>\n<\/tr>\n<tr>\n<td>2011<\/td>\n<td>Elisabeth Breva Almerich<\/td>\n<td>Presidenta Gestora de Gaiates<\/td>\n<\/tr>\n<tr>\n<td>2009<\/td>\n<td>Marta Mir Bl\u00e1zquez<\/td>\n<td>Gaiatera de la Casa de Valencia en Barcelona<\/td>\n<\/tr>\n<tr>\n<td>2008<\/td>\n<td>Anna Turch Benedito<\/td>\n<td>Reina Infantil de Viver<\/td>\n<\/tr>\n<tr>\n<td>2008<\/td>\n<td>Jennifer Carratal\u00e1 Blasco<\/td>\n<td>Festera Calle San Cristobal<\/td>\n<\/tr>\n<tr>\n<td>2008<\/td>\n<td>Alejandro Breva Monte<\/td>\n<td>Copresentador Galan\u00eda Infantil<\/td>\n<\/tr>\n<tr>\n<td>2006<\/td>\n<td>Mois\u00e9s Jim\u00e9nez<\/td>\n<td>Cojinero Reina<\/td>\n<\/tr>\n<tr>\n<td>2004<\/td>\n<td>Joaqu\u00edn Moliner D&#8217;Ivernois<\/td>\n<td>Copresentador Galan\u00eda Infantil<\/td>\n<\/tr>\n<tr>\n<td>2003<\/td>\n<td>Jes\u00fas L\u00f3pez Guillen<\/td>\n<td>Presidente de la Junta de Fiestas<\/td>\n<\/tr>\n<tr>\n<td>2002<\/td>\n<td>Enrique Carceller Llago<\/td>\n<td>Presidente Cofrad\u00eda Mare de D\u00e9u del Lled\u00f3<\/td>\n<\/tr>\n<tr>\n<td>2001<\/td>\n<td>Mar\u00eda Sebasti\u00e1 G\u00f3mez<\/td>\n<td>Vintera de \u00abEls 20 del 88\u00bb<\/td>\n<\/tr>\n<tr>\n<td>1997<\/td>\n<td>Zoraida Mart\u00ednez Rubio<\/td>\n<td>Na Violant D&#8217;Hongria<\/td>\n<\/tr>\n<tr>\n<td>1995<\/td>\n<td>Juan Jos\u00e9 P\u00e9rez Maci\u00e1n<\/td>\n<td>Presidente de la Junta de Fiestas<\/td>\n<\/tr>\n<tr>\n<td>1994<\/td>\n<td>Chelo Asencio Monroig<\/td>\n<td>Dona de Companya<\/td>\n<\/tr>\n<\/tbody>\n<\/table>\n","protected":false},"excerpt":{"rendered":"<p>&nbsp; 2014 Nacho Carceller Sebasti\u00e1 Copresentador Imposici\u00f3n de Bandas Infantil 2013 Sergi Mart\u00ed Garc\u00eda Cojinero Reina Infantil 2013 Fran Benedito Tarazona Cojinero Reina Infantil 2012 Enrique Carceller Sebasti\u00e1 Clavario Fiestas Mare de D\u00e9u del Lled\u00f3 2011 Elisabeth Breva Almerich Presidenta Gestora de Gaiates 2009 Marta Mir Bl\u00e1zquez Gaiatera de la Casa de Valencia en Barcelona [&hellip;]<\/p>\n","protected":false},"author":1,"featured_media":0,"parent":91,"menu_order":8,"comment_status":"open","ping_status":"closed","template":"","meta":{"footnotes":""},"class_list":["post-139","page","type-page","status-publish","hentry"],"_links":{"self":[{"href":"https:\/\/sequiol.es\/es\/wp-json\/wp\/v2\/pages\/139","targetHints":{"allow":["GET"]}}],"collection":[{"href":"https:\/\/sequiol.es\/es\/wp-json\/wp\/v2\/pages"}],"about":[{"href":"https:\/\/sequiol.es\/es\/wp-json\/wp\/v2\/types\/page"}],"author":[{"embeddable":true,"href":"https:\/\/sequiol.es\/es\/wp-json\/wp\/v2\/users\/1"}],"replies":[{"embeddable":true,"href":"https:\/\/sequiol.es\/es\/wp-json\/wp\/v2\/comments?post=139"}],"version-history":[{"count":25,"href":"https:\/\/sequiol.es\/es\/wp-json\/wp\/v2\/pages\/139\/revisions"}],"predecessor-version":[{"id":2995,"href":"https:\/\/sequiol.es\/es\/wp-json\/wp\/v2\/pages\/139\/revisions\/2995"}],"up":[{"embeddable":true,"href":"https:\/\/sequiol.es\/es\/wp-json\/wp\/v2\/pages\/91"}],"wp:attachment":[{"href":"https:\/\/sequiol.es\/es\/wp-json\/wp\/v2\/media?parent=139"}],"curies":[{"name":"wp","href":"https:\/\/api.w.org\/{rel}","templated":true}]}}