{"id":136373,"date":"2025-11-22T09:45:13","date_gmt":"2025-11-22T08:45:13","guid":{"rendered":"https:\/\/sequiol.es\/?page_id=136373"},"modified":"2025-11-22T09:54:45","modified_gmt":"2025-11-22T08:54:45","slug":"xxiii-concurso-escolar-de-maquetas-de-gaiatas-ciudad-de-castellon","status":"publish","type":"page","link":"https:\/\/sequiol.es\/es\/historico\/concurso-maquetas\/xxiii-concurso-escolar-de-maquetas-de-gaiatas-ciudad-de-castellon\/","title":{"rendered":"XXIII Concurso Escolar de Maquetas de Gaiatas \u00abCiudad de Castell\u00f3n\u00bb"},"content":{"rendered":"<p><a href=\"https:\/\/sequiol.es\/wp-content\/uploads\/2023\/09\/cartel-maquetas_200x300.png\"><img loading=\"lazy\" decoding=\"async\" class=\"size-full wp-image-121990\" src=\"https:\/\/sequiol.es\/wp-content\/uploads\/2023\/09\/cartel-maquetas_200x300.png\" alt=\"\" width=\"200\" height=\"300\" \/><\/a><\/p>\n<p><a href=\"https:\/\/sequiol.es\/es\/historico\/concurso-maquetas\/formulario-de-inscripcion-concurso-maquetas\/\">Formulario de inscripci\u00f3n<\/a><\/p>\n<p><a href=\"https:\/\/sequiol.es\/es\/historico\/concurso-maquetas\/xxiii-concurso-escolar-de-maquetas-de-gaiatas-ciudad-de-castellon\/bases-xxiii-concurso-escolar-de-maquetas-de-gaiatas\/\">Bases del XXIII Concurso<\/a><\/p>\n<p><a href=\"https:\/\/sequiol.es\/es\/historico\/concurso-maquetas\/definicion-y-construccion-de-una-gaiata\/\">Definici\u00f3n y construcci\u00f3n de una Gaiata<\/a><\/p>\n<p><a href=\"https:\/\/sequiol.es\/es\/historico\/concurso-maquetas\/ayuda-en-la-construccion-de-la-maqueta\/\">Ayuda en la construcci\u00f3n de la maqueta<\/a><\/p>\n<p><a href=\"https:\/\/sequiol.es\/es\/historico\/concurso-maquetas\/logotipos-de-ayuda-para-la-construccion-de-tu-gaiata\/\">Logotipos de ayuda para la construcci\u00f3n de tu Gaiata<\/a><\/p>\n<p>&nbsp;<\/p>\n","protected":false},"excerpt":{"rendered":"<p>Formulario de inscripci\u00f3n Bases del XXIII Concurso Definici\u00f3n y construcci\u00f3n de una Gaiata Ayuda en la construcci\u00f3n de la maqueta Logotipos de ayuda para la construcci\u00f3n de tu Gaiata &nbsp;<\/p>\n","protected":false},"author":1,"featured_media":121990,"parent":121,"menu_order":230,"comment_status":"closed","ping_status":"closed","template":"","meta":{"footnotes":""},"class_list":["post-136373","page","type-page","status-publish","has-post-thumbnail","hentry"],"_links":{"self":[{"href":"https:\/\/sequiol.es\/es\/wp-json\/wp\/v2\/pages\/136373","targetHints":{"allow":["GET"]}}],"collection":[{"href":"https:\/\/sequiol.es\/es\/wp-json\/wp\/v2\/pages"}],"about":[{"href":"https:\/\/sequiol.es\/es\/wp-json\/wp\/v2\/types\/page"}],"author":[{"embeddable":true,"href":"https:\/\/sequiol.es\/es\/wp-json\/wp\/v2\/users\/1"}],"replies":[{"embeddable":true,"href":"https:\/\/sequiol.es\/es\/wp-json\/wp\/v2\/comments?post=136373"}],"version-history":[{"count":2,"href":"https:\/\/sequiol.es\/es\/wp-json\/wp\/v2\/pages\/136373\/revisions"}],"predecessor-version":[{"id":136377,"href":"https:\/\/sequiol.es\/es\/wp-json\/wp\/v2\/pages\/136373\/revisions\/136377"}],"up":[{"embeddable":true,"href":"https:\/\/sequiol.es\/es\/wp-json\/wp\/v2\/pages\/121"}],"wp:featuredmedia":[{"embeddable":true,"href":"https:\/\/sequiol.es\/es\/wp-json\/wp\/v2\/media\/121990"}],"wp:attachment":[{"href":"https:\/\/sequiol.es\/es\/wp-json\/wp\/v2\/media?parent=136373"}],"curies":[{"name":"wp","href":"https:\/\/api.w.org\/{rel}","templated":true}]}}