{"id":125541,"date":"2024-04-03T07:05:59","date_gmt":"2024-04-03T05:05:59","guid":{"rendered":"https:\/\/sequiol.es\/?page_id=125541"},"modified":"2025-04-09T11:30:33","modified_gmt":"2025-04-09T09:30:33","slug":"xxii-concurso-escolar-de-maquetas-de-gaiatas-ciudad-de-castellon","status":"publish","type":"page","link":"https:\/\/sequiol.es\/es\/historico\/concurso-maquetas\/xxii-concurso-escolar-de-maquetas-de-gaiatas-ciudad-de-castellon\/","title":{"rendered":"XXII Concurso Escolar de Maquetas de Gaiatas \u00abCiudad de Castell\u00f3n\u00bb"},"content":{"rendered":"<p><a href=\"https:\/\/sequiol.es\/wp-content\/uploads\/2025\/04\/maqueta-2025.webp\"><img loading=\"lazy\" decoding=\"async\" src=\"https:\/\/sequiol.es\/wp-content\/uploads\/2025\/04\/maqueta-2025-640x853.webp\" alt=\"\" width=\"640\" height=\"853\" class=\"alignleft size-large wp-image-133441\" srcset=\"https:\/\/sequiol.es\/wp-content\/uploads\/2025\/04\/maqueta-2025-640x853.webp 640w, https:\/\/sequiol.es\/wp-content\/uploads\/2025\/04\/maqueta-2025-200x267.webp 200w, https:\/\/sequiol.es\/wp-content\/uploads\/2025\/04\/maqueta-2025-768x1024.webp 768w, https:\/\/sequiol.es\/wp-content\/uploads\/2025\/04\/maqueta-2025-1152x1536.webp 1152w, https:\/\/sequiol.es\/wp-content\/uploads\/2025\/04\/maqueta-2025-1536x2048.webp 1536w, https:\/\/sequiol.es\/wp-content\/uploads\/2025\/04\/maqueta-2025.webp 1620w\" sizes=\"auto, (max-width: 640px) 100vw, 640px\" \/><\/a><\/p>\n<p style=\"text-align: center;\">Lema: \u00ab<em><strong>Llumeneta de Magdalena<\/strong><\/em>\u00bb<br \/>\nAutora: <em><strong>Luc\u00eda Segarra Casal<\/strong><\/em><br \/>\nColegio: <em><strong>FEC Madre Vedruna Sagrado Coraz\u00f3n<\/em><\/p>\n<p>&nbsp;<\/p>\n<p><a href=\"https:\/\/sequiol.es\/es\/historico\/concurso-maquetas\/formulario-de-inscripcion-concurso-maquetas\/\">Formulario de inscripci\u00f3n<\/a><\/p>\n<p><a href=\"https:\/\/sequiol.es\/es\/historico\/concurso-maquetas\/xxii-concurso-escolar-de-maquetas-de-gaiatas-ciudad-de-castellon\/bases-xxii-concurso-escolar-de-maquetas-de-gaiatas\/\">Bases del XXII Concurso<\/a><\/p>\n<p><a href=\"https:\/\/sequiol.es\/es\/historico\/concurso-maquetas\/definicion-y-construccion-de-una-gaiata\/\">Definici\u00f3n y construcci\u00f3n de una Gaiata<\/a><\/p>\n<p><a href=\"https:\/\/sequiol.es\/es\/historico\/concurso-maquetas\/ayuda-en-la-construccion-de-la-maqueta\/\">Ayuda en la construcci\u00f3n de la maqueta<\/a><\/p>\n<p><a href=\"https:\/\/sequiol.es\/es\/historico\/concurso-maquetas\/logotipos-de-ayuda-para-la-construccion-de-tu-gaiata\/\">Logotipos de ayuda para la construcci\u00f3n de tu Gaiata<\/a><\/p>\n<p>&nbsp;<\/p>\n","protected":false},"excerpt":{"rendered":"<p>Lema: \u00abLlumeneta de Magdalena\u00bb Autora: Luc\u00eda Segarra Casal Colegio: FEC Madre Vedruna Sagrado Coraz\u00f3n &nbsp; Formulario de inscripci\u00f3n Bases del XXII Concurso Definici\u00f3n y construcci\u00f3n de una Gaiata Ayuda en la construcci\u00f3n de la maqueta Logotipos de ayuda para la construcci\u00f3n de tu Gaiata &nbsp;<\/p>\n","protected":false},"author":1,"featured_media":121990,"parent":121,"menu_order":220,"comment_status":"closed","ping_status":"closed","template":"","meta":{"footnotes":""},"class_list":["post-125541","page","type-page","status-publish","has-post-thumbnail","hentry"],"_links":{"self":[{"href":"https:\/\/sequiol.es\/es\/wp-json\/wp\/v2\/pages\/125541","targetHints":{"allow":["GET"]}}],"collection":[{"href":"https:\/\/sequiol.es\/es\/wp-json\/wp\/v2\/pages"}],"about":[{"href":"https:\/\/sequiol.es\/es\/wp-json\/wp\/v2\/types\/page"}],"author":[{"embeddable":true,"href":"https:\/\/sequiol.es\/es\/wp-json\/wp\/v2\/users\/1"}],"replies":[{"embeddable":true,"href":"https:\/\/sequiol.es\/es\/wp-json\/wp\/v2\/comments?post=125541"}],"version-history":[{"count":6,"href":"https:\/\/sequiol.es\/es\/wp-json\/wp\/v2\/pages\/125541\/revisions"}],"predecessor-version":[{"id":133454,"href":"https:\/\/sequiol.es\/es\/wp-json\/wp\/v2\/pages\/125541\/revisions\/133454"}],"up":[{"embeddable":true,"href":"https:\/\/sequiol.es\/es\/wp-json\/wp\/v2\/pages\/121"}],"wp:featuredmedia":[{"embeddable":true,"href":"https:\/\/sequiol.es\/es\/wp-json\/wp\/v2\/media\/121990"}],"wp:attachment":[{"href":"https:\/\/sequiol.es\/es\/wp-json\/wp\/v2\/media?parent=125541"}],"curies":[{"name":"wp","href":"https:\/\/api.w.org\/{rel}","templated":true}]}}