{"id":123,"date":"2014-07-14T19:20:34","date_gmt":"2014-07-14T17:20:34","guid":{"rendered":"http:\/\/sequiol.es\/?page_id=123"},"modified":"2016-07-08T17:46:59","modified_gmt":"2016-07-08T15:46:59","slug":"actividades","status":"publish","type":"page","link":"https:\/\/sequiol.es\/es\/actividades\/","title":{"rendered":"Actividades"},"content":{"rendered":"<h2>Escuela y secci\u00f3n de Dol\u00e7aina i Tabal<\/h2>\n<p>Cada s\u00e1bado por la ma\u00f1ana, de octubre a Mayo, desde este curso en un aula cedida amablemente por la Asociaci\u00f3n \u201cVerge de Lledo\u201d y bajo la batuta y\u00a0 las ordenes del polifac\u00e9tico y profesor de Dol\u00e7aiana i Tabal, Domingo, se imparten las clases de estos instrumentos tan t\u00edpicos de nuestra tierra\u00a0 y en el que tienen cabida todos aquellos que tengan ilusi\u00f3n y ganas de aprender o afianzarse en la interpretaci\u00f3n de los mismos.<\/p>\n<p>Luego, est\u00e1 la secci\u00f3n, la parte de esta actividad destinada a participar en desfiles, encuentros o aplecs o all\u00e1 donde se requiere nuestra presencia<\/p>\n<p>A\u00f1o tras a\u00f1o, la escuela de Dol\u00e7aina i Tabal, va dando sus frutos, son algunos socios los que cada s\u00e1bado se ponen bajos las ordenes de Domingo para aprender el manejo de estos instrumentos tan nuestros, pero precisamos de m\u00e1s gente interesada en disfrutar de esta actividad cultural-musical, por eso, desde estas l\u00edneas, queremos aprovechar la ocasi\u00f3n para lanzar un llamamiento para afianzar una de las actividades que la gaiata Sequiol pone al servicio de los socios.<\/p>\n<p>&nbsp;<\/p>\n<h2>F\u00fatbol sala<\/h2>\n<p>Y llegamos a la actividad m\u00e1s deportiva, el futbol sala porque la gaiata 15, cuenta con un equipo de futbol sala que participa, desde hace unas cuantas temporadas, en una liga entre diferentes asociaciones culturales festivas de Castell\u00f3n.<\/p>\n<p>Quiz\u00e1s lo de menos sea los resultados, aunque este a\u00f1o, las cosas empezaron mejor, se nota el aporte de nueva savia, de la juventud, pero lo verdaderamente importante es el esp\u00edritu deportivo, la convivencia, la ilusi\u00f3n, la sana rivalidad entre asociaciones que con nosotros, comparten un mismo fin, a parte de la afici\u00f3n al deporte y en concreto al futbol sala,\u00a0 nuestras tradiciones y nuestras fiestas.<\/p>\n<p>Entre semana, ya se sabe, el duro y preciso entrenamientos y el fin de semana, partido. Quiz\u00e1s en esto no llegaremos a ser campeones deportivos, pero somos campeones en ilusi\u00f3n y sentimiento festivo, eso no nos lo quita nadie, comparte con nosotros esta ilusi\u00f3n, est\u00e1s invitado.<\/p>\n<p>En cada partido, en cada enfrentamiento, entre los miembros del equipo de futbol sala, no existen diferencias, todos somos del mismo equipo y solo hay uno para todos y todos para uno, aunque ese uno sea el bal\u00f3n.<\/p>\n<p>&nbsp;<\/p>\n<h2>Bailes Tradicionales<\/h2>\n<p>Cada viernes por la tarde, los ni\u00f1os y ni\u00f1as de nuestro barrio acuden al Cau para aprender los bailes t\u00edpicos de nuestro querido Castell\u00f3n y sus comarcas vecinas. Bolero y jota, seguidillas y mariner\u00edas del Grao, bajo la direcci\u00f3n de la profesora Lled\u00f3, los m\u00e1s j\u00f3venes se inician en el arte de los bailes regionales.<\/p>\n<p>\u00a1Los ensayos son divertid\u00edsimos\u00a0 y muy muy ruidosos!<\/p>\n<p>Y despu\u00e9s de much\u00edsimas horas de ensayos, llegan las actuaciones, tanto dentro de la semana de la Magdalena como en otros actos como por ejemplo el Pregonet dedicado a la Mare de D\u00e9u del Lled\u00f3 en sus fiestas del mes de Mayo.<\/p>\n<p>Tremendamente orgullosos nos sentimos en la 15 de nuestros \u201cballaors\u201d que, siempre acompa\u00f1ados por el grupo de \u201cDol\u00e7aina i Tabal\u201d, hacen las delicias de grandes y peque\u00f1os en sus actuaciones.<\/p>\n<p>&nbsp;<\/p>\n<h2>Teatre valenci\u00e0<\/h2>\n<p>Hace ya muchas d\u00e9cadas que en la huerta valenciana comenzaron a representarse obras de teatro de estilo casero, obras ambientadas en lo rural o bien en la incipiente clase media de las ciudades mediterr\u00e1neas en los a\u00f1os 60\/70. Historias de lo cotidiano, siempre cargadas de una buena dosis de humor.<\/p>\n<p>Esa tradici\u00f3n se fue extendiendo geogr\u00e1fica y temporalmente, y hace ya muchos a\u00f1os lleg\u00f3 hasta nuestra Gaiata.<\/p>\n<p>Siempre dentro de la programaci\u00f3n de fiestas que Sequiol prepara con ah\u00ednco para la semana de la Magdalena, hay una noche dedicada al Teatre Valenci\u00e0. Y esa representaci\u00f3n no ser\u00eda posible sin el grupo de gente que cada a\u00f1o escoge la obra, adapta los papeles, dise\u00f1a escenario y vestuarios, y por supuesto ensaya a lo largo de todo el a\u00f1o para que el gran d\u00eda salga todo a la perfecci\u00f3n.<\/p>\n<p>Actores de todas la edades, grandes y peque\u00f1os, encuentran un sitio en nuestro Teatre Valenci\u00e0. Si no existen bastantes papeles, \u00a1no los inventamos! Porque al final\u00a0 lo que queremos es hacer pasar un rato muy muy divertido a vecinos, socios y amigos del Sequiol.<\/p>\n","protected":false},"excerpt":{"rendered":"<p>Escuela y secci\u00f3n de Dol\u00e7aina i Tabal Cada s\u00e1bado por la ma\u00f1ana, de octubre a Mayo, desde este curso en un aula cedida amablemente por la Asociaci\u00f3n \u201cVerge de Lledo\u201d y bajo la batuta y\u00a0 las ordenes del polifac\u00e9tico y profesor de Dol\u00e7aiana i Tabal, Domingo, se imparten las clases de estos instrumentos tan t\u00edpicos [&hellip;]<\/p>\n","protected":false},"author":1,"featured_media":0,"parent":0,"menu_order":8,"comment_status":"open","ping_status":"closed","template":"","meta":{"footnotes":""},"class_list":["post-123","page","type-page","status-publish","hentry"],"_links":{"self":[{"href":"https:\/\/sequiol.es\/es\/wp-json\/wp\/v2\/pages\/123","targetHints":{"allow":["GET"]}}],"collection":[{"href":"https:\/\/sequiol.es\/es\/wp-json\/wp\/v2\/pages"}],"about":[{"href":"https:\/\/sequiol.es\/es\/wp-json\/wp\/v2\/types\/page"}],"author":[{"embeddable":true,"href":"https:\/\/sequiol.es\/es\/wp-json\/wp\/v2\/users\/1"}],"replies":[{"embeddable":true,"href":"https:\/\/sequiol.es\/es\/wp-json\/wp\/v2\/comments?post=123"}],"version-history":[{"count":4,"href":"https:\/\/sequiol.es\/es\/wp-json\/wp\/v2\/pages\/123\/revisions"}],"predecessor-version":[{"id":3972,"href":"https:\/\/sequiol.es\/es\/wp-json\/wp\/v2\/pages\/123\/revisions\/3972"}],"wp:attachment":[{"href":"https:\/\/sequiol.es\/es\/wp-json\/wp\/v2\/media?parent=123"}],"curies":[{"name":"wp","href":"https:\/\/api.w.org\/{rel}","templated":true}]}}