{"id":121993,"date":"2023-09-13T11:10:00","date_gmt":"2023-09-13T09:10:00","guid":{"rendered":"https:\/\/sequiol.es\/?page_id=121993"},"modified":"2024-02-23T10:48:22","modified_gmt":"2024-02-23T09:48:22","slug":"xxi-concurso-escolar-de-maquetas-de-gaiatas-ciudad-de-castellon","status":"publish","type":"page","link":"https:\/\/sequiol.es\/es\/historico\/concurso-maquetas\/xxi-concurso-escolar-de-maquetas-de-gaiatas-ciudad-de-castellon\/","title":{"rendered":"XXI Concurso Escolar de Maquetas de Gaiatas \u00abCiudad de Castell\u00f3n\u00bb"},"content":{"rendered":"<p><a href=\"https:\/\/sequiol.es\/wp-content\/uploads\/2024\/02\/maqueta-2024.jpg\"><img loading=\"lazy\" decoding=\"async\" class=\"alignnone size-full wp-image-124386\" src=\"https:\/\/sequiol.es\/wp-content\/uploads\/2024\/02\/maqueta-2024.jpg\" alt=\"\" width=\"640\" height=\"960\" \/><\/a><\/p>\n<p style=\"text-align: center;\">Lema: \u00ab<em><strong>Fanalet de festa<\/strong><\/em>\u00bb<br \/>\nAutor: <em><strong>Sergio Tirado Roca<\/strong><\/em><br \/>\nColegio: <em><strong>CEIP Fadrell<\/strong><\/em><\/p>\n<p>&nbsp;<\/p>\n<p><a href=\"https:\/\/sequiol.es\/es\/historico\/concurso-maquetas\/formulario-de-inscripcion-concurso-maquetas\/\">Formulario de inscripci\u00f3n<\/a><\/p>\n<p><a href=\"https:\/\/sequiol.es\/es\/historico\/concurso-maquetas\/xxi-concurso-escolar-de-maquetas-de-gaiatas-ciudad-de-castellon\/bases-xxi-concurso-escolar-de-maquetas-de-gaiatas\/\">Bases del XXI Concurso<\/a><\/p>\n<p><a href=\"https:\/\/sequiol.es\/es\/historico\/concurso-maquetas\/definicion-y-construccion-de-una-gaiata\/\">Definici\u00f3n y construcci\u00f3n de una Gaiata<\/a><\/p>\n<p><a href=\"https:\/\/sequiol.es\/es\/historico\/concurso-maquetas\/ayuda-en-la-construccion-de-la-maqueta\/\">Ayuda en la construcci\u00f3n de la maqueta<\/a><\/p>\n<p><a href=\"https:\/\/sequiol.es\/es\/historico\/concurso-maquetas\/logotipos-de-ayuda-para-la-construccion-de-tu-gaiata\/\">Logotipos de ayuda para la construcci\u00f3n de tu Gaiata<\/a><\/p>\n<p>&nbsp;<\/p>\n","protected":false},"excerpt":{"rendered":"<p>Lema: \u00abFanalet de festa\u00bb Autor: Sergio Tirado Roca Colegio: CEIP Fadrell &nbsp; Formulario de inscripci\u00f3n Bases del XXI Concurso Definici\u00f3n y construcci\u00f3n de una Gaiata Ayuda en la construcci\u00f3n de la maqueta Logotipos de ayuda para la construcci\u00f3n de tu Gaiata &nbsp;<\/p>\n","protected":false},"author":1,"featured_media":102626,"parent":121,"menu_order":210,"comment_status":"closed","ping_status":"closed","template":"","meta":{"footnotes":""},"class_list":["post-121993","page","type-page","status-publish","has-post-thumbnail","hentry"],"_links":{"self":[{"href":"https:\/\/sequiol.es\/es\/wp-json\/wp\/v2\/pages\/121993","targetHints":{"allow":["GET"]}}],"collection":[{"href":"https:\/\/sequiol.es\/es\/wp-json\/wp\/v2\/pages"}],"about":[{"href":"https:\/\/sequiol.es\/es\/wp-json\/wp\/v2\/types\/page"}],"author":[{"embeddable":true,"href":"https:\/\/sequiol.es\/es\/wp-json\/wp\/v2\/users\/1"}],"replies":[{"embeddable":true,"href":"https:\/\/sequiol.es\/es\/wp-json\/wp\/v2\/comments?post=121993"}],"version-history":[{"count":7,"href":"https:\/\/sequiol.es\/es\/wp-json\/wp\/v2\/pages\/121993\/revisions"}],"predecessor-version":[{"id":124393,"href":"https:\/\/sequiol.es\/es\/wp-json\/wp\/v2\/pages\/121993\/revisions\/124393"}],"up":[{"embeddable":true,"href":"https:\/\/sequiol.es\/es\/wp-json\/wp\/v2\/pages\/121"}],"wp:featuredmedia":[{"embeddable":true,"href":"https:\/\/sequiol.es\/es\/wp-json\/wp\/v2\/media\/102626"}],"wp:attachment":[{"href":"https:\/\/sequiol.es\/es\/wp-json\/wp\/v2\/media?parent=121993"}],"curies":[{"name":"wp","href":"https:\/\/api.w.org\/{rel}","templated":true}]}}