{"id":114743,"date":"2023-02-16T00:10:30","date_gmt":"2023-02-15T23:10:30","guid":{"rendered":"https:\/\/sequiol.es\/?page_id=114743"},"modified":"2023-02-16T00:53:27","modified_gmt":"2023-02-15T23:53:27","slug":"bases-xx-concurso-escolar-maquetas-gaiatas","status":"publish","type":"page","link":"https:\/\/sequiol.es\/es\/historico\/concurso-maquetas\/xx-concurso-escolar-maquetas-gaiatas-ciudad-de-castellon\/bases-xx-concurso-escolar-maquetas-gaiatas\/","title":{"rendered":"Bases XX Concurso Escolar Maquetas Gaiatas"},"content":{"rendered":"<p>Los patrocinadores, conscientes de que entre las tradiciones m\u00e1s significativas y singulares de la Ciudad de Castell\u00f3n, reflejo de los primitivos pobladores, y que el s\u00edmbolo de las fiestas de nuestra Ciudad es la \u201cgaiata\u201d, convocan el XIX Concurso de Maquetas de Gaiatas entre los escolares de Centros de Educaci\u00f3n de Primaria, Secundaria y Especial, todo ello con el fin de impulsar el conocimiento entre los m\u00e1s j\u00f3venes de los requisitos, significados y condiciones que debe reunir el monumento que representa las Fiestas Fundacionales de Castell\u00f3n.<\/p>\n<p>Al mismo tiempo y a estos efectos, han firmado con la Asociaci\u00f3n Cultural Gaiata 15 \u201cSequiol\u201d un Convenio de Colaboraci\u00f3n con el fin de organizar y desarrollar las distintas fases de las que consta el proceso de difusi\u00f3n, programaci\u00f3n y ejecuci\u00f3n del mismo, todo ello sin perjuicio de que se ampl\u00ede la participaci\u00f3n de otras Comisiones de Sector que deseen colaborar en este concurso.<\/p>\n<p>El concurso se convoca con la vocaci\u00f3n de que en el mismo puedan participar cuantos Centros de Educaci\u00f3n, tanto de Primaria como de Secundaria y de Educaci\u00f3n Especial, deseen participar.<\/p>\n<p>Este Concurso queda sujeto al cumplimiento de las siguientes<\/p>\n<h2 style=\"text-align: center;\">BASES<\/h2>\n<p>&nbsp;<\/p>\n<h3>Primera<\/h3>\n<p>Los escolares realizar\u00e1n sus trabajos con plena libertad de tema y de materiales, teniendo en cuenta que el referente no es otro que la Gaiata, representaci\u00f3n de aquellos cayados iluminados que fueron el origen, de nuestra fiesta siendo el gaiato el elemento indispensable para que la Gaiata se considere como tal, sin perjuicio de cuantos otros elementos puedan valorarse de conformidad con las presentes bases.<\/p>\n<h3>Segunda<\/h3>\n<p>Para su participaci\u00f3n deber\u00e1 cumplimentar el bolet\u00edn de inscripci\u00f3n que se acompa\u00f1a con las presentes bases, y donde deber\u00e1n constar, inexcusablemente, los siguientes datos:<\/p>\n<ol>\n<li>Apellidos y nombre del escolar.<\/li>\n<li>Correo electr\u00f3nico y tel\u00e9fono de contacto<\/li>\n<li>Centro Educativo al que pertenece, con indicaci\u00f3n del domicilio del Centro, curso al que pertenece y nombre del tutor del curso.<\/li>\n<li>Correo electr\u00f3nico y tel\u00e9fono de contacto, del centro educativo<\/li>\n<li>Lema del trabajo presentado.<\/li>\n<li>Breve resumen de las caracter\u00edsticas que el escolar desee destacar con relaci\u00f3n a su trabajo.<\/li>\n<\/ol>\n<p>Dado que la participaci\u00f3n al mismo lo podr\u00e1 ser tanto de forma individual como colectiva, en \u00e9ste \u00faltimo caso deber\u00e1 hacerse constar de forma expresa en el bolet\u00edn de inscripci\u00f3n, la forma de agrupaci\u00f3n que en su caso hayan elegido (grupo de alumnos, curso acad\u00e9mico, \u2026)<\/p>\n<p>Para su admisi\u00f3n en el Concurso ser\u00e1 necesaria la remisi\u00f3n del bolet\u00edn a la Asociaci\u00f3n Cultural Gaiata 15 \u201cSequiol\u201d, con domicilio en Calle Herrero, 63 \u2013 12005 Castell\u00f3n de la Plana, a trav\u00e9s de la p\u00e1gina web <a href=\"https:\/\/sequiol.es,\">https:\/\/sequiol.es,<\/a> por correo electr\u00f3nico a <a href=\"mailto:concursos@sequiol.es\">concursos@sequiol.es<\/a> o a trav\u00e9s del propio Centro Escolar.<\/p>\n<p>A trav\u00e9s de la indicada p\u00e1gina web o correo electr\u00f3nico, podr\u00e1n solicitar cuanta informaci\u00f3n deseen sobre el concurso, as\u00ed como de cuanta informaci\u00f3n de apoyo necesiten tanto del Concurso como de las caracter\u00edsticas o condiciones exigidas para su participaci\u00f3n.<\/p>\n<p>La presentaci\u00f3n de esta documentaci\u00f3n expuesta anteriormente lo ser\u00e1 hasta el d\u00eda <strong>1 de marzo de 2023, a las 15:00 horas<\/strong>, y supondr\u00e1 la aceptaci\u00f3n \u00edntegra de las presentes bases.<\/p>\n<h3>Tercera<\/h3>\n<p>La libertad de tema y de materiales (cualesquiera que permitan el desarrollo del trabajo) no puede quedar ajena a unas m\u00ednimas, pero necesarias normas que permitan una homogeneizaci\u00f3n, tanto en la elaboraci\u00f3n de los distintos trabajos, como en la formaci\u00f3n del conjunto de los mismos, as\u00ed como la valoraci\u00f3n por parte de los jurados escolares y el Jurado final del Concurso.<\/p>\n<p>As\u00ed, la altura de la maqueta ser\u00e1 de 50 cent\u00edmetros, pudiendo disponer de iluminaci\u00f3n, siendo \u00e9sta una caracter\u00edstica a considerar en el fallo del Jurado, sin perjuicio de la valoraci\u00f3n sobre la imaginaci\u00f3n, adecuaci\u00f3n a las presentes bases y creatividad del trabajo a presentar.<\/p>\n<p>En la composici\u00f3n constar\u00e1 el anagrama representativo del Concurso, as\u00ed como, de considerarlo el escolar, el logotipo o anagrama representativo de una Comisi\u00f3n de Sector.<\/p>\n<p>&nbsp;<\/p>\n<h3>Cuarta<\/h3>\n<p>Se establecen tres categor\u00edas teniendo como base la edad de los participantes, sin perjuicio de la pertenencia a cada uno de los Cursos Escolares englobados en cada una de las categor\u00edas, a saber:<\/p>\n<ul>\n<li><strong>Primera categor\u00eda<\/strong>: Escolares de 1\u00ba, 2\u00ba y 3\u00ba de Primaria.<\/li>\n<li><strong>Segunda categor\u00eda<\/strong>: Escolares de 4\u00ba, 5\u00ba y 6\u00ba de Primaria.<\/li>\n<li><strong>Tercera categor\u00eda<\/strong>: Escolares de 1\u00ba, 2\u00ba, 3\u00ba y 4\u00ba de Secundaria.<\/li>\n<\/ul>\n<p>Adem\u00e1s de estas categor\u00edas, se establece una categor\u00eda especial para los centros y asociaciones de Educaci\u00f3n Especial.<\/p>\n<h3><strong>Quinta<\/strong><\/h3>\n<p>Los jurados que deliberar\u00e1n y decidir\u00e1n las distintas fases del Concurso ser\u00e1n los siguientes:<\/p>\n<ul>\n<li>\u00a0Fase previa: Estar\u00e1n formados por profesores que realizar\u00e1n, con el apoyo de los miembros de la Asociaci\u00f3n Cultural Gaiata 15 \u201cSequiol\u201d si lo desean, la selecci\u00f3n de los trabajos que merecen el premio en cada una de las categor\u00edas, ejerciendo uno de ellos el cargo de Secretario a fin de levantar acta del resultado, y debiendo decidir su veredicto antes del <strong>1 de marzo de de 2023<\/strong>.<\/li>\n<li>Fase final: Estar\u00e1 compuesto por un n\u00famero determinado de personas que ser\u00e1n elegidas por los patrocinadores y por la Asociaci\u00f3n Cultural Gaiata 15 \u201cSequiol\u201d, debiendo emitir su veredicto el <strong>2 de marzo de 2023<\/strong> levant\u00e1ndose acta del resultado por parte del Secretario.<\/li>\n<\/ul>\n<p>Los fallos de los Jurados ser\u00e1n inapelables.<\/p>\n<h3>Sexta<\/h3>\n<p>Los premios a otorgar ser\u00e1n los siguientes:<\/p>\n<p><strong>Fase previa<\/strong><\/p>\n<p>En la fase de selecci\u00f3n entre las distintas categor\u00edas de los distintos Centros de Ense\u00f1anza participantes, se obsequiar\u00e1 a cada participante, individual o de forma colectiva, seg\u00fan su elecci\u00f3n a la hora de presentar su inscripci\u00f3n.<\/p>\n<p>Los ganadores de cada una de las categor\u00edas recibir\u00e1n un premio y distinci\u00f3n.<\/p>\n<p>Los alumnos de Categor\u00eda Especial recibir\u00e1n un obsequio por participante y un premio \u00fanico dentro de su categor\u00eda.<\/p>\n<p><strong>Fase final<\/strong><\/p>\n<p>Participar\u00e1n todos los trabajos premiados en la fase previa, en atenci\u00f3n a las distintas categor\u00edas. Se obsequiar\u00e1 a los mejores trabajos por cada una de las mismas, pasando los trabajos premiados a la \u00faltima fase donde se decidir\u00e1 la maqueta que merece, a juicio del Jurado, ser la ganadora final del Concurso, mereciendo \u00e9sta la distinci\u00f3n de ser realizada a tama\u00f1o de 1 por 0,5 metros y donde figurar\u00e1 en lugar visible y destacado la siguiente inscripci\u00f3n:\u00a0<strong>\u201cPremio absoluto del XX<\/strong><strong> Concurso Escolar de Maquetas de Gaiata. Ganador y Centro Escolar\u201d.<\/strong><\/p>\n<p>Dado que las maquetas pueden presentarse de forma individual o colectiva, los premios ser\u00e1n de un valor equivalente, de manera que el valor de un premio otorgado a un ganador individual sea igual a la suma de los otorgados a un premio colectivo.<\/p>\n<p>Se establece un premio especial Fundaci\u00f3n Caja Castell\u00f3n que se entregar\u00e1 al centro escolar del ganador absoluto de este concurso consistente en la asistencia de la totalidad de la clase del mencionado alumno\/s a la colonia Seidia durante una jornada, incluyendo gastos de transporte, comida y talleres de car\u00e1cter medioambiental. La fecha de establecer\u00e1 seg\u00fan disponibilidad y de acuerdo con el centro escolar.<\/p>\n<p>Significar de forma especial que, en el fallo del Premio Absoluto, se valorar\u00e1 la viabilidad del proyecto y su ejecuci\u00f3n.<\/p>\n<p>El resultado del Jurado se har\u00e1 p\u00fablico a trav\u00e9s de los medios de comunicaci\u00f3n, en la misma fecha de su emisi\u00f3n, quedando expuesto el trabajo ganador, as\u00ed como todos los seleccionados para esta fase final, en el Museo Etnol\u00f3gico, Calle Caballeros, 25, Castell\u00f3n, desde el d\u00eda 4 de marzo de 2023 hasta el d\u00eda 21 de marzo de 2023<\/p>\n<p>Los alumnos que est\u00e9n interesados en recuperar sus maquetas, la retirada de los trabajos podr\u00e1 realizarse en el mismo Museo Etnol\u00f3gico el d\u00eda 21 de marzo de 2023 hasta las 19 horas. Aquellos trabajos que no sean retirados en la fecha indicada, no se har\u00e1 responsable la Asociaci\u00f3n.<\/p>\n<p>Destacar que, en ning\u00fan caso, podr\u00e1 quedar desierto el Concurso en ninguna de sus fases y categor\u00edas.<\/p>\n","protected":false},"excerpt":{"rendered":"<p>Los patrocinadores, conscientes de que entre las tradiciones m\u00e1s significativas y singulares de la Ciudad de Castell\u00f3n, reflejo de los primitivos pobladores, y que el s\u00edmbolo de las fiestas de nuestra Ciudad es la \u201cgaiata\u201d, convocan el XIX Concurso de Maquetas de Gaiatas entre los escolares de Centros de Educaci\u00f3n de Primaria, Secundaria y Especial, [&hellip;]<\/p>\n","protected":false},"author":1,"featured_media":0,"parent":114740,"menu_order":0,"comment_status":"closed","ping_status":"closed","template":"","meta":{"footnotes":""},"class_list":["post-114743","page","type-page","status-publish","hentry"],"_links":{"self":[{"href":"https:\/\/sequiol.es\/es\/wp-json\/wp\/v2\/pages\/114743","targetHints":{"allow":["GET"]}}],"collection":[{"href":"https:\/\/sequiol.es\/es\/wp-json\/wp\/v2\/pages"}],"about":[{"href":"https:\/\/sequiol.es\/es\/wp-json\/wp\/v2\/types\/page"}],"author":[{"embeddable":true,"href":"https:\/\/sequiol.es\/es\/wp-json\/wp\/v2\/users\/1"}],"replies":[{"embeddable":true,"href":"https:\/\/sequiol.es\/es\/wp-json\/wp\/v2\/comments?post=114743"}],"version-history":[{"count":5,"href":"https:\/\/sequiol.es\/es\/wp-json\/wp\/v2\/pages\/114743\/revisions"}],"predecessor-version":[{"id":114755,"href":"https:\/\/sequiol.es\/es\/wp-json\/wp\/v2\/pages\/114743\/revisions\/114755"}],"up":[{"embeddable":true,"href":"https:\/\/sequiol.es\/es\/wp-json\/wp\/v2\/pages\/114740"}],"wp:attachment":[{"href":"https:\/\/sequiol.es\/es\/wp-json\/wp\/v2\/media?parent=114743"}],"curies":[{"name":"wp","href":"https:\/\/api.w.org\/{rel}","templated":true}]}}