{"id":114740,"date":"2023-02-15T23:42:18","date_gmt":"2023-02-15T22:42:18","guid":{"rendered":"https:\/\/sequiol.es\/?page_id=114740"},"modified":"2023-03-03T08:11:34","modified_gmt":"2023-03-03T07:11:34","slug":"xx-concurso-escolar-maquetas-gaiatas-ciudad-de-castellon","status":"publish","type":"page","link":"https:\/\/sequiol.es\/es\/historico\/concurso-maquetas\/xx-concurso-escolar-maquetas-gaiatas-ciudad-de-castellon\/","title":{"rendered":"XX Concurso Escolar Maquetas Gaiatas \u00abCiudad de Castell\u00f3n\u00bb"},"content":{"rendered":"<p><a href=\"https:\/\/sequiol.es\/wp-content\/uploads\/2023\/03\/maqueta-2023.png\"><img loading=\"lazy\" decoding=\"async\" src=\"https:\/\/sequiol.es\/wp-content\/uploads\/2023\/03\/maqueta-2023-640x960.png\" alt=\"\" width=\"640\" height=\"960\" class=\"alignnone size-large wp-image-115203\" srcset=\"https:\/\/sequiol.es\/wp-content\/uploads\/2023\/03\/maqueta-2023-640x960.png 640w, https:\/\/sequiol.es\/wp-content\/uploads\/2023\/03\/maqueta-2023-200x300.png 200w, https:\/\/sequiol.es\/wp-content\/uploads\/2023\/03\/maqueta-2023-768x1152.png 768w, https:\/\/sequiol.es\/wp-content\/uploads\/2023\/03\/maqueta-2023-1024x1536.png 1024w, https:\/\/sequiol.es\/wp-content\/uploads\/2023\/03\/maqueta-2023.png 1200w\" sizes=\"auto, (max-width: 640px) 100vw, 640px\" \/><\/a><\/p>\n<p style=\"text-align: center;\">Lema: \u00ab<em><strong>Llum i color<\/strong><\/em>\u00bb<br \/>\nAutor: <em><strong>Nicol\u00e1s Cabello P\u00e9rez<\/strong><\/em><br \/>\nColegio: <em><strong>CEIP Isabel Ferrer<\/strong><\/em><\/p>\n<p>&nbsp;<\/p>\n<p><a href=\"https:\/\/sequiol.es\/es\/historico\/concurso-maquetas\/formulario-de-inscripcion-concurso-maquetas\/\">Formulario de inscripci\u00f3n<\/a><\/p>\n<p><a href=\"https:\/\/sequiol.es\/es\/historico\/concurso-maquetas\/xx-concurso-escolar-maquetas-gaiatas-ciudad-de-castellon\/bases-xx-concurso-escolar-maquetas-gaiatas\/\">Bases del XX Concurso<\/a><\/p>\n<p><a href=\"https:\/\/sequiol.es\/es\/historico\/concurso-maquetas\/definicion-y-construccion-de-una-gaiata\/\">Definici\u00f3n y construcci\u00f3n de una Gaiata<\/a><\/p>\n<p><a href=\"https:\/\/sequiol.es\/es\/historico\/concurso-maquetas\/ayuda-en-la-construccion-de-la-maqueta\/\">Ayuda en la construcci\u00f3n de la maqueta<\/a><\/p>\n<p><a href=\"https:\/\/sequiol.es\/es\/historico\/concurso-maquetas\/logotipos-de-ayuda-para-la-construccion-de-tu-gaiata\/\">Logotipos de ayuda para la construcci\u00f3n de tu Gaiata<\/a><\/p>\n","protected":false},"excerpt":{"rendered":"<p>Lema: \u00abLlum i color\u00bb Autor: Nicol\u00e1s Cabello P\u00e9rez Colegio: CEIP Isabel Ferrer &nbsp; Formulario de inscripci\u00f3n Bases del XX Concurso Definici\u00f3n y construcci\u00f3n de una Gaiata Ayuda en la construcci\u00f3n de la maqueta Logotipos de ayuda para la construcci\u00f3n de tu Gaiata<\/p>\n","protected":false},"author":1,"featured_media":114731,"parent":121,"menu_order":200,"comment_status":"closed","ping_status":"closed","template":"","meta":{"footnotes":""},"class_list":["post-114740","page","type-page","status-publish","has-post-thumbnail","hentry"],"_links":{"self":[{"href":"https:\/\/sequiol.es\/es\/wp-json\/wp\/v2\/pages\/114740","targetHints":{"allow":["GET"]}}],"collection":[{"href":"https:\/\/sequiol.es\/es\/wp-json\/wp\/v2\/pages"}],"about":[{"href":"https:\/\/sequiol.es\/es\/wp-json\/wp\/v2\/types\/page"}],"author":[{"embeddable":true,"href":"https:\/\/sequiol.es\/es\/wp-json\/wp\/v2\/users\/1"}],"replies":[{"embeddable":true,"href":"https:\/\/sequiol.es\/es\/wp-json\/wp\/v2\/comments?post=114740"}],"version-history":[{"count":3,"href":"https:\/\/sequiol.es\/es\/wp-json\/wp\/v2\/pages\/114740\/revisions"}],"predecessor-version":[{"id":115208,"href":"https:\/\/sequiol.es\/es\/wp-json\/wp\/v2\/pages\/114740\/revisions\/115208"}],"up":[{"embeddable":true,"href":"https:\/\/sequiol.es\/es\/wp-json\/wp\/v2\/pages\/121"}],"wp:featuredmedia":[{"embeddable":true,"href":"https:\/\/sequiol.es\/es\/wp-json\/wp\/v2\/media\/114731"}],"wp:attachment":[{"href":"https:\/\/sequiol.es\/es\/wp-json\/wp\/v2\/media?parent=114740"}],"curies":[{"name":"wp","href":"https:\/\/api.w.org\/{rel}","templated":true}]}}