{"id":107,"date":"2014-07-14T19:16:08","date_gmt":"2014-07-14T17:16:08","guid":{"rendered":"http:\/\/sequiol.es\/?page_id=107"},"modified":"2014-10-16T17:03:51","modified_gmt":"2014-10-16T15:03:51","slug":"presidentes","status":"publish","type":"page","link":"https:\/\/sequiol.es\/es\/representantes-anuales\/presidentes\/","title":{"rendered":"Presidentes"},"content":{"rendered":"<div id=\"attachment_3743\" style=\"width: 210px\" class=\"wp-caption alignleft\"><a class=\"fancybox\" rel=\"presidentes\" title=\"2006 - &lt;br \/&gt;Elisabeth Breva Almerich\"   href=\"http:\/\/sequiol.es\/wp-content\/uploads\/2014\/07\/2006-elisabeth.jpg\"><img loading=\"lazy\" decoding=\"async\" aria-describedby=\"caption-attachment-3743\" src=\"http:\/\/sequiol.es\/wp-content\/uploads\/2014\/07\/2006-elisabeth-thumb-e1413471673788.jpg\" alt=\"2006 - Elisabeth Breva Almerich\" width=\"200\" height=\"266\" class=\"size-full wp-image-3743\" \/><\/a><p id=\"caption-attachment-3743\" class=\"wp-caption-text\">2006 &#8211;<br \/>Elisabeth Breva Almerich<\/p><\/div>\n<div id=\"attachment_1704\" style=\"width: 210px\" class=\"wp-caption alignleft\"><a class=\"fancybox\" rel=\"presidentes\" title=\"2004 - 2005&lt;br \/&gt;Vicente Javier Queral Garc\u00eda\" href=\"http:\/\/sequiol.es\/wp-content\/uploads\/2014\/07\/presidente-2004-2005.jpg\"><img loading=\"lazy\" decoding=\"async\" aria-describedby=\"caption-attachment-1704\" src=\"http:\/\/sequiol.es\/wp-content\/uploads\/2014\/07\/presidente-2004-2005-200x266.jpg\" alt=\"2004-2005 Vicente Javier Queral Garc\u00eda\" width=\"200\" height=\"266\" class=\"size-medium wp-image-1704\" srcset=\"https:\/\/sequiol.es\/wp-content\/uploads\/2014\/07\/presidente-2004-2005-200x266.jpg 200w, https:\/\/sequiol.es\/wp-content\/uploads\/2014\/07\/presidente-2004-2005-640x853.jpg 640w, https:\/\/sequiol.es\/wp-content\/uploads\/2014\/07\/presidente-2004-2005.jpg 900w\" sizes=\"auto, (max-width: 200px) 100vw, 200px\" \/><\/a><p id=\"caption-attachment-1704\" class=\"wp-caption-text\">2004 &#8211; 2005<br \/>Vicente Javier Queral Garc\u00eda<\/p><\/div>\n<div id=\"attachment_1778\" style=\"width: 210px\" class=\"wp-caption alignleft\"><a class =\"fancybox\" rel=\"presidentes\" title=\"2001 - 2003&lt;br \/&gt;Sergio Queral Garc\u00eda\" href=\"http:\/\/sequiol.es\/wp-content\/uploads\/2014\/07\/presidente-2001-2003.jpg\"><img loading=\"lazy\" decoding=\"async\" aria-describedby=\"caption-attachment-1778\" src=\"http:\/\/sequiol.es\/wp-content\/uploads\/2014\/07\/presidente-2001-2003-200x266.jpg\" alt=\"2001-2003 Sergio Queral Garc\u00eda\" width=\"200\" height=\"266\" class=\"size-medium wp-image-1778\" srcset=\"https:\/\/sequiol.es\/wp-content\/uploads\/2014\/07\/presidente-2001-2003-200x266.jpg 200w, https:\/\/sequiol.es\/wp-content\/uploads\/2014\/07\/presidente-2001-2003-640x853.jpg 640w, https:\/\/sequiol.es\/wp-content\/uploads\/2014\/07\/presidente-2001-2003.jpg 900w\" sizes=\"auto, (max-width: 200px) 100vw, 200px\" \/><\/a><p id=\"caption-attachment-1778\" class=\"wp-caption-text\">2001 &#8211; 2003<br \/>Sergio Queral Garc\u00eda<\/p><\/div>\n<div id=\"attachment_1906\" style=\"width: 210px\" class=\"wp-caption alignleft\"><a class=\"fancybox\" rel=\"presidents\" title=\"1998 - 2000&lt;br \/&gt;Jorge Mart\u00ed Obiol\" href=\"http:\/\/sequiol.es\/wp-content\/uploads\/2014\/07\/presidente-1998-2000.jpg\"><img loading=\"lazy\" decoding=\"async\" aria-describedby=\"caption-attachment-1906\" src=\"http:\/\/sequiol.es\/wp-content\/uploads\/2014\/07\/presidente-1998-2000-200x266.jpg\" alt=\"1998 - 2000 Jorge Mart\u00ed Obiol\" width=\"200\" height=\"266\" class=\"size-medium wp-image-1906\" srcset=\"https:\/\/sequiol.es\/wp-content\/uploads\/2014\/07\/presidente-1998-2000-200x266.jpg 200w, https:\/\/sequiol.es\/wp-content\/uploads\/2014\/07\/presidente-1998-2000-640x853.jpg 640w, https:\/\/sequiol.es\/wp-content\/uploads\/2014\/07\/presidente-1998-2000.jpg 900w\" sizes=\"auto, (max-width: 200px) 100vw, 200px\" \/><\/a><p id=\"caption-attachment-1906\" class=\"wp-caption-text\">1998 &#8211; 2000<br \/>Jorge Mart\u00ed Obiol<\/p><\/div>\n<div id=\"attachment_1700\" style=\"width: 210px\" class=\"wp-caption alignleft\"><a class=\"fancybox\" rel=\"presidentes\" title=\"1995 - 1997&lt;br \/&gt;Vicente Javier Queral Garc\u00eda\" href=\"http:\/\/sequiol.es\/wp-content\/uploads\/2014\/07\/presidente-1995-19971.jpg\"><img loading=\"lazy\" decoding=\"async\" aria-describedby=\"caption-attachment-1700\" src=\"http:\/\/sequiol.es\/wp-content\/uploads\/2014\/07\/presidente-1995-19971-200x266.jpg\" alt=\"1995-1997 Vicente Javier Queral Garc\u00eda\" width=\"200\" height=\"266\" class=\"size-medium wp-image-1700\" srcset=\"https:\/\/sequiol.es\/wp-content\/uploads\/2014\/07\/presidente-1995-19971-200x266.jpg 200w, https:\/\/sequiol.es\/wp-content\/uploads\/2014\/07\/presidente-1995-19971-640x853.jpg 640w, https:\/\/sequiol.es\/wp-content\/uploads\/2014\/07\/presidente-1995-19971.jpg 900w\" sizes=\"auto, (max-width: 200px) 100vw, 200px\" \/><\/a><p id=\"caption-attachment-1700\" class=\"wp-caption-text\">1995 &#8211; 1997<br \/>Vicente Javier Queral Garc\u00eda<\/p><\/div>\n<div id=\"attachment_1909\" style=\"width: 210px\" class=\"wp-caption alignleft\"><a class=\"fancybox\" rel=\"presidentes\" title=\"1991 - 1994&lt;br \/&gt;Pascual Bad\u00eda Sastre\" href=\"http:\/\/sequiol.es\/wp-content\/uploads\/2014\/07\/presidente-1991-1994.jpg\"><img loading=\"lazy\" decoding=\"async\" aria-describedby=\"caption-attachment-1909\" src=\"http:\/\/sequiol.es\/wp-content\/uploads\/2014\/07\/presidente-1991-1994-200x266.jpg\" alt=\"1991 - 1994 Pascual Bad\u00eda Sastre\" width=\"200\" height=\"266\" class=\"size-medium wp-image-1909\" srcset=\"https:\/\/sequiol.es\/wp-content\/uploads\/2014\/07\/presidente-1991-1994-200x266.jpg 200w, https:\/\/sequiol.es\/wp-content\/uploads\/2014\/07\/presidente-1991-1994-640x853.jpg 640w, https:\/\/sequiol.es\/wp-content\/uploads\/2014\/07\/presidente-1991-1994.jpg 900w\" sizes=\"auto, (max-width: 200px) 100vw, 200px\" \/><\/a><p id=\"caption-attachment-1909\" class=\"wp-caption-text\">1991 &#8211; 1994<br \/>Pascual Bad\u00eda Sastre<\/p><\/div>\n<div id=\"attachment_1695\" style=\"width: 210px\" class=\"wp-caption alignleft\"><a class=\"fancybox\" rel=\"presidentes\" title=\"1988 - 1990&lt;br \/&gt;Jos\u00e9 Vicente Monroig Marqu\u00e9s\" href=\"http:\/\/sequiol.es\/wp-content\/uploads\/2014\/07\/presidente-1988-1990.jpg\"><img loading=\"lazy\" decoding=\"async\" aria-describedby=\"caption-attachment-1695\" src=\"http:\/\/sequiol.es\/wp-content\/uploads\/2014\/07\/presidente-1988-1990-200x266.jpg\" alt=\"1988-1990 Jos\u00e9 Vicente Monroig Marqu\u00e9s\" width=\"200\" height=\"266\" class=\"size-medium wp-image-1695\" srcset=\"https:\/\/sequiol.es\/wp-content\/uploads\/2014\/07\/presidente-1988-1990-200x266.jpg 200w, https:\/\/sequiol.es\/wp-content\/uploads\/2014\/07\/presidente-1988-1990-640x853.jpg 640w, https:\/\/sequiol.es\/wp-content\/uploads\/2014\/07\/presidente-1988-1990.jpg 900w\" sizes=\"auto, (max-width: 200px) 100vw, 200px\" \/><\/a><p id=\"caption-attachment-1695\" class=\"wp-caption-text\">1988 &#8211; 1990<br \/>Jos\u00e9 Vicente Monroig Marqu\u00e9s<\/p><\/div>\n<div id=\"attachment_1692\" style=\"width: 210px\" class=\"wp-caption alignleft\"><a class=\"fancybox\" rel=\"presidentes\" title=\"1986 - 1987&lt;br \/&gt;V\u00edctor Orozco Rodr\u00edguez\" href=\"http:\/\/sequiol.es\/wp-content\/uploads\/2014\/07\/presidente-1986-1987.jpg\"><img loading=\"lazy\" decoding=\"async\" aria-describedby=\"caption-attachment-1692\" src=\"http:\/\/sequiol.es\/wp-content\/uploads\/2014\/07\/presidente-1986-1987-200x266.jpg\" alt=\"1986 - 1987 V\u00edctor Orozco Rodr\u00edguez\" width=\"200\" height=\"266\" class=\"size-medium wp-image-1692\" srcset=\"https:\/\/sequiol.es\/wp-content\/uploads\/2014\/07\/presidente-1986-1987-200x266.jpg 200w, https:\/\/sequiol.es\/wp-content\/uploads\/2014\/07\/presidente-1986-1987-640x853.jpg 640w, https:\/\/sequiol.es\/wp-content\/uploads\/2014\/07\/presidente-1986-1987.jpg 900w\" sizes=\"auto, (max-width: 200px) 100vw, 200px\" \/><\/a><p id=\"caption-attachment-1692\" class=\"wp-caption-text\">1986  &#8211; 1987<br \/>V\u00edctor Orozco Rodr\u00edguez<\/p><\/div>\n<div id=\"attachment_1781\" style=\"width: 210px\" class=\"wp-caption alignleft\"><a class=\"fancybox\" rel=\"presidentes\" title=\"1982 - 1985&lt;br \/&gt;Elisabeth Breva Almerich\" href=\"http:\/\/sequiol.es\/wp-content\/uploads\/2014\/07\/presidente-1982-1985.jpg\"><img loading=\"lazy\" decoding=\"async\" aria-describedby=\"caption-attachment-1781\" src=\"http:\/\/sequiol.es\/wp-content\/uploads\/2014\/07\/presidente-1982-1985-200x266.jpg\" alt=\"1982 - 1985 Elisabeth Breva Almerich\" width=\"200\" height=\"266\" class=\"size-medium wp-image-1781\" srcset=\"https:\/\/sequiol.es\/wp-content\/uploads\/2014\/07\/presidente-1982-1985-200x266.jpg 200w, https:\/\/sequiol.es\/wp-content\/uploads\/2014\/07\/presidente-1982-1985-640x853.jpg 640w, https:\/\/sequiol.es\/wp-content\/uploads\/2014\/07\/presidente-1982-1985.jpg 900w\" sizes=\"auto, (max-width: 200px) 100vw, 200px\" \/><\/a><p id=\"caption-attachment-1781\" class=\"wp-caption-text\">1982 &#8211; 1985<br \/>Elisabeth Breva Almerich<\/p><\/div>\n<p><br class=\"clear\" \/><\/p>\n<table>\n<thead>\n<tr>\n<th>Desde<\/th>\n<th>Hasta<\/th>\n<th>Nombre<\/th>\n<\/tr>\n<\/thead>\n<tbody>\n<tr>\n<td>1982<\/td>\n<td>1985<\/td>\n<td>Elisabeth Breva Almerich<\/td>\n<\/tr>\n<tr>\n<td>1986<\/td>\n<td>1987<\/td>\n<td>V\u00edctor Orozco Rodr\u00edguez<\/td>\n<\/tr>\n<tr>\n<td>1988<\/td>\n<td>1990<\/td>\n<td>Jos\u00e9 Vicente Monroig Marqu\u00e9s<\/td>\n<\/tr>\n<tr>\n<td>1991<\/td>\n<td>1994<\/td>\n<td>Pascual Bad\u00eda Sastre<\/td>\n<\/tr>\n<tr>\n<td>1995<\/td>\n<td>1997<\/td>\n<td>Vicente Javier Queral Garc\u00eda<\/td>\n<\/tr>\n<tr>\n<td>1998<\/td>\n<td>2000<\/td>\n<td>Jorge Mart\u00ed Obiol<\/td>\n<\/tr>\n<tr>\n<td>2001<\/td>\n<td>2003<\/td>\n<td>Sergio Queral Garc\u00eda<\/td>\n<\/tr>\n<tr>\n<td>2004<\/td>\n<td>2005<\/td>\n<td>Vicente Javier Queral Garc\u00eda<\/td>\n<\/tr>\n<tr>\n<td>2006<\/td>\n<td><\/td>\n<td>Elisabeth Breva Almerich<\/td>\n<\/tr>\n<\/tbody>\n<\/table>\n","protected":false},"excerpt":{"rendered":"<p>Desde Hasta Nombre 1982 1985 Elisabeth Breva Almerich 1986 1987 V\u00edctor Orozco Rodr\u00edguez 1988 1990 Jos\u00e9 Vicente Monroig Marqu\u00e9s 1991 1994 Pascual Bad\u00eda Sastre 1995 1997 Vicente Javier Queral Garc\u00eda 1998 2000 Jorge Mart\u00ed Obiol 2001 2003 Sergio Queral Garc\u00eda 2004 2005 Vicente Javier Queral Garc\u00eda 2006 Elisabeth Breva Almerich<\/p>\n","protected":false},"author":1,"featured_media":0,"parent":105,"menu_order":1,"comment_status":"open","ping_status":"open","template":"","meta":{"footnotes":""},"class_list":["post-107","page","type-page","status-publish","hentry"],"_links":{"self":[{"href":"https:\/\/sequiol.es\/es\/wp-json\/wp\/v2\/pages\/107","targetHints":{"allow":["GET"]}}],"collection":[{"href":"https:\/\/sequiol.es\/es\/wp-json\/wp\/v2\/pages"}],"about":[{"href":"https:\/\/sequiol.es\/es\/wp-json\/wp\/v2\/types\/page"}],"author":[{"embeddable":true,"href":"https:\/\/sequiol.es\/es\/wp-json\/wp\/v2\/users\/1"}],"replies":[{"embeddable":true,"href":"https:\/\/sequiol.es\/es\/wp-json\/wp\/v2\/comments?post=107"}],"version-history":[{"count":18,"href":"https:\/\/sequiol.es\/es\/wp-json\/wp\/v2\/pages\/107\/revisions"}],"predecessor-version":[{"id":3750,"href":"https:\/\/sequiol.es\/es\/wp-json\/wp\/v2\/pages\/107\/revisions\/3750"}],"up":[{"embeddable":true,"href":"https:\/\/sequiol.es\/es\/wp-json\/wp\/v2\/pages\/105"}],"wp:attachment":[{"href":"https:\/\/sequiol.es\/es\/wp-json\/wp\/v2\/media?parent=107"}],"curies":[{"name":"wp","href":"https:\/\/api.w.org\/{rel}","templated":true}]}}