{"id":104213,"date":"2021-11-15T19:06:09","date_gmt":"2021-11-15T18:06:09","guid":{"rendered":"https:\/\/sequiol.es\/?page_id=104213"},"modified":"2021-11-17T18:12:17","modified_gmt":"2021-11-17T17:12:17","slug":"xvii-concurso-escolar-maquetas-gaiatas-ciudad-de-castellon","status":"publish","type":"page","link":"https:\/\/sequiol.es\/es\/historico\/concurso-maquetas\/xvii-concurso-escolar-maquetas-gaiatas-ciudad-de-castellon\/","title":{"rendered":"XVII Concurso Escolar Maquetas Gaiatas \u00abCiudad de Castell\u00f3n\u00bb"},"content":{"rendered":"\r\n<div class=\"wp-block-image\">\r\n<figure class=\"aligncenter size-large\"><img decoding=\"async\" class=\"wp-image-102092\" src=\"https:\/\/sequiol.es\/wp-content\/uploads\/2020\/03\/JURADO-MAQUETAS_9871-640x960.jpg\" alt=\"\" \/><\/figure>\r\n<\/div>\r\n\r\n\r\n\r\n<p class=\"has-text-align-center\">Lema: <strong><em>\u00abEl pilar de la Ciutat\u00bb<\/em><\/strong><br \/>Autor:<strong> Ferran Leon Haro<\/strong><br \/>Colegio: <strong>CEIP Isidoro Andr\u00e9s<\/strong><\/p>\r\n\r\n\r\n\r\n<div class=\"wp-block-buttons is-content-justification-center is-layout-flex wp-block-buttons-is-layout-flex\">\r\n<div class=\"wp-block-button\"><a class=\"wp-block-button__link has-background\" style=\"border-radius: 20px; background-color: #00d442;\" href=\"https:\/\/sequiol.es\/es\/jurado-xvii-concurso-maquetas-gaiatas\/\">La decisi\u00f3n del jurado<\/a><\/div>\r\n<\/div>\r\n\r\n\r\n\r\n<div class=\"wp-block-buttons is-content-justification-center is-layout-flex wp-block-buttons-is-layout-flex\">\r\n<div class=\"wp-block-button\"><a class=\"wp-block-button__link has-background\" style=\"border-radius: 20px; background-color: #00d442;\" href=\"https:\/\/sequiol.es\/es\/xvii-exposicion-maquetas-gaiatas\/\">Exposici\u00f3n de maquetas<\/a><\/div>\r\n<\/div>\r\n\r\n\r\n<hr class=\"wp-block-separator\" \/>\r\n\r\n\r\n<p><a href=\"https:\/\/sequiol.es\/es\/historico\/concurso-maquetas\/xvii-concurso-escolar-maquetas-gaiatas-ciudad-de-castellon\/bases-xvii-concurso-escolar-de-maquetas-de-gaiatas\/\" data-type=\"page\">Bases del XVII Concurso Escolar de Maquetas de Gaiata \u00abCiudad de Castell\u00f3n\u00bb<\/a><\/p>\r\n\r\n\r\n\r\n<p><a href=\"https:\/\/sequiol.es\/es\/historico\/concurso-maquetas\/formulario-de-inscripcion-concurso-maquetas\/\" data-type=\"page\" data-id=\"6423\">Formulario de inscripci\u00f3n<\/a><\/p>\r\n\r\n\r\n\r\n<p><a href=\"https:\/\/sequiol.es\/es\/historico\/concurso-maquetas\/definicion-y-construccion-de-una-gaiata\/\" data-type=\"page\" data-id=\"6324\">Definici\u00f3n: \u00bfqu\u00e9 es una gaiata?<\/a><\/p>\r\n\r\n\r\n\r\n<p><a href=\"https:\/\/sequiol.es\/es\/historico\/concurso-maquetas\/ayuda-en-la-construccion-de-la-maqueta\/\" data-type=\"page\" data-id=\"6328\">Ayuda en la construcci\u00f3n de la maqueta<\/a><\/p>\r\n\r\n\r\n\r\n<p><a href=\"https:\/\/sequiol.es\/es\/historico\/concurso-maquetas\/logotipos-de-ayuda-para-la-construccion-de-tu-gaiata\/\" data-type=\"page\" data-id=\"6358\">Logotipos de ayuda para la construcci\u00f3n de tu gaiata<\/a><\/p>\r\n","protected":false},"excerpt":{"rendered":"<p>Lema: \u00abEl pilar de la Ciutat\u00bbAutor: Ferran Leon HaroColegio: CEIP Isidoro Andr\u00e9s Bases del XVII Concurso Escolar de Maquetas de Gaiata \u00abCiudad de Castell\u00f3n\u00bb Formulario de inscripci\u00f3n Definici\u00f3n: \u00bfqu\u00e9 es una gaiata? Ayuda en la construcci\u00f3n de la maqueta Logotipos de ayuda para la construcci\u00f3n de tu gaiata<\/p>\n","protected":false},"author":1,"featured_media":0,"parent":121,"menu_order":170,"comment_status":"closed","ping_status":"closed","template":"","meta":{"footnotes":""},"class_list":["post-104213","page","type-page","status-publish","hentry"],"_links":{"self":[{"href":"https:\/\/sequiol.es\/es\/wp-json\/wp\/v2\/pages\/104213","targetHints":{"allow":["GET"]}}],"collection":[{"href":"https:\/\/sequiol.es\/es\/wp-json\/wp\/v2\/pages"}],"about":[{"href":"https:\/\/sequiol.es\/es\/wp-json\/wp\/v2\/types\/page"}],"author":[{"embeddable":true,"href":"https:\/\/sequiol.es\/es\/wp-json\/wp\/v2\/users\/1"}],"replies":[{"embeddable":true,"href":"https:\/\/sequiol.es\/es\/wp-json\/wp\/v2\/comments?post=104213"}],"version-history":[{"count":6,"href":"https:\/\/sequiol.es\/es\/wp-json\/wp\/v2\/pages\/104213\/revisions"}],"predecessor-version":[{"id":104241,"href":"https:\/\/sequiol.es\/es\/wp-json\/wp\/v2\/pages\/104213\/revisions\/104241"}],"up":[{"embeddable":true,"href":"https:\/\/sequiol.es\/es\/wp-json\/wp\/v2\/pages\/121"}],"wp:attachment":[{"href":"https:\/\/sequiol.es\/es\/wp-json\/wp\/v2\/media?parent=104213"}],"curies":[{"name":"wp","href":"https:\/\/api.w.org\/{rel}","templated":true}]}}