{"id":102721,"date":"2021-04-20T18:38:03","date_gmt":"2021-04-20T16:38:03","guid":{"rendered":"https:\/\/sequiol.es\/?page_id=102721"},"modified":"2021-11-15T19:19:35","modified_gmt":"2021-11-15T18:19:35","slug":"xviii-concurso-escolar-maquetas-gaiatas-ciudad-de-castellon","status":"publish","type":"page","link":"https:\/\/sequiol.es\/es\/historico\/concurso-maquetas\/xviii-concurso-escolar-maquetas-gaiatas-ciudad-de-castellon\/","title":{"rendered":"XVIII Concurso Escolar Maquetas Gaiatas \u00abCiudad de Castell\u00f3n\u00bb"},"content":{"rendered":"\n<div class=\"wp-block-image\"><figure class=\"aligncenter size-large\"><img loading=\"lazy\" decoding=\"async\" width=\"640\" height=\"960\" src=\"https:\/\/sequiol.es\/wp-content\/uploads\/2021\/04\/JURADO-MAQUETAS_0556-1-640x960.jpg\" alt=\"\" class=\"wp-image-102092\" srcset=\"https:\/\/sequiol.es\/wp-content\/uploads\/2021\/04\/JURADO-MAQUETAS_0556-1-640x960.jpg 640w, https:\/\/sequiol.es\/wp-content\/uploads\/2021\/04\/JURADO-MAQUETAS_0556-1-200x300.jpg 200w, https:\/\/sequiol.es\/wp-content\/uploads\/2021\/04\/JURADO-MAQUETAS_0556-1-768x1152.jpg 768w, https:\/\/sequiol.es\/wp-content\/uploads\/2021\/04\/JURADO-MAQUETAS_0556-1-1024x1536.jpg 1024w, https:\/\/sequiol.es\/wp-content\/uploads\/2021\/04\/JURADO-MAQUETAS_0556-1-1365x2048.jpg 1365w, https:\/\/sequiol.es\/wp-content\/uploads\/2021\/04\/JURADO-MAQUETAS_0556-1-scaled.jpg 1707w\" sizes=\"auto, (max-width: 640px) 100vw, 640px\" \/><\/figure><\/div>\n\n\n\n<p class=\"has-text-align-center\">Lema: <strong><em>\u00abHa arribat la Magdalena 2020-2021\u00bb<\/em><\/strong><br>Autor:<strong> Nicol\u00e1s Cabello Ferrer<\/strong><br>Colegio: <strong>CEIP Isabel Ferrer<\/strong><\/p>\n\n\n\n<div class=\"wp-block-buttons is-content-justification-center is-layout-flex wp-block-buttons-is-layout-flex\">\n<div class=\"wp-block-button\"><a class=\"wp-block-button__link has-white-color has-text-color has-background\" href=\"https:\/\/sequiol.es\/es\/xviii-edicion-del-concurso-escolar-de-maquetas-de-gaiata-ciutat-de-castello-premio-lorenzo-ramirez-que-organiza-la-a-c-gaiata-15-sequiol\/\" style=\"border-radius:20px;background-color:#00d442\">Recogida de trabajos y preparaci\u00f3n<\/a><\/div>\n<\/div>\n\n\n\n<div class=\"wp-block-buttons is-content-justification-center is-layout-flex wp-block-buttons-is-layout-flex\">\n<div class=\"wp-block-button\"><a class=\"wp-block-button__link has-background\" href=\"https:\/\/sequiol.es\/es\/xviii-edicion-del-concurso-escolar-de-maquetas-de-gaiata-ciutat-de-castello-premio-lorenzo-ramirez-que-organiza-la-a-c-gaiata-15-sequiol-la-decision-del-jurado\/\" style=\"border-radius:20px;background-color:#00d442\">La decisi\u00f3n del jurado<\/a><\/div>\n<\/div>\n\n\n\n<div class=\"wp-block-buttons is-content-justification-center is-layout-flex wp-block-buttons-is-layout-flex\">\n<div class=\"wp-block-button\"><a class=\"wp-block-button__link has-background\" href=\"https:\/\/sequiol.es\/es\/xviii-edicion-del-concurso-escolar-de-maquetas-de-gaiata-ciutat-de-castello-premio-lorenzo-ramirez-que-organiza-la-a-c-gaiata-15-sequiol-la-exposicion-de-maquetas\/\" style=\"border-radius:20px;background-color:#00d442\">Exposici\u00f3n de maquetas<\/a><\/div>\n<\/div>\n\n\n\n<hr class=\"wp-block-separator\"\/>\n\n\n\n<p><a href=\"https:\/\/sequiol.es\/es\/historico\/concurso-maquetas\/xviii-concurso-escolar-maquetas-gaiatas-ciudad-de-castellon\/bases-xviii-concurso-maquetas\/\" data-type=\"page\">Bases del XVIII Concurso Escolar de Maquetas de Gaiata \u00abCiudad de Castell\u00f3n\u00bb<\/a><\/p>\n\n\n\n<p><a href=\"https:\/\/sequiol.es\/es\/historico\/concurso-maquetas\/formulario-de-inscripcion-concurso-maquetas\/\" data-type=\"page\" data-id=\"6423\">Formulario de inscripci\u00f3n<\/a><\/p>\n\n\n\n<p><a href=\"https:\/\/sequiol.es\/es\/historico\/concurso-maquetas\/definicion-y-construccion-de-una-gaiata\/\" data-type=\"page\" data-id=\"6324\">Definici\u00f3n: \u00bfqu\u00e9 es una gaiata?<\/a><\/p>\n\n\n\n<p><a href=\"https:\/\/sequiol.es\/es\/historico\/concurso-maquetas\/ayuda-en-la-construccion-de-la-maqueta\/\" data-type=\"page\" data-id=\"6328\">Ayuda en la construcci\u00f3n de la maqueta<\/a><\/p>\n\n\n\n<p><a href=\"https:\/\/sequiol.es\/es\/historico\/concurso-maquetas\/logotipos-de-ayuda-para-la-construccion-de-tu-gaiata\/\" data-type=\"page\" data-id=\"6358\">Logotipos de ayuda para la construcci\u00f3n de tu gaiata<\/a><\/p>\n","protected":false},"excerpt":{"rendered":"<p>Lema: \u00abHa arribat la Magdalena 2020-2021\u00bbAutor: Nicol\u00e1s Cabello FerrerColegio: CEIP Isabel Ferrer Bases del XVIII Concurso Escolar de Maquetas de Gaiata \u00abCiudad de Castell\u00f3n\u00bb Formulario de inscripci\u00f3n Definici\u00f3n: \u00bfqu\u00e9 es una gaiata? Ayuda en la construcci\u00f3n de la maqueta Logotipos de ayuda para la construcci\u00f3n de tu gaiata<\/p>\n","protected":false},"author":1,"featured_media":0,"parent":121,"menu_order":180,"comment_status":"closed","ping_status":"closed","template":"","meta":{"footnotes":""},"class_list":["post-102721","page","type-page","status-publish","hentry"],"_links":{"self":[{"href":"https:\/\/sequiol.es\/es\/wp-json\/wp\/v2\/pages\/102721","targetHints":{"allow":["GET"]}}],"collection":[{"href":"https:\/\/sequiol.es\/es\/wp-json\/wp\/v2\/pages"}],"about":[{"href":"https:\/\/sequiol.es\/es\/wp-json\/wp\/v2\/types\/page"}],"author":[{"embeddable":true,"href":"https:\/\/sequiol.es\/es\/wp-json\/wp\/v2\/users\/1"}],"replies":[{"embeddable":true,"href":"https:\/\/sequiol.es\/es\/wp-json\/wp\/v2\/comments?post=102721"}],"version-history":[{"count":10,"href":"https:\/\/sequiol.es\/es\/wp-json\/wp\/v2\/pages\/102721\/revisions"}],"predecessor-version":[{"id":104224,"href":"https:\/\/sequiol.es\/es\/wp-json\/wp\/v2\/pages\/102721\/revisions\/104224"}],"up":[{"embeddable":true,"href":"https:\/\/sequiol.es\/es\/wp-json\/wp\/v2\/pages\/121"}],"wp:attachment":[{"href":"https:\/\/sequiol.es\/es\/wp-json\/wp\/v2\/media?parent=102721"}],"curies":[{"name":"wp","href":"https:\/\/api.w.org\/{rel}","templated":true}]}}