{"id":22487,"date":"2014-07-15T07:30:34","date_gmt":"2014-07-15T05:30:34","guid":{"rendered":"http:\/\/sequiol.es\/en\/?page_id=22487"},"modified":"2019-06-14T19:33:40","modified_gmt":"2019-06-14T17:33:40","slug":"awards","status":"publish","type":"page","link":"https:\/\/sequiol.es\/en\/historical\/awards\/","title":{"rendered":"Awards"},"content":{"rendered":"<h2>MAGDALENA 2019<\/h2>\n<h3>MONUMENTAL GAIATA<\/h3>\n<p>2nd PRIZE GAIATES<\/p>\n<h3>GAIATA INFANTIL<\/h3>\n<p>1st PRIZE DE GAIATES INFANTILS<br \/>\n1st PRIZE GENERALITAT VALENCIANA<br \/>\n1st PRIZE JUNTA CENTRAL FALLERA<br \/>\n1st PRIZE FEDERACI\u00d3 DE LES FOGUERES DE SANT JOAN DE ALICANTE<\/p>\n<h3>BOOKLET<\/h3>\n<p>8th PRIZE GENERALITAT VALENCIANA PER A ACTIVITATS DE L&#8217;\u00daS DEL VALENCI\u00c0<\/p>\n<hr \/>\n<h2>MAGDALENA 2018<\/h2>\n<h3> MONUMENTAL GAIATA <\/h3>\n<p>2nd PRIZE GAIATES<\/p>\n<h3>GAIATA INFANTIL<\/h3>\n<p>6th prize DE GAIATES INFANTILS<\/p>\n<h3>BOOKLET<\/h3>\n<p>3rd PREMI GENERALITAT VALENCIANA PER A ACTIVITATS DE L&#8217;\u00daS DEL VALENCI\u00c0<\/p>\n<h2>MAGDALENA 2017<\/h2>\n<h3>MONUMENTAL GAIATA<\/h3>\n<p>PRIZE &#8220;PRESIDENT GENERALITAT VALENCIANA&#8221;<br \/>\n1st PRIZE &#8220;GENERALITAT VALENCIANA&#8221;<br \/>\n1st PRIZE &#8220;JUNTA CENTRAL FALLERA&#8221;<br \/>\n1st PRIZE &#8220;FEDERACI\u00d3 DE LES FOGUERES DE SANT JOAN DE ALICANTE&#8221;<br \/>\n1st PRIZE &#8220;GESTORA DE GAIATES&#8221;<br \/>\n3rd PRIZE GAIATA ILLUMINATION<\/p>\n<h3>BOOKLET<\/h3>\n<p>2nd PRIZE &#8220;GENERALITAT VALENCIANA&#8221; FOR ACTIVITIES OF USE OF VALENCIAN LANGUAGE<\/p>\n<h3>KIDS GAIATA<\/h3>\n<p>4th PRIZE KIDS GAIATA<\/p>\n<h3>OTHERS<\/h3>\n<p>COMPETITION OF BELENES TO THE CASTELL\u00d3N TOWN HALL IN CHRISTMAS TIME 2016-2017 (CATEGORY ASOCIATIONS)<\/p>\n<hr \/>\n<h2>\u00a0MAGDALENA 2016<\/h2>\n<h3>MONUMENTAL GAIATA<\/h3>\n<p>2nd PRIZE MONUMENTAL GAIATA<br \/>\n1st PRIZE GAIATA ILLUMINATION<\/p>\n<h3>KIDS GAIATA<\/h3>\n<p>5th PRIZE KIDS GAIATA<\/p>\n<h3>BOOKLET<\/h3>\n<p>BEST BOOKLET COVER<br \/>\n5th PRIZE &#8220;GENERALITAT VALENCIANA&#8221; FOR ACTIVITIES OF USE OF VALENCIAN LANGUAGE<\/p>\n<h3>OTHERS<\/h3>\n<p>COMPETITION OF BELENES TO THE CASTELL\u00d3N TOWN HALL IN CHRISTMAS TIME 2015-2016 (CATEGORY ASOCIATIONS)<\/p>\n<hr \/>\n<h2>\u00a0MAGDALENA 2015<\/h2>\n<h3>MONUMENTAL GAIATA<\/h3>\n<p>PRIZE &#8220;PRESIDENT GENERALITAT VALENCIANA&#8221;<br \/>\n1st PRIZE &#8220;GENERALITAT VALENCIANA&#8221;<br \/>\n1st PRIZE &#8220;JUNTA CENTRAL FALLERA&#8221;<br \/>\n1st PRIZE &#8220;FEDERACI\u00d3 DE LES FOGUERES DE SANT JOAN DE ALICANTE&#8221;<br \/>\n1st PRIZE &#8220;GESTORA DE GAIATES&#8221;<\/p>\n<h3>KIDS GAIATA<\/h3>\n<p>6th PRIZE KIDS GAIATA<\/p>\n<h3>BOOKLET<\/h3>\n<p>3rd PRIZE &#8220;GENERALITAT VALENCIANA&#8221; FOR ACTIVITIES OF USE OF VALENCIAN LANGUAGE<\/p>\n<h3>OTHERS<\/h3>\n<p>COMPETITION OF BELENES TO THE CASTELL\u00d3N TOWN HALL IN CHRISTMAS TIME 2014-2015 (CATEGORY ASOCIATIONS)<\/p>\n<hr \/>\n<h2>\u00a0MAGDALENA 2014<\/h2>\n<h3>MONUMENTAL GAIATA<\/h3>\n<p>PRIZE &#8220;PRESIDENT GENERALITAT VALENCIANA&#8221;<br \/>\n1st PRIZE &#8220;GENERALITAT VALENCIANA&#8221;<br \/>\n1st PRIZE &#8220;JUNTA CENTRAL FALLERA&#8221;<br \/>\n1st PRIZE &#8220;FEDERACI\u00d3 DE LES FOGUERES DE SANT JOAN DE ALICANTE&#8221;<br \/>\n1st PRIZE &#8220;CASA DE VALENCIA EN BARCELONA&#8221;<br \/>\n1st PRIZE &#8220;GESTORA DE GAIATES&#8221;<\/p>\n<h3>BOOKLET<\/h3>\n<p>1st PRIZE &#8220;GENERALITAT VALENCIANA&#8221; FOR ACTIVITIES OF USE OF VALENCIAN LANGUAGE<\/p>\n<h3>OTHERS<\/h3>\n<p>COMPETITION OF BELENES TO THE CASTELL\u00d3N TOWN HALL IN CHRISTMAS TIME 2013-2014 (CATEGORY ASOCIATIONS)<\/p>\n<hr \/>\n<h2>\u00a0MAGDALENA 2013<\/h2>\n<h3>MONUMENTAL GAIATA<\/h3>\n<p>PRIZE &#8220;PRESIDENT GENERALITAT VALENCIANA&#8221;<br \/>\n1st PRIZE &#8220;GENERALITAT VALENCIANA&#8221;<br \/>\n1st PRIZE &#8220;JUNTA CENTRAL FALLERA&#8221;<br \/>\n1st PRIZE &#8220;FEDERACI\u00d3 DE LES FOGUERES DE SANT JOAN DE ALICANTE&#8221;<br \/>\n1st PRIZE &#8220;CASA DE VALENCIA EN BARCELONA&#8221;<br \/>\n1st PRIZE &#8220;GESTORA DE GAIATES&#8221;<\/p>\n<h3>KIDS GAIATA<\/h3>\n<p>4th PRIZE KIDS GAIATA<\/p>\n<h3>BOOKLET<\/h3>\n<p>BEST BOOKLET MAGDALENA 2013<br \/>\nBEST BOOKLET COVER MAGDALENA 2013<br \/>\n2nd PRIZE &#8220;GENERALITAT VALENCIANA&#8221; FOR ACTIVITIES OF USE OF VALENCIAN LANGUAGE<\/p>\n<h3>OTHERS<\/h3>\n<p>4th PRIZE COMPETITION OF BELENES TO THE CASTELL\u00d3N TOWN HALL IN CHRISTMAS TIME 2012\/2013 (CATEGORY ASOCIATIONS)<\/p>\n<hr \/>\n<h2>MAGDALENA 2012<\/h2>\n<h3>MONUMENTAL GAIATA<\/h3>\n<p>5th PRIZE GAIATA<br \/>\n1st PRIZE &#8220;BEST ILLUMINATED GAIATA&#8221; FROM CANAL 9<\/p>\n<h3>LLIBRET<\/h3>\n<p>BEST BOOKLET MAGDALENA 2012<br \/>\n2nd PRIZE &#8220;GENERALITAT VALENCIANA&#8221; FOR ACTIVITIES OF USE OF VALENCIAN LANGUAGE<\/p>\n<h3>COMISSION PRESENTATION<\/h3>\n<p>3rd PRIZE &#8220;BEST SHOW FOR PRESENTATION&#8221; &#8211; DIARIO MEDITERRANEO<\/p>\n<h3>VARIOS<\/h3>\n<p>COMPETITION OF BELENES TO THE CASTELL\u00d3N TOWN HALL IN CHRISTMAS TIME 2011\/2012 (CATEGORY ASOCIATIONS)<\/p>\n<hr \/>\n<h2>MAGDALENA 2011<\/h2>\n<h3>MONUMENTAL GAIATA<\/h3>\n<p>PRIZE &#8220;PRESIDENT GENERALITAT VALENCIANA&#8221;<br \/>\n1st PRIZE &#8220;GENERALITAT VALENCIANA&#8221;<br \/>\n1st PRIZE &#8220;JUNTA CENTRAL FALLERA&#8221;<br \/>\n1st PRIZE &#8220;FEDERACI\u00d3 DE LES FOGUERES DE SANT JOAN DE ALICANTE&#8221;<br \/>\n1st PRIZE &#8220;CASA DE VALENCIA EN BARCELONA&#8221;<br \/>\n1st PRIZE &#8220;GESTORA DE GAIATES&#8221;<br \/>\n1st PRIZE &#8220;BEST ILLUMINATED GAIATA&#8221; FROM CANAL 9<\/p>\n<h3>KIDS GAIATA<\/h3>\n<p>5th PRIZE KIDS GAIATA<\/p>\n<h3>BOOKLET<\/h3>\n<p>BEST BOOKLET MAGDALENA 2011<br \/>\n1st PRIZE &#8220;GENERALITAT VALENCIANA&#8221; FOR ACTIVITIES OF USE OF VALENCIAN LANGUAGE<br \/>\n2nd PRIZE &#8220;BEST DESIGN&#8221; FROM CANAL 9<\/p>\n<h3>OTHERS<\/h3>\n<p>COMPETITION OF BELENES TO THE CASTELL\u00d3N TOWN HALL IN CHRISTMAS TIME 2010\/2011 (CATEGORY ASOCIATIONS)<\/p>\n<hr \/>\n<h2>MAGDALENA 2010<\/h2>\n<h3>MONUMENTAL GAIATA<\/h3>\n<p>PRIZE PRESIDENT GENERALITAT VALENCIANA<br \/>\n1st PRIZE &#8220;GENERALITAT VALENCIANA&#8221;<br \/>\n1st PRIZE &#8220;JUNTA CENTRAL FALLERA&#8221;<br \/>\n1st PRIZE &#8220;FEDERACI\u00d3 DE LES FOGUERES DE SANT JOAN DE ALICANTE&#8221;<br \/>\n1st PRIZE &#8220;CASA DE VALENCIA EN BARCELONA&#8221;<br \/>\n1st PRIZE &#8220;GESTORA DE GAIATES&#8221;<br \/>\n1st PRIZE &#8220;BEST ILLUMINATED GAIATA&#8221; FROM CANAL 9<\/p>\n<h3>KIDS GAIATA<\/h3>\n<p>3rd PRIZE KIDS GAIATA<\/p>\n<h3>BOOKLET<\/h3>\n<p>1st PRIZE &#8220;GENERALITAT VALENCIANA&#8221; FOR ACTIVITIES OF USE OF VALENCIAN LANGUAGE<\/p>\n<h3>OTHERS<\/h3>\n<p>5th PRIZE COMPETITION OF BELENES TO THE CASTELL\u00d3N TOWN HALL IN CHRISTMAS TIME 2009\/2010 (CATEGORY ASOCIATIONS)<\/p>\n<hr \/>\n<h2>MAGDALENA 2009<\/h2>\n<h3>MONUMENTAL GAIATA<\/h3>\n<p>2nd PRIZE MONUMENTAL GAIATA<br \/>\n1st PRIZE &#8220;BEST ILLUMINATED GAIATA&#8221; FROM CANAL 9<\/p>\n<h3>KIDS GAIATA<\/h3>\n<p>2nd PRIZE KIDS GAIATA<\/p>\n<h3>BOOKLET<\/h3>\n<p>BEST BOOKLET MAGDALENA 2009<br \/>\n3rd PRIZE &#8220;GENERALITAT VALENCIANA&#8221; FOR ACTIVITIES OF USE OF VALENCIAN LANGUAGE<\/p>\n<h3>OTHERS<\/h3>\n<p>5th PRIZE COMPETITION OF BELENES TO THE CASTELL\u00d3N TOWN HALL IN CHRISTMAS TIME 2008\/2009 (CATEGORY ASOCIATIONS)<\/p>\n<hr \/>\n<h2>MAGDALENA 2008<\/h2>\n<h3>MONUMENTAL GAIATA<\/h3>\n<p>2nd PRIZE MONUMENTAL GAIATA<br \/>\n2nd PRIZE &#8220;BEST ILLUMINATED GAIATA&#8221; FROM CANAL 9<\/p>\n<h3>BOOKLET<\/h3>\n<p>BEST BOOKLET MAGDALENA 2008<br \/>\n2nd PRIZE BOOKLET &#8220;INTERIOR DESIGN&#8221; FROM CANAL 9<br \/>\nBEST UNPUBLISHED ARTICLE &#8220;PARTITURES SENTIMENTALS DE LA FESTA (M\u00daSICA I M\u00daSICS EN LES NOSTRES FESTES&#8221; from Ximo G\u00f3rriz Plumed<br \/>\n3rd PRIZE &#8220;GENERALITAT VALENCIANA&#8221; FOR ACTIVITIES OF USE OF VALENCIAN LANGUAGE<\/p>\n<h3>OTHERS<\/h3>\n<p>COMPETITION OF BELENES TO THE CASTELL\u00d3N TOWN HALL IN CHRISTMAS TIME 2007\/2008 (CATEGORY ASOCIATIONS)<br \/>\n3rd PRIZE PAELLAS COMPETITION AT &#8220;CONCENTRACI\u00d3 DE COLECTIUS FESTERS 2008&#8221;<\/p>\n<hr \/>\n<h2>MAGDALENA 2007<\/h2>\n<h3>MONUMENTAL GAIATA<\/h3>\n<p>1st PRIZE MONUMENTAL GAIATA<br \/>\n1st PRIZE &#8220;GENERALITAT VALENCIANA&#8221;<br \/>\n1st PRIZE &#8220;JUNTA CENTRAL FALLERA&#8221;<br \/>\n1st PRIZE &#8220;HOGUERAS DE ALICANTE&#8221;<br \/>\n1st PRIZE &#8220;CASA DE VALENCIA EN BARCELONA&#8221;<br \/>\n1st PRIZE &#8220;GESTORA DE GAIATES&#8221;<br \/>\nSPECIAL PRIZE TO THE GREATESTS TOURIST INTEREST 2007 &#8220;AGENCIA VALENCIANA DE TURISMO&#8221;<br \/>\n2nd PRIZE &#8220;BEST ILLUMINATED GAIATA&#8221; FROM CANAL 9<\/p>\n<h3>BOOKLET<\/h3>\n<p>1st PRIZE &#8220;GENERALITAT VALENCIANA&#8221; FOR ACTIVITIES OF USE OF VALENCIAN LANGUAGE<\/p>\n<h3>SHOWS<\/h3>\n<p>3st PRIZE &#8220;CASTELL\u00d3 ARTISTIC&#8221; IN ADULT CATEGORY<\/p>\n<h3>OTHERS<\/h3>\n<p>COMPETITION OF BELENES TO THE CASTELL\u00d3N TOWN HALL IN CHRISTMAS TIME 2006\/2007 (CATEGORY BIG &#8220;BELENES&#8221;)<\/p>\n<hr \/>\n<h2>MAGDALENA 2006<\/h2>\n<h3>GAIATA MONUMENTAL<\/h3>\n<p>3rd PRIZE MONUMENTAL GAIATA<br \/>\n2nd PRIZE &#8220;BEST ILLUMINATED GAIATA&#8221; FROM CANAL 9<\/p>\n<h3>KIDS GAIATA<\/h3>\n<p>1st PRIZE &#8220;GENERALITAT VALENCIANA&#8221;<br \/>\n1st PRIZE &#8220;GESTORA DE GAIATES&#8221;<br \/>\n1st PRIZE &#8220;JUNTA CENTRAL FALLERA&#8221;<br \/>\n1st PRIZE &#8220;HOGUERAS DE ALICANTE&#8221;<\/p>\n<h3>BOOKLET<\/h3>\n<p>2nd PRIZE &#8220;GENERALITAT VALENCIANA&#8221; FOR ACTIVITIES OF USE OF VALENCIAN LANGUAGE<\/p>\n<h3>OTHERS<\/h3>\n<p>2nd PRIZE COMPETITION OF BELENES TO THE CASTELL\u00d3N TOWN HALL IN CHRISTMAS TIME 2005\/2006 (CATEGORY ASOCIATIONS)<\/p>\n<hr \/>\n<h2>MAGDALENA 2005<\/h2>\n<h3>MONUMENTAL GAIATA<\/h3>\n<p>3rd PRIZE MONUMENTAL GAIATA<\/p>\n<h3>KIDS GAIATA<\/h3>\n<p>1st PRIZE &#8220;GENERALITAT VALENCIANA&#8221;<br \/>\n1st PRIZE &#8220;GESTORA DE GAIATES&#8221;<br \/>\n1st PRIZE &#8220;JUNTA CENTRAL FALLERA&#8221;<br \/>\n1st PRIZE &#8220;HOGUERAS DE ALICANTE&#8221;<br \/>\n1st PRIZE &#8220;BEST KIDS GAIATA&#8221; FROM CANAL 9<\/p>\n<h3>BOOKLET<\/h3>\n<p>2nd PRIZE &#8220;GENERALITAT VALENCIANA&#8221; FOR ACTIVITIES OF USE OF VALENCIAN LANGUAGE<br \/>\nBEST UNPUBLISHED ARTICLE &#8220;El cartell de Magdalena&#8221; from Jos\u00e9 M\u00aa Sanahuja<\/p>\n<h3>OTHERS<\/h3>\n<p>2rd PRIZE COMPETITION OF BELENES TO THE CASTELL\u00d3N TOWN HALL IN CHRISTMAS TIME 2004\/2005 (CATEGORY ASOCIATIONS)<\/p>\n<hr \/>\n<h2>MAGDALENA 2004<\/h2>\n<h3>MONUMENTAL GAIATA<\/h3>\n<p>6th PRIZE MONUMENTAL GAIATA<br \/>\n2nd PRIZE &#8220;BEST ILLUMINATED GAIATA&#8221; FROM CANAL 9<\/p>\n<h3>KIDS GAIATA<\/h3>\n<p>1st PRIZE &#8220;GENERALITAT VALENCIANA&#8221;<br \/>\n1st PRIZE &#8220;GESTORA DE GAIATES&#8221;<br \/>\n1st PRIZE &#8220;JUNTA CENTRAL FALLERA&#8221;<br \/>\n1st PRIZE &#8220;HOGUERAS DE ALICANTE&#8221;<\/p>\n<h3>BOOKLET<\/h3>\n<p>1st PRIZE &#8220;GENERALITAT VALENCIANA&#8221; FOR ACTIVITIES OF USE OF VALENCIAN LANGUAGE<br \/>\nBEST INTERIOR DESIGN FROM CANAL 9<br \/>\nBEST BOOKLET COVER<\/p>\n<h3>OTHERS<\/h3>\n<p>1st PRIZE SHOWCASES for &#8220;PEPA GARRIDO&#8221; in Calle Navarra mounted by A.C. GAIATA 15 SEQUIOL<\/p>\n<hr \/>\n<h2>MAGDALENA 2003<\/h2>\n<h3>MONUMENTAL GAIATA MONUMENTAL<\/h3>\n<p>1st PRIZE MONUMENTAL GAIATA<br \/>\n1st PRIZE &#8220;GENERALITAT VALENCIANA&#8221;<br \/>\n1st PRIZE &#8220;JUNTA CENTRAL FALLERA&#8221;<br \/>\n1st PRIZE &#8220;HOGUERAS DE ALICANTE&#8221;<br \/>\n1st PRIZE &#8220;CASA DE VALENCIA EN BARCELONA&#8221;<br \/>\n1st PRIZE &#8220;GESTORA DE GAIATES&#8221;<br \/>\n1st PRIZE &#8220;BEST ILLUMINATED ILUMINADA&#8221; FROM CANAL 9<\/p>\n<h3>KIDS GAIATA<\/h3>\n<p>1st PRIZE &#8220;GENERALITAT VALENCIANA&#8221;<br \/>\n1st PRIZE &#8220;GESTORA DE GAIATES&#8221;<br \/>\n1st PRIZE &#8220;JUNTA CENTRAL FALLERA&#8221;<br \/>\n1st PRIZE &#8220;HOGUERAS DE ALICANTE&#8221;<br \/>\nBEST KIDS GAIATA FROM CANAL 9<\/p>\n<h3>BOOKLET<\/h3>\n<p>1st PRIZE &#8220;GENERALITAT VALENCIANA&#8221; FOR ACTIVITIES OF USE OF VALENCIAN LANGUAGE<br \/>\nBEST INTERIOR DESIGN FROM CANAL 9<\/p>\n<h3>VARIOS<\/h3>\n<p>1st PRIZE ORIGINALITY COMPETITION OF BELENES TO THE CASTELL\u00d3N TOWN HALL IN CHRISTMAS TIME 2002\/2003 (CATEGORY ASOCIATIONS)<\/p>\n<hr \/>\n<h2>MAGDALENA 2002<\/h2>\n<h3>GAIATA MONUMENTAL<\/h3>\n<p>1st PRIZE MONUMENTAL GAIATA<br \/>\n1st PRIZE &#8220;GENERALITAT VALENCIANA&#8221;<br \/>\n1st PRIZE &#8220;JUNTA CENTRAL FALLERA&#8221;<br \/>\n1st PRIZE &#8220;HOGUERAS DE ALICANTE&#8221;<br \/>\n1st PRIZE &#8220;CASA DE VALENCIA EN BARCELONA&#8221;<br \/>\n1st PRIZE &#8220;GESTORA DE GAIATES&#8221;<br \/>\n3rd PRIZE &#8220;BEST ILLUMINATED GAIATA&#8221; DE CANAL 9<\/p>\n<h3>BOOKLET<\/h3>\n<p>2nd PRIZE &#8220;GENERALITAT VALENCIANA&#8221; FOR ACTIVITIES OF USE OF VALENCIAN LANGUAGE<\/p>\n<h3>OTHERS<\/h3>\n<p>2nd PRIZE COMPETITION OF BELENES TO THE CASTELL\u00d3N TOWN HALL IN CHRISTMAS TIME 2001\/2002 (CATEGORY ASOCIATIONS)<\/p>\n<hr \/>\n<h2>MAGDALENA 2001<\/h2>\n<h3>GAIATA MONUMENTAL<\/h3>\n<p>4th PRIZE MONUMENTAL GAIATA<\/p>\n<h3>KIDS GAIATA<\/h3>\n<p>5th PRIZE KIDS GAIATA<br \/>\nPRIZE TO THE BEST ILLUMINATION OF KIDS GAIATA<\/p>\n<h3>BOOKLET<\/h3>\n<p>7th PRIZE &#8220;PROMOTION OF THE USE OF VALENCIAN LANGUAGE&#8221;<\/p>\n<h3>PRESENTATION<\/h3>\n<p>3rd PRIZE PRESENTATION &#8220;COMISIONES DE SECTOR&#8221;<\/p>\n<h3>OTHERS<\/h3>\n<p>1st PRIZE &#8220;1st PLAYBACK CONTEST&#8221; (KIDS CATEGORY)<br \/>\n3rd PRIZE COMPETITION OF BELENES TO THE CASTELL\u00d3N TOWN HALL IN CHRISTMAS TIME 2000 (CATEGORY ASOCIATIONS)<\/p>\n<hr \/>\n<h2>MAGDALENA 2000<\/h2>\n<h3>GAIATA MONUMENTAL<\/h3>\n<p>5th PRIZE MONUMENTAL GAIATA<\/p>\n<h3>KIDS GAIATA<\/h3>\n<p>4th PRIZE KIDS GAIATA<\/p>\n<h3>BOOKLET<\/h3>\n<p>BEST BOOKLET ARTICLE ABOUT &#8220;LA BANDA MUNICIPAL DE CASTELL\u00d3N&#8221; (by Agust\u00edn Mon Carro)<br \/>\nBEST BOOKLET INTERIOR DESIGN FROM CANAL 9<br \/>\n3rd PRIZE &#8220;GENERALITAT VALENCIANA&#8221; FOR ACTIVITIES OF USE OF VALENCIAN LANGUAGES<\/p>\n<h3>OTHERS<\/h3>\n<p>2nd PRIZE COMPETITION OF BELENES TO THE CASTELL\u00d3N TOWN HALL IN CHRISTMAS TIME 1999\/2000 (CATEGORY ASOCIATIONS)<\/p>\n<hr \/>\n<h2>MAGDALENA 1999<\/h2>\n<h3>MONUMENTAL GAIATA<\/h3>\n<p>5th PRIZE MONUMENTAL GAIATA<\/p>\n<h3>KIDS GAIATA<\/h3>\n<p>6th PRIZE KIDS GAIATA<\/p>\n<h3>BOOKLET<\/h3>\n<p>PRIZE BEST BOOKLET<br \/>\nPRIZE BEST BOOKLET ARTICLE by D. FRANCISCO PASCUAL<br \/>\nPRIZE BEST BOOKLET LAYOUT FROM CANAL 9<\/p>\n<hr \/>\n<h2>MAGDALENA 1998<\/h2>\n<h3>GAIATA MONUMENTAL<\/h3>\n<p>4th PRIZE MONUMENTAL GAIATA<br \/>\n1st PRIZE &#8220;BEST ILLUMINATED GAIATA&#8221; FROM CANAL 9<\/p>\n<h3>GAIATA INFANTIL<\/h3>\n<p>4th PRIZE KIDS GAIATA<br \/>\n1st PRIZE &#8220;BEST ILLUMINATED KIDS GAIATA&#8221; FROM CANAL 9<\/p>\n<h3>PRESENTATION<\/h3>\n<p>1st PRIZE PRESENTATION &#8220;COMISIONES DE SECTOR&#8221;<\/p>\n<hr \/>\n<h2>MAGDALENA 1997<\/h2>\n<h3>MONUMENTAL GAIATA<\/h3>\n<p>1st PRIZE GAIATAS (Generalitat Valenciana &#8211; Turisme)<br \/>\nPRIZE TO THE BEST GAIATA (Federaci\u00f3 gestora de gaiates)<br \/>\nPRIZE TO THE BEST HISTORIC GAIATA (Radio 9)<br \/>\nPRIZE TO THE BEST ILLUMINATED GAIATA (Comissi\u00f3 gestora de les fogueres de San Joan)<br \/>\nPRIZE TO THE BEST GAIATA (Casa Valencia en Barcelona)<br \/>\nPRIZE TO THE BEST GAIATA (Junta Central Fallera)<br \/>\n2nd PRIZE &#8220;BEST ILLUMINATED GAIATA&#8221; (Canal 9)<\/p>\n<h3>KIDS GAIATA<\/h3>\n<p>1st PRIZE KIDS GAIATA (Generalitat Valenciana &#8211; Turisme)<br \/>\n1st PRIZE BEST KIDS GAIATA (Federaci\u00f3 Gestora de Gaiates)<br \/>\nPRIZE TO THE BEST KIDS GAIATA (Junta Central Fallera)<br \/>\nPRIZE TO THE BEST KIDS ILLUMINATED GAIATA (Comissi\u00f3 Gestora de les Fogueres de San Joan)<br \/>\n1st PRIZE TO THE BEST KIDS GAIATA (Canal 9)<\/p>\n<hr \/>\n<h2>MAGDALENA 1996<\/h2>\n<h3>MONUMENTAL GAIATA<\/h3>\n<p>2nd PRIZE MONUMENTAL GAIATA<br \/>\n1st PRIZE &#8220;BEST ILLUMINATED GAIATA&#8221; (Canal 9)<\/p>\n<h3>KIDS GAIATA<\/h3>\n<p>1st PRIZE KIDS GAIATA<br \/>\n1st PRIZE KIDS GAIATA (Canal 9)<br \/>\n1st PRIZE KIDS GAIATA (Comissi\u00f3 Gestora de les Fogueres de San Joan)<\/p>\n<h3>BOOKLET<\/h3>\n<p>PRIZE TO THE BEST BOOKLET ARTICLE<\/p>\n<hr \/>\n<h2>MAGDALENA 1995<\/h2>\n<h3>MONUMENTAL GAIATA<\/h3>\n<p>1st PRIZE MONUMENTAL GAIATA<br \/>\n1st PRIZE &#8220;HOGUERAS DE ALICANTE&#8221;<br \/>\n1st PRIZE &#8220;CASA DE VALENCIA EN BARCELONA&#8221;<br \/>\n1st PRIZE &#8220;JUNTA CENTRAL FALLERA&#8221;<br \/>\n1st PRIZE &#8220;GENERALITAT VALENCIANA&#8221;<\/p>\n<h3>LLIBRET<\/h3>\n<p>BOOKLET SPECIAL MENTION<\/p>\n<hr \/>\n<h2>MAGDALENA 1994<\/h2>\n<h3>MONUMENTAL GAIATA<\/h3>\n<p>3rd PRIZE MONUMENTAL GAIATA<br \/>\n1st PRIZE &#8220;BEST ILLUMINATED GAIATA&#8221; FROM CANAL 9<\/p>\n<h3>BOOKLET<\/h3>\n<p>PRIZE TO THE BEST BOOKLET COVER<\/p>\n<hr \/>\n<h2>MAGDALENA 1993<\/h2>\n<h3>KIDS GAIATA<\/h3>\n<p>4th PRIZE KIDS GAIATA<\/p>\n<h3>BOOKLET<\/h3>\n<p>PRIZE CANAL 9 TO THE BEST BOOKET<\/p>\n<h3>PYROTECHNICS<\/h3>\n<p>1st PRIZE &#8220;GESTORA DE GAIATES&#8221; OF &#8220;MASCLETAES&#8221;<br \/>\n&#8220;MASCLET D&#8217;ARGENT&#8221; FROM COLLA A MITGES<\/p>\n<hr \/>\n<h2>MAGDALENA 1991<\/h2>\n<h3>OTHERS<\/h3>\n<p>PRIZE TO THE ILLUMINOTECHNICAL ADAPTATION<\/p>\n<hr \/>\n<h2>MAGDALENA 1990<\/h2>\n<h3>BOOKLET<\/h3>\n<p>3rd PRIZE BOOKLET<br \/>\nBEST BOOKLET COVER<\/p>\n<hr \/>\n<h2>MAGDALENA 1989<\/h2>\n<h3>MONUMENTAL GAIATA<\/h3>\n<p>7th PRIZE MONUMENTAL GAIATA<\/p>\n<h3>BOOKLET<\/h3>\n<p>3rd PRIZE BOOKLET<\/p>\n<hr \/>\n<h2>MAGDALENA 1987<\/h2>\n<h3>BOOKET<\/h3>\n<p>MENTION TO BOOKLET COVER<\/p>\n<hr \/>\n<h2>MAGDALENA 1986<\/h2>\n<h3>MONUMENTAL GAIATA<\/h3>\n<p>6th PRIZE MONUMENTAL GAIATA<\/p>\n<h3>BOOKLET<\/h3>\n<p>BEST BOOKLET COVER<\/p>\n<h3>PYROTECHNICS<\/h3>\n<p>5th PRIZE &#8220;NIT DEL FOC&#8221;<\/p>\n<hr \/>\n<h2>MAGDALENA 1985<\/h2>\n<h3>MONUMENTAL GAIATA<\/h3>\n<p>4th PRIZE MONUMENTAL GAIATA<\/p>\n<h3>BOOKLET<\/h3>\n<p>2nd PRIZE BOOKLET<br \/>\nPRIZE TO THE BOOKLET ORIGINALITY<\/p>\n<h3>PYROTECHNICS<\/h3>\n<p>4th PRIZE &#8220;NIT DEL FOC&#8221;<\/p>\n<hr \/>\n<h2>MAGDALENA 1984<\/h2>\n<h3>PYROTECHNICS<\/h3>\n<p>1st PRIZE 2nd SECTION &#8220;NIT DE FOC&#8221;<\/p>\n<hr \/>\n<h2>MAGDALENA 1983<\/h2>\n<h3>MONUMENTAL GAIATA<\/h3>\n<p>4th PRIZE MONUMENTAL GAIATA<\/p>\n<h3>LLIBRET<\/h3>\n<p>3rd PRIZE BOOKLET<\/p>\n<h3>PYROTECHNICS<\/h3>\n<p>1st PRIZE 2nd SECTION &#8220;NIT DE FOC&#8221;<\/p>\n<hr \/>\n<h2>MAGDALENA 1982 (Gaiata Foundation)<\/h2>\n<h3>MONUMENTAL GAIATA<\/h3>\n<p>3rd PRIZE MONUMENTAL GAIATA<br \/>\nSPECIAL PRIZE TO THE MOST ORIGINAL GAIATA<\/p>\n<h3>BOOKLET<\/h3>\n<p>2nd PRIZE BOOKLET<\/p>\n<h3>PYROTECHNICS<\/h3>\n<p>1st PRIZE 2nd SECTION &#8220;NIT DE FOC&#8221;<\/p>\n","protected":false},"excerpt":{"rendered":"<p>MAGDALENA 2019 MONUMENTAL GAIATA 2nd PRIZE GAIATES GAIATA INFANTIL 1st PRIZE DE GAIATES INFANTILS 1st PRIZE GENERALITAT VALENCIANA 1st PRIZE JUNTA CENTRAL FALLERA 1st PRIZE FEDERACI\u00d3 DE LES FOGUERES DE SANT JOAN DE ALICANTE BOOKLET 8th PRIZE GENERALITAT VALENCIANA PER A ACTIVITATS DE L&#8217;\u00daS DEL VALENCI\u00c0 MAGDALENA 2018 MONUMENTAL GAIATA 2nd PRIZE GAIATES GAIATA INFANTIL [&hellip;]<\/p>\n","protected":false},"author":1,"featured_media":0,"parent":22419,"menu_order":2,"comment_status":"open","ping_status":"closed","template":"","meta":{"footnotes":""},"class_list":["post-22487","page","type-page","status-publish","hentry"],"_links":{"self":[{"href":"https:\/\/sequiol.es\/en\/wp-json\/wp\/v2\/pages\/22487","targetHints":{"allow":["GET"]}}],"collection":[{"href":"https:\/\/sequiol.es\/en\/wp-json\/wp\/v2\/pages"}],"about":[{"href":"https:\/\/sequiol.es\/en\/wp-json\/wp\/v2\/types\/page"}],"author":[{"embeddable":true,"href":"https:\/\/sequiol.es\/en\/wp-json\/wp\/v2\/users\/1"}],"replies":[{"embeddable":true,"href":"https:\/\/sequiol.es\/en\/wp-json\/wp\/v2\/comments?post=22487"}],"version-history":[{"count":8,"href":"https:\/\/sequiol.es\/en\/wp-json\/wp\/v2\/pages\/22487\/revisions"}],"predecessor-version":[{"id":87525,"href":"https:\/\/sequiol.es\/en\/wp-json\/wp\/v2\/pages\/22487\/revisions\/87525"}],"up":[{"embeddable":true,"href":"https:\/\/sequiol.es\/en\/wp-json\/wp\/v2\/pages\/22419"}],"wp:attachment":[{"href":"https:\/\/sequiol.es\/en\/wp-json\/wp\/v2\/media?parent=22487"}],"curies":[{"name":"wp","href":"https:\/\/api.w.org\/{rel}","templated":true}]}}